{"id":2736,"date":"2025-12-17T12:17:06","date_gmt":"2025-12-17T10:17:06","guid":{"rendered":"https:\/\/ievarusa.com\/?post_type=product&#038;p=2736"},"modified":"2025-12-17T12:40:11","modified_gmt":"2025-12-17T10:40:11","slug":"transformation-game-plus-minus-why","status":"publish","type":"product","link":"https:\/\/ievarusa.com\/lv\/products\/transformation-game-plus-minus-why\/","title":{"rendered":"Transform\u0101cijas sp\u0113le \"Plus. M\u012bnus. K\u0101p\u0113c?\""},"content":{"rendered":"","protected":false},"excerpt":{"rendered":"<p data-start=\"151\" data-end=\"458\">\u0160\u012b sp\u0113le ir rado\u0161s un dro\u0161s pa\u0161izzi\u0146as r\u012bks, kas pal\u012bdz jums izp\u0113t\u012bt savas emocijas, reakcijas un iek\u0161\u0113jos mode\u013cus, veicinot izpratni, emp\u0101tiju un lab\u0101kas dz\u012bves izv\u0113les. T\u0101 \u013cauj jums izprast sevi un to, k\u0101p\u0113c dz\u012bves notikumi risin\u0101s tie\u0161i t\u0101, k\u0101 tie risin\u0101s, vienlaikus izbaudot rota\u013c\u012bgu un intuit\u012bvu procesu.<\/p>\n<p data-start=\"460\" data-end=\"475\"><strong data-start=\"460\" data-end=\"473\">Ieguvumi:<\/strong><\/p>\n<ul>\n<li data-start=\"478\" data-end=\"534\">Padzi\u013cin\u0101ta pa\u0161izpratne un emocion\u0101l\u0101 inteli\u0123ence<\/li>\n<li data-start=\"478\" data-end=\"534\">Emp\u0101tijas att\u012bst\u012b\u0161ana un uzlabota sazi\u0146a<\/li>\n<li data-start=\"588\" data-end=\"636\">Ener\u0123ijas atbr\u012bvo\u0161ana un koncentr\u0113\u0161an\u0101s uz patiesi svar\u012bgo<\/li>\n<li data-start=\"639\" data-end=\"690\">Apzin\u0101ta l\u0113mumu pie\u0146em\u0161ana un konfliktu risin\u0101\u0161ana<\/li>\n<li data-start=\"693\" data-end=\"732\">Jautr\u012bba, rado\u0161ums un sevis izzin\u0101\u0161ana<\/li>\n<\/ul>\n<p data-start=\"734\" data-end=\"753\"><strong data-start=\"734\" data-end=\"751\">K\u0101 tas darbojas:<\/strong><\/p>\n<ul>\n<li data-start=\"756\" data-end=\"822\">4-5 dal\u012bbniekiem, katrs ar savu jaut\u0101jumu vai t\u0113mu.<\/li>\n<li data-start=\"825\" data-end=\"889\">K\u0101r\u0161u sec\u012bba: <strong data-start=\"840\" data-end=\"887\">Situ\u0101cija \u2192 Reakcija \u2192 Iek\u0161\u0113j\u0101 balss \u2192 R\u012bc\u012bba<\/strong><\/li>\n<li data-start=\"892\" data-end=\"969\">Dal\u012bbnieki intuit\u012bvi izv\u0113las k\u0101rtis un sa\u0146em cie\u0146pilnu grupas atgriezenisko saiti.<\/li>\n<li data-start=\"972\" data-end=\"1046\">Katrs dal\u012bbnieks veic 4 raundus, pak\u0101peniski atkl\u0101jot dzi\u013c\u0101kos mode\u013cus.<\/li>\n<li data-start=\"1049\" data-end=\"1103\">Moderators sniedz maigu, individu\u0101lu atgriezenisko saiti<\/li>\n<\/ul>\n<p data-start=\"1105\" data-end=\"1222\"><strong data-start=\"1105\" data-end=\"1119\">Svar\u012bgi:<\/strong> Sp\u0113le \"ne\u0101rst\u0113\" un neko neuzspie\u017e - t\u0101 dod dal\u012bbniekiem iesp\u0113ju str\u0101d\u0101t ar to, kas atkl\u0101jas, sav\u0101 temp\u0101.<br \/>\n<strong data-start=\"1224\" data-end=\"1238\">Valodas:<\/strong> Pieejams latvie\u0161u un krievu valod\u0101.<br \/>\n<strong>Dal\u012bbas maksa:<\/strong> 85 \u20ac par personu<br \/>\n<strong>Sp\u0113les ilgums<\/strong>: 2 - 3 stundas<\/p>","protected":false},"featured_media":2739,"template":"","meta":[],"product_brand":[],"product_cat":[78],"product_tag":[],"class_list":{"0":"post-2736","1":"product","2":"type-product","3":"status-publish","4":"has-post-thumbnail","6":"product_cat-services","8":"first","9":"instock","10":"shipping-taxable","11":"purchasable","12":"product-type-simple"},"yoast_head":"<!-- This site is optimized with the Yoast SEO plugin v25.2 - https:\/\/yoast.com\/wordpress\/plugins\/seo\/ -->\n<title>Transformation Game &quot;Plus. Minus. Why?&quot; - Ieva R\u016bsa<\/title>\n<meta name=\"description\" content=\"Discover yourself with this interactive transformation game! Explore emotions, inner patterns, and personal growth while having fun. Available in Lv and Ru.\" \/>\n<meta name=\"robots\" content=\"index, follow, max-snippet:-1, max-image-preview:large, max-video-preview:-1\" \/>\n<link rel=\"canonical\" href=\"https:\/\/ievarusa.com\/lv\/products\/transformation-game-plus-minus-why\/\" \/>\n<meta property=\"og:locale\" content=\"lv_LV\" \/>\n<meta property=\"og:type\" content=\"article\" \/>\n<meta property=\"og:title\" content=\"Transformation Game &quot;Plus. Minus. Why?&quot; - Ieva R\u016bsa\" \/>\n<meta property=\"og:description\" content=\"Discover yourself with this interactive transformation game! Explore emotions, inner patterns, and personal growth while having fun. Available in Lv and Ru.\" \/>\n<meta property=\"og:url\" content=\"https:\/\/ievarusa.com\/lv\/products\/transformation-game-plus-minus-why\/\" \/>\n<meta property=\"og:site_name\" content=\"Ieva R\u016bsa\" \/>\n<meta property=\"article:publisher\" content=\"https:\/\/www.facebook.com\/Sunsouljewelry\" \/>\n<meta property=\"article:modified_time\" content=\"2025-12-17T10:40:11+00:00\" \/>\n<meta property=\"og:image\" content=\"https:\/\/ievarusa.com\/wp-content\/uploads\/2025\/12\/DSCF5132-2-scaled.jpg\" \/>\n\t<meta property=\"og:image:width\" content=\"1706\" \/>\n\t<meta property=\"og:image:height\" content=\"2560\" \/>\n\t<meta property=\"og:image:type\" content=\"image\/jpeg\" \/>\n<meta name=\"twitter:card\" content=\"summary_large_image\" \/>\n<meta name=\"twitter:label1\" content=\"Est. reading time\" \/>\n\t<meta name=\"twitter:data1\" content=\"1 min\u016bte\" \/>\n<script type=\"application\/ld+json\" class=\"yoast-schema-graph\">{\"@context\":\"https:\/\/schema.org\",\"@graph\":[{\"@type\":\"WebPage\",\"@id\":\"https:\/\/ievarusa.com\/lv\/products\/transformation-game-plus-minus-why\/\",\"url\":\"https:\/\/ievarusa.com\/lv\/products\/transformation-game-plus-minus-why\/\",\"name\":\"Transformation Game \\\"Plus. Minus. Why?\\\" - Ieva R\u016bsa\",\"isPartOf\":{\"@id\":\"https:\/\/ievarusa.com\/lv\/#website\"},\"primaryImageOfPage\":{\"@id\":\"https:\/\/ievarusa.com\/lv\/products\/transformation-game-plus-minus-why\/#primaryimage\"},\"image\":{\"@id\":\"https:\/\/ievarusa.com\/lv\/products\/transformation-game-plus-minus-why\/#primaryimage\"},\"thumbnailUrl\":\"https:\/\/ievarusa.com\/wp-content\/uploads\/2025\/12\/DSCF5132-2-scaled.jpg\",\"datePublished\":\"2025-12-17T10:17:06+00:00\",\"dateModified\":\"2025-12-17T10:40:11+00:00\",\"description\":\"Discover yourself with this interactive transformation game! Explore emotions, inner patterns, and personal growth while having fun. Available in Lv and Ru.\",\"breadcrumb\":{\"@id\":\"https:\/\/ievarusa.com\/lv\/products\/transformation-game-plus-minus-why\/#breadcrumb\"},\"inLanguage\":\"lv-LV\",\"potentialAction\":[{\"@type\":\"ReadAction\",\"target\":[\"https:\/\/ievarusa.com\/lv\/products\/transformation-game-plus-minus-why\/\"]}]},{\"@type\":\"ImageObject\",\"inLanguage\":\"lv-LV\",\"@id\":\"https:\/\/ievarusa.com\/lv\/products\/transformation-game-plus-minus-why\/#primaryimage\",\"url\":\"https:\/\/ievarusa.com\/wp-content\/uploads\/2025\/12\/DSCF5132-2-scaled.jpg\",\"contentUrl\":\"https:\/\/ievarusa.com\/wp-content\/uploads\/2025\/12\/DSCF5132-2-scaled.jpg\",\"width\":1706,\"height\":2560},{\"@type\":\"BreadcrumbList\",\"@id\":\"https:\/\/ievarusa.com\/lv\/products\/transformation-game-plus-minus-why\/#breadcrumb\",\"itemListElement\":[{\"@type\":\"ListItem\",\"position\":1,\"name\":\"Home\",\"item\":\"https:\/\/ievarusa.com\/lv\/\"},{\"@type\":\"ListItem\",\"position\":2,\"name\":\"Shop\",\"item\":\"https:\/\/ievarusa.com\/lv\/shop\/\"},{\"@type\":\"ListItem\",\"position\":3,\"name\":\"Transformation Game &#8220;Plus. Minus. Why?&#8221;\"}]},{\"@type\":\"WebSite\",\"@id\":\"https:\/\/ievarusa.com\/lv\/#website\",\"url\":\"https:\/\/ievarusa.com\/lv\/\",\"name\":\"Ieva R\u016bsa\",\"description\":\"SunSoulJewelry\",\"publisher\":{\"@id\":\"https:\/\/ievarusa.com\/lv\/#organization\"},\"potentialAction\":[{\"@type\":\"SearchAction\",\"target\":{\"@type\":\"EntryPoint\",\"urlTemplate\":\"https:\/\/ievarusa.com\/lv\/?s={search_term_string}\"},\"query-input\":{\"@type\":\"PropertyValueSpecification\",\"valueRequired\":true,\"valueName\":\"search_term_string\"}}],\"inLanguage\":\"lv-LV\"},{\"@type\":\"Organization\",\"@id\":\"https:\/\/ievarusa.com\/lv\/#organization\",\"name\":\"Ieva R\u016bsa\",\"url\":\"https:\/\/ievarusa.com\/lv\/\",\"logo\":{\"@type\":\"ImageObject\",\"inLanguage\":\"lv-LV\",\"@id\":\"https:\/\/ievarusa.com\/lv\/#\/schema\/logo\/image\/\",\"url\":\"https:\/\/ievarusa.com\/wp-content\/uploads\/2024\/10\/cropped-ieva-rusa-logo.png\",\"contentUrl\":\"https:\/\/ievarusa.com\/wp-content\/uploads\/2024\/10\/cropped-ieva-rusa-logo.png\",\"width\":512,\"height\":512,\"caption\":\"Ieva R\u016bsa\"},\"image\":{\"@id\":\"https:\/\/ievarusa.com\/lv\/#\/schema\/logo\/image\/\"},\"sameAs\":[\"https:\/\/www.facebook.com\/Sunsouljewelry\",\"https:\/\/www.instagram.com\/ieva_rusa\/\"]}]}<\/script>\n<!-- \/ Yoast SEO plugin. -->","yoast_head_json":{"title":"Transformation Game \"Plus. Minus. Why?\" - Ieva R\u016bsa","description":"Discover yourself with this interactive transformation game! Explore emotions, inner patterns, and personal growth while having fun. Available in Lv and Ru.","robots":{"index":"index","follow":"follow","max-snippet":"max-snippet:-1","max-image-preview":"max-image-preview:large","max-video-preview":"max-video-preview:-1"},"canonical":"https:\/\/ievarusa.com\/lv\/products\/transformation-game-plus-minus-why\/","og_locale":"lv_LV","og_type":"article","og_title":"Transformation Game \"Plus. Minus. Why?\" - Ieva R\u016bsa","og_description":"Discover yourself with this interactive transformation game! Explore emotions, inner patterns, and personal growth while having fun. Available in Lv and Ru.","og_url":"https:\/\/ievarusa.com\/lv\/products\/transformation-game-plus-minus-why\/","og_site_name":"Ieva R\u016bsa","article_publisher":"https:\/\/www.facebook.com\/Sunsouljewelry","article_modified_time":"2025-12-17T10:40:11+00:00","og_image":[{"width":1706,"height":2560,"url":"https:\/\/ievarusa.com\/wp-content\/uploads\/2025\/12\/DSCF5132-2-scaled.jpg","type":"image\/jpeg"}],"twitter_card":"summary_large_image","twitter_misc":{"Est. reading time":"1 min\u016bte"},"schema":{"@context":"https:\/\/schema.org","@graph":[{"@type":"WebPage","@id":"https:\/\/ievarusa.com\/lv\/products\/transformation-game-plus-minus-why\/","url":"https:\/\/ievarusa.com\/lv\/products\/transformation-game-plus-minus-why\/","name":"Transformation Game \"Plus. Minus. Why?\" - Ieva R\u016bsa","isPartOf":{"@id":"https:\/\/ievarusa.com\/lv\/#website"},"primaryImageOfPage":{"@id":"https:\/\/ievarusa.com\/lv\/products\/transformation-game-plus-minus-why\/#primaryimage"},"image":{"@id":"https:\/\/ievarusa.com\/lv\/products\/transformation-game-plus-minus-why\/#primaryimage"},"thumbnailUrl":"https:\/\/ievarusa.com\/wp-content\/uploads\/2025\/12\/DSCF5132-2-scaled.jpg","datePublished":"2025-12-17T10:17:06+00:00","dateModified":"2025-12-17T10:40:11+00:00","description":"Discover yourself with this interactive transformation game! Explore emotions, inner patterns, and personal growth while having fun. Available in Lv and Ru.","breadcrumb":{"@id":"https:\/\/ievarusa.com\/lv\/products\/transformation-game-plus-minus-why\/#breadcrumb"},"inLanguage":"lv-LV","potentialAction":[{"@type":"ReadAction","target":["https:\/\/ievarusa.com\/lv\/products\/transformation-game-plus-minus-why\/"]}]},{"@type":"ImageObject","inLanguage":"lv-LV","@id":"https:\/\/ievarusa.com\/lv\/products\/transformation-game-plus-minus-why\/#primaryimage","url":"https:\/\/ievarusa.com\/wp-content\/uploads\/2025\/12\/DSCF5132-2-scaled.jpg","contentUrl":"https:\/\/ievarusa.com\/wp-content\/uploads\/2025\/12\/DSCF5132-2-scaled.jpg","width":1706,"height":2560},{"@type":"BreadcrumbList","@id":"https:\/\/ievarusa.com\/lv\/products\/transformation-game-plus-minus-why\/#breadcrumb","itemListElement":[{"@type":"ListItem","position":1,"name":"Home","item":"https:\/\/ievarusa.com\/lv\/"},{"@type":"ListItem","position":2,"name":"Shop","item":"https:\/\/ievarusa.com\/lv\/shop\/"},{"@type":"ListItem","position":3,"name":"Transformation Game &#8220;Plus. Minus. Why?&#8221;"}]},{"@type":"WebSite","@id":"https:\/\/ievarusa.com\/lv\/#website","url":"https:\/\/ievarusa.com\/lv\/","name":"Ieva R\u016bsa","description":"SunSoulJewelry","publisher":{"@id":"https:\/\/ievarusa.com\/lv\/#organization"},"potentialAction":[{"@type":"SearchAction","target":{"@type":"EntryPoint","urlTemplate":"https:\/\/ievarusa.com\/lv\/?s={search_term_string}"},"query-input":{"@type":"PropertyValueSpecification","valueRequired":true,"valueName":"search_term_string"}}],"inLanguage":"lv-LV"},{"@type":"Organization","@id":"https:\/\/ievarusa.com\/lv\/#organization","name":"Ieva R\u016bsa","url":"https:\/\/ievarusa.com\/lv\/","logo":{"@type":"ImageObject","inLanguage":"lv-LV","@id":"https:\/\/ievarusa.com\/lv\/#\/schema\/logo\/image\/","url":"https:\/\/ievarusa.com\/wp-content\/uploads\/2024\/10\/cropped-ieva-rusa-logo.png","contentUrl":"https:\/\/ievarusa.com\/wp-content\/uploads\/2024\/10\/cropped-ieva-rusa-logo.png","width":512,"height":512,"caption":"Ieva R\u016bsa"},"image":{"@id":"https:\/\/ievarusa.com\/lv\/#\/schema\/logo\/image\/"},"sameAs":["https:\/\/www.facebook.com\/Sunsouljewelry","https:\/\/www.instagram.com\/ieva_rusa\/"]}]}},"_links":{"self":[{"href":"https:\/\/ievarusa.com\/lv\/wp-json\/wp\/v2\/product\/2736","targetHints":{"allow":["GET"]}}],"collection":[{"href":"https:\/\/ievarusa.com\/lv\/wp-json\/wp\/v2\/product"}],"about":[{"href":"https:\/\/ievarusa.com\/lv\/wp-json\/wp\/v2\/types\/product"}],"wp:featuredmedia":[{"embeddable":true,"href":"https:\/\/ievarusa.com\/lv\/wp-json\/wp\/v2\/media\/2739"}],"wp:attachment":[{"href":"https:\/\/ievarusa.com\/lv\/wp-json\/wp\/v2\/media?parent=2736"}],"wp:term":[{"taxonomy":"product_brand","embeddable":true,"href":"https:\/\/ievarusa.com\/lv\/wp-json\/wp\/v2\/product_brand?post=2736"},{"taxonomy":"product_cat","embeddable":true,"href":"https:\/\/ievarusa.com\/lv\/wp-json\/wp\/v2\/product_cat?post=2736"},{"taxonomy":"product_tag","embeddable":true,"href":"https:\/\/ievarusa.com\/lv\/wp-json\/wp\/v2\/product_tag?post=2736"}],"curies":[{"name":"wp","href":"https:\/\/api.w.org\/{rel}","templated":true}]}}