{"id":2327,"date":"2025-01-17T12:51:51","date_gmt":"2025-01-17T10:51:51","guid":{"rendered":"https:\/\/ievarusa.com\/?post_type=product&#038;p=2327"},"modified":"2025-09-18T13:25:53","modified_gmt":"2025-09-18T11:25:53","slug":"masterclasses","status":"publish","type":"product","link":"https:\/\/ievarusa.com\/lv\/products\/masterclasses\/","title":{"rendered":"Meistarklases"},"content":{"rendered":"","protected":false},"excerpt":{"rendered":"<p>R\u012bkoju rotu un Malu kaklarotu meistarklases ar Krist\u0101la Trauku medit\u0101ciju. Var pas\u016bt\u012bt individu\u0101lo meistarklasi grup\u0101 no 4 l\u012bdz 10 cilv\u0113kiem.<\/p>\n<p><strong>Meistarklases apraksts:<\/strong><\/p>\n<p>Meistarklases no dab\u012bgajiem akme\u0146iem un  medit\u0101cija ar krist\u0101la skano\u0161ajiem traukiem  \u2013 ce\u013c\u0161 uz harmoniju, rado\u0161umu un atbalstu.<\/p>\n<p>Rotu meistarklases nav tikai skaistu aksesu\u0101ru darin\u0101\u0161ana \u2013 t\u0101 ir dzi\u013c\u0101ka pieredze, kur\u0101 savijas rado\u0161ais process, dv\u0113seles atjauno\u0161an\u0101s un dab\u012bgo akme\u0146u ma\u0123iskais sp\u0113ks.<br \/>\nKatrs akmens nes sev l\u012bdzi senatn\u012bgu ener\u0123iju un unik\u0101lu vibr\u0101ciju, kas sp\u0113j iedvesmot, dziedin\u0101t un pal\u012bdz\u0113t atrast l\u012bdzsvaru ikdienas dz\u012bv\u0113.<\/p>\n<p>Meistarklas\u0113 J\u016bs iem\u0101c\u012bsieties izgatavot personaliz\u0113tas rotas \u2013 rokasspr\u0101dzes vai kaklarotas, kas nes\u012bs tie\u0161i J\u016bsu ener\u0123ijas nospiedumu. Katrs akmens k\u013c\u016bs par talismanu, kas atbalst\u012bs, ienes\u012bs mieru, m\u012blest\u012bbu vai sp\u0113ku \u2013 atkar\u012bb\u0101 no t\u0101, ko izv\u0113l\u0113sieties. Rotu darin\u0101\u0161ana ir k\u0101 medit\u0101cija kust\u012bb\u0101 \u2013 process, kas atsl\u0101bina pr\u0101tu un piepilda ar iek\u0161\u0113ju harmoniju.<\/p>\n<p>\u0160\u012bs rotas var k\u013c\u016bt par dzi\u013ci person\u012bgu d\u0101vanu sev vai m\u012b\u013cam cilv\u0113kam, jo t\u0101s nes l\u012bdzi ne tikai skaistumu, bet ar\u012b dv\u0113selisku v\u0113rt\u012bbu un \u012bpa\u0161u noz\u012bmi.<\/p>\n<p>Krist\u0101la ska\u0146o\u0161o  trauku medit\u0101cij\u0101<br \/>\nJums ir iesp\u0113ja piedz\u012bvot krist\u0101la skano\u0161o trauku medit\u0101ciju \u2013 sp\u0113c\u012bgu ska\u0146as un vibr\u0101cijas pieredzi, kas dziedina gan \u0137ermeni, gan pr\u0101tu.<br \/>\n\u0160\u012bs ska\u0146as pal\u012bdz att\u012br\u012bt un l\u012bdzsvarot auru, atbr\u012bvo no negat\u012bv\u0101m ener\u0123ij\u0101m un atjauno dab\u012bgo akme\u0146u krist\u0101lisko sp\u0113ku. Vibr\u0101cijas aktiviz\u0113 \u010dakras un harmoniz\u0113 ener\u0123ijas pl\u016bsmu organism\u0101, radot dzi\u013cas transform\u0101cijas saj\u016btu.<\/p>","protected":false},"featured_media":2602,"template":"","meta":[],"product_brand":[],"product_cat":[22,78],"product_tag":[],"class_list":{"0":"post-2327","1":"product","2":"type-product","3":"status-publish","4":"has-post-thumbnail","6":"product_cat-masterclasses","7":"product_cat-services","9":"first","10":"instock","11":"shipping-taxable","12":"purchasable","13":"product-type-variable"},"yoast_head":"<!-- This site is optimized with the Yoast SEO plugin v25.2 - https:\/\/yoast.com\/wordpress\/plugins\/seo\/ -->\n<title>Masterclasses - Ieva R\u016bsa<\/title>\n<meta name=\"description\" content=\"I offer bracelet and Mala Beaded Necklace masterclasses with Crystal Singing Bowl Meditation. You can also book a private masterclass.\" \/>\n<meta name=\"robots\" content=\"index, follow, max-snippet:-1, max-image-preview:large, max-video-preview:-1\" \/>\n<link rel=\"canonical\" href=\"https:\/\/ievarusa.com\/lv\/products\/masterclasses\/\" \/>\n<meta property=\"og:locale\" content=\"lv_LV\" \/>\n<meta property=\"og:type\" content=\"article\" \/>\n<meta property=\"og:title\" content=\"Masterclasses - Ieva R\u016bsa\" \/>\n<meta property=\"og:description\" content=\"I offer bracelet and Mala Beaded Necklace masterclasses with Crystal Singing Bowl Meditation. You can also book a private masterclass.\" \/>\n<meta property=\"og:url\" content=\"https:\/\/ievarusa.com\/lv\/products\/masterclasses\/\" \/>\n<meta property=\"og:site_name\" content=\"Ieva R\u016bsa\" \/>\n<meta property=\"article:publisher\" content=\"https:\/\/www.facebook.com\/Sunsouljewelry\" \/>\n<meta property=\"article:modified_time\" content=\"2025-09-18T11:25:53+00:00\" \/>\n<meta property=\"og:image\" content=\"https:\/\/ievarusa.com\/wp-content\/uploads\/2025\/01\/DSCF7395-1.jpg\" \/>\n\t<meta property=\"og:image:width\" content=\"1985\" \/>\n\t<meta property=\"og:image:height\" content=\"2188\" \/>\n\t<meta property=\"og:image:type\" content=\"image\/jpeg\" \/>\n<meta name=\"twitter:card\" content=\"summary_large_image\" \/>\n<meta name=\"twitter:label1\" content=\"Est. reading time\" \/>\n\t<meta name=\"twitter:data1\" content=\"1 min\u016bte\" \/>\n<script type=\"application\/ld+json\" class=\"yoast-schema-graph\">{\"@context\":\"https:\/\/schema.org\",\"@graph\":[{\"@type\":\"WebPage\",\"@id\":\"https:\/\/ievarusa.com\/lv\/products\/masterclasses\/\",\"url\":\"https:\/\/ievarusa.com\/lv\/products\/masterclasses\/\",\"name\":\"Masterclasses - Ieva R\u016bsa\",\"isPartOf\":{\"@id\":\"https:\/\/ievarusa.com\/lv\/#website\"},\"primaryImageOfPage\":{\"@id\":\"https:\/\/ievarusa.com\/lv\/products\/masterclasses\/#primaryimage\"},\"image\":{\"@id\":\"https:\/\/ievarusa.com\/lv\/products\/masterclasses\/#primaryimage\"},\"thumbnailUrl\":\"https:\/\/ievarusa.com\/wp-content\/uploads\/2025\/01\/DSCF7395-1.jpg\",\"datePublished\":\"2025-01-17T10:51:51+00:00\",\"dateModified\":\"2025-09-18T11:25:53+00:00\",\"description\":\"I offer bracelet and Mala Beaded Necklace masterclasses with Crystal Singing Bowl Meditation. You can also book a private masterclass.\",\"breadcrumb\":{\"@id\":\"https:\/\/ievarusa.com\/lv\/products\/masterclasses\/#breadcrumb\"},\"inLanguage\":\"lv-LV\",\"potentialAction\":[{\"@type\":\"ReadAction\",\"target\":[\"https:\/\/ievarusa.com\/lv\/products\/masterclasses\/\"]}]},{\"@type\":\"ImageObject\",\"inLanguage\":\"lv-LV\",\"@id\":\"https:\/\/ievarusa.com\/lv\/products\/masterclasses\/#primaryimage\",\"url\":\"https:\/\/ievarusa.com\/wp-content\/uploads\/2025\/01\/DSCF7395-1.jpg\",\"contentUrl\":\"https:\/\/ievarusa.com\/wp-content\/uploads\/2025\/01\/DSCF7395-1.jpg\",\"width\":1985,\"height\":2188},{\"@type\":\"BreadcrumbList\",\"@id\":\"https:\/\/ievarusa.com\/lv\/products\/masterclasses\/#breadcrumb\",\"itemListElement\":[{\"@type\":\"ListItem\",\"position\":1,\"name\":\"Home\",\"item\":\"https:\/\/ievarusa.com\/lv\/\"},{\"@type\":\"ListItem\",\"position\":2,\"name\":\"Shop\",\"item\":\"https:\/\/ievarusa.com\/lv\/shop\/\"},{\"@type\":\"ListItem\",\"position\":3,\"name\":\"Masterclasses\"}]},{\"@type\":\"WebSite\",\"@id\":\"https:\/\/ievarusa.com\/lv\/#website\",\"url\":\"https:\/\/ievarusa.com\/lv\/\",\"name\":\"Ieva R\u016bsa\",\"description\":\"SunSoulJewelry\",\"publisher\":{\"@id\":\"https:\/\/ievarusa.com\/lv\/#organization\"},\"potentialAction\":[{\"@type\":\"SearchAction\",\"target\":{\"@type\":\"EntryPoint\",\"urlTemplate\":\"https:\/\/ievarusa.com\/lv\/?s={search_term_string}\"},\"query-input\":{\"@type\":\"PropertyValueSpecification\",\"valueRequired\":true,\"valueName\":\"search_term_string\"}}],\"inLanguage\":\"lv-LV\"},{\"@type\":\"Organization\",\"@id\":\"https:\/\/ievarusa.com\/lv\/#organization\",\"name\":\"Ieva R\u016bsa\",\"url\":\"https:\/\/ievarusa.com\/lv\/\",\"logo\":{\"@type\":\"ImageObject\",\"inLanguage\":\"lv-LV\",\"@id\":\"https:\/\/ievarusa.com\/lv\/#\/schema\/logo\/image\/\",\"url\":\"https:\/\/ievarusa.com\/wp-content\/uploads\/2024\/10\/cropped-ieva-rusa-logo.png\",\"contentUrl\":\"https:\/\/ievarusa.com\/wp-content\/uploads\/2024\/10\/cropped-ieva-rusa-logo.png\",\"width\":512,\"height\":512,\"caption\":\"Ieva R\u016bsa\"},\"image\":{\"@id\":\"https:\/\/ievarusa.com\/lv\/#\/schema\/logo\/image\/\"},\"sameAs\":[\"https:\/\/www.facebook.com\/Sunsouljewelry\",\"https:\/\/www.instagram.com\/ieva_rusa\/\"]}]}<\/script>\n<!-- \/ Yoast SEO plugin. -->","yoast_head_json":{"title":"Masterclasses - Ieva R\u016bsa","description":"I offer bracelet and Mala Beaded Necklace masterclasses with Crystal Singing Bowl Meditation. You can also book a private masterclass.","robots":{"index":"index","follow":"follow","max-snippet":"max-snippet:-1","max-image-preview":"max-image-preview:large","max-video-preview":"max-video-preview:-1"},"canonical":"https:\/\/ievarusa.com\/lv\/products\/masterclasses\/","og_locale":"lv_LV","og_type":"article","og_title":"Masterclasses - Ieva R\u016bsa","og_description":"I offer bracelet and Mala Beaded Necklace masterclasses with Crystal Singing Bowl Meditation. You can also book a private masterclass.","og_url":"https:\/\/ievarusa.com\/lv\/products\/masterclasses\/","og_site_name":"Ieva R\u016bsa","article_publisher":"https:\/\/www.facebook.com\/Sunsouljewelry","article_modified_time":"2025-09-18T11:25:53+00:00","og_image":[{"width":1985,"height":2188,"url":"https:\/\/ievarusa.com\/wp-content\/uploads\/2025\/01\/DSCF7395-1.jpg","type":"image\/jpeg"}],"twitter_card":"summary_large_image","twitter_misc":{"Est. reading time":"1 min\u016bte"},"schema":{"@context":"https:\/\/schema.org","@graph":[{"@type":"WebPage","@id":"https:\/\/ievarusa.com\/lv\/products\/masterclasses\/","url":"https:\/\/ievarusa.com\/lv\/products\/masterclasses\/","name":"Masterclasses - Ieva R\u016bsa","isPartOf":{"@id":"https:\/\/ievarusa.com\/lv\/#website"},"primaryImageOfPage":{"@id":"https:\/\/ievarusa.com\/lv\/products\/masterclasses\/#primaryimage"},"image":{"@id":"https:\/\/ievarusa.com\/lv\/products\/masterclasses\/#primaryimage"},"thumbnailUrl":"https:\/\/ievarusa.com\/wp-content\/uploads\/2025\/01\/DSCF7395-1.jpg","datePublished":"2025-01-17T10:51:51+00:00","dateModified":"2025-09-18T11:25:53+00:00","description":"I offer bracelet and Mala Beaded Necklace masterclasses with Crystal Singing Bowl Meditation. You can also book a private masterclass.","breadcrumb":{"@id":"https:\/\/ievarusa.com\/lv\/products\/masterclasses\/#breadcrumb"},"inLanguage":"lv-LV","potentialAction":[{"@type":"ReadAction","target":["https:\/\/ievarusa.com\/lv\/products\/masterclasses\/"]}]},{"@type":"ImageObject","inLanguage":"lv-LV","@id":"https:\/\/ievarusa.com\/lv\/products\/masterclasses\/#primaryimage","url":"https:\/\/ievarusa.com\/wp-content\/uploads\/2025\/01\/DSCF7395-1.jpg","contentUrl":"https:\/\/ievarusa.com\/wp-content\/uploads\/2025\/01\/DSCF7395-1.jpg","width":1985,"height":2188},{"@type":"BreadcrumbList","@id":"https:\/\/ievarusa.com\/lv\/products\/masterclasses\/#breadcrumb","itemListElement":[{"@type":"ListItem","position":1,"name":"Home","item":"https:\/\/ievarusa.com\/lv\/"},{"@type":"ListItem","position":2,"name":"Shop","item":"https:\/\/ievarusa.com\/lv\/shop\/"},{"@type":"ListItem","position":3,"name":"Masterclasses"}]},{"@type":"WebSite","@id":"https:\/\/ievarusa.com\/lv\/#website","url":"https:\/\/ievarusa.com\/lv\/","name":"Ieva R\u016bsa","description":"SunSoulJewelry","publisher":{"@id":"https:\/\/ievarusa.com\/lv\/#organization"},"potentialAction":[{"@type":"SearchAction","target":{"@type":"EntryPoint","urlTemplate":"https:\/\/ievarusa.com\/lv\/?s={search_term_string}"},"query-input":{"@type":"PropertyValueSpecification","valueRequired":true,"valueName":"search_term_string"}}],"inLanguage":"lv-LV"},{"@type":"Organization","@id":"https:\/\/ievarusa.com\/lv\/#organization","name":"Ieva R\u016bsa","url":"https:\/\/ievarusa.com\/lv\/","logo":{"@type":"ImageObject","inLanguage":"lv-LV","@id":"https:\/\/ievarusa.com\/lv\/#\/schema\/logo\/image\/","url":"https:\/\/ievarusa.com\/wp-content\/uploads\/2024\/10\/cropped-ieva-rusa-logo.png","contentUrl":"https:\/\/ievarusa.com\/wp-content\/uploads\/2024\/10\/cropped-ieva-rusa-logo.png","width":512,"height":512,"caption":"Ieva R\u016bsa"},"image":{"@id":"https:\/\/ievarusa.com\/lv\/#\/schema\/logo\/image\/"},"sameAs":["https:\/\/www.facebook.com\/Sunsouljewelry","https:\/\/www.instagram.com\/ieva_rusa\/"]}]}},"_links":{"self":[{"href":"https:\/\/ievarusa.com\/lv\/wp-json\/wp\/v2\/product\/2327","targetHints":{"allow":["GET"]}}],"collection":[{"href":"https:\/\/ievarusa.com\/lv\/wp-json\/wp\/v2\/product"}],"about":[{"href":"https:\/\/ievarusa.com\/lv\/wp-json\/wp\/v2\/types\/product"}],"wp:featuredmedia":[{"embeddable":true,"href":"https:\/\/ievarusa.com\/lv\/wp-json\/wp\/v2\/media\/2602"}],"wp:attachment":[{"href":"https:\/\/ievarusa.com\/lv\/wp-json\/wp\/v2\/media?parent=2327"}],"wp:term":[{"taxonomy":"product_brand","embeddable":true,"href":"https:\/\/ievarusa.com\/lv\/wp-json\/wp\/v2\/product_brand?post=2327"},{"taxonomy":"product_cat","embeddable":true,"href":"https:\/\/ievarusa.com\/lv\/wp-json\/wp\/v2\/product_cat?post=2327"},{"taxonomy":"product_tag","embeddable":true,"href":"https:\/\/ievarusa.com\/lv\/wp-json\/wp\/v2\/product_tag?post=2327"}],"curies":[{"name":"wp","href":"https:\/\/api.w.org\/{rel}","templated":true}]}}