{"id":2324,"date":"2025-01-16T23:20:36","date_gmt":"2025-01-16T21:20:36","guid":{"rendered":"https:\/\/ievarusa.com\/?post_type=product&#038;p=2324"},"modified":"2026-04-08T09:58:50","modified_gmt":"2026-04-08T07:58:50","slug":"mala-fo-amulet-of-stability-on-the-path-to-success-and-light","status":"publish","type":"product","link":"https:\/\/ievarusa.com\/lv\/products\/mala-fo-amulet-of-stability-on-the-path-to-success-and-light\/","title":{"rendered":"Mala - Stabilitates amulets ce\u013c\u0101 uz pan\u0101kumiem un gaismu"},"content":{"rendered":"","protected":false},"excerpt":{"rendered":"<div class=\"flex max-w-full flex-col flex-grow\">\n<div class=\"min-h-8 text-message flex w-full flex-col items-end gap-2 whitespace-normal break-words text-start [.text-message+&amp;]:mt-5\" dir=\"auto\" data-message-author-role=\"assistant\" data-message-id=\"50521ed2-c11e-4e64-aacc-7f95b1f7d737\" data-message-model-slug=\"gpt-4o\">\n<div class=\"flex w-full flex-col gap-1 empty:hidden first:pt-[3px]\">\n<div class=\"markdown prose w-full break-words dark:prose-invert dark\">\n<p>Turmal\u012bns , oniks, hemat\u012bts , vanaga acs, krist\u0101li, apzelt\u012bti aksesu\u0101ri , z\u012bda aste, centr\u0101 apzelt\u012bta bumba, garums un platums 1.2*1.1cm<br \/>\nBumbi\u0146u lielums 8 mm<br \/>\nZ\u012bda astes garums 8 cm<br \/>\nRotas garums 66 cm<\/p>\n<p>\u2022\u2060  \u2060Sp\u0113c\u012bga aizsardz\u012bba, att\u012bra negat\u012bv\u0101s ener\u0123ijas un pasarg\u0101 no \u0101r\u0113j\u0101m ietekm\u0113m.<br \/>\n\u2022\u2060  \u2060L\u012bdzsvaro emocijas, veicina iek\u0161\u0113jo mieru un pa\u0161dziedin\u0101\u0161anos.<br \/>\n\u2022\u2060  \u2060Sp\u0113kam un iztur\u012bbai, pal\u012bdz p\u0101rvar\u0113t gr\u016bt\u012bbas un stiprina gribassp\u0113ku.<br \/>\n\u2022\u2060  \u2060Nes stabilit\u0101ti, pa\u0161p\u0101rliecin\u0101t\u012bbu un pal\u012bdz pie\u0146emt p\u0101rdom\u0101tus l\u0113mumus.<br \/>\n\u2022\u2060  \u2060Sazem\u0113, nodro\u0161ina iek\u0161\u0113ju l\u012bdzsvaru un dro\u0161\u012bbas saj\u016btu.<br \/>\n\u2022\u2060  \u2060Att\u012bsta koncentr\u0113\u0161anos, discipl\u012bnu un m\u0113r\u0137tiec\u012bbu.<br \/>\n\u2022\u2060  \u2060Sniedz asu redz\u0113jumu, intu\u012bciju un sp\u0113ju saskat\u012bt paties\u012bbu.<br \/>\n\u2022\u2060  \u2060Pasarg\u0101 no maldiem, pal\u012bdz atrast \u012bsto virzienu dz\u012bv\u0113.<br \/>\n\u2022\u2060  \u2060Att\u012bra un harmoniz\u0113 ener\u0123iju, dod gar\u012bgu skaidr\u012bbu un sp\u0113ku.<\/p>\n<\/div>\n<\/div>\n<\/div>\n<\/div>","protected":false},"featured_media":2701,"template":"","meta":[],"product_brand":[],"product_cat":[24,19,23],"product_tag":[],"class_list":{"0":"post-2324","1":"product","2":"type-product","3":"status-publish","4":"has-post-thumbnail","6":"product_cat-for-women","7":"product_cat-sunsouljewelry","8":"product_cat-unisex","9":"pa_gemstones-clear-crystals","10":"pa_gemstones-gold-hawk-eye","11":"pa_gemstones-hematite","12":"pa_gemstones-onyx","13":"pa_gemstones-tourmaline","15":"first","16":"instock","17":"shipping-taxable","18":"purchasable","19":"product-type-simple"},"yoast_head":"<!-- This site is optimized with the Yoast SEO plugin v25.2 - https:\/\/yoast.com\/wordpress\/plugins\/seo\/ -->\n<title>Mala amulet of stability on the path to success and light - Ieva R\u016bsa<\/title>\n<meta name=\"robots\" content=\"index, follow, max-snippet:-1, max-image-preview:large, max-video-preview:-1\" \/>\n<link rel=\"canonical\" href=\"https:\/\/ievarusa.com\/lv\/products\/mala-fo-amulet-of-stability-on-the-path-to-success-and-light\/\" \/>\n<meta property=\"og:locale\" content=\"lv_LV\" \/>\n<meta property=\"og:type\" content=\"article\" \/>\n<meta property=\"og:title\" content=\"Mala amulet of stability on the path to success and light - Ieva R\u016bsa\" \/>\n<meta property=\"og:description\" content=\"Tourmaline, onyx, hematite, hawk\u2019s eye, crystals, gold-plated accessories, brown silk tail, Central accessory: Plated gold - plated bead, height and width 1.2*1.1cm Beads size 8 mm Silk tail length 8 cm Necklace length 66 cm  \u2022\u2060 \u2060Powerful protection, clears negative energies and shields from external influences. \u2022\u2060 \u2060Balances emotions, promotes inner peace and self-healing. \u2022\u2060 \u2060For strength and resilience, helps overcome difficulties and strengthens willpower. \u2022\u2060 \u2060Brings stability, self-confidence, and supports thoughtful decision-making. \u2022\u2060 \u2060Grounds, providing inner balance and a sense of security. \u2022\u2060 \u2060Develops focus, discipline, and determination. \u2022\u2060 \u2060Gives sharp vision, intuition, and the ability to see the truth. \u2022\u2060 \u2060Protects from delusions, helps to find the right direction in life. \u2022\u2060 \u2060Purifies and harmonizes energy, bringing spiritual clarity and strength.\" \/>\n<meta property=\"og:url\" content=\"https:\/\/ievarusa.com\/lv\/products\/mala-fo-amulet-of-stability-on-the-path-to-success-and-light\/\" \/>\n<meta property=\"og:site_name\" content=\"Ieva R\u016bsa\" \/>\n<meta property=\"article:publisher\" content=\"https:\/\/www.facebook.com\/Sunsouljewelry\" \/>\n<meta property=\"article:modified_time\" content=\"2026-04-08T07:58:50+00:00\" \/>\n<meta property=\"og:image\" content=\"https:\/\/ievarusa.com\/wp-content\/uploads\/2025\/01\/bruna-scaled.jpeg\" \/>\n\t<meta property=\"og:image:width\" content=\"1920\" \/>\n\t<meta property=\"og:image:height\" content=\"2560\" \/>\n\t<meta property=\"og:image:type\" content=\"image\/jpeg\" \/>\n<meta name=\"twitter:card\" content=\"summary_large_image\" \/>\n<meta name=\"twitter:label1\" content=\"Est. reading time\" \/>\n\t<meta name=\"twitter:data1\" content=\"1 min\u016bte\" \/>\n<script type=\"application\/ld+json\" class=\"yoast-schema-graph\">{\"@context\":\"https:\/\/schema.org\",\"@graph\":[{\"@type\":\"WebPage\",\"@id\":\"https:\/\/ievarusa.com\/lv\/products\/mala-fo-amulet-of-stability-on-the-path-to-success-and-light\/\",\"url\":\"https:\/\/ievarusa.com\/lv\/products\/mala-fo-amulet-of-stability-on-the-path-to-success-and-light\/\",\"name\":\"Mala amulet of stability on the path to success and light - Ieva R\u016bsa\",\"isPartOf\":{\"@id\":\"https:\/\/ievarusa.com\/lv\/#website\"},\"primaryImageOfPage\":{\"@id\":\"https:\/\/ievarusa.com\/lv\/products\/mala-fo-amulet-of-stability-on-the-path-to-success-and-light\/#primaryimage\"},\"image\":{\"@id\":\"https:\/\/ievarusa.com\/lv\/products\/mala-fo-amulet-of-stability-on-the-path-to-success-and-light\/#primaryimage\"},\"thumbnailUrl\":\"https:\/\/ievarusa.com\/wp-content\/uploads\/2025\/01\/bruna-scaled.jpeg\",\"datePublished\":\"2025-01-16T21:20:36+00:00\",\"dateModified\":\"2026-04-08T07:58:50+00:00\",\"breadcrumb\":{\"@id\":\"https:\/\/ievarusa.com\/lv\/products\/mala-fo-amulet-of-stability-on-the-path-to-success-and-light\/#breadcrumb\"},\"inLanguage\":\"lv-LV\",\"potentialAction\":[{\"@type\":\"ReadAction\",\"target\":[\"https:\/\/ievarusa.com\/lv\/products\/mala-fo-amulet-of-stability-on-the-path-to-success-and-light\/\"]}]},{\"@type\":\"ImageObject\",\"inLanguage\":\"lv-LV\",\"@id\":\"https:\/\/ievarusa.com\/lv\/products\/mala-fo-amulet-of-stability-on-the-path-to-success-and-light\/#primaryimage\",\"url\":\"https:\/\/ievarusa.com\/wp-content\/uploads\/2025\/01\/bruna-scaled.jpeg\",\"contentUrl\":\"https:\/\/ievarusa.com\/wp-content\/uploads\/2025\/01\/bruna-scaled.jpeg\",\"width\":1920,\"height\":2560},{\"@type\":\"BreadcrumbList\",\"@id\":\"https:\/\/ievarusa.com\/lv\/products\/mala-fo-amulet-of-stability-on-the-path-to-success-and-light\/#breadcrumb\",\"itemListElement\":[{\"@type\":\"ListItem\",\"position\":1,\"name\":\"Home\",\"item\":\"https:\/\/ievarusa.com\/lv\/\"},{\"@type\":\"ListItem\",\"position\":2,\"name\":\"Shop\",\"item\":\"https:\/\/ievarusa.com\/lv\/shop\/\"},{\"@type\":\"ListItem\",\"position\":3,\"name\":\"Mala amulet of stability on the path to success and light\"}]},{\"@type\":\"WebSite\",\"@id\":\"https:\/\/ievarusa.com\/lv\/#website\",\"url\":\"https:\/\/ievarusa.com\/lv\/\",\"name\":\"Ieva R\u016bsa\",\"description\":\"SunSoulJewelry\",\"publisher\":{\"@id\":\"https:\/\/ievarusa.com\/lv\/#organization\"},\"potentialAction\":[{\"@type\":\"SearchAction\",\"target\":{\"@type\":\"EntryPoint\",\"urlTemplate\":\"https:\/\/ievarusa.com\/lv\/?s={search_term_string}\"},\"query-input\":{\"@type\":\"PropertyValueSpecification\",\"valueRequired\":true,\"valueName\":\"search_term_string\"}}],\"inLanguage\":\"lv-LV\"},{\"@type\":\"Organization\",\"@id\":\"https:\/\/ievarusa.com\/lv\/#organization\",\"name\":\"Ieva R\u016bsa\",\"url\":\"https:\/\/ievarusa.com\/lv\/\",\"logo\":{\"@type\":\"ImageObject\",\"inLanguage\":\"lv-LV\",\"@id\":\"https:\/\/ievarusa.com\/lv\/#\/schema\/logo\/image\/\",\"url\":\"https:\/\/ievarusa.com\/wp-content\/uploads\/2024\/10\/cropped-ieva-rusa-logo.png\",\"contentUrl\":\"https:\/\/ievarusa.com\/wp-content\/uploads\/2024\/10\/cropped-ieva-rusa-logo.png\",\"width\":512,\"height\":512,\"caption\":\"Ieva R\u016bsa\"},\"image\":{\"@id\":\"https:\/\/ievarusa.com\/lv\/#\/schema\/logo\/image\/\"},\"sameAs\":[\"https:\/\/www.facebook.com\/Sunsouljewelry\",\"https:\/\/www.instagram.com\/ieva_rusa\/\"]}]}<\/script>\n<!-- \/ Yoast SEO plugin. -->","yoast_head_json":{"title":"Mala amulet of stability on the path to success and light - Ieva R\u016bsa","robots":{"index":"index","follow":"follow","max-snippet":"max-snippet:-1","max-image-preview":"max-image-preview:large","max-video-preview":"max-video-preview:-1"},"canonical":"https:\/\/ievarusa.com\/lv\/products\/mala-fo-amulet-of-stability-on-the-path-to-success-and-light\/","og_locale":"lv_LV","og_type":"article","og_title":"Mala amulet of stability on the path to success and light - Ieva R\u016bsa","og_description":"Tourmaline, onyx, hematite, hawk\u2019s eye, crystals, gold-plated accessories, brown silk tail, Central accessory: Plated gold - plated bead, height and width 1.2*1.1cm Beads size 8 mm Silk tail length 8 cm Necklace length 66 cm  \u2022\u2060 \u2060Powerful protection, clears negative energies and shields from external influences. \u2022\u2060 \u2060Balances emotions, promotes inner peace and self-healing. \u2022\u2060 \u2060For strength and resilience, helps overcome difficulties and strengthens willpower. \u2022\u2060 \u2060Brings stability, self-confidence, and supports thoughtful decision-making. \u2022\u2060 \u2060Grounds, providing inner balance and a sense of security. \u2022\u2060 \u2060Develops focus, discipline, and determination. \u2022\u2060 \u2060Gives sharp vision, intuition, and the ability to see the truth. \u2022\u2060 \u2060Protects from delusions, helps to find the right direction in life. \u2022\u2060 \u2060Purifies and harmonizes energy, bringing spiritual clarity and strength.","og_url":"https:\/\/ievarusa.com\/lv\/products\/mala-fo-amulet-of-stability-on-the-path-to-success-and-light\/","og_site_name":"Ieva R\u016bsa","article_publisher":"https:\/\/www.facebook.com\/Sunsouljewelry","article_modified_time":"2026-04-08T07:58:50+00:00","og_image":[{"width":1920,"height":2560,"url":"https:\/\/ievarusa.com\/wp-content\/uploads\/2025\/01\/bruna-scaled.jpeg","type":"image\/jpeg"}],"twitter_card":"summary_large_image","twitter_misc":{"Est. reading time":"1 min\u016bte"},"schema":{"@context":"https:\/\/schema.org","@graph":[{"@type":"WebPage","@id":"https:\/\/ievarusa.com\/lv\/products\/mala-fo-amulet-of-stability-on-the-path-to-success-and-light\/","url":"https:\/\/ievarusa.com\/lv\/products\/mala-fo-amulet-of-stability-on-the-path-to-success-and-light\/","name":"Mala amulet of stability on the path to success and light - Ieva R\u016bsa","isPartOf":{"@id":"https:\/\/ievarusa.com\/lv\/#website"},"primaryImageOfPage":{"@id":"https:\/\/ievarusa.com\/lv\/products\/mala-fo-amulet-of-stability-on-the-path-to-success-and-light\/#primaryimage"},"image":{"@id":"https:\/\/ievarusa.com\/lv\/products\/mala-fo-amulet-of-stability-on-the-path-to-success-and-light\/#primaryimage"},"thumbnailUrl":"https:\/\/ievarusa.com\/wp-content\/uploads\/2025\/01\/bruna-scaled.jpeg","datePublished":"2025-01-16T21:20:36+00:00","dateModified":"2026-04-08T07:58:50+00:00","breadcrumb":{"@id":"https:\/\/ievarusa.com\/lv\/products\/mala-fo-amulet-of-stability-on-the-path-to-success-and-light\/#breadcrumb"},"inLanguage":"lv-LV","potentialAction":[{"@type":"ReadAction","target":["https:\/\/ievarusa.com\/lv\/products\/mala-fo-amulet-of-stability-on-the-path-to-success-and-light\/"]}]},{"@type":"ImageObject","inLanguage":"lv-LV","@id":"https:\/\/ievarusa.com\/lv\/products\/mala-fo-amulet-of-stability-on-the-path-to-success-and-light\/#primaryimage","url":"https:\/\/ievarusa.com\/wp-content\/uploads\/2025\/01\/bruna-scaled.jpeg","contentUrl":"https:\/\/ievarusa.com\/wp-content\/uploads\/2025\/01\/bruna-scaled.jpeg","width":1920,"height":2560},{"@type":"BreadcrumbList","@id":"https:\/\/ievarusa.com\/lv\/products\/mala-fo-amulet-of-stability-on-the-path-to-success-and-light\/#breadcrumb","itemListElement":[{"@type":"ListItem","position":1,"name":"Home","item":"https:\/\/ievarusa.com\/lv\/"},{"@type":"ListItem","position":2,"name":"Shop","item":"https:\/\/ievarusa.com\/lv\/shop\/"},{"@type":"ListItem","position":3,"name":"Mala amulet of stability on the path to success and light"}]},{"@type":"WebSite","@id":"https:\/\/ievarusa.com\/lv\/#website","url":"https:\/\/ievarusa.com\/lv\/","name":"Ieva R\u016bsa","description":"SunSoulJewelry","publisher":{"@id":"https:\/\/ievarusa.com\/lv\/#organization"},"potentialAction":[{"@type":"SearchAction","target":{"@type":"EntryPoint","urlTemplate":"https:\/\/ievarusa.com\/lv\/?s={search_term_string}"},"query-input":{"@type":"PropertyValueSpecification","valueRequired":true,"valueName":"search_term_string"}}],"inLanguage":"lv-LV"},{"@type":"Organization","@id":"https:\/\/ievarusa.com\/lv\/#organization","name":"Ieva R\u016bsa","url":"https:\/\/ievarusa.com\/lv\/","logo":{"@type":"ImageObject","inLanguage":"lv-LV","@id":"https:\/\/ievarusa.com\/lv\/#\/schema\/logo\/image\/","url":"https:\/\/ievarusa.com\/wp-content\/uploads\/2024\/10\/cropped-ieva-rusa-logo.png","contentUrl":"https:\/\/ievarusa.com\/wp-content\/uploads\/2024\/10\/cropped-ieva-rusa-logo.png","width":512,"height":512,"caption":"Ieva R\u016bsa"},"image":{"@id":"https:\/\/ievarusa.com\/lv\/#\/schema\/logo\/image\/"},"sameAs":["https:\/\/www.facebook.com\/Sunsouljewelry","https:\/\/www.instagram.com\/ieva_rusa\/"]}]}},"_links":{"self":[{"href":"https:\/\/ievarusa.com\/lv\/wp-json\/wp\/v2\/product\/2324","targetHints":{"allow":["GET"]}}],"collection":[{"href":"https:\/\/ievarusa.com\/lv\/wp-json\/wp\/v2\/product"}],"about":[{"href":"https:\/\/ievarusa.com\/lv\/wp-json\/wp\/v2\/types\/product"}],"wp:featuredmedia":[{"embeddable":true,"href":"https:\/\/ievarusa.com\/lv\/wp-json\/wp\/v2\/media\/2701"}],"wp:attachment":[{"href":"https:\/\/ievarusa.com\/lv\/wp-json\/wp\/v2\/media?parent=2324"}],"wp:term":[{"taxonomy":"product_brand","embeddable":true,"href":"https:\/\/ievarusa.com\/lv\/wp-json\/wp\/v2\/product_brand?post=2324"},{"taxonomy":"product_cat","embeddable":true,"href":"https:\/\/ievarusa.com\/lv\/wp-json\/wp\/v2\/product_cat?post=2324"},{"taxonomy":"product_tag","embeddable":true,"href":"https:\/\/ievarusa.com\/lv\/wp-json\/wp\/v2\/product_tag?post=2324"}],"curies":[{"name":"wp","href":"https:\/\/api.w.org\/{rel}","templated":true}]}}