{"id":2303,"date":"2025-01-16T10:49:03","date_gmt":"2025-01-16T08:49:03","guid":{"rendered":"https:\/\/ievarusa.com\/?post_type=product&#038;p=2303"},"modified":"2026-04-08T09:59:28","modified_gmt":"2026-04-08T07:59:28","slug":"mala-for-amulet-of-light-and-love-on-the-path-of-life","status":"publish","type":"product","link":"https:\/\/ievarusa.com\/lv\/products\/mala-for-amulet-of-light-and-love-on-the-path-of-life\/","title":{"rendered":"Mala - Gaismas , m\u012blest\u012bbas amulets dz\u012bves ce\u013c\u0101"},"content":{"rendered":"","protected":false},"excerpt":{"rendered":"<div class=\"flex max-w-full flex-col flex-grow\">\n<div class=\"min-h-8 text-message flex w-full flex-col items-end gap-2 whitespace-normal break-words text-start [.text-message+&amp;]:mt-5\" dir=\"auto\" data-message-author-role=\"assistant\" data-message-id=\"50521ed2-c11e-4e64-aacc-7f95b1f7d737\" data-message-model-slug=\"gpt-4o\">\n<div class=\"flex w-full flex-col gap-1 empty:hidden first:pt-[3px]\">\n<div class=\"markdown prose w-full break-words dark:prose-invert dark\">\n<p><b>Balt\u0101 t\u012b\u0123era acs, krist\u0101li, labrador\u012bts, sudraba aksesu\u0101ri, z\u012bda aste. Centr\u0101lais aksesu\u0101rs Gai\u0161i roz\u0101 mirdzo\u0161\u0101s dbesis, 925 sudraba prove, augstums un platums 1.2*1.1cm<\/b><\/p>\n<p><b>Bumbi\u0146u lielums 8 mm<br \/>\n<\/b><b>Z\u012bda astes garums 8 cm<br \/>\n<\/b><b>Kaklarotas garums 65 cm<\/b><\/p>\n<p>\u2022\u2060  \u2060L\u012bdzsvaro pr\u0101tu un emocijas, sniedz mieru.<br \/>\n\u2022\u2060  \u2060Aizsardz\u012bba pret negat\u012bv\u0101m ener\u0123ij\u0101m un skaud\u012bbu.<br \/>\n\u2022\u2060  \u2060Stiprina pa\u0161p\u0101rliecin\u0101t\u012bbu un iek\u0161\u0113jo sp\u0113ku.<br \/>\n\u2022\u2060  \u2060Pal\u012bdz koncentr\u0113ties un skaidri dom\u0101t, saredz\u0113t lietas.<br \/>\n\u2022\u2060  \u2060Att\u012bra un balans\u0113 ener\u0123iju.<br \/>\n\u2022\u2060  \u2060Sniedz iek\u0161\u0113jo skaidr\u012bbu.<br \/>\n\u2022\u2060  \u2060Jaud\u012bga rota  pret negat\u012bvo un il\u016bzij\u0101m.<br \/>\n\u2022\u2060  \u2060Aktiviz\u0113 intu\u012bciju, iek\u0161\u0113jo redz\u0113jumu un gar\u012bg\u0101s sp\u0113jas.<br \/>\n\u2022\u2060  \u2060Atbalsta rado\u0161umu, jaunu iesp\u0113ju un paties\u0101 dz\u012bves ce\u013ca apzin\u0101\u0161anos.<\/p>\n<\/div>\n<\/div>\n<\/div>\n<\/div>","protected":false},"featured_media":2703,"template":"","meta":[],"product_brand":[],"product_cat":[24,19,23],"product_tag":[],"class_list":{"0":"post-2303","1":"product","2":"type-product","3":"status-publish","4":"has-post-thumbnail","6":"product_cat-for-women","7":"product_cat-sunsouljewelry","8":"product_cat-unisex","9":"pa_gemstones-clear-crystals","10":"pa_gemstones-labradorite","11":"pa_gemstones-tigers-eye","13":"first","14":"instock","15":"shipping-taxable","16":"purchasable","17":"product-type-simple"},"yoast_head":"<!-- This site is optimized with the Yoast SEO plugin v25.2 - https:\/\/yoast.com\/wordpress\/plugins\/seo\/ -->\n<title>Mala amulet of light and love on the path of life - Ieva R\u016bsa<\/title>\n<meta name=\"robots\" content=\"index, follow, max-snippet:-1, max-image-preview:large, max-video-preview:-1\" \/>\n<link rel=\"canonical\" href=\"https:\/\/ievarusa.com\/lv\/products\/mala-for-amulet-of-light-and-love-on-the-path-of-life\/\" \/>\n<meta property=\"og:locale\" content=\"lv_LV\" \/>\n<meta property=\"og:type\" content=\"article\" \/>\n<meta property=\"og:title\" content=\"Mala amulet of light and love on the path of life - Ieva R\u016bsa\" \/>\n<meta property=\"og:description\" content=\"White tiger\u2019s eye, crystals, labradorite, silver accessories, silk tassel.\u00a0Central accessory: Bright rose starry sky, 925 sterling silver, height and width 1.2*1.1cm  Beads size 8 mm Silk tail length 8 cm Necklace length 65 cm  \u2022\u2060 \u2060Balances mind and emotions, bringing peace. \u2022\u2060 \u2060Protection against negative energies and envy. \u2022\u2060 \u2060Strengthens self-confidence and inner power. \u2022\u2060 \u2060Helps to focus and think clearly, seeing things as they are. \u2022\u2060 \u2060Cleanses and balances energy. \u2022\u2060 \u2060Brings inner clarity. \u2022\u2060 \u2060A powerful talisman against negativity and illusions. \u2022\u2060 \u2060Activates intuition, inner vision, and spiritual abilities. \u2022\u2060 \u2060Supports creativity, new opportunities, and awareness of the true life\" \/>\n<meta property=\"og:url\" content=\"https:\/\/ievarusa.com\/lv\/products\/mala-for-amulet-of-light-and-love-on-the-path-of-life\/\" \/>\n<meta property=\"og:site_name\" content=\"Ieva R\u016bsa\" \/>\n<meta property=\"article:publisher\" content=\"https:\/\/www.facebook.com\/Sunsouljewelry\" \/>\n<meta property=\"article:modified_time\" content=\"2026-04-08T07:59:28+00:00\" \/>\n<meta property=\"og:image\" content=\"https:\/\/ievarusa.com\/wp-content\/uploads\/2025\/01\/balta-tigeracs--scaled.jpeg\" \/>\n\t<meta property=\"og:image:width\" content=\"1920\" \/>\n\t<meta property=\"og:image:height\" content=\"2560\" \/>\n\t<meta property=\"og:image:type\" content=\"image\/jpeg\" \/>\n<meta name=\"twitter:card\" content=\"summary_large_image\" \/>\n<meta name=\"twitter:label1\" content=\"Est. reading time\" \/>\n\t<meta name=\"twitter:data1\" content=\"1 min\u016bte\" \/>\n<script type=\"application\/ld+json\" class=\"yoast-schema-graph\">{\"@context\":\"https:\/\/schema.org\",\"@graph\":[{\"@type\":\"WebPage\",\"@id\":\"https:\/\/ievarusa.com\/lv\/products\/mala-for-amulet-of-light-and-love-on-the-path-of-life\/\",\"url\":\"https:\/\/ievarusa.com\/lv\/products\/mala-for-amulet-of-light-and-love-on-the-path-of-life\/\",\"name\":\"Mala amulet of light and love on the path of life - Ieva R\u016bsa\",\"isPartOf\":{\"@id\":\"https:\/\/ievarusa.com\/lv\/#website\"},\"primaryImageOfPage\":{\"@id\":\"https:\/\/ievarusa.com\/lv\/products\/mala-for-amulet-of-light-and-love-on-the-path-of-life\/#primaryimage\"},\"image\":{\"@id\":\"https:\/\/ievarusa.com\/lv\/products\/mala-for-amulet-of-light-and-love-on-the-path-of-life\/#primaryimage\"},\"thumbnailUrl\":\"https:\/\/ievarusa.com\/wp-content\/uploads\/2025\/01\/balta-tigeracs--scaled.jpeg\",\"datePublished\":\"2025-01-16T08:49:03+00:00\",\"dateModified\":\"2026-04-08T07:59:28+00:00\",\"breadcrumb\":{\"@id\":\"https:\/\/ievarusa.com\/lv\/products\/mala-for-amulet-of-light-and-love-on-the-path-of-life\/#breadcrumb\"},\"inLanguage\":\"lv-LV\",\"potentialAction\":[{\"@type\":\"ReadAction\",\"target\":[\"https:\/\/ievarusa.com\/lv\/products\/mala-for-amulet-of-light-and-love-on-the-path-of-life\/\"]}]},{\"@type\":\"ImageObject\",\"inLanguage\":\"lv-LV\",\"@id\":\"https:\/\/ievarusa.com\/lv\/products\/mala-for-amulet-of-light-and-love-on-the-path-of-life\/#primaryimage\",\"url\":\"https:\/\/ievarusa.com\/wp-content\/uploads\/2025\/01\/balta-tigeracs--scaled.jpeg\",\"contentUrl\":\"https:\/\/ievarusa.com\/wp-content\/uploads\/2025\/01\/balta-tigeracs--scaled.jpeg\",\"width\":1920,\"height\":2560},{\"@type\":\"BreadcrumbList\",\"@id\":\"https:\/\/ievarusa.com\/lv\/products\/mala-for-amulet-of-light-and-love-on-the-path-of-life\/#breadcrumb\",\"itemListElement\":[{\"@type\":\"ListItem\",\"position\":1,\"name\":\"Home\",\"item\":\"https:\/\/ievarusa.com\/lv\/\"},{\"@type\":\"ListItem\",\"position\":2,\"name\":\"Shop\",\"item\":\"https:\/\/ievarusa.com\/lv\/shop\/\"},{\"@type\":\"ListItem\",\"position\":3,\"name\":\"Mala amulet of light and love on the path of life\"}]},{\"@type\":\"WebSite\",\"@id\":\"https:\/\/ievarusa.com\/lv\/#website\",\"url\":\"https:\/\/ievarusa.com\/lv\/\",\"name\":\"Ieva R\u016bsa\",\"description\":\"SunSoulJewelry\",\"publisher\":{\"@id\":\"https:\/\/ievarusa.com\/lv\/#organization\"},\"potentialAction\":[{\"@type\":\"SearchAction\",\"target\":{\"@type\":\"EntryPoint\",\"urlTemplate\":\"https:\/\/ievarusa.com\/lv\/?s={search_term_string}\"},\"query-input\":{\"@type\":\"PropertyValueSpecification\",\"valueRequired\":true,\"valueName\":\"search_term_string\"}}],\"inLanguage\":\"lv-LV\"},{\"@type\":\"Organization\",\"@id\":\"https:\/\/ievarusa.com\/lv\/#organization\",\"name\":\"Ieva R\u016bsa\",\"url\":\"https:\/\/ievarusa.com\/lv\/\",\"logo\":{\"@type\":\"ImageObject\",\"inLanguage\":\"lv-LV\",\"@id\":\"https:\/\/ievarusa.com\/lv\/#\/schema\/logo\/image\/\",\"url\":\"https:\/\/ievarusa.com\/wp-content\/uploads\/2024\/10\/cropped-ieva-rusa-logo.png\",\"contentUrl\":\"https:\/\/ievarusa.com\/wp-content\/uploads\/2024\/10\/cropped-ieva-rusa-logo.png\",\"width\":512,\"height\":512,\"caption\":\"Ieva R\u016bsa\"},\"image\":{\"@id\":\"https:\/\/ievarusa.com\/lv\/#\/schema\/logo\/image\/\"},\"sameAs\":[\"https:\/\/www.facebook.com\/Sunsouljewelry\",\"https:\/\/www.instagram.com\/ieva_rusa\/\"]}]}<\/script>\n<!-- \/ Yoast SEO plugin. -->","yoast_head_json":{"title":"Mala amulet of light and love on the path of life - Ieva R\u016bsa","robots":{"index":"index","follow":"follow","max-snippet":"max-snippet:-1","max-image-preview":"max-image-preview:large","max-video-preview":"max-video-preview:-1"},"canonical":"https:\/\/ievarusa.com\/lv\/products\/mala-for-amulet-of-light-and-love-on-the-path-of-life\/","og_locale":"lv_LV","og_type":"article","og_title":"Mala amulet of light and love on the path of life - Ieva R\u016bsa","og_description":"White tiger\u2019s eye, crystals, labradorite, silver accessories, silk tassel.\u00a0Central accessory: Bright rose starry sky, 925 sterling silver, height and width 1.2*1.1cm  Beads size 8 mm Silk tail length 8 cm Necklace length 65 cm  \u2022\u2060 \u2060Balances mind and emotions, bringing peace. \u2022\u2060 \u2060Protection against negative energies and envy. \u2022\u2060 \u2060Strengthens self-confidence and inner power. \u2022\u2060 \u2060Helps to focus and think clearly, seeing things as they are. \u2022\u2060 \u2060Cleanses and balances energy. \u2022\u2060 \u2060Brings inner clarity. \u2022\u2060 \u2060A powerful talisman against negativity and illusions. \u2022\u2060 \u2060Activates intuition, inner vision, and spiritual abilities. \u2022\u2060 \u2060Supports creativity, new opportunities, and awareness of the true life","og_url":"https:\/\/ievarusa.com\/lv\/products\/mala-for-amulet-of-light-and-love-on-the-path-of-life\/","og_site_name":"Ieva R\u016bsa","article_publisher":"https:\/\/www.facebook.com\/Sunsouljewelry","article_modified_time":"2026-04-08T07:59:28+00:00","og_image":[{"width":1920,"height":2560,"url":"https:\/\/ievarusa.com\/wp-content\/uploads\/2025\/01\/balta-tigeracs--scaled.jpeg","type":"image\/jpeg"}],"twitter_card":"summary_large_image","twitter_misc":{"Est. reading time":"1 min\u016bte"},"schema":{"@context":"https:\/\/schema.org","@graph":[{"@type":"WebPage","@id":"https:\/\/ievarusa.com\/lv\/products\/mala-for-amulet-of-light-and-love-on-the-path-of-life\/","url":"https:\/\/ievarusa.com\/lv\/products\/mala-for-amulet-of-light-and-love-on-the-path-of-life\/","name":"Mala amulet of light and love on the path of life - Ieva R\u016bsa","isPartOf":{"@id":"https:\/\/ievarusa.com\/lv\/#website"},"primaryImageOfPage":{"@id":"https:\/\/ievarusa.com\/lv\/products\/mala-for-amulet-of-light-and-love-on-the-path-of-life\/#primaryimage"},"image":{"@id":"https:\/\/ievarusa.com\/lv\/products\/mala-for-amulet-of-light-and-love-on-the-path-of-life\/#primaryimage"},"thumbnailUrl":"https:\/\/ievarusa.com\/wp-content\/uploads\/2025\/01\/balta-tigeracs--scaled.jpeg","datePublished":"2025-01-16T08:49:03+00:00","dateModified":"2026-04-08T07:59:28+00:00","breadcrumb":{"@id":"https:\/\/ievarusa.com\/lv\/products\/mala-for-amulet-of-light-and-love-on-the-path-of-life\/#breadcrumb"},"inLanguage":"lv-LV","potentialAction":[{"@type":"ReadAction","target":["https:\/\/ievarusa.com\/lv\/products\/mala-for-amulet-of-light-and-love-on-the-path-of-life\/"]}]},{"@type":"ImageObject","inLanguage":"lv-LV","@id":"https:\/\/ievarusa.com\/lv\/products\/mala-for-amulet-of-light-and-love-on-the-path-of-life\/#primaryimage","url":"https:\/\/ievarusa.com\/wp-content\/uploads\/2025\/01\/balta-tigeracs--scaled.jpeg","contentUrl":"https:\/\/ievarusa.com\/wp-content\/uploads\/2025\/01\/balta-tigeracs--scaled.jpeg","width":1920,"height":2560},{"@type":"BreadcrumbList","@id":"https:\/\/ievarusa.com\/lv\/products\/mala-for-amulet-of-light-and-love-on-the-path-of-life\/#breadcrumb","itemListElement":[{"@type":"ListItem","position":1,"name":"Home","item":"https:\/\/ievarusa.com\/lv\/"},{"@type":"ListItem","position":2,"name":"Shop","item":"https:\/\/ievarusa.com\/lv\/shop\/"},{"@type":"ListItem","position":3,"name":"Mala amulet of light and love on the path of life"}]},{"@type":"WebSite","@id":"https:\/\/ievarusa.com\/lv\/#website","url":"https:\/\/ievarusa.com\/lv\/","name":"Ieva R\u016bsa","description":"SunSoulJewelry","publisher":{"@id":"https:\/\/ievarusa.com\/lv\/#organization"},"potentialAction":[{"@type":"SearchAction","target":{"@type":"EntryPoint","urlTemplate":"https:\/\/ievarusa.com\/lv\/?s={search_term_string}"},"query-input":{"@type":"PropertyValueSpecification","valueRequired":true,"valueName":"search_term_string"}}],"inLanguage":"lv-LV"},{"@type":"Organization","@id":"https:\/\/ievarusa.com\/lv\/#organization","name":"Ieva R\u016bsa","url":"https:\/\/ievarusa.com\/lv\/","logo":{"@type":"ImageObject","inLanguage":"lv-LV","@id":"https:\/\/ievarusa.com\/lv\/#\/schema\/logo\/image\/","url":"https:\/\/ievarusa.com\/wp-content\/uploads\/2024\/10\/cropped-ieva-rusa-logo.png","contentUrl":"https:\/\/ievarusa.com\/wp-content\/uploads\/2024\/10\/cropped-ieva-rusa-logo.png","width":512,"height":512,"caption":"Ieva R\u016bsa"},"image":{"@id":"https:\/\/ievarusa.com\/lv\/#\/schema\/logo\/image\/"},"sameAs":["https:\/\/www.facebook.com\/Sunsouljewelry","https:\/\/www.instagram.com\/ieva_rusa\/"]}]}},"_links":{"self":[{"href":"https:\/\/ievarusa.com\/lv\/wp-json\/wp\/v2\/product\/2303","targetHints":{"allow":["GET"]}}],"collection":[{"href":"https:\/\/ievarusa.com\/lv\/wp-json\/wp\/v2\/product"}],"about":[{"href":"https:\/\/ievarusa.com\/lv\/wp-json\/wp\/v2\/types\/product"}],"wp:featuredmedia":[{"embeddable":true,"href":"https:\/\/ievarusa.com\/lv\/wp-json\/wp\/v2\/media\/2703"}],"wp:attachment":[{"href":"https:\/\/ievarusa.com\/lv\/wp-json\/wp\/v2\/media?parent=2303"}],"wp:term":[{"taxonomy":"product_brand","embeddable":true,"href":"https:\/\/ievarusa.com\/lv\/wp-json\/wp\/v2\/product_brand?post=2303"},{"taxonomy":"product_cat","embeddable":true,"href":"https:\/\/ievarusa.com\/lv\/wp-json\/wp\/v2\/product_cat?post=2303"},{"taxonomy":"product_tag","embeddable":true,"href":"https:\/\/ievarusa.com\/lv\/wp-json\/wp\/v2\/product_tag?post=2303"}],"curies":[{"name":"wp","href":"https:\/\/api.w.org\/{rel}","templated":true}]}}