{"id":2300,"date":"2025-01-16T10:44:53","date_gmt":"2025-01-16T08:44:53","guid":{"rendered":"https:\/\/ievarusa.com\/?post_type=product&#038;p=2300"},"modified":"2026-04-08T10:00:17","modified_gmt":"2026-04-08T08:00:17","slug":"mala-for-source-of-inner-strength","status":"publish","type":"product","link":"https:\/\/ievarusa.com\/lv\/products\/mala-for-source-of-inner-strength\/","title":{"rendered":"Mala - Iek\u0161\u0113j\u0101 Sp\u0113ka Avots"},"content":{"rendered":"","protected":false},"excerpt":{"rendered":"<div class=\"flex max-w-full flex-col flex-grow\">\n<div class=\"min-h-8 text-message flex w-full flex-col items-end gap-2 whitespace-normal break-words text-start [.text-message+&amp;]:mt-5\" dir=\"auto\" data-message-author-role=\"assistant\" data-message-id=\"50521ed2-c11e-4e64-aacc-7f95b1f7d737\" data-message-model-slug=\"gpt-4o\">\n<div class=\"flex w-full flex-col gap-1 empty:hidden first:pt-[3px]\">\n<div class=\"markdown prose w-full break-words dark:prose-invert dark\">\n<p><b>Kian\u012bts , p\u0113rles , roz\u0101 kvarcs , krist\u0101li, apzelt\u00eeti aksesu\u0101ri kuloni  ar krist\u0101liem<\/b><\/p>\n<p><b>Bumbi\u0146u lielums 6 mm<\/b><\/p>\n<p><b>Kulona garums, platums 2*1cm<\/b><\/p>\n<p><b>Rotas garums 66 cm<\/b><\/p>\n<div>\u2022\u2060  \u2060Miers un emocion\u0101la harmonija<\/div>\n<div>\u2022\u2060  \u2060Iek\u0161\u0113j\u0101 sp\u0113ka un pa\u0161p\u0101rliecin\u0101t\u012bbas aktiviz\u0113\u0161ana<\/div>\n<div>\u2022\u2060  \u2060Sp\u0113c\u012bgu ener\u0123\u0113tisko aizsardz\u012bbu<\/div>\n<div>\u2022\u2060  \u2060Rado\u0161uma un intu\u012bcijas pastiprin\u0101\u0161anu<\/div>\n<div>\u2022\u2060  \u2060Sirds atv\u0113r\u0161anu un m\u012blest\u012bbas piesaisti<\/div>\n<div>\u2022\u2060  \u2060\u2060Harmonisku attiec\u012bbu veido\u0161anai<\/div>\n<div>\u2022\u2060  \u2060\u2060M\u012blastiba pret sevi<\/div>\n<div>\u2022\u2060  \u2060\u2060Veicina apzin\u0101t\u012bba un gar\u012bgu l\u012bdzsvaru.<\/div>\n<div>\u2022\u2060  \u2060\u2060Harmoniz\u0113 fizisko, emocion\u0101lo un gar\u012bgo ener\u0123iju.<\/div>\n<\/div>\n<\/div>\n<\/div>\n<\/div>","protected":false},"featured_media":2706,"template":"","meta":[],"product_brand":[],"product_cat":[24,19,23],"product_tag":[],"class_list":{"0":"post-2300","1":"product","2":"type-product","3":"status-publish","4":"has-post-thumbnail","6":"product_cat-for-women","7":"product_cat-sunsouljewelry","8":"product_cat-unisex","9":"pa_gemstones-clear-crystals","10":"pa_gemstones-kyanite","11":"pa_gemstones-pearls","12":"pa_gemstones-quartz","14":"first","15":"instock","16":"shipping-taxable","17":"purchasable","18":"product-type-simple"},"yoast_head":"<!-- This site is optimized with the Yoast SEO plugin v25.2 - https:\/\/yoast.com\/wordpress\/plugins\/seo\/ -->\n<title>Mala For Source of Inner Strength - Ieva R\u016bsa<\/title>\n<meta name=\"robots\" content=\"index, follow, max-snippet:-1, max-image-preview:large, max-video-preview:-1\" \/>\n<link rel=\"canonical\" href=\"https:\/\/ievarusa.com\/lv\/products\/mala-for-source-of-inner-strength\/\" \/>\n<meta property=\"og:locale\" content=\"lv_LV\" \/>\n<meta property=\"og:type\" content=\"article\" \/>\n<meta property=\"og:title\" content=\"Mala For Source of Inner Strength - Ieva R\u016bsa\" \/>\n<meta property=\"og:description\" content=\"Kyanite, pearls, rose quartz, crystals, gold-plated accessories, pendants with crystals.  Beads size 6 mm  Pendant length , width 2*1cm  Necklace length 66 cm \u2022 Inner peace and emotional harmony \u2022Activation of inner strength and self-confidence \u2022Strong energetic protection \u2022Enhancement of creativity and intuition \u2022Heart opening and attraction of love \u2022For building harmonious relationships \u2022Self-love \u2022Promotes mindfulness and spiritual balance \u2022Harmonizes physical, emotional, and spiritual energy\" \/>\n<meta property=\"og:url\" content=\"https:\/\/ievarusa.com\/lv\/products\/mala-for-source-of-inner-strength\/\" \/>\n<meta property=\"og:site_name\" content=\"Ieva R\u016bsa\" \/>\n<meta property=\"article:publisher\" content=\"https:\/\/www.facebook.com\/Sunsouljewelry\" \/>\n<meta property=\"article:modified_time\" content=\"2026-04-08T08:00:17+00:00\" \/>\n<meta property=\"og:image\" content=\"https:\/\/ievarusa.com\/wp-content\/uploads\/2025\/01\/magneta-rota-scaled.jpeg\" \/>\n\t<meta property=\"og:image:width\" content=\"1920\" \/>\n\t<meta property=\"og:image:height\" content=\"2560\" \/>\n\t<meta property=\"og:image:type\" content=\"image\/jpeg\" \/>\n<meta name=\"twitter:card\" content=\"summary_large_image\" \/>\n<meta name=\"twitter:label1\" content=\"Est. reading time\" \/>\n\t<meta name=\"twitter:data1\" content=\"1 min\u016bte\" \/>\n<script type=\"application\/ld+json\" class=\"yoast-schema-graph\">{\"@context\":\"https:\/\/schema.org\",\"@graph\":[{\"@type\":\"WebPage\",\"@id\":\"https:\/\/ievarusa.com\/lv\/products\/mala-for-source-of-inner-strength\/\",\"url\":\"https:\/\/ievarusa.com\/lv\/products\/mala-for-source-of-inner-strength\/\",\"name\":\"Mala For Source of Inner Strength - Ieva R\u016bsa\",\"isPartOf\":{\"@id\":\"https:\/\/ievarusa.com\/lv\/#website\"},\"primaryImageOfPage\":{\"@id\":\"https:\/\/ievarusa.com\/lv\/products\/mala-for-source-of-inner-strength\/#primaryimage\"},\"image\":{\"@id\":\"https:\/\/ievarusa.com\/lv\/products\/mala-for-source-of-inner-strength\/#primaryimage\"},\"thumbnailUrl\":\"https:\/\/ievarusa.com\/wp-content\/uploads\/2025\/01\/magneta-rota-scaled.jpeg\",\"datePublished\":\"2025-01-16T08:44:53+00:00\",\"dateModified\":\"2026-04-08T08:00:17+00:00\",\"breadcrumb\":{\"@id\":\"https:\/\/ievarusa.com\/lv\/products\/mala-for-source-of-inner-strength\/#breadcrumb\"},\"inLanguage\":\"lv-LV\",\"potentialAction\":[{\"@type\":\"ReadAction\",\"target\":[\"https:\/\/ievarusa.com\/lv\/products\/mala-for-source-of-inner-strength\/\"]}]},{\"@type\":\"ImageObject\",\"inLanguage\":\"lv-LV\",\"@id\":\"https:\/\/ievarusa.com\/lv\/products\/mala-for-source-of-inner-strength\/#primaryimage\",\"url\":\"https:\/\/ievarusa.com\/wp-content\/uploads\/2025\/01\/magneta-rota-scaled.jpeg\",\"contentUrl\":\"https:\/\/ievarusa.com\/wp-content\/uploads\/2025\/01\/magneta-rota-scaled.jpeg\",\"width\":1920,\"height\":2560},{\"@type\":\"BreadcrumbList\",\"@id\":\"https:\/\/ievarusa.com\/lv\/products\/mala-for-source-of-inner-strength\/#breadcrumb\",\"itemListElement\":[{\"@type\":\"ListItem\",\"position\":1,\"name\":\"Home\",\"item\":\"https:\/\/ievarusa.com\/lv\/\"},{\"@type\":\"ListItem\",\"position\":2,\"name\":\"Shop\",\"item\":\"https:\/\/ievarusa.com\/lv\/shop\/\"},{\"@type\":\"ListItem\",\"position\":3,\"name\":\"Mala For Source of Inner Strength\"}]},{\"@type\":\"WebSite\",\"@id\":\"https:\/\/ievarusa.com\/lv\/#website\",\"url\":\"https:\/\/ievarusa.com\/lv\/\",\"name\":\"Ieva R\u016bsa\",\"description\":\"SunSoulJewelry\",\"publisher\":{\"@id\":\"https:\/\/ievarusa.com\/lv\/#organization\"},\"potentialAction\":[{\"@type\":\"SearchAction\",\"target\":{\"@type\":\"EntryPoint\",\"urlTemplate\":\"https:\/\/ievarusa.com\/lv\/?s={search_term_string}\"},\"query-input\":{\"@type\":\"PropertyValueSpecification\",\"valueRequired\":true,\"valueName\":\"search_term_string\"}}],\"inLanguage\":\"lv-LV\"},{\"@type\":\"Organization\",\"@id\":\"https:\/\/ievarusa.com\/lv\/#organization\",\"name\":\"Ieva R\u016bsa\",\"url\":\"https:\/\/ievarusa.com\/lv\/\",\"logo\":{\"@type\":\"ImageObject\",\"inLanguage\":\"lv-LV\",\"@id\":\"https:\/\/ievarusa.com\/lv\/#\/schema\/logo\/image\/\",\"url\":\"https:\/\/ievarusa.com\/wp-content\/uploads\/2024\/10\/cropped-ieva-rusa-logo.png\",\"contentUrl\":\"https:\/\/ievarusa.com\/wp-content\/uploads\/2024\/10\/cropped-ieva-rusa-logo.png\",\"width\":512,\"height\":512,\"caption\":\"Ieva R\u016bsa\"},\"image\":{\"@id\":\"https:\/\/ievarusa.com\/lv\/#\/schema\/logo\/image\/\"},\"sameAs\":[\"https:\/\/www.facebook.com\/Sunsouljewelry\",\"https:\/\/www.instagram.com\/ieva_rusa\/\"]}]}<\/script>\n<!-- \/ Yoast SEO plugin. -->","yoast_head_json":{"title":"Mala For Source of Inner Strength - Ieva R\u016bsa","robots":{"index":"index","follow":"follow","max-snippet":"max-snippet:-1","max-image-preview":"max-image-preview:large","max-video-preview":"max-video-preview:-1"},"canonical":"https:\/\/ievarusa.com\/lv\/products\/mala-for-source-of-inner-strength\/","og_locale":"lv_LV","og_type":"article","og_title":"Mala For Source of Inner Strength - Ieva R\u016bsa","og_description":"Kyanite, pearls, rose quartz, crystals, gold-plated accessories, pendants with crystals.  Beads size 6 mm  Pendant length , width 2*1cm  Necklace length 66 cm \u2022 Inner peace and emotional harmony \u2022Activation of inner strength and self-confidence \u2022Strong energetic protection \u2022Enhancement of creativity and intuition \u2022Heart opening and attraction of love \u2022For building harmonious relationships \u2022Self-love \u2022Promotes mindfulness and spiritual balance \u2022Harmonizes physical, emotional, and spiritual energy","og_url":"https:\/\/ievarusa.com\/lv\/products\/mala-for-source-of-inner-strength\/","og_site_name":"Ieva R\u016bsa","article_publisher":"https:\/\/www.facebook.com\/Sunsouljewelry","article_modified_time":"2026-04-08T08:00:17+00:00","og_image":[{"width":1920,"height":2560,"url":"https:\/\/ievarusa.com\/wp-content\/uploads\/2025\/01\/magneta-rota-scaled.jpeg","type":"image\/jpeg"}],"twitter_card":"summary_large_image","twitter_misc":{"Est. reading time":"1 min\u016bte"},"schema":{"@context":"https:\/\/schema.org","@graph":[{"@type":"WebPage","@id":"https:\/\/ievarusa.com\/lv\/products\/mala-for-source-of-inner-strength\/","url":"https:\/\/ievarusa.com\/lv\/products\/mala-for-source-of-inner-strength\/","name":"Mala For Source of Inner Strength - Ieva R\u016bsa","isPartOf":{"@id":"https:\/\/ievarusa.com\/lv\/#website"},"primaryImageOfPage":{"@id":"https:\/\/ievarusa.com\/lv\/products\/mala-for-source-of-inner-strength\/#primaryimage"},"image":{"@id":"https:\/\/ievarusa.com\/lv\/products\/mala-for-source-of-inner-strength\/#primaryimage"},"thumbnailUrl":"https:\/\/ievarusa.com\/wp-content\/uploads\/2025\/01\/magneta-rota-scaled.jpeg","datePublished":"2025-01-16T08:44:53+00:00","dateModified":"2026-04-08T08:00:17+00:00","breadcrumb":{"@id":"https:\/\/ievarusa.com\/lv\/products\/mala-for-source-of-inner-strength\/#breadcrumb"},"inLanguage":"lv-LV","potentialAction":[{"@type":"ReadAction","target":["https:\/\/ievarusa.com\/lv\/products\/mala-for-source-of-inner-strength\/"]}]},{"@type":"ImageObject","inLanguage":"lv-LV","@id":"https:\/\/ievarusa.com\/lv\/products\/mala-for-source-of-inner-strength\/#primaryimage","url":"https:\/\/ievarusa.com\/wp-content\/uploads\/2025\/01\/magneta-rota-scaled.jpeg","contentUrl":"https:\/\/ievarusa.com\/wp-content\/uploads\/2025\/01\/magneta-rota-scaled.jpeg","width":1920,"height":2560},{"@type":"BreadcrumbList","@id":"https:\/\/ievarusa.com\/lv\/products\/mala-for-source-of-inner-strength\/#breadcrumb","itemListElement":[{"@type":"ListItem","position":1,"name":"Home","item":"https:\/\/ievarusa.com\/lv\/"},{"@type":"ListItem","position":2,"name":"Shop","item":"https:\/\/ievarusa.com\/lv\/shop\/"},{"@type":"ListItem","position":3,"name":"Mala For Source of Inner Strength"}]},{"@type":"WebSite","@id":"https:\/\/ievarusa.com\/lv\/#website","url":"https:\/\/ievarusa.com\/lv\/","name":"Ieva R\u016bsa","description":"SunSoulJewelry","publisher":{"@id":"https:\/\/ievarusa.com\/lv\/#organization"},"potentialAction":[{"@type":"SearchAction","target":{"@type":"EntryPoint","urlTemplate":"https:\/\/ievarusa.com\/lv\/?s={search_term_string}"},"query-input":{"@type":"PropertyValueSpecification","valueRequired":true,"valueName":"search_term_string"}}],"inLanguage":"lv-LV"},{"@type":"Organization","@id":"https:\/\/ievarusa.com\/lv\/#organization","name":"Ieva R\u016bsa","url":"https:\/\/ievarusa.com\/lv\/","logo":{"@type":"ImageObject","inLanguage":"lv-LV","@id":"https:\/\/ievarusa.com\/lv\/#\/schema\/logo\/image\/","url":"https:\/\/ievarusa.com\/wp-content\/uploads\/2024\/10\/cropped-ieva-rusa-logo.png","contentUrl":"https:\/\/ievarusa.com\/wp-content\/uploads\/2024\/10\/cropped-ieva-rusa-logo.png","width":512,"height":512,"caption":"Ieva R\u016bsa"},"image":{"@id":"https:\/\/ievarusa.com\/lv\/#\/schema\/logo\/image\/"},"sameAs":["https:\/\/www.facebook.com\/Sunsouljewelry","https:\/\/www.instagram.com\/ieva_rusa\/"]}]}},"_links":{"self":[{"href":"https:\/\/ievarusa.com\/lv\/wp-json\/wp\/v2\/product\/2300","targetHints":{"allow":["GET"]}}],"collection":[{"href":"https:\/\/ievarusa.com\/lv\/wp-json\/wp\/v2\/product"}],"about":[{"href":"https:\/\/ievarusa.com\/lv\/wp-json\/wp\/v2\/types\/product"}],"wp:featuredmedia":[{"embeddable":true,"href":"https:\/\/ievarusa.com\/lv\/wp-json\/wp\/v2\/media\/2706"}],"wp:attachment":[{"href":"https:\/\/ievarusa.com\/lv\/wp-json\/wp\/v2\/media?parent=2300"}],"wp:term":[{"taxonomy":"product_brand","embeddable":true,"href":"https:\/\/ievarusa.com\/lv\/wp-json\/wp\/v2\/product_brand?post=2300"},{"taxonomy":"product_cat","embeddable":true,"href":"https:\/\/ievarusa.com\/lv\/wp-json\/wp\/v2\/product_cat?post=2300"},{"taxonomy":"product_tag","embeddable":true,"href":"https:\/\/ievarusa.com\/lv\/wp-json\/wp\/v2\/product_tag?post=2300"}],"curies":[{"name":"wp","href":"https:\/\/api.w.org\/{rel}","templated":true}]}}