{"id":2287,"date":"2025-01-16T10:24:59","date_gmt":"2025-01-16T08:24:59","guid":{"rendered":"https:\/\/ievarusa.com\/?post_type=product&#038;p=2287"},"modified":"2026-04-08T11:26:09","modified_gmt":"2026-04-08T09:26:09","slug":"mala-womans-messenger-amulet-of-heart-and-power","status":"publish","type":"product","link":"https:\/\/ievarusa.com\/lv\/products\/mala-womans-messenger-amulet-of-heart-and-power\/","title":{"rendered":"Mala - Sievietes v\u0113stnesis , sirds un sp\u0113ka amulets"},"content":{"rendered":"","protected":false},"excerpt":{"rendered":"<div class=\"flex max-w-full flex-col flex-grow\">\n<div class=\"min-h-8 text-message flex w-full flex-col items-end gap-2 whitespace-normal break-words text-start [.text-message+&amp;]:mt-5\" dir=\"auto\" data-message-author-role=\"assistant\" data-message-id=\"50521ed2-c11e-4e64-aacc-7f95b1f7d737\" data-message-model-slug=\"gpt-4o\">\n<div class=\"flex w-full flex-col gap-1 empty:hidden first:pt-[3px]\">\n<div class=\"markdown prose w-full break-words dark:prose-invert dark\">\n<p style=\"font-weight: 400;\"><strong>P\u0113rles, krist\u0101li, za\u013cais p\u016b\u0137a ah\u0101ts , sudraba aksesu\u0101ri, z\u012bda aste. <\/strong><strong>Centr\u0101lais aksesu\u0101rs  - Spo\u017ei za\u013c\u0101s debesis, 925 sudraba prove, augstums un platums 1.2*1.1cm<\/strong><\/p>\n<p style=\"font-weight: 400;\">Bumbi\u0146u lielums 8 mm<br \/>\nZ\u012bda astes garums 8 cm<br \/>\nRotas garums 61 cm<\/p>\n<p>\u2022\u2060  \u2060Iek\u0161\u0113jais miers un harmonija<br \/>\n\u2022\u2060  \u2060Drosme un pa\u0161p\u0101rliec\u012bba<br \/>\n\u2022\u2060  \u2060Aizsardz\u012bba pret negat\u012bvo<br \/>\n\u2022\u2060  \u2060Ener\u0123ijas l\u012bdzsvaram<br \/>\n\u2022\u2060  \u2060Attiec\u012bbu stiprin\u0101\u0161anai<br \/>\n\u2022\u2060  \u2060Dziedin\u0101\u0161ana un vitalit\u0101te<br \/>\n\u2022\u2060  \u2060Gar\u012bgai skaidr\u012bbai<br \/>\n\u2022\u2060  \u2060Sirds atv\u0113r\u0161anai<br \/>\n\u2022\u2060  \u2060Veiksmes piesaistei<br \/>\n\u2022\u2060  \u2060Sievietes sp\u0113kam un sievi\u0161\u0137\u012bbas atbalstam<\/p>\n<\/div>\n<\/div>\n<\/div>\n<\/div>","protected":false},"featured_media":2699,"template":"","meta":[],"product_brand":[],"product_cat":[24,19,23],"product_tag":[],"class_list":{"0":"post-2287","1":"product","2":"type-product","3":"status-publish","4":"has-post-thumbnail","6":"product_cat-for-women","7":"product_cat-sunsouljewelry","8":"product_cat-unisex","9":"pa_gemstones-agate","10":"pa_gemstones-clear-crystals","11":"pa_gemstones-pearls","13":"first","14":"instock","15":"shipping-taxable","16":"purchasable","17":"product-type-simple"},"yoast_head":"<!-- This site is optimized with the Yoast SEO plugin v25.2 - https:\/\/yoast.com\/wordpress\/plugins\/seo\/ -->\n<title>Mala- womans messenger, amulet of heart and power - Ieva R\u016bsa<\/title>\n<meta name=\"robots\" content=\"index, follow, max-snippet:-1, max-image-preview:large, max-video-preview:-1\" \/>\n<link rel=\"canonical\" href=\"https:\/\/ievarusa.com\/lv\/products\/mala-womans-messenger-amulet-of-heart-and-power\/\" \/>\n<meta property=\"og:locale\" content=\"lv_LV\" \/>\n<meta property=\"og:type\" content=\"article\" \/>\n<meta property=\"og:title\" content=\"Mala- womans messenger, amulet of heart and power - Ieva R\u016bsa\" \/>\n<meta property=\"og:description\" content=\"Pearls, crystals, green dragon agate, silver accessories, green silk tail. Central accessory: Bright green starry sky, 925 sterling silver, height and width 1.2*1.1cm Beads size 8 mm Silk tail length 8 cm Necklace length 61 cm \u2022\u2060 \u2060Inner peace and harmony \u2022\u2060 \u2060Courage and self-confidence \u2022\u2060 \u2060Protection against negativity \u2022\u2060 \u2060For energy balance \u2022\u2060 \u2060For strengthening relationships \u2022\u2060 \u2060Healing and vitality \u2022\u2060 \u2060For spiritual clarity \u2022\u2060 \u2060For heart opening \u2022\u2060 \u2060For attracting good luck \u2022\u2060 \u2060For women\u2019s power and support of femininity\" \/>\n<meta property=\"og:url\" content=\"https:\/\/ievarusa.com\/lv\/products\/mala-womans-messenger-amulet-of-heart-and-power\/\" \/>\n<meta property=\"og:site_name\" content=\"Ieva R\u016bsa\" \/>\n<meta property=\"article:publisher\" content=\"https:\/\/www.facebook.com\/Sunsouljewelry\" \/>\n<meta property=\"article:modified_time\" content=\"2026-04-08T09:26:09+00:00\" \/>\n<meta property=\"og:image\" content=\"https:\/\/ievarusa.com\/wp-content\/uploads\/2025\/01\/WhatsApp-Image-2025-10-01-at-15.08.50-scaled.jpeg\" \/>\n\t<meta property=\"og:image:width\" content=\"1920\" \/>\n\t<meta property=\"og:image:height\" content=\"2560\" \/>\n\t<meta property=\"og:image:type\" content=\"image\/jpeg\" \/>\n<meta name=\"twitter:card\" content=\"summary_large_image\" \/>\n<meta name=\"twitter:label1\" content=\"Est. reading time\" \/>\n\t<meta name=\"twitter:data1\" content=\"1 min\u016bte\" \/>\n<script type=\"application\/ld+json\" class=\"yoast-schema-graph\">{\"@context\":\"https:\/\/schema.org\",\"@graph\":[{\"@type\":\"WebPage\",\"@id\":\"https:\/\/ievarusa.com\/lv\/products\/mala-womans-messenger-amulet-of-heart-and-power\/\",\"url\":\"https:\/\/ievarusa.com\/lv\/products\/mala-womans-messenger-amulet-of-heart-and-power\/\",\"name\":\"Mala- womans messenger, amulet of heart and power - Ieva R\u016bsa\",\"isPartOf\":{\"@id\":\"https:\/\/ievarusa.com\/lv\/#website\"},\"primaryImageOfPage\":{\"@id\":\"https:\/\/ievarusa.com\/lv\/products\/mala-womans-messenger-amulet-of-heart-and-power\/#primaryimage\"},\"image\":{\"@id\":\"https:\/\/ievarusa.com\/lv\/products\/mala-womans-messenger-amulet-of-heart-and-power\/#primaryimage\"},\"thumbnailUrl\":\"https:\/\/ievarusa.com\/wp-content\/uploads\/2025\/01\/WhatsApp-Image-2025-10-01-at-15.08.50-scaled.jpeg\",\"datePublished\":\"2025-01-16T08:24:59+00:00\",\"dateModified\":\"2026-04-08T09:26:09+00:00\",\"breadcrumb\":{\"@id\":\"https:\/\/ievarusa.com\/lv\/products\/mala-womans-messenger-amulet-of-heart-and-power\/#breadcrumb\"},\"inLanguage\":\"lv-LV\",\"potentialAction\":[{\"@type\":\"ReadAction\",\"target\":[\"https:\/\/ievarusa.com\/lv\/products\/mala-womans-messenger-amulet-of-heart-and-power\/\"]}]},{\"@type\":\"ImageObject\",\"inLanguage\":\"lv-LV\",\"@id\":\"https:\/\/ievarusa.com\/lv\/products\/mala-womans-messenger-amulet-of-heart-and-power\/#primaryimage\",\"url\":\"https:\/\/ievarusa.com\/wp-content\/uploads\/2025\/01\/WhatsApp-Image-2025-10-01-at-15.08.50-scaled.jpeg\",\"contentUrl\":\"https:\/\/ievarusa.com\/wp-content\/uploads\/2025\/01\/WhatsApp-Image-2025-10-01-at-15.08.50-scaled.jpeg\",\"width\":1920,\"height\":2560},{\"@type\":\"BreadcrumbList\",\"@id\":\"https:\/\/ievarusa.com\/lv\/products\/mala-womans-messenger-amulet-of-heart-and-power\/#breadcrumb\",\"itemListElement\":[{\"@type\":\"ListItem\",\"position\":1,\"name\":\"Home\",\"item\":\"https:\/\/ievarusa.com\/lv\/\"},{\"@type\":\"ListItem\",\"position\":2,\"name\":\"Shop\",\"item\":\"https:\/\/ievarusa.com\/lv\/shop\/\"},{\"@type\":\"ListItem\",\"position\":3,\"name\":\"Mala- womans messenger, amulet of heart and power\"}]},{\"@type\":\"WebSite\",\"@id\":\"https:\/\/ievarusa.com\/lv\/#website\",\"url\":\"https:\/\/ievarusa.com\/lv\/\",\"name\":\"Ieva R\u016bsa\",\"description\":\"SunSoulJewelry\",\"publisher\":{\"@id\":\"https:\/\/ievarusa.com\/lv\/#organization\"},\"potentialAction\":[{\"@type\":\"SearchAction\",\"target\":{\"@type\":\"EntryPoint\",\"urlTemplate\":\"https:\/\/ievarusa.com\/lv\/?s={search_term_string}\"},\"query-input\":{\"@type\":\"PropertyValueSpecification\",\"valueRequired\":true,\"valueName\":\"search_term_string\"}}],\"inLanguage\":\"lv-LV\"},{\"@type\":\"Organization\",\"@id\":\"https:\/\/ievarusa.com\/lv\/#organization\",\"name\":\"Ieva R\u016bsa\",\"url\":\"https:\/\/ievarusa.com\/lv\/\",\"logo\":{\"@type\":\"ImageObject\",\"inLanguage\":\"lv-LV\",\"@id\":\"https:\/\/ievarusa.com\/lv\/#\/schema\/logo\/image\/\",\"url\":\"https:\/\/ievarusa.com\/wp-content\/uploads\/2024\/10\/cropped-ieva-rusa-logo.png\",\"contentUrl\":\"https:\/\/ievarusa.com\/wp-content\/uploads\/2024\/10\/cropped-ieva-rusa-logo.png\",\"width\":512,\"height\":512,\"caption\":\"Ieva R\u016bsa\"},\"image\":{\"@id\":\"https:\/\/ievarusa.com\/lv\/#\/schema\/logo\/image\/\"},\"sameAs\":[\"https:\/\/www.facebook.com\/Sunsouljewelry\",\"https:\/\/www.instagram.com\/ieva_rusa\/\"]}]}<\/script>\n<!-- \/ Yoast SEO plugin. -->","yoast_head_json":{"title":"Mala- womans messenger, amulet of heart and power - Ieva R\u016bsa","robots":{"index":"index","follow":"follow","max-snippet":"max-snippet:-1","max-image-preview":"max-image-preview:large","max-video-preview":"max-video-preview:-1"},"canonical":"https:\/\/ievarusa.com\/lv\/products\/mala-womans-messenger-amulet-of-heart-and-power\/","og_locale":"lv_LV","og_type":"article","og_title":"Mala- womans messenger, amulet of heart and power - Ieva R\u016bsa","og_description":"Pearls, crystals, green dragon agate, silver accessories, green silk tail. Central accessory: Bright green starry sky, 925 sterling silver, height and width 1.2*1.1cm Beads size 8 mm Silk tail length 8 cm Necklace length 61 cm \u2022\u2060 \u2060Inner peace and harmony \u2022\u2060 \u2060Courage and self-confidence \u2022\u2060 \u2060Protection against negativity \u2022\u2060 \u2060For energy balance \u2022\u2060 \u2060For strengthening relationships \u2022\u2060 \u2060Healing and vitality \u2022\u2060 \u2060For spiritual clarity \u2022\u2060 \u2060For heart opening \u2022\u2060 \u2060For attracting good luck \u2022\u2060 \u2060For women\u2019s power and support of femininity","og_url":"https:\/\/ievarusa.com\/lv\/products\/mala-womans-messenger-amulet-of-heart-and-power\/","og_site_name":"Ieva R\u016bsa","article_publisher":"https:\/\/www.facebook.com\/Sunsouljewelry","article_modified_time":"2026-04-08T09:26:09+00:00","og_image":[{"width":1920,"height":2560,"url":"https:\/\/ievarusa.com\/wp-content\/uploads\/2025\/01\/WhatsApp-Image-2025-10-01-at-15.08.50-scaled.jpeg","type":"image\/jpeg"}],"twitter_card":"summary_large_image","twitter_misc":{"Est. reading time":"1 min\u016bte"},"schema":{"@context":"https:\/\/schema.org","@graph":[{"@type":"WebPage","@id":"https:\/\/ievarusa.com\/lv\/products\/mala-womans-messenger-amulet-of-heart-and-power\/","url":"https:\/\/ievarusa.com\/lv\/products\/mala-womans-messenger-amulet-of-heart-and-power\/","name":"Mala- womans messenger, amulet of heart and power - Ieva R\u016bsa","isPartOf":{"@id":"https:\/\/ievarusa.com\/lv\/#website"},"primaryImageOfPage":{"@id":"https:\/\/ievarusa.com\/lv\/products\/mala-womans-messenger-amulet-of-heart-and-power\/#primaryimage"},"image":{"@id":"https:\/\/ievarusa.com\/lv\/products\/mala-womans-messenger-amulet-of-heart-and-power\/#primaryimage"},"thumbnailUrl":"https:\/\/ievarusa.com\/wp-content\/uploads\/2025\/01\/WhatsApp-Image-2025-10-01-at-15.08.50-scaled.jpeg","datePublished":"2025-01-16T08:24:59+00:00","dateModified":"2026-04-08T09:26:09+00:00","breadcrumb":{"@id":"https:\/\/ievarusa.com\/lv\/products\/mala-womans-messenger-amulet-of-heart-and-power\/#breadcrumb"},"inLanguage":"lv-LV","potentialAction":[{"@type":"ReadAction","target":["https:\/\/ievarusa.com\/lv\/products\/mala-womans-messenger-amulet-of-heart-and-power\/"]}]},{"@type":"ImageObject","inLanguage":"lv-LV","@id":"https:\/\/ievarusa.com\/lv\/products\/mala-womans-messenger-amulet-of-heart-and-power\/#primaryimage","url":"https:\/\/ievarusa.com\/wp-content\/uploads\/2025\/01\/WhatsApp-Image-2025-10-01-at-15.08.50-scaled.jpeg","contentUrl":"https:\/\/ievarusa.com\/wp-content\/uploads\/2025\/01\/WhatsApp-Image-2025-10-01-at-15.08.50-scaled.jpeg","width":1920,"height":2560},{"@type":"BreadcrumbList","@id":"https:\/\/ievarusa.com\/lv\/products\/mala-womans-messenger-amulet-of-heart-and-power\/#breadcrumb","itemListElement":[{"@type":"ListItem","position":1,"name":"Home","item":"https:\/\/ievarusa.com\/lv\/"},{"@type":"ListItem","position":2,"name":"Shop","item":"https:\/\/ievarusa.com\/lv\/shop\/"},{"@type":"ListItem","position":3,"name":"Mala- womans messenger, amulet of heart and power"}]},{"@type":"WebSite","@id":"https:\/\/ievarusa.com\/lv\/#website","url":"https:\/\/ievarusa.com\/lv\/","name":"Ieva R\u016bsa","description":"SunSoulJewelry","publisher":{"@id":"https:\/\/ievarusa.com\/lv\/#organization"},"potentialAction":[{"@type":"SearchAction","target":{"@type":"EntryPoint","urlTemplate":"https:\/\/ievarusa.com\/lv\/?s={search_term_string}"},"query-input":{"@type":"PropertyValueSpecification","valueRequired":true,"valueName":"search_term_string"}}],"inLanguage":"lv-LV"},{"@type":"Organization","@id":"https:\/\/ievarusa.com\/lv\/#organization","name":"Ieva R\u016bsa","url":"https:\/\/ievarusa.com\/lv\/","logo":{"@type":"ImageObject","inLanguage":"lv-LV","@id":"https:\/\/ievarusa.com\/lv\/#\/schema\/logo\/image\/","url":"https:\/\/ievarusa.com\/wp-content\/uploads\/2024\/10\/cropped-ieva-rusa-logo.png","contentUrl":"https:\/\/ievarusa.com\/wp-content\/uploads\/2024\/10\/cropped-ieva-rusa-logo.png","width":512,"height":512,"caption":"Ieva R\u016bsa"},"image":{"@id":"https:\/\/ievarusa.com\/lv\/#\/schema\/logo\/image\/"},"sameAs":["https:\/\/www.facebook.com\/Sunsouljewelry","https:\/\/www.instagram.com\/ieva_rusa\/"]}]}},"_links":{"self":[{"href":"https:\/\/ievarusa.com\/lv\/wp-json\/wp\/v2\/product\/2287","targetHints":{"allow":["GET"]}}],"collection":[{"href":"https:\/\/ievarusa.com\/lv\/wp-json\/wp\/v2\/product"}],"about":[{"href":"https:\/\/ievarusa.com\/lv\/wp-json\/wp\/v2\/types\/product"}],"wp:featuredmedia":[{"embeddable":true,"href":"https:\/\/ievarusa.com\/lv\/wp-json\/wp\/v2\/media\/2699"}],"wp:attachment":[{"href":"https:\/\/ievarusa.com\/lv\/wp-json\/wp\/v2\/media?parent=2287"}],"wp:term":[{"taxonomy":"product_brand","embeddable":true,"href":"https:\/\/ievarusa.com\/lv\/wp-json\/wp\/v2\/product_brand?post=2287"},{"taxonomy":"product_cat","embeddable":true,"href":"https:\/\/ievarusa.com\/lv\/wp-json\/wp\/v2\/product_cat?post=2287"},{"taxonomy":"product_tag","embeddable":true,"href":"https:\/\/ievarusa.com\/lv\/wp-json\/wp\/v2\/product_tag?post=2287"}],"curies":[{"name":"wp","href":"https:\/\/api.w.org\/{rel}","templated":true}]}}