{"id":2247,"date":"2025-01-12T23:42:40","date_gmt":"2025-01-12T21:42:40","guid":{"rendered":"https:\/\/ievarusa.com\/?post_type=product&#038;p=2247"},"modified":"2025-09-18T12:49:13","modified_gmt":"2025-09-18T10:49:13","slug":"overview-of-different-types-of-numerology-a-path-to-deeper-self-knowledge","status":"publish","type":"product","link":"https:\/\/ievarusa.com\/lv\/products\/overview-of-different-types-of-numerology-a-path-to-deeper-self-knowledge\/","title":{"rendered":"Da\u017e\u0101du veidu numerologijas apkopojums- \u013caus dzi\u013c\u0101k un pla\u0161\u0101k izzin\u0101t sevi"},"content":{"rendered":"","protected":false},"excerpt":{"rendered":"<p data-start=\"169\" data-end=\"345\">Atkl\u0101j savas dz\u012bves sl\u0113ptos kodus ar <strong data-start=\"212\" data-end=\"299\">Klasisko numerolo\u0123iju, Likte\u0146a matricu, Tarot numerolo\u0123iju un Kabalas numerolo\u0123iju.<\/strong>.<br data-start=\"300\" data-end=\"303\" \/>Katra metode sniedz unik\u0101lu skat\u012bjumu:<\/p>\n<ul data-start=\"347\" data-end=\"920\">\n<li data-start=\"347\" data-end=\"483\">\n<p data-start=\"349\" data-end=\"483\"><strong data-start=\"349\" data-end=\"387\">Klasisk\u0101 (pitagorie\u0161u) numerolo\u0123ija<\/strong> atkl\u0101j tavas stipr\u0101s un v\u0101j\u0101s puses, dz\u012bves m\u0101c\u012bbas, person\u012bgos ciklus un attiec\u012bbu dinamiku.<\/p>\n<\/li>\n<li data-start=\"484\" data-end=\"638\">\n<p data-start=\"486\" data-end=\"638\"><strong data-start=\"486\" data-end=\"508\">Likte\u0146a matrica<\/strong> apvieno numerolo\u0123iju ar Tarot arhetipiem, lai par\u0101d\u012btu tavu patieso b\u016bt\u012bbu, karmiskos rakstus, l\u0113mumu pie\u0146em\u0161anas stilu un izaugsmes potenci\u0101lu.<\/p>\n<\/li>\n<li data-start=\"639\" data-end=\"783\">\n<p data-start=\"641\" data-end=\"783\"><strong data-start=\"641\" data-end=\"661\">Taro numerolo\u0123ija\u00a0<\/strong> sasaista skait\u013cus ar Lielo Arkanu, atkl\u0101jot dv\u0113seles programmu, karmiskos izaicin\u0101jumus, talantus un gar\u012bgo misiju.<\/p>\n<\/li>\n<li data-start=\"784\" data-end=\"920\">\n<p data-start=\"786\" data-end=\"920\"><strong data-start=\"786\" data-end=\"809\">Kabalas numerolo\u0123ija<\/strong> atkl\u0101j dzi\u013c\u0101kas saiknes starp v\u0101rda un dzim\u0161anas datuma ener\u0123\u0113tiskajiem kodiem, izgaismojot dv\u0113seles m\u0101c\u012bbas un dz\u012bves uzdevumu.<\/p>\n<\/li>\n<\/ul>\n<p data-start=\"922\" data-end=\"1092\">Katram anal\u012bzes variantam tiek sagatavots gan <strong data-start=\"962\" data-end=\"985\">rakstisks apraksts,<\/strong> gan <strong data-start=\"993\" data-end=\"1014\">audio ieraksts<\/strong>, lai vari mier\u012bgi p\u0101rdom\u0101t un iejusties ieg\u016btaj\u0101s atzi\u0146\u0101s sev piem\u0113rot\u0101 temp\u0101.<\/p>\n<p data-start=\"1094\" data-end=\"1270\">Izmantojot \u0161\u012bs sist\u0113mas, tu ieg\u016bsi skaidr\u012bbu par savu dz\u012bves ce\u013cu, attiec\u012bb\u0101m, talantiem un iesp\u0113j\u0101m \u2013 un atv\u0113rsi durvis liel\u0101kai harmonijai un pa\u0161izpratnei.<\/p>","protected":false},"featured_media":2594,"template":"","meta":[],"product_brand":[],"product_cat":[75,78],"product_tag":[],"class_list":{"0":"post-2247","1":"product","2":"type-product","3":"status-publish","4":"has-post-thumbnail","6":"product_cat-numerology","7":"product_cat-services","8":"pa_categories-individual-sessions","10":"first","11":"instock","12":"virtual","13":"purchasable","14":"product-type-simple"},"yoast_head":"<!-- This site is optimized with the Yoast SEO plugin v25.2 - https:\/\/yoast.com\/wordpress\/plugins\/seo\/ -->\n<title>Overview of Different Types of Numerology \u2013 a path to deeper self-knowledge - Ieva R\u016bsa<\/title>\n<meta name=\"robots\" content=\"index, follow, max-snippet:-1, max-image-preview:large, max-video-preview:-1\" \/>\n<link rel=\"canonical\" href=\"https:\/\/ievarusa.com\/lv\/products\/overview-of-different-types-of-numerology-a-path-to-deeper-self-knowledge\/\" \/>\n<meta property=\"og:locale\" content=\"lv_LV\" \/>\n<meta property=\"og:type\" content=\"article\" \/>\n<meta property=\"og:title\" content=\"Overview of Different Types of Numerology \u2013 a path to deeper self-knowledge - Ieva R\u016bsa\" \/>\n<meta property=\"og:description\" content=\"Uncover the hidden codes of your life with Classical Numerology, the Destiny Matrix, Tarot Numerology, and Kabbalah Numerology.Each method offers a unique perspective:     Classical (Pythagorean) Numerology reveals your strengths, weaknesses, life lessons, personal cycles, and relationship dynamics.    The Destiny Matrix combines numerology with Tarot archetypes to show your true self, karmic patterns, decision-making style, and growth potential.    Tarot Numerology connects numbers with the Major Arcana to uncover your soul program, karmic challenges, talents, and spiritual mission.    Kabbalah Numerology dives deeper into the energetic codes of your name and birth date, revealing soul-level lessons and purpose.   With every analysis, you receive both a written description and an audio explanation, giving you the chance to reflect and absorb the insights at your own pace. By exploring these systems, you\u2019ll gain clarity about your life path, relationships, talents, and opportunities \u2014 and open the door to greater harmony and self-understanding.\" \/>\n<meta property=\"og:url\" content=\"https:\/\/ievarusa.com\/lv\/products\/overview-of-different-types-of-numerology-a-path-to-deeper-self-knowledge\/\" \/>\n<meta property=\"og:site_name\" content=\"Ieva R\u016bsa\" \/>\n<meta property=\"article:publisher\" content=\"https:\/\/www.facebook.com\/Sunsouljewelry\" \/>\n<meta property=\"article:modified_time\" content=\"2025-09-18T10:49:13+00:00\" \/>\n<meta property=\"og:image\" content=\"https:\/\/ievarusa.com\/wp-content\/uploads\/2025\/01\/DSCF7343-scaled.jpg\" \/>\n\t<meta property=\"og:image:width\" content=\"1706\" \/>\n\t<meta property=\"og:image:height\" content=\"2560\" \/>\n\t<meta property=\"og:image:type\" content=\"image\/jpeg\" \/>\n<meta name=\"twitter:card\" content=\"summary_large_image\" \/>\n<meta name=\"twitter:label1\" content=\"Est. reading time\" \/>\n\t<meta name=\"twitter:data1\" content=\"1 min\u016bte\" \/>\n<script type=\"application\/ld+json\" class=\"yoast-schema-graph\">{\"@context\":\"https:\/\/schema.org\",\"@graph\":[{\"@type\":\"WebPage\",\"@id\":\"https:\/\/ievarusa.com\/lv\/products\/overview-of-different-types-of-numerology-a-path-to-deeper-self-knowledge\/\",\"url\":\"https:\/\/ievarusa.com\/lv\/products\/overview-of-different-types-of-numerology-a-path-to-deeper-self-knowledge\/\",\"name\":\"Overview of Different Types of Numerology \u2013 a path to deeper self-knowledge - Ieva R\u016bsa\",\"isPartOf\":{\"@id\":\"https:\/\/ievarusa.com\/lv\/#website\"},\"primaryImageOfPage\":{\"@id\":\"https:\/\/ievarusa.com\/lv\/products\/overview-of-different-types-of-numerology-a-path-to-deeper-self-knowledge\/#primaryimage\"},\"image\":{\"@id\":\"https:\/\/ievarusa.com\/lv\/products\/overview-of-different-types-of-numerology-a-path-to-deeper-self-knowledge\/#primaryimage\"},\"thumbnailUrl\":\"https:\/\/ievarusa.com\/wp-content\/uploads\/2025\/01\/DSCF7343-scaled.jpg\",\"datePublished\":\"2025-01-12T21:42:40+00:00\",\"dateModified\":\"2025-09-18T10:49:13+00:00\",\"breadcrumb\":{\"@id\":\"https:\/\/ievarusa.com\/lv\/products\/overview-of-different-types-of-numerology-a-path-to-deeper-self-knowledge\/#breadcrumb\"},\"inLanguage\":\"lv-LV\",\"potentialAction\":[{\"@type\":\"ReadAction\",\"target\":[\"https:\/\/ievarusa.com\/lv\/products\/overview-of-different-types-of-numerology-a-path-to-deeper-self-knowledge\/\"]}]},{\"@type\":\"ImageObject\",\"inLanguage\":\"lv-LV\",\"@id\":\"https:\/\/ievarusa.com\/lv\/products\/overview-of-different-types-of-numerology-a-path-to-deeper-self-knowledge\/#primaryimage\",\"url\":\"https:\/\/ievarusa.com\/wp-content\/uploads\/2025\/01\/DSCF7343-scaled.jpg\",\"contentUrl\":\"https:\/\/ievarusa.com\/wp-content\/uploads\/2025\/01\/DSCF7343-scaled.jpg\",\"width\":1706,\"height\":2560},{\"@type\":\"BreadcrumbList\",\"@id\":\"https:\/\/ievarusa.com\/lv\/products\/overview-of-different-types-of-numerology-a-path-to-deeper-self-knowledge\/#breadcrumb\",\"itemListElement\":[{\"@type\":\"ListItem\",\"position\":1,\"name\":\"Home\",\"item\":\"https:\/\/ievarusa.com\/lv\/\"},{\"@type\":\"ListItem\",\"position\":2,\"name\":\"Shop\",\"item\":\"https:\/\/ievarusa.com\/lv\/shop\/\"},{\"@type\":\"ListItem\",\"position\":3,\"name\":\"Overview of Different Types of Numerology \u2013 a path to deeper self-knowledge\"}]},{\"@type\":\"WebSite\",\"@id\":\"https:\/\/ievarusa.com\/lv\/#website\",\"url\":\"https:\/\/ievarusa.com\/lv\/\",\"name\":\"Ieva R\u016bsa\",\"description\":\"SunSoulJewelry\",\"publisher\":{\"@id\":\"https:\/\/ievarusa.com\/lv\/#organization\"},\"potentialAction\":[{\"@type\":\"SearchAction\",\"target\":{\"@type\":\"EntryPoint\",\"urlTemplate\":\"https:\/\/ievarusa.com\/lv\/?s={search_term_string}\"},\"query-input\":{\"@type\":\"PropertyValueSpecification\",\"valueRequired\":true,\"valueName\":\"search_term_string\"}}],\"inLanguage\":\"lv-LV\"},{\"@type\":\"Organization\",\"@id\":\"https:\/\/ievarusa.com\/lv\/#organization\",\"name\":\"Ieva R\u016bsa\",\"url\":\"https:\/\/ievarusa.com\/lv\/\",\"logo\":{\"@type\":\"ImageObject\",\"inLanguage\":\"lv-LV\",\"@id\":\"https:\/\/ievarusa.com\/lv\/#\/schema\/logo\/image\/\",\"url\":\"https:\/\/ievarusa.com\/wp-content\/uploads\/2024\/10\/cropped-ieva-rusa-logo.png\",\"contentUrl\":\"https:\/\/ievarusa.com\/wp-content\/uploads\/2024\/10\/cropped-ieva-rusa-logo.png\",\"width\":512,\"height\":512,\"caption\":\"Ieva R\u016bsa\"},\"image\":{\"@id\":\"https:\/\/ievarusa.com\/lv\/#\/schema\/logo\/image\/\"},\"sameAs\":[\"https:\/\/www.facebook.com\/Sunsouljewelry\",\"https:\/\/www.instagram.com\/ieva_rusa\/\"]}]}<\/script>\n<!-- \/ Yoast SEO plugin. -->","yoast_head_json":{"title":"Overview of Different Types of Numerology \u2013 a path to deeper self-knowledge - Ieva R\u016bsa","robots":{"index":"index","follow":"follow","max-snippet":"max-snippet:-1","max-image-preview":"max-image-preview:large","max-video-preview":"max-video-preview:-1"},"canonical":"https:\/\/ievarusa.com\/lv\/products\/overview-of-different-types-of-numerology-a-path-to-deeper-self-knowledge\/","og_locale":"lv_LV","og_type":"article","og_title":"Overview of Different Types of Numerology \u2013 a path to deeper self-knowledge - Ieva R\u016bsa","og_description":"Uncover the hidden codes of your life with Classical Numerology, the Destiny Matrix, Tarot Numerology, and Kabbalah Numerology.Each method offers a unique perspective:     Classical (Pythagorean) Numerology reveals your strengths, weaknesses, life lessons, personal cycles, and relationship dynamics.    The Destiny Matrix combines numerology with Tarot archetypes to show your true self, karmic patterns, decision-making style, and growth potential.    Tarot Numerology connects numbers with the Major Arcana to uncover your soul program, karmic challenges, talents, and spiritual mission.    Kabbalah Numerology dives deeper into the energetic codes of your name and birth date, revealing soul-level lessons and purpose.   With every analysis, you receive both a written description and an audio explanation, giving you the chance to reflect and absorb the insights at your own pace. By exploring these systems, you\u2019ll gain clarity about your life path, relationships, talents, and opportunities \u2014 and open the door to greater harmony and self-understanding.","og_url":"https:\/\/ievarusa.com\/lv\/products\/overview-of-different-types-of-numerology-a-path-to-deeper-self-knowledge\/","og_site_name":"Ieva R\u016bsa","article_publisher":"https:\/\/www.facebook.com\/Sunsouljewelry","article_modified_time":"2025-09-18T10:49:13+00:00","og_image":[{"width":1706,"height":2560,"url":"https:\/\/ievarusa.com\/wp-content\/uploads\/2025\/01\/DSCF7343-scaled.jpg","type":"image\/jpeg"}],"twitter_card":"summary_large_image","twitter_misc":{"Est. reading time":"1 min\u016bte"},"schema":{"@context":"https:\/\/schema.org","@graph":[{"@type":"WebPage","@id":"https:\/\/ievarusa.com\/lv\/products\/overview-of-different-types-of-numerology-a-path-to-deeper-self-knowledge\/","url":"https:\/\/ievarusa.com\/lv\/products\/overview-of-different-types-of-numerology-a-path-to-deeper-self-knowledge\/","name":"Overview of Different Types of Numerology \u2013 a path to deeper self-knowledge - Ieva R\u016bsa","isPartOf":{"@id":"https:\/\/ievarusa.com\/lv\/#website"},"primaryImageOfPage":{"@id":"https:\/\/ievarusa.com\/lv\/products\/overview-of-different-types-of-numerology-a-path-to-deeper-self-knowledge\/#primaryimage"},"image":{"@id":"https:\/\/ievarusa.com\/lv\/products\/overview-of-different-types-of-numerology-a-path-to-deeper-self-knowledge\/#primaryimage"},"thumbnailUrl":"https:\/\/ievarusa.com\/wp-content\/uploads\/2025\/01\/DSCF7343-scaled.jpg","datePublished":"2025-01-12T21:42:40+00:00","dateModified":"2025-09-18T10:49:13+00:00","breadcrumb":{"@id":"https:\/\/ievarusa.com\/lv\/products\/overview-of-different-types-of-numerology-a-path-to-deeper-self-knowledge\/#breadcrumb"},"inLanguage":"lv-LV","potentialAction":[{"@type":"ReadAction","target":["https:\/\/ievarusa.com\/lv\/products\/overview-of-different-types-of-numerology-a-path-to-deeper-self-knowledge\/"]}]},{"@type":"ImageObject","inLanguage":"lv-LV","@id":"https:\/\/ievarusa.com\/lv\/products\/overview-of-different-types-of-numerology-a-path-to-deeper-self-knowledge\/#primaryimage","url":"https:\/\/ievarusa.com\/wp-content\/uploads\/2025\/01\/DSCF7343-scaled.jpg","contentUrl":"https:\/\/ievarusa.com\/wp-content\/uploads\/2025\/01\/DSCF7343-scaled.jpg","width":1706,"height":2560},{"@type":"BreadcrumbList","@id":"https:\/\/ievarusa.com\/lv\/products\/overview-of-different-types-of-numerology-a-path-to-deeper-self-knowledge\/#breadcrumb","itemListElement":[{"@type":"ListItem","position":1,"name":"Home","item":"https:\/\/ievarusa.com\/lv\/"},{"@type":"ListItem","position":2,"name":"Shop","item":"https:\/\/ievarusa.com\/lv\/shop\/"},{"@type":"ListItem","position":3,"name":"Overview of Different Types of Numerology \u2013 a path to deeper self-knowledge"}]},{"@type":"WebSite","@id":"https:\/\/ievarusa.com\/lv\/#website","url":"https:\/\/ievarusa.com\/lv\/","name":"Ieva R\u016bsa","description":"SunSoulJewelry","publisher":{"@id":"https:\/\/ievarusa.com\/lv\/#organization"},"potentialAction":[{"@type":"SearchAction","target":{"@type":"EntryPoint","urlTemplate":"https:\/\/ievarusa.com\/lv\/?s={search_term_string}"},"query-input":{"@type":"PropertyValueSpecification","valueRequired":true,"valueName":"search_term_string"}}],"inLanguage":"lv-LV"},{"@type":"Organization","@id":"https:\/\/ievarusa.com\/lv\/#organization","name":"Ieva R\u016bsa","url":"https:\/\/ievarusa.com\/lv\/","logo":{"@type":"ImageObject","inLanguage":"lv-LV","@id":"https:\/\/ievarusa.com\/lv\/#\/schema\/logo\/image\/","url":"https:\/\/ievarusa.com\/wp-content\/uploads\/2024\/10\/cropped-ieva-rusa-logo.png","contentUrl":"https:\/\/ievarusa.com\/wp-content\/uploads\/2024\/10\/cropped-ieva-rusa-logo.png","width":512,"height":512,"caption":"Ieva R\u016bsa"},"image":{"@id":"https:\/\/ievarusa.com\/lv\/#\/schema\/logo\/image\/"},"sameAs":["https:\/\/www.facebook.com\/Sunsouljewelry","https:\/\/www.instagram.com\/ieva_rusa\/"]}]}},"_links":{"self":[{"href":"https:\/\/ievarusa.com\/lv\/wp-json\/wp\/v2\/product\/2247","targetHints":{"allow":["GET"]}}],"collection":[{"href":"https:\/\/ievarusa.com\/lv\/wp-json\/wp\/v2\/product"}],"about":[{"href":"https:\/\/ievarusa.com\/lv\/wp-json\/wp\/v2\/types\/product"}],"wp:featuredmedia":[{"embeddable":true,"href":"https:\/\/ievarusa.com\/lv\/wp-json\/wp\/v2\/media\/2594"}],"wp:attachment":[{"href":"https:\/\/ievarusa.com\/lv\/wp-json\/wp\/v2\/media?parent=2247"}],"wp:term":[{"taxonomy":"product_brand","embeddable":true,"href":"https:\/\/ievarusa.com\/lv\/wp-json\/wp\/v2\/product_brand?post=2247"},{"taxonomy":"product_cat","embeddable":true,"href":"https:\/\/ievarusa.com\/lv\/wp-json\/wp\/v2\/product_cat?post=2247"},{"taxonomy":"product_tag","embeddable":true,"href":"https:\/\/ievarusa.com\/lv\/wp-json\/wp\/v2\/product_tag?post=2247"}],"curies":[{"name":"wp","href":"https:\/\/api.w.org\/{rel}","templated":true}]}}