{"id":2245,"date":"2025-01-12T23:00:16","date_gmt":"2025-01-12T21:00:16","guid":{"rendered":"https:\/\/ievarusa.com\/?post_type=product&#038;p=2245"},"modified":"2025-09-18T12:38:50","modified_gmt":"2025-09-18T10:38:50","slug":"osho-zen-tarot-get-answers-to-your-questions","status":"publish","type":"product","link":"https:\/\/ievarusa.com\/lv\/products\/osho-zen-tarot-get-answers-to-your-questions\/","title":{"rendered":"Osho Zen Tarot\u00a0- atbildes uz taviem jaut\u0101jumiem"},"content":{"rendered":"","protected":false},"excerpt":{"rendered":"<p>Osho Zen Tarot\u00a0ir unik\u0101la taro k\u0101r\u0161u kava, kas iedvesmota no Indijas misti\u0137a\nO\u0161o m\u0101c\u012bb\u0101m. Osho Zen Tarot k\u0101rtis uzsver\u00a0pa\u0161apzi\u0146u, person\u012bgo izaugsmi\nun dz\u012bvo\u0161anu tagadn\u0113. T\u0101s m\u0113r\u0137is ir pal\u012bdz\u0113t jums dzi\u013c\u0101k izprast sevi, savas\npa\u0161reiz\u0113j\u0101s dz\u012bves situ\u0101cijas un gar\u012bg\u0101s m\u0101c\u012bbas, ar kur\u0101m j\u016bs saskaraties.<\/p>\n<p><strong>Par ko ir Osho Zen Tarot?<\/strong><\/p>\n<p>\u2728 Vad\u012bba, kas v\u0113rsta uz tagadni: t\u0101 koncentr\u0113jas uz\u00a0\u201c\u0161eit un tagad\u201d, nevis pag\u0101tni vai n\u0101kotni. K\u0101rtis atspogu\u013co\nJ\u016bsu pa\u0161reiz\u0113jo st\u0101vokli un sniedz skaidr\u012bbu par to, ko \u0161obr\u012bd vajadz\u0113tu\niem\u0101c\u012bties vai main\u012bt.<\/p>\n<p>\u2728 Iek\u0161\u0113j\u0101 apzi\u0146a \u2013 k\u0101r\u0161u kava izmanto spilgtu vizu\u0101lo simboliku un dzi\u013cu info, lai pal\u012bdz\u0113tu Jums\nsazin\u0101ties ar savu iek\u0161\u0113jo pasauli, atkl\u0101t apsl\u0113ptas emocijas un saprast savas\ndzi\u013c\u0101k\u0101s v\u0113lmes vai bailes.<\/p>\n<p>\u2728 Gar\u012bg\u0101 izaugsme \u2013 k\u0101rtis bie\u017ei atbilst Zen filozofijai, uzsverot apzin\u0101t\u012bbu, pie\u0146em\u0161anu un\natdal\u012b\u0161anos no pie\u0137er\u0161an\u0101s. T\u0101s mudina p\u0101rvar\u0113t ego robe\u017eas un pie\u0146emt iek\u0161\u0113jo\nmieru.<\/p>\n<p>\u2728Univers\u0101las t\u0113mas \u2013 k\u0101r\u0161u kava piev\u0113r\u0161as univers\u0101l\u0101m t\u0113m\u0101m, piem\u0113ram, m\u012blest\u012bbai, rado\u0161umam,\np\u0101rmai\u0146\u0101m un pa\u0161realiz\u0101cijai.<\/p>\n<p><strong>Ko j\u016bs varat uzzin\u0101t par sevi no Osho Zen Tarot?<\/strong><\/p>\n<p>\u2728 J\u016bsu emocion\u0101lais st\u0101voklis \u2013 atkl\u0101jiet apsl\u0113ptas saj\u016btas vai neatrisin\u0101tas probl\u0113mas, kas var\u0113tu ietekm\u0113t\nJ\u016bsu l\u0113mumus vai attiec\u012bbas. Ieg\u016bstiet ieskatu par emocion\u0101laj\u0101m ener\u0123ij\u0101m, kas ietekm\u0113 J\u016bsu pa\u0161reiz\u0113jo\nsitu\u0101ciju.<\/p>\n<p>\u2728 J\u016bsu izaicin\u0101jumi \u2013 saprotiet \u0161\u0137\u0113r\u0161\u013cus, ar kuriem j\u016bs saskaraties, un to dzi\u013c\u0101ko noz\u012bmi. K\u0101rtis pal\u012bdz identific\u0113t dom\u0101\u0161anas mode\u013cus vai uzved\u012bbu, kas var\u0113tu kav\u0113t\nj\u016bsu att\u012bst\u012bbu.<\/p>\n<p>\u2728 J\u016bsu stipr\u0101s puses un potenci\u0101ls \u2013 atpaz\u012bstiet savas iek\u0161\u0113j\u0101s stipr\u0101s puses un sp\u0113jas. Kava var atkl\u0101t veidus, k\u0101 atbr\u012bvot savu rado\u0161umu, intu\u012bciju vai gar\u012bgo sp\u0113ku.<\/p>\n<p>\u2728 J\u016bsu dz\u012bves m\u0101c\u012bbas \u2013 katras k\u0101rts noz\u012bme var nor\u0101d\u012bt uz gar\u012bgu vai person\u012bgu m\u0101c\u012bbu, kuru J\u016bs\npa\u0161laik apg\u016bstat. Iem\u0101cieties pie\u0146emt p\u0101rmai\u0146as, atlaist pie\u0137er\u0161an\u0101s vai att\u012bst\u012bt pa\u0161pie\u0146em\u0161anu.<\/p>\n<p>\u2728 J\u016bsu attiec\u012bbas \u2013 g\u016bstiet skaidr\u012bbu par savu attiec\u012bbu dinamiku. Saprotiet, k\u0101 J\u016bsu darb\u012bbas un emocijas veicina saska\u0146u vai konfliktus.<\/p>\n<p>\u2728 J\u016bsu ce\u013c\u0161 uz iek\u0161\u0113jo mieru \u2013 kava bie\u017ei iesaka prakses, piem\u0113ram, apzin\u0101t\u012bbu, pa\u013cau\u0161anos vai uztic\u0113\u0161anos\ndz\u012bves pl\u016bsmai. T\u0101 pal\u012bdz atjaunot saikni ar savu patieso b\u016bt\u012bbu un dz\u012bvot autentiski.<\/p>","protected":false},"featured_media":2599,"template":"","meta":[],"product_brand":[],"product_cat":[78,21],"product_tag":[],"class_list":{"0":"post-2245","1":"product","2":"type-product","3":"status-publish","4":"has-post-thumbnail","6":"product_cat-services","7":"product_cat-tarot-card-reading","8":"pa_categories-individual-sessions","10":"first","11":"instock","12":"virtual","13":"purchasable","14":"product-type-simple"},"yoast_head":"<!-- This site is optimized with the Yoast SEO plugin v25.2 - https:\/\/yoast.com\/wordpress\/plugins\/seo\/ -->\n<title>Osho Zen Tarot \u2013 Answers to Your Questions - Ieva R\u016bsa<\/title>\n<meta name=\"description\" content=\"The goal of the Osho Zen Tarot is to help you gain a deeper understanding of yourself, current life situations, and the spiritual lessons.\" \/>\n<meta name=\"robots\" content=\"index, follow, max-snippet:-1, max-image-preview:large, max-video-preview:-1\" \/>\n<link rel=\"canonical\" href=\"https:\/\/ievarusa.com\/lv\/products\/osho-zen-tarot-get-answers-to-your-questions\/\" \/>\n<meta property=\"og:locale\" content=\"lv_LV\" \/>\n<meta property=\"og:type\" content=\"article\" \/>\n<meta property=\"og:title\" content=\"Osho Zen Tarot \u2013 Answers to Your Questions - Ieva R\u016bsa\" \/>\n<meta property=\"og:description\" content=\"The goal of the Osho Zen Tarot is to help you gain a deeper understanding of yourself, current life situations, and the spiritual lessons.\" \/>\n<meta property=\"og:url\" content=\"https:\/\/ievarusa.com\/lv\/products\/osho-zen-tarot-get-answers-to-your-questions\/\" \/>\n<meta property=\"og:site_name\" content=\"Ieva R\u016bsa\" \/>\n<meta property=\"article:publisher\" content=\"https:\/\/www.facebook.com\/Sunsouljewelry\" \/>\n<meta property=\"article:modified_time\" content=\"2025-09-18T10:38:50+00:00\" \/>\n<meta property=\"og:image\" content=\"https:\/\/ievarusa.com\/wp-content\/uploads\/2025\/01\/DSCF7608-scaled.jpg\" \/>\n\t<meta property=\"og:image:width\" content=\"1706\" \/>\n\t<meta property=\"og:image:height\" content=\"2560\" \/>\n\t<meta property=\"og:image:type\" content=\"image\/jpeg\" \/>\n<meta name=\"twitter:card\" content=\"summary_large_image\" \/>\n<meta name=\"twitter:label1\" content=\"Est. reading time\" \/>\n\t<meta name=\"twitter:data1\" content=\"1 min\u016bte\" \/>\n<script type=\"application\/ld+json\" class=\"yoast-schema-graph\">{\"@context\":\"https:\/\/schema.org\",\"@graph\":[{\"@type\":\"WebPage\",\"@id\":\"https:\/\/ievarusa.com\/lv\/products\/osho-zen-tarot-get-answers-to-your-questions\/\",\"url\":\"https:\/\/ievarusa.com\/lv\/products\/osho-zen-tarot-get-answers-to-your-questions\/\",\"name\":\"Osho Zen Tarot \u2013 Answers to Your Questions - Ieva R\u016bsa\",\"isPartOf\":{\"@id\":\"https:\/\/ievarusa.com\/lv\/#website\"},\"primaryImageOfPage\":{\"@id\":\"https:\/\/ievarusa.com\/lv\/products\/osho-zen-tarot-get-answers-to-your-questions\/#primaryimage\"},\"image\":{\"@id\":\"https:\/\/ievarusa.com\/lv\/products\/osho-zen-tarot-get-answers-to-your-questions\/#primaryimage\"},\"thumbnailUrl\":\"https:\/\/ievarusa.com\/wp-content\/uploads\/2025\/01\/DSCF7608-scaled.jpg\",\"datePublished\":\"2025-01-12T21:00:16+00:00\",\"dateModified\":\"2025-09-18T10:38:50+00:00\",\"description\":\"The goal of the Osho Zen Tarot is to help you gain a deeper understanding of yourself, current life situations, and the spiritual lessons.\",\"breadcrumb\":{\"@id\":\"https:\/\/ievarusa.com\/lv\/products\/osho-zen-tarot-get-answers-to-your-questions\/#breadcrumb\"},\"inLanguage\":\"lv-LV\",\"potentialAction\":[{\"@type\":\"ReadAction\",\"target\":[\"https:\/\/ievarusa.com\/lv\/products\/osho-zen-tarot-get-answers-to-your-questions\/\"]}]},{\"@type\":\"ImageObject\",\"inLanguage\":\"lv-LV\",\"@id\":\"https:\/\/ievarusa.com\/lv\/products\/osho-zen-tarot-get-answers-to-your-questions\/#primaryimage\",\"url\":\"https:\/\/ievarusa.com\/wp-content\/uploads\/2025\/01\/DSCF7608-scaled.jpg\",\"contentUrl\":\"https:\/\/ievarusa.com\/wp-content\/uploads\/2025\/01\/DSCF7608-scaled.jpg\",\"width\":1706,\"height\":2560},{\"@type\":\"BreadcrumbList\",\"@id\":\"https:\/\/ievarusa.com\/lv\/products\/osho-zen-tarot-get-answers-to-your-questions\/#breadcrumb\",\"itemListElement\":[{\"@type\":\"ListItem\",\"position\":1,\"name\":\"Home\",\"item\":\"https:\/\/ievarusa.com\/lv\/\"},{\"@type\":\"ListItem\",\"position\":2,\"name\":\"Shop\",\"item\":\"https:\/\/ievarusa.com\/lv\/shop\/\"},{\"@type\":\"ListItem\",\"position\":3,\"name\":\"Osho Zen Tarot \u2013 Answers to Your Questions\"}]},{\"@type\":\"WebSite\",\"@id\":\"https:\/\/ievarusa.com\/lv\/#website\",\"url\":\"https:\/\/ievarusa.com\/lv\/\",\"name\":\"Ieva R\u016bsa\",\"description\":\"SunSoulJewelry\",\"publisher\":{\"@id\":\"https:\/\/ievarusa.com\/lv\/#organization\"},\"potentialAction\":[{\"@type\":\"SearchAction\",\"target\":{\"@type\":\"EntryPoint\",\"urlTemplate\":\"https:\/\/ievarusa.com\/lv\/?s={search_term_string}\"},\"query-input\":{\"@type\":\"PropertyValueSpecification\",\"valueRequired\":true,\"valueName\":\"search_term_string\"}}],\"inLanguage\":\"lv-LV\"},{\"@type\":\"Organization\",\"@id\":\"https:\/\/ievarusa.com\/lv\/#organization\",\"name\":\"Ieva R\u016bsa\",\"url\":\"https:\/\/ievarusa.com\/lv\/\",\"logo\":{\"@type\":\"ImageObject\",\"inLanguage\":\"lv-LV\",\"@id\":\"https:\/\/ievarusa.com\/lv\/#\/schema\/logo\/image\/\",\"url\":\"https:\/\/ievarusa.com\/wp-content\/uploads\/2024\/10\/cropped-ieva-rusa-logo.png\",\"contentUrl\":\"https:\/\/ievarusa.com\/wp-content\/uploads\/2024\/10\/cropped-ieva-rusa-logo.png\",\"width\":512,\"height\":512,\"caption\":\"Ieva R\u016bsa\"},\"image\":{\"@id\":\"https:\/\/ievarusa.com\/lv\/#\/schema\/logo\/image\/\"},\"sameAs\":[\"https:\/\/www.facebook.com\/Sunsouljewelry\",\"https:\/\/www.instagram.com\/ieva_rusa\/\"]}]}<\/script>\n<!-- \/ Yoast SEO plugin. -->","yoast_head_json":{"title":"Osho Zen Tarot \u2013 Answers to Your Questions - Ieva R\u016bsa","description":"The goal of the Osho Zen Tarot is to help you gain a deeper understanding of yourself, current life situations, and the spiritual lessons.","robots":{"index":"index","follow":"follow","max-snippet":"max-snippet:-1","max-image-preview":"max-image-preview:large","max-video-preview":"max-video-preview:-1"},"canonical":"https:\/\/ievarusa.com\/lv\/products\/osho-zen-tarot-get-answers-to-your-questions\/","og_locale":"lv_LV","og_type":"article","og_title":"Osho Zen Tarot \u2013 Answers to Your Questions - Ieva R\u016bsa","og_description":"The goal of the Osho Zen Tarot is to help you gain a deeper understanding of yourself, current life situations, and the spiritual lessons.","og_url":"https:\/\/ievarusa.com\/lv\/products\/osho-zen-tarot-get-answers-to-your-questions\/","og_site_name":"Ieva R\u016bsa","article_publisher":"https:\/\/www.facebook.com\/Sunsouljewelry","article_modified_time":"2025-09-18T10:38:50+00:00","og_image":[{"width":1706,"height":2560,"url":"https:\/\/ievarusa.com\/wp-content\/uploads\/2025\/01\/DSCF7608-scaled.jpg","type":"image\/jpeg"}],"twitter_card":"summary_large_image","twitter_misc":{"Est. reading time":"1 min\u016bte"},"schema":{"@context":"https:\/\/schema.org","@graph":[{"@type":"WebPage","@id":"https:\/\/ievarusa.com\/lv\/products\/osho-zen-tarot-get-answers-to-your-questions\/","url":"https:\/\/ievarusa.com\/lv\/products\/osho-zen-tarot-get-answers-to-your-questions\/","name":"Osho Zen Tarot \u2013 Answers to Your Questions - Ieva R\u016bsa","isPartOf":{"@id":"https:\/\/ievarusa.com\/lv\/#website"},"primaryImageOfPage":{"@id":"https:\/\/ievarusa.com\/lv\/products\/osho-zen-tarot-get-answers-to-your-questions\/#primaryimage"},"image":{"@id":"https:\/\/ievarusa.com\/lv\/products\/osho-zen-tarot-get-answers-to-your-questions\/#primaryimage"},"thumbnailUrl":"https:\/\/ievarusa.com\/wp-content\/uploads\/2025\/01\/DSCF7608-scaled.jpg","datePublished":"2025-01-12T21:00:16+00:00","dateModified":"2025-09-18T10:38:50+00:00","description":"The goal of the Osho Zen Tarot is to help you gain a deeper understanding of yourself, current life situations, and the spiritual lessons.","breadcrumb":{"@id":"https:\/\/ievarusa.com\/lv\/products\/osho-zen-tarot-get-answers-to-your-questions\/#breadcrumb"},"inLanguage":"lv-LV","potentialAction":[{"@type":"ReadAction","target":["https:\/\/ievarusa.com\/lv\/products\/osho-zen-tarot-get-answers-to-your-questions\/"]}]},{"@type":"ImageObject","inLanguage":"lv-LV","@id":"https:\/\/ievarusa.com\/lv\/products\/osho-zen-tarot-get-answers-to-your-questions\/#primaryimage","url":"https:\/\/ievarusa.com\/wp-content\/uploads\/2025\/01\/DSCF7608-scaled.jpg","contentUrl":"https:\/\/ievarusa.com\/wp-content\/uploads\/2025\/01\/DSCF7608-scaled.jpg","width":1706,"height":2560},{"@type":"BreadcrumbList","@id":"https:\/\/ievarusa.com\/lv\/products\/osho-zen-tarot-get-answers-to-your-questions\/#breadcrumb","itemListElement":[{"@type":"ListItem","position":1,"name":"Home","item":"https:\/\/ievarusa.com\/lv\/"},{"@type":"ListItem","position":2,"name":"Shop","item":"https:\/\/ievarusa.com\/lv\/shop\/"},{"@type":"ListItem","position":3,"name":"Osho Zen Tarot \u2013 Answers to Your Questions"}]},{"@type":"WebSite","@id":"https:\/\/ievarusa.com\/lv\/#website","url":"https:\/\/ievarusa.com\/lv\/","name":"Ieva R\u016bsa","description":"SunSoulJewelry","publisher":{"@id":"https:\/\/ievarusa.com\/lv\/#organization"},"potentialAction":[{"@type":"SearchAction","target":{"@type":"EntryPoint","urlTemplate":"https:\/\/ievarusa.com\/lv\/?s={search_term_string}"},"query-input":{"@type":"PropertyValueSpecification","valueRequired":true,"valueName":"search_term_string"}}],"inLanguage":"lv-LV"},{"@type":"Organization","@id":"https:\/\/ievarusa.com\/lv\/#organization","name":"Ieva R\u016bsa","url":"https:\/\/ievarusa.com\/lv\/","logo":{"@type":"ImageObject","inLanguage":"lv-LV","@id":"https:\/\/ievarusa.com\/lv\/#\/schema\/logo\/image\/","url":"https:\/\/ievarusa.com\/wp-content\/uploads\/2024\/10\/cropped-ieva-rusa-logo.png","contentUrl":"https:\/\/ievarusa.com\/wp-content\/uploads\/2024\/10\/cropped-ieva-rusa-logo.png","width":512,"height":512,"caption":"Ieva R\u016bsa"},"image":{"@id":"https:\/\/ievarusa.com\/lv\/#\/schema\/logo\/image\/"},"sameAs":["https:\/\/www.facebook.com\/Sunsouljewelry","https:\/\/www.instagram.com\/ieva_rusa\/"]}]}},"_links":{"self":[{"href":"https:\/\/ievarusa.com\/lv\/wp-json\/wp\/v2\/product\/2245","targetHints":{"allow":["GET"]}}],"collection":[{"href":"https:\/\/ievarusa.com\/lv\/wp-json\/wp\/v2\/product"}],"about":[{"href":"https:\/\/ievarusa.com\/lv\/wp-json\/wp\/v2\/types\/product"}],"wp:featuredmedia":[{"embeddable":true,"href":"https:\/\/ievarusa.com\/lv\/wp-json\/wp\/v2\/media\/2599"}],"wp:attachment":[{"href":"https:\/\/ievarusa.com\/lv\/wp-json\/wp\/v2\/media?parent=2245"}],"wp:term":[{"taxonomy":"product_brand","embeddable":true,"href":"https:\/\/ievarusa.com\/lv\/wp-json\/wp\/v2\/product_brand?post=2245"},{"taxonomy":"product_cat","embeddable":true,"href":"https:\/\/ievarusa.com\/lv\/wp-json\/wp\/v2\/product_cat?post=2245"},{"taxonomy":"product_tag","embeddable":true,"href":"https:\/\/ievarusa.com\/lv\/wp-json\/wp\/v2\/product_tag?post=2245"}],"curies":[{"name":"wp","href":"https:\/\/api.w.org\/{rel}","templated":true}]}}