{"id":2101,"date":"2024-12-11T10:20:11","date_gmt":"2024-12-11T08:20:11","guid":{"rendered":"https:\/\/ievarusa.com\/?post_type=product&#038;p=2101"},"modified":"2025-10-27T15:52:43","modified_gmt":"2025-10-27T13:52:43","slug":"individual-session","status":"publish","type":"product","link":"https:\/\/ievarusa.com\/lv\/products\/individual-session\/","title":{"rendered":"Individu\u0101l\u0101 sesija"},"content":{"rendered":"","protected":false},"excerpt":{"rendered":"<h4>Individu\u0101l\u0101 sesija (60 min vai 90 min)<\/h4>\n<p>Atbr\u012bvo pr\u0101tu, dziedinies vai ej uz nosprausto m\u0113r\u0137i!<\/p>\n<p><strong>Individu\u0101l\u0101 sesija<\/strong> tiek piel\u0101gota Tav\u0101m individu\u0101laj\u0101m vajadz\u012bb\u0101m, un taj\u0101s tiek izmantotas prakses un instrumenti, kas pal\u012bdz piek\u013c\u016bt dzi\u013c\u0101kiem apzi\u0146as l\u012bme\u0146iem, skaidr\u012bbas un miera st\u0101vok\u013ciem.<\/p>\n<h4>Kas iek\u013cauts sesij\u0101:<\/h4>\n<ul>\n<li><strong>Mana pavad\u012bba:<\/strong> metodes, kas atbilst Tavam m\u0113r\u0137iem, neatkar\u012bgi no t\u0101, vai t\u0101 ir stresa mazin\u0101\u0161ana, koncentr\u0113\u0161an\u0101s uz m\u0113r\u0137i, pa\u0161izaugsme, traumu atbr\u012bvo\u0161ana vai tml.<\/li>\n<li><strong>Nedal\u012bta uzman\u012bba:<\/strong> priv\u0101ta un atbalsto\u0161a vide, kur\u0101 Tava person\u012bg\u0101 izaugsme ir priorit\u0101te.<\/li>\n<li><strong>Transcendent\u0101las tehnikas:<\/strong> tiek izmantotas sp\u0113c\u012bgas prakses, piem\u0113ram, medit\u0101cijas, elpo\u0161anas tehnikas, vizualiz\u0101cijas vai ska\u0146as dziedin\u0101\u0161ana, lai atrais\u012btu vai aktiviz\u0113tu ener\u0123iju.<\/li>\n<li><strong>\u00a0Nostiprino\u0161\u0101 da\u013ca:<\/strong> Tu sa\u0146emsi prakses un uzdevumus, kuri b\u016bs j\u0101veic ikdien\u0101, lai nodro\u0161in\u0101tu ilgtermi\u0146a rezult\u0101tu.<\/li>\n<\/ul>\n<h4>Kam paredz\u0113tas sesijas?<\/h4>\n<p>Individu\u0101l\u0101s sesijas ir piem\u0113rotas jebkura l\u012bme\u0146a person\u012bg\u0101s izagusmes mekl\u0113t\u0101jam - neatkar\u012bgi no t\u0101, vai esi sava ce\u013ca s\u0101kum\u0101 vai jau padzi\u013cin\u0101ti nodarbojaties ar da\u017e\u0101d\u0101m pa\u0161izaugsmes metod\u0113m un praks\u0113m.<\/p>\n<p>Piesakies sesijai! Pirmais iepaz\u012b\u0161an\u0101s zvans ir bezmaksas \u2013 30 min.<\/p>","protected":false},"featured_media":2597,"template":"","meta":[],"product_brand":[],"product_cat":[18,78],"product_tag":[],"class_list":{"0":"post-2101","1":"product","2":"type-product","3":"status-publish","4":"has-post-thumbnail","6":"product_cat-individual-sessions","7":"product_cat-services","9":"first","10":"instock","11":"shipping-taxable","12":"purchasable","13":"product-type-variable"},"yoast_head":"<!-- This site is optimized with the Yoast SEO plugin v25.2 - https:\/\/yoast.com\/wordpress\/plugins\/seo\/ -->\n<title>Individual Session - Ieva R\u016bsa<\/title>\n<meta name=\"description\" content=\"Elevate your mind, body, and spirit through a personalized Individual Session with me. Book your session \u2013 first introduction call is free.\" \/>\n<meta name=\"robots\" content=\"index, follow, max-snippet:-1, max-image-preview:large, max-video-preview:-1\" \/>\n<link rel=\"canonical\" href=\"https:\/\/ievarusa.com\/lv\/products\/individual-session\/\" \/>\n<meta property=\"og:locale\" content=\"lv_LV\" \/>\n<meta property=\"og:type\" content=\"article\" \/>\n<meta property=\"og:title\" content=\"Individual Session - Ieva R\u016bsa\" \/>\n<meta property=\"og:description\" content=\"Elevate your mind, body, and spirit through a personalized Individual Session with me. Book your session \u2013 first introduction call is free.\" \/>\n<meta property=\"og:url\" content=\"https:\/\/ievarusa.com\/lv\/products\/individual-session\/\" \/>\n<meta property=\"og:site_name\" content=\"Ieva R\u016bsa\" \/>\n<meta property=\"article:publisher\" content=\"https:\/\/www.facebook.com\/Sunsouljewelry\" \/>\n<meta property=\"article:modified_time\" content=\"2025-10-27T13:52:43+00:00\" \/>\n<meta property=\"og:image\" content=\"https:\/\/ievarusa.com\/wp-content\/uploads\/2025\/01\/DSCF7450-scaled.jpg\" \/>\n\t<meta property=\"og:image:width\" content=\"1706\" \/>\n\t<meta property=\"og:image:height\" content=\"2560\" \/>\n\t<meta property=\"og:image:type\" content=\"image\/jpeg\" \/>\n<meta name=\"twitter:card\" content=\"summary_large_image\" \/>\n<meta name=\"twitter:label1\" content=\"Est. reading time\" \/>\n\t<meta name=\"twitter:data1\" content=\"1 min\u016bte\" \/>\n<script type=\"application\/ld+json\" class=\"yoast-schema-graph\">{\"@context\":\"https:\/\/schema.org\",\"@graph\":[{\"@type\":\"WebPage\",\"@id\":\"https:\/\/ievarusa.com\/lv\/products\/individual-session\/\",\"url\":\"https:\/\/ievarusa.com\/lv\/products\/individual-session\/\",\"name\":\"Individual Session - Ieva R\u016bsa\",\"isPartOf\":{\"@id\":\"https:\/\/ievarusa.com\/lv\/#website\"},\"primaryImageOfPage\":{\"@id\":\"https:\/\/ievarusa.com\/lv\/products\/individual-session\/#primaryimage\"},\"image\":{\"@id\":\"https:\/\/ievarusa.com\/lv\/products\/individual-session\/#primaryimage\"},\"thumbnailUrl\":\"https:\/\/ievarusa.com\/wp-content\/uploads\/2025\/01\/DSCF7450-scaled.jpg\",\"datePublished\":\"2024-12-11T08:20:11+00:00\",\"dateModified\":\"2025-10-27T13:52:43+00:00\",\"description\":\"Elevate your mind, body, and spirit through a personalized Individual Session with me. Book your session \u2013 first introduction call is free.\",\"breadcrumb\":{\"@id\":\"https:\/\/ievarusa.com\/lv\/products\/individual-session\/#breadcrumb\"},\"inLanguage\":\"lv-LV\",\"potentialAction\":[{\"@type\":\"ReadAction\",\"target\":[\"https:\/\/ievarusa.com\/lv\/products\/individual-session\/\"]}]},{\"@type\":\"ImageObject\",\"inLanguage\":\"lv-LV\",\"@id\":\"https:\/\/ievarusa.com\/lv\/products\/individual-session\/#primaryimage\",\"url\":\"https:\/\/ievarusa.com\/wp-content\/uploads\/2025\/01\/DSCF7450-scaled.jpg\",\"contentUrl\":\"https:\/\/ievarusa.com\/wp-content\/uploads\/2025\/01\/DSCF7450-scaled.jpg\",\"width\":1706,\"height\":2560},{\"@type\":\"BreadcrumbList\",\"@id\":\"https:\/\/ievarusa.com\/lv\/products\/individual-session\/#breadcrumb\",\"itemListElement\":[{\"@type\":\"ListItem\",\"position\":1,\"name\":\"Home\",\"item\":\"https:\/\/ievarusa.com\/lv\/\"},{\"@type\":\"ListItem\",\"position\":2,\"name\":\"Shop\",\"item\":\"https:\/\/ievarusa.com\/lv\/shop\/\"},{\"@type\":\"ListItem\",\"position\":3,\"name\":\"Individual Session\"}]},{\"@type\":\"WebSite\",\"@id\":\"https:\/\/ievarusa.com\/lv\/#website\",\"url\":\"https:\/\/ievarusa.com\/lv\/\",\"name\":\"Ieva R\u016bsa\",\"description\":\"SunSoulJewelry\",\"publisher\":{\"@id\":\"https:\/\/ievarusa.com\/lv\/#organization\"},\"potentialAction\":[{\"@type\":\"SearchAction\",\"target\":{\"@type\":\"EntryPoint\",\"urlTemplate\":\"https:\/\/ievarusa.com\/lv\/?s={search_term_string}\"},\"query-input\":{\"@type\":\"PropertyValueSpecification\",\"valueRequired\":true,\"valueName\":\"search_term_string\"}}],\"inLanguage\":\"lv-LV\"},{\"@type\":\"Organization\",\"@id\":\"https:\/\/ievarusa.com\/lv\/#organization\",\"name\":\"Ieva R\u016bsa\",\"url\":\"https:\/\/ievarusa.com\/lv\/\",\"logo\":{\"@type\":\"ImageObject\",\"inLanguage\":\"lv-LV\",\"@id\":\"https:\/\/ievarusa.com\/lv\/#\/schema\/logo\/image\/\",\"url\":\"https:\/\/ievarusa.com\/wp-content\/uploads\/2024\/10\/cropped-ieva-rusa-logo.png\",\"contentUrl\":\"https:\/\/ievarusa.com\/wp-content\/uploads\/2024\/10\/cropped-ieva-rusa-logo.png\",\"width\":512,\"height\":512,\"caption\":\"Ieva R\u016bsa\"},\"image\":{\"@id\":\"https:\/\/ievarusa.com\/lv\/#\/schema\/logo\/image\/\"},\"sameAs\":[\"https:\/\/www.facebook.com\/Sunsouljewelry\",\"https:\/\/www.instagram.com\/ieva_rusa\/\"]}]}<\/script>\n<!-- \/ Yoast SEO plugin. -->","yoast_head_json":{"title":"Individual Session - Ieva R\u016bsa","description":"Elevate your mind, body, and spirit through a personalized Individual Session with me. Book your session \u2013 first introduction call is free.","robots":{"index":"index","follow":"follow","max-snippet":"max-snippet:-1","max-image-preview":"max-image-preview:large","max-video-preview":"max-video-preview:-1"},"canonical":"https:\/\/ievarusa.com\/lv\/products\/individual-session\/","og_locale":"lv_LV","og_type":"article","og_title":"Individual Session - Ieva R\u016bsa","og_description":"Elevate your mind, body, and spirit through a personalized Individual Session with me. Book your session \u2013 first introduction call is free.","og_url":"https:\/\/ievarusa.com\/lv\/products\/individual-session\/","og_site_name":"Ieva R\u016bsa","article_publisher":"https:\/\/www.facebook.com\/Sunsouljewelry","article_modified_time":"2025-10-27T13:52:43+00:00","og_image":[{"width":1706,"height":2560,"url":"https:\/\/ievarusa.com\/wp-content\/uploads\/2025\/01\/DSCF7450-scaled.jpg","type":"image\/jpeg"}],"twitter_card":"summary_large_image","twitter_misc":{"Est. reading time":"1 min\u016bte"},"schema":{"@context":"https:\/\/schema.org","@graph":[{"@type":"WebPage","@id":"https:\/\/ievarusa.com\/lv\/products\/individual-session\/","url":"https:\/\/ievarusa.com\/lv\/products\/individual-session\/","name":"Individual Session - Ieva R\u016bsa","isPartOf":{"@id":"https:\/\/ievarusa.com\/lv\/#website"},"primaryImageOfPage":{"@id":"https:\/\/ievarusa.com\/lv\/products\/individual-session\/#primaryimage"},"image":{"@id":"https:\/\/ievarusa.com\/lv\/products\/individual-session\/#primaryimage"},"thumbnailUrl":"https:\/\/ievarusa.com\/wp-content\/uploads\/2025\/01\/DSCF7450-scaled.jpg","datePublished":"2024-12-11T08:20:11+00:00","dateModified":"2025-10-27T13:52:43+00:00","description":"Elevate your mind, body, and spirit through a personalized Individual Session with me. Book your session \u2013 first introduction call is free.","breadcrumb":{"@id":"https:\/\/ievarusa.com\/lv\/products\/individual-session\/#breadcrumb"},"inLanguage":"lv-LV","potentialAction":[{"@type":"ReadAction","target":["https:\/\/ievarusa.com\/lv\/products\/individual-session\/"]}]},{"@type":"ImageObject","inLanguage":"lv-LV","@id":"https:\/\/ievarusa.com\/lv\/products\/individual-session\/#primaryimage","url":"https:\/\/ievarusa.com\/wp-content\/uploads\/2025\/01\/DSCF7450-scaled.jpg","contentUrl":"https:\/\/ievarusa.com\/wp-content\/uploads\/2025\/01\/DSCF7450-scaled.jpg","width":1706,"height":2560},{"@type":"BreadcrumbList","@id":"https:\/\/ievarusa.com\/lv\/products\/individual-session\/#breadcrumb","itemListElement":[{"@type":"ListItem","position":1,"name":"Home","item":"https:\/\/ievarusa.com\/lv\/"},{"@type":"ListItem","position":2,"name":"Shop","item":"https:\/\/ievarusa.com\/lv\/shop\/"},{"@type":"ListItem","position":3,"name":"Individual Session"}]},{"@type":"WebSite","@id":"https:\/\/ievarusa.com\/lv\/#website","url":"https:\/\/ievarusa.com\/lv\/","name":"Ieva R\u016bsa","description":"SunSoulJewelry","publisher":{"@id":"https:\/\/ievarusa.com\/lv\/#organization"},"potentialAction":[{"@type":"SearchAction","target":{"@type":"EntryPoint","urlTemplate":"https:\/\/ievarusa.com\/lv\/?s={search_term_string}"},"query-input":{"@type":"PropertyValueSpecification","valueRequired":true,"valueName":"search_term_string"}}],"inLanguage":"lv-LV"},{"@type":"Organization","@id":"https:\/\/ievarusa.com\/lv\/#organization","name":"Ieva R\u016bsa","url":"https:\/\/ievarusa.com\/lv\/","logo":{"@type":"ImageObject","inLanguage":"lv-LV","@id":"https:\/\/ievarusa.com\/lv\/#\/schema\/logo\/image\/","url":"https:\/\/ievarusa.com\/wp-content\/uploads\/2024\/10\/cropped-ieva-rusa-logo.png","contentUrl":"https:\/\/ievarusa.com\/wp-content\/uploads\/2024\/10\/cropped-ieva-rusa-logo.png","width":512,"height":512,"caption":"Ieva R\u016bsa"},"image":{"@id":"https:\/\/ievarusa.com\/lv\/#\/schema\/logo\/image\/"},"sameAs":["https:\/\/www.facebook.com\/Sunsouljewelry","https:\/\/www.instagram.com\/ieva_rusa\/"]}]}},"_links":{"self":[{"href":"https:\/\/ievarusa.com\/lv\/wp-json\/wp\/v2\/product\/2101","targetHints":{"allow":["GET"]}}],"collection":[{"href":"https:\/\/ievarusa.com\/lv\/wp-json\/wp\/v2\/product"}],"about":[{"href":"https:\/\/ievarusa.com\/lv\/wp-json\/wp\/v2\/types\/product"}],"wp:featuredmedia":[{"embeddable":true,"href":"https:\/\/ievarusa.com\/lv\/wp-json\/wp\/v2\/media\/2597"}],"wp:attachment":[{"href":"https:\/\/ievarusa.com\/lv\/wp-json\/wp\/v2\/media?parent=2101"}],"wp:term":[{"taxonomy":"product_brand","embeddable":true,"href":"https:\/\/ievarusa.com\/lv\/wp-json\/wp\/v2\/product_brand?post=2101"},{"taxonomy":"product_cat","embeddable":true,"href":"https:\/\/ievarusa.com\/lv\/wp-json\/wp\/v2\/product_cat?post=2101"},{"taxonomy":"product_tag","embeddable":true,"href":"https:\/\/ievarusa.com\/lv\/wp-json\/wp\/v2\/product_tag?post=2101"}],"curies":[{"name":"wp","href":"https:\/\/api.w.org\/{rel}","templated":true}]}}