{"id":1847,"date":"2024-11-12T21:07:04","date_gmt":"2024-11-12T21:07:04","guid":{"rendered":"http:\/\/ievarusa-eng.local\/?post_type=product&#038;p=1847"},"modified":"2024-12-14T16:40:49","modified_gmt":"2024-12-14T14:40:49","slug":"bracelet-for-femininity-6mm","status":"publish","type":"product","link":"https:\/\/ievarusa.com\/lv\/products\/bracelet-for-femininity-6mm\/","title":{"rendered":"Sievi\u0161\u0137\u012bbas rota 6mm"},"content":{"rendered":"","protected":false},"excerpt":{"rendered":"<p>B\u0113\u0161\u0101 m\u0101tes p\u0113rle , Roz\u0101 kvarcs, Selen\u012bts, Dzidrie Krist\u0101li, Apzelt\u012bti aksesu\u0101ri 4mm ,  Centr\u0101lais aksesu\u0101rs:<span class=\"Apple-converted-space\">\u00a0 <\/span>Putns, 925 prove ,<span class=\"Apple-converted-space\">\u00a0 <\/span>ar cirkoniju, augstums, platums 2.8*2.0cm<\/p>\n<ul>\n<li>Nomierina, stabiliz\u0113 emocijas<\/li>\n<li>Vairo skaistumu, harmoniju<span class=\"Apple-converted-space\">\u00a0<\/span><\/li>\n<li>Vairo pa\u0161apzi\u0146u, pa\u0161cie\u0146u<\/li>\n<li>Vairo beznosac\u012bjuma m\u012blest\u012bbu<\/li>\n<li>Att\u012bsta intu\u012bciju<\/li>\n<li>Vairo l\u012bdzciet\u012bbu, l\u012bdzj\u016bt\u012bbu<\/li>\n<\/ul>","protected":false},"featured_media":2052,"template":"","meta":[],"product_brand":[],"product_cat":[24,19],"product_tag":[25,26],"class_list":{"0":"post-1847","1":"product","2":"type-product","3":"status-publish","4":"has-post-thumbnail","6":"product_cat-for-women","7":"product_cat-sunsouljewelry","8":"product_tag-roza-kvarcs","9":"product_tag-selenits","10":"pa_categories-sunsouljewelry","11":"pa_gemstones-beige-mother-of-pearl","12":"pa_gemstones-clear-crystals","13":"pa_gemstones-quartz","14":"pa_gemstones-selenite","15":"pa_gender-women","17":"first","18":"instock","19":"shipping-taxable","20":"purchasable","21":"product-type-variable"},"yoast_head":"<!-- This site is optimized with the Yoast SEO plugin v25.2 - https:\/\/yoast.com\/wordpress\/plugins\/seo\/ -->\n<title>Bracelet For Femininity 6mm - Ieva R\u016bsa<\/title>\n<meta name=\"robots\" content=\"index, follow, max-snippet:-1, max-image-preview:large, max-video-preview:-1\" \/>\n<link rel=\"canonical\" href=\"https:\/\/ievarusa.com\/lv\/products\/bracelet-for-femininity-6mm\/\" \/>\n<meta property=\"og:locale\" content=\"lv_LV\" \/>\n<meta property=\"og:type\" content=\"article\" \/>\n<meta property=\"og:title\" content=\"Bracelet For Femininity 6mm - Ieva R\u016bsa\" \/>\n<meta property=\"og:description\" content=\"Beige Mother Of Pearl, Pink Quartz, Selenite, Clear Crystals, Silver Accessories 4mm, Central\u00a0 Charms Birds 925\u00a0 silver platinium plated, zircon , height and width 2.8*2.0cm   Calms and stabilises emotions  Enhances harmony and beauty\u00a0  Enhances self-confidence and self-esteem  Enhances unconditional love  Develops intuition  Enhances sympathy and compassion\" \/>\n<meta property=\"og:url\" content=\"https:\/\/ievarusa.com\/lv\/products\/bracelet-for-femininity-6mm\/\" \/>\n<meta property=\"og:site_name\" content=\"Ieva R\u016bsa\" \/>\n<meta property=\"article:publisher\" content=\"https:\/\/www.facebook.com\/Sunsouljewelry\" \/>\n<meta property=\"article:modified_time\" content=\"2024-12-14T14:40:49+00:00\" \/>\n<meta name=\"twitter:card\" content=\"summary_large_image\" \/>\n<script type=\"application\/ld+json\" class=\"yoast-schema-graph\">{\"@context\":\"https:\/\/schema.org\",\"@graph\":[{\"@type\":\"WebPage\",\"@id\":\"https:\/\/ievarusa.com\/lv\/products\/bracelet-for-femininity-6mm\/\",\"url\":\"https:\/\/ievarusa.com\/lv\/products\/bracelet-for-femininity-6mm\/\",\"name\":\"Bracelet For Femininity 6mm - Ieva R\u016bsa\",\"isPartOf\":{\"@id\":\"https:\/\/ievarusa.com\/lv\/#website\"},\"primaryImageOfPage\":{\"@id\":\"https:\/\/ievarusa.com\/lv\/products\/bracelet-for-femininity-6mm\/#primaryimage\"},\"image\":{\"@id\":\"https:\/\/ievarusa.com\/lv\/products\/bracelet-for-femininity-6mm\/#primaryimage\"},\"thumbnailUrl\":\"https:\/\/ievarusa.com\/wp-content\/uploads\/2024\/11\/sieviskibas-rota--scaled.jpg\",\"datePublished\":\"2024-11-12T21:07:04+00:00\",\"dateModified\":\"2024-12-14T14:40:49+00:00\",\"breadcrumb\":{\"@id\":\"https:\/\/ievarusa.com\/lv\/products\/bracelet-for-femininity-6mm\/#breadcrumb\"},\"inLanguage\":\"lv-LV\",\"potentialAction\":[{\"@type\":\"ReadAction\",\"target\":[\"https:\/\/ievarusa.com\/lv\/products\/bracelet-for-femininity-6mm\/\"]}]},{\"@type\":\"ImageObject\",\"inLanguage\":\"lv-LV\",\"@id\":\"https:\/\/ievarusa.com\/lv\/products\/bracelet-for-femininity-6mm\/#primaryimage\",\"url\":\"https:\/\/ievarusa.com\/wp-content\/uploads\/2024\/11\/sieviskibas-rota--scaled.jpg\",\"contentUrl\":\"https:\/\/ievarusa.com\/wp-content\/uploads\/2024\/11\/sieviskibas-rota--scaled.jpg\",\"width\":1800,\"height\":1800},{\"@type\":\"BreadcrumbList\",\"@id\":\"https:\/\/ievarusa.com\/lv\/products\/bracelet-for-femininity-6mm\/#breadcrumb\",\"itemListElement\":[{\"@type\":\"ListItem\",\"position\":1,\"name\":\"Home\",\"item\":\"https:\/\/ievarusa.com\/lv\/\"},{\"@type\":\"ListItem\",\"position\":2,\"name\":\"Shop\",\"item\":\"https:\/\/ievarusa.com\/lv\/shop\/\"},{\"@type\":\"ListItem\",\"position\":3,\"name\":\"Bracelet For Femininity 6mm\"}]},{\"@type\":\"WebSite\",\"@id\":\"https:\/\/ievarusa.com\/lv\/#website\",\"url\":\"https:\/\/ievarusa.com\/lv\/\",\"name\":\"Ieva R\u016bsa\",\"description\":\"SunSoulJewelry\",\"publisher\":{\"@id\":\"https:\/\/ievarusa.com\/lv\/#organization\"},\"potentialAction\":[{\"@type\":\"SearchAction\",\"target\":{\"@type\":\"EntryPoint\",\"urlTemplate\":\"https:\/\/ievarusa.com\/lv\/?s={search_term_string}\"},\"query-input\":{\"@type\":\"PropertyValueSpecification\",\"valueRequired\":true,\"valueName\":\"search_term_string\"}}],\"inLanguage\":\"lv-LV\"},{\"@type\":\"Organization\",\"@id\":\"https:\/\/ievarusa.com\/lv\/#organization\",\"name\":\"Ieva R\u016bsa\",\"url\":\"https:\/\/ievarusa.com\/lv\/\",\"logo\":{\"@type\":\"ImageObject\",\"inLanguage\":\"lv-LV\",\"@id\":\"https:\/\/ievarusa.com\/lv\/#\/schema\/logo\/image\/\",\"url\":\"https:\/\/ievarusa.com\/wp-content\/uploads\/2024\/10\/cropped-ieva-rusa-logo.png\",\"contentUrl\":\"https:\/\/ievarusa.com\/wp-content\/uploads\/2024\/10\/cropped-ieva-rusa-logo.png\",\"width\":512,\"height\":512,\"caption\":\"Ieva R\u016bsa\"},\"image\":{\"@id\":\"https:\/\/ievarusa.com\/lv\/#\/schema\/logo\/image\/\"},\"sameAs\":[\"https:\/\/www.facebook.com\/Sunsouljewelry\",\"https:\/\/www.instagram.com\/ieva_rusa\/\"]}]}<\/script>\n<!-- \/ Yoast SEO plugin. -->","yoast_head_json":{"title":"Bracelet For Femininity 6mm - Ieva R\u016bsa","robots":{"index":"index","follow":"follow","max-snippet":"max-snippet:-1","max-image-preview":"max-image-preview:large","max-video-preview":"max-video-preview:-1"},"canonical":"https:\/\/ievarusa.com\/lv\/products\/bracelet-for-femininity-6mm\/","og_locale":"lv_LV","og_type":"article","og_title":"Bracelet For Femininity 6mm - Ieva R\u016bsa","og_description":"Beige Mother Of Pearl, Pink Quartz, Selenite, Clear Crystals, Silver Accessories 4mm, Central\u00a0 Charms Birds 925\u00a0 silver platinium plated, zircon , height and width 2.8*2.0cm   Calms and stabilises emotions  Enhances harmony and beauty\u00a0  Enhances self-confidence and self-esteem  Enhances unconditional love  Develops intuition  Enhances sympathy and compassion","og_url":"https:\/\/ievarusa.com\/lv\/products\/bracelet-for-femininity-6mm\/","og_site_name":"Ieva R\u016bsa","article_publisher":"https:\/\/www.facebook.com\/Sunsouljewelry","article_modified_time":"2024-12-14T14:40:49+00:00","twitter_card":"summary_large_image","schema":{"@context":"https:\/\/schema.org","@graph":[{"@type":"WebPage","@id":"https:\/\/ievarusa.com\/lv\/products\/bracelet-for-femininity-6mm\/","url":"https:\/\/ievarusa.com\/lv\/products\/bracelet-for-femininity-6mm\/","name":"Bracelet For Femininity 6mm - Ieva R\u016bsa","isPartOf":{"@id":"https:\/\/ievarusa.com\/lv\/#website"},"primaryImageOfPage":{"@id":"https:\/\/ievarusa.com\/lv\/products\/bracelet-for-femininity-6mm\/#primaryimage"},"image":{"@id":"https:\/\/ievarusa.com\/lv\/products\/bracelet-for-femininity-6mm\/#primaryimage"},"thumbnailUrl":"https:\/\/ievarusa.com\/wp-content\/uploads\/2024\/11\/sieviskibas-rota--scaled.jpg","datePublished":"2024-11-12T21:07:04+00:00","dateModified":"2024-12-14T14:40:49+00:00","breadcrumb":{"@id":"https:\/\/ievarusa.com\/lv\/products\/bracelet-for-femininity-6mm\/#breadcrumb"},"inLanguage":"lv-LV","potentialAction":[{"@type":"ReadAction","target":["https:\/\/ievarusa.com\/lv\/products\/bracelet-for-femininity-6mm\/"]}]},{"@type":"ImageObject","inLanguage":"lv-LV","@id":"https:\/\/ievarusa.com\/lv\/products\/bracelet-for-femininity-6mm\/#primaryimage","url":"https:\/\/ievarusa.com\/wp-content\/uploads\/2024\/11\/sieviskibas-rota--scaled.jpg","contentUrl":"https:\/\/ievarusa.com\/wp-content\/uploads\/2024\/11\/sieviskibas-rota--scaled.jpg","width":1800,"height":1800},{"@type":"BreadcrumbList","@id":"https:\/\/ievarusa.com\/lv\/products\/bracelet-for-femininity-6mm\/#breadcrumb","itemListElement":[{"@type":"ListItem","position":1,"name":"Home","item":"https:\/\/ievarusa.com\/lv\/"},{"@type":"ListItem","position":2,"name":"Shop","item":"https:\/\/ievarusa.com\/lv\/shop\/"},{"@type":"ListItem","position":3,"name":"Bracelet For Femininity 6mm"}]},{"@type":"WebSite","@id":"https:\/\/ievarusa.com\/lv\/#website","url":"https:\/\/ievarusa.com\/lv\/","name":"Ieva R\u016bsa","description":"SunSoulJewelry","publisher":{"@id":"https:\/\/ievarusa.com\/lv\/#organization"},"potentialAction":[{"@type":"SearchAction","target":{"@type":"EntryPoint","urlTemplate":"https:\/\/ievarusa.com\/lv\/?s={search_term_string}"},"query-input":{"@type":"PropertyValueSpecification","valueRequired":true,"valueName":"search_term_string"}}],"inLanguage":"lv-LV"},{"@type":"Organization","@id":"https:\/\/ievarusa.com\/lv\/#organization","name":"Ieva R\u016bsa","url":"https:\/\/ievarusa.com\/lv\/","logo":{"@type":"ImageObject","inLanguage":"lv-LV","@id":"https:\/\/ievarusa.com\/lv\/#\/schema\/logo\/image\/","url":"https:\/\/ievarusa.com\/wp-content\/uploads\/2024\/10\/cropped-ieva-rusa-logo.png","contentUrl":"https:\/\/ievarusa.com\/wp-content\/uploads\/2024\/10\/cropped-ieva-rusa-logo.png","width":512,"height":512,"caption":"Ieva R\u016bsa"},"image":{"@id":"https:\/\/ievarusa.com\/lv\/#\/schema\/logo\/image\/"},"sameAs":["https:\/\/www.facebook.com\/Sunsouljewelry","https:\/\/www.instagram.com\/ieva_rusa\/"]}]}},"_links":{"self":[{"href":"https:\/\/ievarusa.com\/lv\/wp-json\/wp\/v2\/product\/1847","targetHints":{"allow":["GET"]}}],"collection":[{"href":"https:\/\/ievarusa.com\/lv\/wp-json\/wp\/v2\/product"}],"about":[{"href":"https:\/\/ievarusa.com\/lv\/wp-json\/wp\/v2\/types\/product"}],"wp:featuredmedia":[{"embeddable":true,"href":"https:\/\/ievarusa.com\/lv\/wp-json\/wp\/v2\/media\/2052"}],"wp:attachment":[{"href":"https:\/\/ievarusa.com\/lv\/wp-json\/wp\/v2\/media?parent=1847"}],"wp:term":[{"taxonomy":"product_brand","embeddable":true,"href":"https:\/\/ievarusa.com\/lv\/wp-json\/wp\/v2\/product_brand?post=1847"},{"taxonomy":"product_cat","embeddable":true,"href":"https:\/\/ievarusa.com\/lv\/wp-json\/wp\/v2\/product_cat?post=1847"},{"taxonomy":"product_tag","embeddable":true,"href":"https:\/\/ievarusa.com\/lv\/wp-json\/wp\/v2\/product_tag?post=1847"}],"curies":[{"name":"wp","href":"https:\/\/api.w.org\/{rel}","templated":true}]}}