{"id":1829,"date":"2024-11-12T20:58:53","date_gmt":"2024-11-12T20:58:53","guid":{"rendered":"http:\/\/ievarusa-eng.local\/?post_type=product&#038;p=1829"},"modified":"2024-12-14T17:32:58","modified_gmt":"2024-12-14T15:32:58","slug":"for-peace-and-harmony-6mm","status":"publish","type":"product","link":"https:\/\/ievarusa.com\/lv\/products\/for-peace-and-harmony-6mm\/","title":{"rendered":"Mieram un harmonijai 6mm"},"content":{"rendered":"","protected":false},"excerpt":{"rendered":"<p>Roz\u0101 op\u0101ls, Hovl\u012bts, Persiku aventur\u012bns 8mm, Zeme\u0146u krist\u0101li, Oke\u0101na ja\u0161ma, Apzelt\u012bti aksesu\u0101ri 4mm , Centr\u0101lais aksesu\u0101rs: Sirds forma,<span class=\"Apple-converted-space\">\u00a0 <\/span>augstums, platums 2.1*1.1cm<span class=\"Apple-converted-space\">\u00a0<\/span><\/p>\n<ul>\n<li>Vairo iek\u0161\u0113jo mieru, harmoniju<\/li>\n<li>Rada dro\u0161\u012bbas un miera saj\u016btu<\/li>\n<li>Nov\u0113r\u0161 stresu, nomierina \u0137ermeni un pr\u0101tu<\/li>\n<li>\u0136erme\u0146a, pr\u0101ta un gara harmonijai<\/li>\n<\/ul>","protected":false},"featured_media":2060,"template":"","meta":[],"product_brand":[],"product_cat":[24,19],"product_tag":[],"class_list":{"0":"post-1829","1":"product","2":"type-product","3":"status-publish","4":"has-post-thumbnail","6":"product_cat-for-women","7":"product_cat-sunsouljewelry","8":"pa_categories-sunsouljewelry","9":"pa_gemstones-aventurine","10":"pa_gemstones-howlite","11":"pa_gemstones-jasper","12":"pa_gemstones-opal","13":"pa_gemstones-strawberry-crystal","14":"pa_gender-women","16":"first","17":"instock","18":"shipping-taxable","19":"purchasable","20":"product-type-variable"},"yoast_head":"<!-- This site is optimized with the Yoast SEO plugin v25.2 - https:\/\/yoast.com\/wordpress\/plugins\/seo\/ -->\n<title>For Peace and Harmony 6mm - Ieva R\u016bsa<\/title>\n<meta name=\"robots\" content=\"index, follow, max-snippet:-1, max-image-preview:large, max-video-preview:-1\" \/>\n<link rel=\"canonical\" href=\"https:\/\/ievarusa.com\/lv\/products\/for-peace-and-harmony-6mm\/\" \/>\n<meta property=\"og:locale\" content=\"lv_LV\" \/>\n<meta property=\"og:type\" content=\"article\" \/>\n<meta property=\"og:title\" content=\"For Peace and Harmony 6mm - Ieva R\u016bsa\" \/>\n<meta property=\"og:description\" content=\"Rose Opal, Howlite, Peach Aventurine 8mm, Strawberry Crystal, Ocean Jasper, Gold-Plated Accessories 4mm, Central Charm: Heart, 925 silver accessory,\u00a0 height and width 2.1*1.1cm\u00a0   Increases inner peace and harmony  Creates a sense of security and peace  Relieves stress and calms the body and mind  For harmonising body, mind, and spirit\" \/>\n<meta property=\"og:url\" content=\"https:\/\/ievarusa.com\/lv\/products\/for-peace-and-harmony-6mm\/\" \/>\n<meta property=\"og:site_name\" content=\"Ieva R\u016bsa\" \/>\n<meta property=\"article:publisher\" content=\"https:\/\/www.facebook.com\/Sunsouljewelry\" \/>\n<meta property=\"article:modified_time\" content=\"2024-12-14T15:32:58+00:00\" \/>\n<meta name=\"twitter:card\" content=\"summary_large_image\" \/>\n<script type=\"application\/ld+json\" class=\"yoast-schema-graph\">{\"@context\":\"https:\/\/schema.org\",\"@graph\":[{\"@type\":\"WebPage\",\"@id\":\"https:\/\/ievarusa.com\/lv\/products\/for-peace-and-harmony-6mm\/\",\"url\":\"https:\/\/ievarusa.com\/lv\/products\/for-peace-and-harmony-6mm\/\",\"name\":\"For Peace and Harmony 6mm - Ieva R\u016bsa\",\"isPartOf\":{\"@id\":\"https:\/\/ievarusa.com\/lv\/#website\"},\"primaryImageOfPage\":{\"@id\":\"https:\/\/ievarusa.com\/lv\/products\/for-peace-and-harmony-6mm\/#primaryimage\"},\"image\":{\"@id\":\"https:\/\/ievarusa.com\/lv\/products\/for-peace-and-harmony-6mm\/#primaryimage\"},\"thumbnailUrl\":\"https:\/\/ievarusa.com\/wp-content\/uploads\/2024\/11\/mieram-un-harmonijai-scaled.jpg\",\"datePublished\":\"2024-11-12T20:58:53+00:00\",\"dateModified\":\"2024-12-14T15:32:58+00:00\",\"breadcrumb\":{\"@id\":\"https:\/\/ievarusa.com\/lv\/products\/for-peace-and-harmony-6mm\/#breadcrumb\"},\"inLanguage\":\"lv-LV\",\"potentialAction\":[{\"@type\":\"ReadAction\",\"target\":[\"https:\/\/ievarusa.com\/lv\/products\/for-peace-and-harmony-6mm\/\"]}]},{\"@type\":\"ImageObject\",\"inLanguage\":\"lv-LV\",\"@id\":\"https:\/\/ievarusa.com\/lv\/products\/for-peace-and-harmony-6mm\/#primaryimage\",\"url\":\"https:\/\/ievarusa.com\/wp-content\/uploads\/2024\/11\/mieram-un-harmonijai-scaled.jpg\",\"contentUrl\":\"https:\/\/ievarusa.com\/wp-content\/uploads\/2024\/11\/mieram-un-harmonijai-scaled.jpg\",\"width\":1800,\"height\":1800},{\"@type\":\"BreadcrumbList\",\"@id\":\"https:\/\/ievarusa.com\/lv\/products\/for-peace-and-harmony-6mm\/#breadcrumb\",\"itemListElement\":[{\"@type\":\"ListItem\",\"position\":1,\"name\":\"Home\",\"item\":\"https:\/\/ievarusa.com\/lv\/\"},{\"@type\":\"ListItem\",\"position\":2,\"name\":\"Shop\",\"item\":\"https:\/\/ievarusa.com\/lv\/shop\/\"},{\"@type\":\"ListItem\",\"position\":3,\"name\":\"For Peace and Harmony 6mm\"}]},{\"@type\":\"WebSite\",\"@id\":\"https:\/\/ievarusa.com\/lv\/#website\",\"url\":\"https:\/\/ievarusa.com\/lv\/\",\"name\":\"Ieva R\u016bsa\",\"description\":\"SunSoulJewelry\",\"publisher\":{\"@id\":\"https:\/\/ievarusa.com\/lv\/#organization\"},\"potentialAction\":[{\"@type\":\"SearchAction\",\"target\":{\"@type\":\"EntryPoint\",\"urlTemplate\":\"https:\/\/ievarusa.com\/lv\/?s={search_term_string}\"},\"query-input\":{\"@type\":\"PropertyValueSpecification\",\"valueRequired\":true,\"valueName\":\"search_term_string\"}}],\"inLanguage\":\"lv-LV\"},{\"@type\":\"Organization\",\"@id\":\"https:\/\/ievarusa.com\/lv\/#organization\",\"name\":\"Ieva R\u016bsa\",\"url\":\"https:\/\/ievarusa.com\/lv\/\",\"logo\":{\"@type\":\"ImageObject\",\"inLanguage\":\"lv-LV\",\"@id\":\"https:\/\/ievarusa.com\/lv\/#\/schema\/logo\/image\/\",\"url\":\"https:\/\/ievarusa.com\/wp-content\/uploads\/2024\/10\/cropped-ieva-rusa-logo.png\",\"contentUrl\":\"https:\/\/ievarusa.com\/wp-content\/uploads\/2024\/10\/cropped-ieva-rusa-logo.png\",\"width\":512,\"height\":512,\"caption\":\"Ieva R\u016bsa\"},\"image\":{\"@id\":\"https:\/\/ievarusa.com\/lv\/#\/schema\/logo\/image\/\"},\"sameAs\":[\"https:\/\/www.facebook.com\/Sunsouljewelry\",\"https:\/\/www.instagram.com\/ieva_rusa\/\"]}]}<\/script>\n<!-- \/ Yoast SEO plugin. -->","yoast_head_json":{"title":"For Peace and Harmony 6mm - Ieva R\u016bsa","robots":{"index":"index","follow":"follow","max-snippet":"max-snippet:-1","max-image-preview":"max-image-preview:large","max-video-preview":"max-video-preview:-1"},"canonical":"https:\/\/ievarusa.com\/lv\/products\/for-peace-and-harmony-6mm\/","og_locale":"lv_LV","og_type":"article","og_title":"For Peace and Harmony 6mm - Ieva R\u016bsa","og_description":"Rose Opal, Howlite, Peach Aventurine 8mm, Strawberry Crystal, Ocean Jasper, Gold-Plated Accessories 4mm, Central Charm: Heart, 925 silver accessory,\u00a0 height and width 2.1*1.1cm\u00a0   Increases inner peace and harmony  Creates a sense of security and peace  Relieves stress and calms the body and mind  For harmonising body, mind, and spirit","og_url":"https:\/\/ievarusa.com\/lv\/products\/for-peace-and-harmony-6mm\/","og_site_name":"Ieva R\u016bsa","article_publisher":"https:\/\/www.facebook.com\/Sunsouljewelry","article_modified_time":"2024-12-14T15:32:58+00:00","twitter_card":"summary_large_image","schema":{"@context":"https:\/\/schema.org","@graph":[{"@type":"WebPage","@id":"https:\/\/ievarusa.com\/lv\/products\/for-peace-and-harmony-6mm\/","url":"https:\/\/ievarusa.com\/lv\/products\/for-peace-and-harmony-6mm\/","name":"For Peace and Harmony 6mm - Ieva R\u016bsa","isPartOf":{"@id":"https:\/\/ievarusa.com\/lv\/#website"},"primaryImageOfPage":{"@id":"https:\/\/ievarusa.com\/lv\/products\/for-peace-and-harmony-6mm\/#primaryimage"},"image":{"@id":"https:\/\/ievarusa.com\/lv\/products\/for-peace-and-harmony-6mm\/#primaryimage"},"thumbnailUrl":"https:\/\/ievarusa.com\/wp-content\/uploads\/2024\/11\/mieram-un-harmonijai-scaled.jpg","datePublished":"2024-11-12T20:58:53+00:00","dateModified":"2024-12-14T15:32:58+00:00","breadcrumb":{"@id":"https:\/\/ievarusa.com\/lv\/products\/for-peace-and-harmony-6mm\/#breadcrumb"},"inLanguage":"lv-LV","potentialAction":[{"@type":"ReadAction","target":["https:\/\/ievarusa.com\/lv\/products\/for-peace-and-harmony-6mm\/"]}]},{"@type":"ImageObject","inLanguage":"lv-LV","@id":"https:\/\/ievarusa.com\/lv\/products\/for-peace-and-harmony-6mm\/#primaryimage","url":"https:\/\/ievarusa.com\/wp-content\/uploads\/2024\/11\/mieram-un-harmonijai-scaled.jpg","contentUrl":"https:\/\/ievarusa.com\/wp-content\/uploads\/2024\/11\/mieram-un-harmonijai-scaled.jpg","width":1800,"height":1800},{"@type":"BreadcrumbList","@id":"https:\/\/ievarusa.com\/lv\/products\/for-peace-and-harmony-6mm\/#breadcrumb","itemListElement":[{"@type":"ListItem","position":1,"name":"Home","item":"https:\/\/ievarusa.com\/lv\/"},{"@type":"ListItem","position":2,"name":"Shop","item":"https:\/\/ievarusa.com\/lv\/shop\/"},{"@type":"ListItem","position":3,"name":"For Peace and Harmony 6mm"}]},{"@type":"WebSite","@id":"https:\/\/ievarusa.com\/lv\/#website","url":"https:\/\/ievarusa.com\/lv\/","name":"Ieva R\u016bsa","description":"SunSoulJewelry","publisher":{"@id":"https:\/\/ievarusa.com\/lv\/#organization"},"potentialAction":[{"@type":"SearchAction","target":{"@type":"EntryPoint","urlTemplate":"https:\/\/ievarusa.com\/lv\/?s={search_term_string}"},"query-input":{"@type":"PropertyValueSpecification","valueRequired":true,"valueName":"search_term_string"}}],"inLanguage":"lv-LV"},{"@type":"Organization","@id":"https:\/\/ievarusa.com\/lv\/#organization","name":"Ieva R\u016bsa","url":"https:\/\/ievarusa.com\/lv\/","logo":{"@type":"ImageObject","inLanguage":"lv-LV","@id":"https:\/\/ievarusa.com\/lv\/#\/schema\/logo\/image\/","url":"https:\/\/ievarusa.com\/wp-content\/uploads\/2024\/10\/cropped-ieva-rusa-logo.png","contentUrl":"https:\/\/ievarusa.com\/wp-content\/uploads\/2024\/10\/cropped-ieva-rusa-logo.png","width":512,"height":512,"caption":"Ieva R\u016bsa"},"image":{"@id":"https:\/\/ievarusa.com\/lv\/#\/schema\/logo\/image\/"},"sameAs":["https:\/\/www.facebook.com\/Sunsouljewelry","https:\/\/www.instagram.com\/ieva_rusa\/"]}]}},"_links":{"self":[{"href":"https:\/\/ievarusa.com\/lv\/wp-json\/wp\/v2\/product\/1829","targetHints":{"allow":["GET"]}}],"collection":[{"href":"https:\/\/ievarusa.com\/lv\/wp-json\/wp\/v2\/product"}],"about":[{"href":"https:\/\/ievarusa.com\/lv\/wp-json\/wp\/v2\/types\/product"}],"wp:featuredmedia":[{"embeddable":true,"href":"https:\/\/ievarusa.com\/lv\/wp-json\/wp\/v2\/media\/2060"}],"wp:attachment":[{"href":"https:\/\/ievarusa.com\/lv\/wp-json\/wp\/v2\/media?parent=1829"}],"wp:term":[{"taxonomy":"product_brand","embeddable":true,"href":"https:\/\/ievarusa.com\/lv\/wp-json\/wp\/v2\/product_brand?post=1829"},{"taxonomy":"product_cat","embeddable":true,"href":"https:\/\/ievarusa.com\/lv\/wp-json\/wp\/v2\/product_cat?post=1829"},{"taxonomy":"product_tag","embeddable":true,"href":"https:\/\/ievarusa.com\/lv\/wp-json\/wp\/v2\/product_tag?post=1829"}],"curies":[{"name":"wp","href":"https:\/\/api.w.org\/{rel}","templated":true}]}}