{"id":1818,"date":"2024-11-12T20:54:45","date_gmt":"2024-11-12T20:54:45","guid":{"rendered":"http:\/\/ievarusa-eng.local\/?post_type=product&#038;p=1818"},"modified":"2025-01-16T12:26:44","modified_gmt":"2025-01-16T10:26:44","slug":"for-success-8mm","status":"publish","type":"product","link":"https:\/\/ievarusa.com\/lv\/products\/for-success-8mm\/","title":{"rendered":"Veiksmes rota 8mm"},"content":{"rendered":"","protected":false},"excerpt":{"rendered":"<p>Ametr\u012bns, Sudraba aksesu\u0101ri 5mm, Centr\u0101lais aksesu\u0101rs: Spo\u017ei roz\u0101 zvaig\u017e\u0146ot\u0101 debess, 925 prove, augstums un platums 1.2*1.1cm<span class=\"Apple-converted-space\">\u00a0 <\/span>augstums un platums 1.2*1.1cm<\/p>\n<ul>\n<li>Pastiprina koncentr\u0113\u0161an\u0101s sp\u0113jas, ce\u013c intelektu un papla\u0161ina apzi\u0146u, savienojot to ar m\u016bsu Augst\u0101ko Es<\/li>\n<li>Savieno m\u016bsu fizisko un gar\u012bgo pl\u0101nu<span class=\"Apple-converted-space\">\u00a0<\/span><\/li>\n<li>Aktiviz\u0113 un atver intu\u012bciju<span class=\"Apple-converted-space\">\u00a0<\/span><\/li>\n<li>Savieno sievi\u0161\u0137\u0101s un v\u012bri\u0161\u0137\u0101s ener\u0123ijas<\/li>\n<li>Stimul\u0113 m\u016bsu rado\u0161o potenci\u0101lu\u00a0<\/li>\n<li>D\u0101v\u0101 optimismu un labu garast\u0101vokli<\/li>\n<li>Nes veiksmi dz\u012bv\u0113<\/li>\n<\/ul>","protected":false},"featured_media":2070,"template":"","meta":[],"product_brand":[],"product_cat":[24,19],"product_tag":[],"class_list":{"0":"post-1818","1":"product","2":"type-product","3":"status-publish","4":"has-post-thumbnail","6":"product_cat-for-women","7":"product_cat-sunsouljewelry","8":"pa_categories-sunsouljewelry","9":"pa_gemstones-ametrine","10":"pa_gender-women","12":"first","13":"instock","14":"shipping-taxable","15":"purchasable","16":"product-type-variable"},"yoast_head":"<!-- This site is optimized with the Yoast SEO plugin v25.2 - https:\/\/yoast.com\/wordpress\/plugins\/seo\/ -->\n<title>For Success 8mm - Ieva R\u016bsa<\/title>\n<meta name=\"robots\" content=\"index, follow, max-snippet:-1, max-image-preview:large, max-video-preview:-1\" \/>\n<link rel=\"canonical\" href=\"https:\/\/ievarusa.com\/lv\/products\/for-success-8mm\/\" \/>\n<meta property=\"og:locale\" content=\"lv_LV\" \/>\n<meta property=\"og:type\" content=\"article\" \/>\n<meta property=\"og:title\" content=\"For Success 8mm - Ieva R\u016bsa\" \/>\n<meta property=\"og:description\" content=\"Ametrine with Silver Accessories 5mm, Central accessory: Pink Briliant Staryr Sky , 925 silver accessory with zircon,\u00a0 height and width 1.2*1.1cm   Enhances concentration, raises intelligence, and expands consciousness by connecting to our Higher Self  Connects our physical and spiritual plan\u00a0  Activates and develops intuition\u00a0  Connects feminine and masculine energy  Stimulates creative potential  Gives optimism and a good mood  Brings good luck in life\" \/>\n<meta property=\"og:url\" content=\"https:\/\/ievarusa.com\/lv\/products\/for-success-8mm\/\" \/>\n<meta property=\"og:site_name\" content=\"Ieva R\u016bsa\" \/>\n<meta property=\"article:publisher\" content=\"https:\/\/www.facebook.com\/Sunsouljewelry\" \/>\n<meta property=\"article:modified_time\" content=\"2025-01-16T10:26:44+00:00\" \/>\n<meta name=\"twitter:card\" content=\"summary_large_image\" \/>\n<script type=\"application\/ld+json\" class=\"yoast-schema-graph\">{\"@context\":\"https:\/\/schema.org\",\"@graph\":[{\"@type\":\"WebPage\",\"@id\":\"https:\/\/ievarusa.com\/lv\/products\/for-success-8mm\/\",\"url\":\"https:\/\/ievarusa.com\/lv\/products\/for-success-8mm\/\",\"name\":\"For Success 8mm - Ieva R\u016bsa\",\"isPartOf\":{\"@id\":\"https:\/\/ievarusa.com\/lv\/#website\"},\"primaryImageOfPage\":{\"@id\":\"https:\/\/ievarusa.com\/lv\/products\/for-success-8mm\/#primaryimage\"},\"image\":{\"@id\":\"https:\/\/ievarusa.com\/lv\/products\/for-success-8mm\/#primaryimage\"},\"thumbnailUrl\":\"https:\/\/ievarusa.com\/wp-content\/uploads\/2024\/11\/Veiksmes-rota-2-scaled.jpg\",\"datePublished\":\"2024-11-12T20:54:45+00:00\",\"dateModified\":\"2025-01-16T10:26:44+00:00\",\"breadcrumb\":{\"@id\":\"https:\/\/ievarusa.com\/lv\/products\/for-success-8mm\/#breadcrumb\"},\"inLanguage\":\"lv-LV\",\"potentialAction\":[{\"@type\":\"ReadAction\",\"target\":[\"https:\/\/ievarusa.com\/lv\/products\/for-success-8mm\/\"]}]},{\"@type\":\"ImageObject\",\"inLanguage\":\"lv-LV\",\"@id\":\"https:\/\/ievarusa.com\/lv\/products\/for-success-8mm\/#primaryimage\",\"url\":\"https:\/\/ievarusa.com\/wp-content\/uploads\/2024\/11\/Veiksmes-rota-2-scaled.jpg\",\"contentUrl\":\"https:\/\/ievarusa.com\/wp-content\/uploads\/2024\/11\/Veiksmes-rota-2-scaled.jpg\",\"width\":1800,\"height\":1800},{\"@type\":\"BreadcrumbList\",\"@id\":\"https:\/\/ievarusa.com\/lv\/products\/for-success-8mm\/#breadcrumb\",\"itemListElement\":[{\"@type\":\"ListItem\",\"position\":1,\"name\":\"Home\",\"item\":\"https:\/\/ievarusa.com\/lv\/\"},{\"@type\":\"ListItem\",\"position\":2,\"name\":\"Shop\",\"item\":\"https:\/\/ievarusa.com\/lv\/shop\/\"},{\"@type\":\"ListItem\",\"position\":3,\"name\":\"For Success 8mm\"}]},{\"@type\":\"WebSite\",\"@id\":\"https:\/\/ievarusa.com\/lv\/#website\",\"url\":\"https:\/\/ievarusa.com\/lv\/\",\"name\":\"Ieva R\u016bsa\",\"description\":\"SunSoulJewelry\",\"publisher\":{\"@id\":\"https:\/\/ievarusa.com\/lv\/#organization\"},\"potentialAction\":[{\"@type\":\"SearchAction\",\"target\":{\"@type\":\"EntryPoint\",\"urlTemplate\":\"https:\/\/ievarusa.com\/lv\/?s={search_term_string}\"},\"query-input\":{\"@type\":\"PropertyValueSpecification\",\"valueRequired\":true,\"valueName\":\"search_term_string\"}}],\"inLanguage\":\"lv-LV\"},{\"@type\":\"Organization\",\"@id\":\"https:\/\/ievarusa.com\/lv\/#organization\",\"name\":\"Ieva R\u016bsa\",\"url\":\"https:\/\/ievarusa.com\/lv\/\",\"logo\":{\"@type\":\"ImageObject\",\"inLanguage\":\"lv-LV\",\"@id\":\"https:\/\/ievarusa.com\/lv\/#\/schema\/logo\/image\/\",\"url\":\"https:\/\/ievarusa.com\/wp-content\/uploads\/2024\/10\/cropped-ieva-rusa-logo.png\",\"contentUrl\":\"https:\/\/ievarusa.com\/wp-content\/uploads\/2024\/10\/cropped-ieva-rusa-logo.png\",\"width\":512,\"height\":512,\"caption\":\"Ieva R\u016bsa\"},\"image\":{\"@id\":\"https:\/\/ievarusa.com\/lv\/#\/schema\/logo\/image\/\"},\"sameAs\":[\"https:\/\/www.facebook.com\/Sunsouljewelry\",\"https:\/\/www.instagram.com\/ieva_rusa\/\"]}]}<\/script>\n<!-- \/ Yoast SEO plugin. -->","yoast_head_json":{"title":"For Success 8mm - Ieva R\u016bsa","robots":{"index":"index","follow":"follow","max-snippet":"max-snippet:-1","max-image-preview":"max-image-preview:large","max-video-preview":"max-video-preview:-1"},"canonical":"https:\/\/ievarusa.com\/lv\/products\/for-success-8mm\/","og_locale":"lv_LV","og_type":"article","og_title":"For Success 8mm - Ieva R\u016bsa","og_description":"Ametrine with Silver Accessories 5mm, Central accessory: Pink Briliant Staryr Sky , 925 silver accessory with zircon,\u00a0 height and width 1.2*1.1cm   Enhances concentration, raises intelligence, and expands consciousness by connecting to our Higher Self  Connects our physical and spiritual plan\u00a0  Activates and develops intuition\u00a0  Connects feminine and masculine energy  Stimulates creative potential  Gives optimism and a good mood  Brings good luck in life","og_url":"https:\/\/ievarusa.com\/lv\/products\/for-success-8mm\/","og_site_name":"Ieva R\u016bsa","article_publisher":"https:\/\/www.facebook.com\/Sunsouljewelry","article_modified_time":"2025-01-16T10:26:44+00:00","twitter_card":"summary_large_image","schema":{"@context":"https:\/\/schema.org","@graph":[{"@type":"WebPage","@id":"https:\/\/ievarusa.com\/lv\/products\/for-success-8mm\/","url":"https:\/\/ievarusa.com\/lv\/products\/for-success-8mm\/","name":"For Success 8mm - Ieva R\u016bsa","isPartOf":{"@id":"https:\/\/ievarusa.com\/lv\/#website"},"primaryImageOfPage":{"@id":"https:\/\/ievarusa.com\/lv\/products\/for-success-8mm\/#primaryimage"},"image":{"@id":"https:\/\/ievarusa.com\/lv\/products\/for-success-8mm\/#primaryimage"},"thumbnailUrl":"https:\/\/ievarusa.com\/wp-content\/uploads\/2024\/11\/Veiksmes-rota-2-scaled.jpg","datePublished":"2024-11-12T20:54:45+00:00","dateModified":"2025-01-16T10:26:44+00:00","breadcrumb":{"@id":"https:\/\/ievarusa.com\/lv\/products\/for-success-8mm\/#breadcrumb"},"inLanguage":"lv-LV","potentialAction":[{"@type":"ReadAction","target":["https:\/\/ievarusa.com\/lv\/products\/for-success-8mm\/"]}]},{"@type":"ImageObject","inLanguage":"lv-LV","@id":"https:\/\/ievarusa.com\/lv\/products\/for-success-8mm\/#primaryimage","url":"https:\/\/ievarusa.com\/wp-content\/uploads\/2024\/11\/Veiksmes-rota-2-scaled.jpg","contentUrl":"https:\/\/ievarusa.com\/wp-content\/uploads\/2024\/11\/Veiksmes-rota-2-scaled.jpg","width":1800,"height":1800},{"@type":"BreadcrumbList","@id":"https:\/\/ievarusa.com\/lv\/products\/for-success-8mm\/#breadcrumb","itemListElement":[{"@type":"ListItem","position":1,"name":"Home","item":"https:\/\/ievarusa.com\/lv\/"},{"@type":"ListItem","position":2,"name":"Shop","item":"https:\/\/ievarusa.com\/lv\/shop\/"},{"@type":"ListItem","position":3,"name":"For Success 8mm"}]},{"@type":"WebSite","@id":"https:\/\/ievarusa.com\/lv\/#website","url":"https:\/\/ievarusa.com\/lv\/","name":"Ieva R\u016bsa","description":"SunSoulJewelry","publisher":{"@id":"https:\/\/ievarusa.com\/lv\/#organization"},"potentialAction":[{"@type":"SearchAction","target":{"@type":"EntryPoint","urlTemplate":"https:\/\/ievarusa.com\/lv\/?s={search_term_string}"},"query-input":{"@type":"PropertyValueSpecification","valueRequired":true,"valueName":"search_term_string"}}],"inLanguage":"lv-LV"},{"@type":"Organization","@id":"https:\/\/ievarusa.com\/lv\/#organization","name":"Ieva R\u016bsa","url":"https:\/\/ievarusa.com\/lv\/","logo":{"@type":"ImageObject","inLanguage":"lv-LV","@id":"https:\/\/ievarusa.com\/lv\/#\/schema\/logo\/image\/","url":"https:\/\/ievarusa.com\/wp-content\/uploads\/2024\/10\/cropped-ieva-rusa-logo.png","contentUrl":"https:\/\/ievarusa.com\/wp-content\/uploads\/2024\/10\/cropped-ieva-rusa-logo.png","width":512,"height":512,"caption":"Ieva R\u016bsa"},"image":{"@id":"https:\/\/ievarusa.com\/lv\/#\/schema\/logo\/image\/"},"sameAs":["https:\/\/www.facebook.com\/Sunsouljewelry","https:\/\/www.instagram.com\/ieva_rusa\/"]}]}},"_links":{"self":[{"href":"https:\/\/ievarusa.com\/lv\/wp-json\/wp\/v2\/product\/1818","targetHints":{"allow":["GET"]}}],"collection":[{"href":"https:\/\/ievarusa.com\/lv\/wp-json\/wp\/v2\/product"}],"about":[{"href":"https:\/\/ievarusa.com\/lv\/wp-json\/wp\/v2\/types\/product"}],"wp:featuredmedia":[{"embeddable":true,"href":"https:\/\/ievarusa.com\/lv\/wp-json\/wp\/v2\/media\/2070"}],"wp:attachment":[{"href":"https:\/\/ievarusa.com\/lv\/wp-json\/wp\/v2\/media?parent=1818"}],"wp:term":[{"taxonomy":"product_brand","embeddable":true,"href":"https:\/\/ievarusa.com\/lv\/wp-json\/wp\/v2\/product_brand?post=1818"},{"taxonomy":"product_cat","embeddable":true,"href":"https:\/\/ievarusa.com\/lv\/wp-json\/wp\/v2\/product_cat?post=1818"},{"taxonomy":"product_tag","embeddable":true,"href":"https:\/\/ievarusa.com\/lv\/wp-json\/wp\/v2\/product_tag?post=1818"}],"curies":[{"name":"wp","href":"https:\/\/api.w.org\/{rel}","templated":true}]}}