{"id":1812,"date":"2024-11-12T20:50:30","date_gmt":"2024-11-12T20:50:30","guid":{"rendered":"http:\/\/ievarusa-eng.local\/?post_type=product&#038;p=1812"},"modified":"2024-12-14T16:50:40","modified_gmt":"2024-12-14T14:50:40","slug":"protection-bracelet-6mm","status":"publish","type":"product","link":"https:\/\/ievarusa.com\/lv\/products\/protection-bracelet-6mm\/","title":{"rendered":"Aizsardz\u012bbas rota 6mm"},"content":{"rendered":"","protected":false},"excerpt":{"rendered":"<p>D\u016bmu kvarcs, Sarkanais Z\u012bdakmens, Meln\u0101 Lava , Roz\u0101 kvarcs, Angel\u012bts , Sudraba Aksesu\u0101ri 4mm, Centr\u0101lais aksesu\u0101rs:, Eleganta sniegp\u0101rsli\u0146a, plat\u012bna p\u0101rkl\u0101jums ar cirkoniju, augstums, platums : 2.6*1.7cm<\/p>\n<ul>\n<li>Neitraliz\u0113 negat\u012bvo ener\u0123iju cilv\u0113ka aur\u0101<\/li>\n<li>Mazina stresu un uztraukumu, atbr\u012bvotaj\u0101 viet\u0101 nesot dv\u0113seles mieru<\/li>\n<li>Sp\u0113j pasarg\u0101t no nelaim\u0113m, skand\u0101liem un str\u012bdiem<\/li>\n<li>Pal\u012bdz p\u0101rvar\u0113t lielus gar\u012bgus un fiziskus sasprindzin\u0101jumus, ce\u013c pa\u0161kontroli<\/li>\n<li>Att\u012bra negat\u012bv\u0101s emocijas<\/li>\n<\/ul>","protected":false},"featured_media":2064,"template":"","meta":[],"product_brand":[],"product_cat":[24,19],"product_tag":[],"class_list":{"0":"post-1812","1":"product","2":"type-product","3":"status-publish","4":"has-post-thumbnail","6":"product_cat-for-women","7":"product_cat-sunsouljewelry","8":"pa_categories-sunsouljewelry","9":"pa_gemstones-angelite","10":"pa_gemstones-black-lava-stone","11":"pa_gemstones-quartz","12":"pa_gemstones-red-silkstone","13":"pa_gender-women","15":"first","16":"instock","17":"shipping-taxable","18":"purchasable","19":"product-type-variable"},"yoast_head":"<!-- This site is optimized with the Yoast SEO plugin v25.2 - https:\/\/yoast.com\/wordpress\/plugins\/seo\/ -->\n<title>Protection Bracelet 6mm - Ieva R\u016bsa<\/title>\n<meta name=\"robots\" content=\"index, follow, max-snippet:-1, max-image-preview:large, max-video-preview:-1\" \/>\n<link rel=\"canonical\" href=\"https:\/\/ievarusa.com\/lv\/products\/protection-bracelet-6mm\/\" \/>\n<meta property=\"og:locale\" content=\"lv_LV\" \/>\n<meta property=\"og:type\" content=\"article\" \/>\n<meta property=\"og:title\" content=\"Protection Bracelet 6mm - Ieva R\u016bsa\" \/>\n<meta property=\"og:description\" content=\"Smoky Quartz, Red Silkstone, Black Lava, Rose Quartz, Angelite, Silver Accessories 4mm, Central charms: Elegant snowflake 925 silver accesory, silver platinium plated , zircon, height, width: 2.6*1.7cm   Neutralises negative energy in a person&#039;s aura  Reduces stress and anxiety, bringing peace of mind to the vacated space  Protects from misfortunes, scandals, and disputes  Helps overcome great mental and physical stress, builds self-control  Clears negative emotions\" \/>\n<meta property=\"og:url\" content=\"https:\/\/ievarusa.com\/lv\/products\/protection-bracelet-6mm\/\" \/>\n<meta property=\"og:site_name\" content=\"Ieva R\u016bsa\" \/>\n<meta property=\"article:publisher\" content=\"https:\/\/www.facebook.com\/Sunsouljewelry\" \/>\n<meta property=\"article:modified_time\" content=\"2024-12-14T14:50:40+00:00\" \/>\n<meta name=\"twitter:card\" content=\"summary_large_image\" \/>\n<script type=\"application\/ld+json\" class=\"yoast-schema-graph\">{\"@context\":\"https:\/\/schema.org\",\"@graph\":[{\"@type\":\"WebPage\",\"@id\":\"https:\/\/ievarusa.com\/lv\/products\/protection-bracelet-6mm\/\",\"url\":\"https:\/\/ievarusa.com\/lv\/products\/protection-bracelet-6mm\/\",\"name\":\"Protection Bracelet 6mm - Ieva R\u016bsa\",\"isPartOf\":{\"@id\":\"https:\/\/ievarusa.com\/lv\/#website\"},\"primaryImageOfPage\":{\"@id\":\"https:\/\/ievarusa.com\/lv\/products\/protection-bracelet-6mm\/#primaryimage\"},\"image\":{\"@id\":\"https:\/\/ievarusa.com\/lv\/products\/protection-bracelet-6mm\/#primaryimage\"},\"thumbnailUrl\":\"https:\/\/ievarusa.com\/wp-content\/uploads\/2024\/11\/Aizsardzibas-rota--scaled.jpg\",\"datePublished\":\"2024-11-12T20:50:30+00:00\",\"dateModified\":\"2024-12-14T14:50:40+00:00\",\"breadcrumb\":{\"@id\":\"https:\/\/ievarusa.com\/lv\/products\/protection-bracelet-6mm\/#breadcrumb\"},\"inLanguage\":\"lv-LV\",\"potentialAction\":[{\"@type\":\"ReadAction\",\"target\":[\"https:\/\/ievarusa.com\/lv\/products\/protection-bracelet-6mm\/\"]}]},{\"@type\":\"ImageObject\",\"inLanguage\":\"lv-LV\",\"@id\":\"https:\/\/ievarusa.com\/lv\/products\/protection-bracelet-6mm\/#primaryimage\",\"url\":\"https:\/\/ievarusa.com\/wp-content\/uploads\/2024\/11\/Aizsardzibas-rota--scaled.jpg\",\"contentUrl\":\"https:\/\/ievarusa.com\/wp-content\/uploads\/2024\/11\/Aizsardzibas-rota--scaled.jpg\",\"width\":1800,\"height\":1800},{\"@type\":\"BreadcrumbList\",\"@id\":\"https:\/\/ievarusa.com\/lv\/products\/protection-bracelet-6mm\/#breadcrumb\",\"itemListElement\":[{\"@type\":\"ListItem\",\"position\":1,\"name\":\"Home\",\"item\":\"https:\/\/ievarusa.com\/lv\/\"},{\"@type\":\"ListItem\",\"position\":2,\"name\":\"Shop\",\"item\":\"https:\/\/ievarusa.com\/lv\/shop\/\"},{\"@type\":\"ListItem\",\"position\":3,\"name\":\"Protection Bracelet 6mm\"}]},{\"@type\":\"WebSite\",\"@id\":\"https:\/\/ievarusa.com\/lv\/#website\",\"url\":\"https:\/\/ievarusa.com\/lv\/\",\"name\":\"Ieva R\u016bsa\",\"description\":\"SunSoulJewelry\",\"publisher\":{\"@id\":\"https:\/\/ievarusa.com\/lv\/#organization\"},\"potentialAction\":[{\"@type\":\"SearchAction\",\"target\":{\"@type\":\"EntryPoint\",\"urlTemplate\":\"https:\/\/ievarusa.com\/lv\/?s={search_term_string}\"},\"query-input\":{\"@type\":\"PropertyValueSpecification\",\"valueRequired\":true,\"valueName\":\"search_term_string\"}}],\"inLanguage\":\"lv-LV\"},{\"@type\":\"Organization\",\"@id\":\"https:\/\/ievarusa.com\/lv\/#organization\",\"name\":\"Ieva R\u016bsa\",\"url\":\"https:\/\/ievarusa.com\/lv\/\",\"logo\":{\"@type\":\"ImageObject\",\"inLanguage\":\"lv-LV\",\"@id\":\"https:\/\/ievarusa.com\/lv\/#\/schema\/logo\/image\/\",\"url\":\"https:\/\/ievarusa.com\/wp-content\/uploads\/2024\/10\/cropped-ieva-rusa-logo.png\",\"contentUrl\":\"https:\/\/ievarusa.com\/wp-content\/uploads\/2024\/10\/cropped-ieva-rusa-logo.png\",\"width\":512,\"height\":512,\"caption\":\"Ieva R\u016bsa\"},\"image\":{\"@id\":\"https:\/\/ievarusa.com\/lv\/#\/schema\/logo\/image\/\"},\"sameAs\":[\"https:\/\/www.facebook.com\/Sunsouljewelry\",\"https:\/\/www.instagram.com\/ieva_rusa\/\"]}]}<\/script>\n<!-- \/ Yoast SEO plugin. -->","yoast_head_json":{"title":"Protection Bracelet 6mm - Ieva R\u016bsa","robots":{"index":"index","follow":"follow","max-snippet":"max-snippet:-1","max-image-preview":"max-image-preview:large","max-video-preview":"max-video-preview:-1"},"canonical":"https:\/\/ievarusa.com\/lv\/products\/protection-bracelet-6mm\/","og_locale":"lv_LV","og_type":"article","og_title":"Protection Bracelet 6mm - Ieva R\u016bsa","og_description":"Smoky Quartz, Red Silkstone, Black Lava, Rose Quartz, Angelite, Silver Accessories 4mm, Central charms: Elegant snowflake 925 silver accesory, silver platinium plated , zircon, height, width: 2.6*1.7cm   Neutralises negative energy in a person's aura  Reduces stress and anxiety, bringing peace of mind to the vacated space  Protects from misfortunes, scandals, and disputes  Helps overcome great mental and physical stress, builds self-control  Clears negative emotions","og_url":"https:\/\/ievarusa.com\/lv\/products\/protection-bracelet-6mm\/","og_site_name":"Ieva R\u016bsa","article_publisher":"https:\/\/www.facebook.com\/Sunsouljewelry","article_modified_time":"2024-12-14T14:50:40+00:00","twitter_card":"summary_large_image","schema":{"@context":"https:\/\/schema.org","@graph":[{"@type":"WebPage","@id":"https:\/\/ievarusa.com\/lv\/products\/protection-bracelet-6mm\/","url":"https:\/\/ievarusa.com\/lv\/products\/protection-bracelet-6mm\/","name":"Protection Bracelet 6mm - Ieva R\u016bsa","isPartOf":{"@id":"https:\/\/ievarusa.com\/lv\/#website"},"primaryImageOfPage":{"@id":"https:\/\/ievarusa.com\/lv\/products\/protection-bracelet-6mm\/#primaryimage"},"image":{"@id":"https:\/\/ievarusa.com\/lv\/products\/protection-bracelet-6mm\/#primaryimage"},"thumbnailUrl":"https:\/\/ievarusa.com\/wp-content\/uploads\/2024\/11\/Aizsardzibas-rota--scaled.jpg","datePublished":"2024-11-12T20:50:30+00:00","dateModified":"2024-12-14T14:50:40+00:00","breadcrumb":{"@id":"https:\/\/ievarusa.com\/lv\/products\/protection-bracelet-6mm\/#breadcrumb"},"inLanguage":"lv-LV","potentialAction":[{"@type":"ReadAction","target":["https:\/\/ievarusa.com\/lv\/products\/protection-bracelet-6mm\/"]}]},{"@type":"ImageObject","inLanguage":"lv-LV","@id":"https:\/\/ievarusa.com\/lv\/products\/protection-bracelet-6mm\/#primaryimage","url":"https:\/\/ievarusa.com\/wp-content\/uploads\/2024\/11\/Aizsardzibas-rota--scaled.jpg","contentUrl":"https:\/\/ievarusa.com\/wp-content\/uploads\/2024\/11\/Aizsardzibas-rota--scaled.jpg","width":1800,"height":1800},{"@type":"BreadcrumbList","@id":"https:\/\/ievarusa.com\/lv\/products\/protection-bracelet-6mm\/#breadcrumb","itemListElement":[{"@type":"ListItem","position":1,"name":"Home","item":"https:\/\/ievarusa.com\/lv\/"},{"@type":"ListItem","position":2,"name":"Shop","item":"https:\/\/ievarusa.com\/lv\/shop\/"},{"@type":"ListItem","position":3,"name":"Protection Bracelet 6mm"}]},{"@type":"WebSite","@id":"https:\/\/ievarusa.com\/lv\/#website","url":"https:\/\/ievarusa.com\/lv\/","name":"Ieva R\u016bsa","description":"SunSoulJewelry","publisher":{"@id":"https:\/\/ievarusa.com\/lv\/#organization"},"potentialAction":[{"@type":"SearchAction","target":{"@type":"EntryPoint","urlTemplate":"https:\/\/ievarusa.com\/lv\/?s={search_term_string}"},"query-input":{"@type":"PropertyValueSpecification","valueRequired":true,"valueName":"search_term_string"}}],"inLanguage":"lv-LV"},{"@type":"Organization","@id":"https:\/\/ievarusa.com\/lv\/#organization","name":"Ieva R\u016bsa","url":"https:\/\/ievarusa.com\/lv\/","logo":{"@type":"ImageObject","inLanguage":"lv-LV","@id":"https:\/\/ievarusa.com\/lv\/#\/schema\/logo\/image\/","url":"https:\/\/ievarusa.com\/wp-content\/uploads\/2024\/10\/cropped-ieva-rusa-logo.png","contentUrl":"https:\/\/ievarusa.com\/wp-content\/uploads\/2024\/10\/cropped-ieva-rusa-logo.png","width":512,"height":512,"caption":"Ieva R\u016bsa"},"image":{"@id":"https:\/\/ievarusa.com\/lv\/#\/schema\/logo\/image\/"},"sameAs":["https:\/\/www.facebook.com\/Sunsouljewelry","https:\/\/www.instagram.com\/ieva_rusa\/"]}]}},"_links":{"self":[{"href":"https:\/\/ievarusa.com\/lv\/wp-json\/wp\/v2\/product\/1812","targetHints":{"allow":["GET"]}}],"collection":[{"href":"https:\/\/ievarusa.com\/lv\/wp-json\/wp\/v2\/product"}],"about":[{"href":"https:\/\/ievarusa.com\/lv\/wp-json\/wp\/v2\/types\/product"}],"wp:featuredmedia":[{"embeddable":true,"href":"https:\/\/ievarusa.com\/lv\/wp-json\/wp\/v2\/media\/2064"}],"wp:attachment":[{"href":"https:\/\/ievarusa.com\/lv\/wp-json\/wp\/v2\/media?parent=1812"}],"wp:term":[{"taxonomy":"product_brand","embeddable":true,"href":"https:\/\/ievarusa.com\/lv\/wp-json\/wp\/v2\/product_brand?post=1812"},{"taxonomy":"product_cat","embeddable":true,"href":"https:\/\/ievarusa.com\/lv\/wp-json\/wp\/v2\/product_cat?post=1812"},{"taxonomy":"product_tag","embeddable":true,"href":"https:\/\/ievarusa.com\/lv\/wp-json\/wp\/v2\/product_tag?post=1812"}],"curies":[{"name":"wp","href":"https:\/\/api.w.org\/{rel}","templated":true}]}}