{"id":1806,"date":"2024-11-12T20:48:44","date_gmt":"2024-11-12T20:48:44","guid":{"rendered":"http:\/\/ievarusa-eng.local\/?post_type=product&#038;p=1806"},"modified":"2025-01-17T13:14:11","modified_gmt":"2025-01-17T11:14:11","slug":"mens-relationship-bracelet-8mm","status":"publish","type":"product","link":"https:\/\/ievarusa.com\/lv\/products\/mens-relationship-bracelet-8mm\/","title":{"rendered":"V\u012brietim Attiec\u012bb\u0101m\/ Attiec\u012bbu rota 8mm"},"content":{"rendered":"","protected":false},"excerpt":{"rendered":"<p>Meln\u0101 Lava, Dv\u0113seles kvarcs, Sudraba aksesu\u0101ri 4mm, 5mm<\/p>\n<ul>\n<li>Pal\u012bdz kontrol\u0113t emocijas un temperamentu<\/li>\n<li>Attur no nep\u0101rdom\u0101tas r\u012bc\u012bbasAttur no nep\u0101rdom\u0101tas r\u012bc\u012bbas<\/li>\n<li>Pal\u012bdz uzlabot attiec\u012bbas un komunik\u0101ciju ar cilv\u0113kiem<\/li>\n<li>Att\u012bsta l\u012bdzj\u016bt\u012bbu, emp\u0101tiju un ieciet\u012bbu, sniedz iek\u0161\u0113ju mieru un harmoniju<\/li>\n<li>Atbalsta partnerattiec\u012bb\u0101s, dzied\u0113 senas emocion\u0101las br\u016bces<\/li>\n<li>Mazina greizsird\u012bbu, dusmas<\/li>\n<li>Klied\u0113 negat\u012bvas domas<\/li>\n<li>Pal\u012bdz lab\u0101k izprast citu cilv\u0113ku emocion\u0101l\u0101s un ment\u0101l\u0101s vajadz\u012bbas<span class=\"Apple-converted-space\">\u00a0<\/span><\/li>\n<\/ul>","protected":false},"featured_media":2031,"template":"","meta":[],"product_brand":[],"product_cat":[19,23],"product_tag":[],"class_list":{"0":"post-1806","1":"product","2":"type-product","3":"status-publish","4":"has-post-thumbnail","6":"product_cat-sunsouljewelry","7":"product_cat-unisex","8":"pa_categories-sunsouljewelry","9":"pa_gemstones-black-lava-stone","10":"pa_gemstones-quartz","11":"pa_gender-unisex","13":"first","14":"instock","15":"shipping-taxable","16":"purchasable","17":"product-type-variable"},"yoast_head":"<!-- This site is optimized with the Yoast SEO plugin v25.2 - https:\/\/yoast.com\/wordpress\/plugins\/seo\/ -->\n<title>Men\u2019s Relationship Bracelet 8mm - Ieva R\u016bsa<\/title>\n<meta name=\"robots\" content=\"index, follow, max-snippet:-1, max-image-preview:large, max-video-preview:-1\" \/>\n<link rel=\"canonical\" href=\"https:\/\/ievarusa.com\/lv\/products\/mens-relationship-bracelet-8mm\/\" \/>\n<meta property=\"og:locale\" content=\"lv_LV\" \/>\n<meta property=\"og:type\" content=\"article\" \/>\n<meta property=\"og:title\" content=\"Men\u2019s Relationship Bracelet 8mm - Ieva R\u016bsa\" \/>\n<meta property=\"og:description\" content=\"Black Lava Stone, Soul Quartz, Silver Accessories 4mm, 5mm   Helps control emotions and temper  Discourages reckless behaviour  Helps improve relationships and communication with people  Develops compassion, empathy, and tolerance, and provides inner peace and harmony  Supports partnerships and heals old emotional wounds  Reduces jealousy and anger  Clears negative thoughts  Offers a better understanding of other people\u2019s mental and emotional needs\u00a0\" \/>\n<meta property=\"og:url\" content=\"https:\/\/ievarusa.com\/lv\/products\/mens-relationship-bracelet-8mm\/\" \/>\n<meta property=\"og:site_name\" content=\"Ieva R\u016bsa\" \/>\n<meta property=\"article:publisher\" content=\"https:\/\/www.facebook.com\/Sunsouljewelry\" \/>\n<meta property=\"article:modified_time\" content=\"2025-01-17T11:14:11+00:00\" \/>\n<meta name=\"twitter:card\" content=\"summary_large_image\" \/>\n<script type=\"application\/ld+json\" class=\"yoast-schema-graph\">{\"@context\":\"https:\/\/schema.org\",\"@graph\":[{\"@type\":\"WebPage\",\"@id\":\"https:\/\/ievarusa.com\/lv\/products\/mens-relationship-bracelet-8mm\/\",\"url\":\"https:\/\/ievarusa.com\/lv\/products\/mens-relationship-bracelet-8mm\/\",\"name\":\"Men\u2019s Relationship Bracelet 8mm - Ieva R\u016bsa\",\"isPartOf\":{\"@id\":\"https:\/\/ievarusa.com\/lv\/#website\"},\"primaryImageOfPage\":{\"@id\":\"https:\/\/ievarusa.com\/lv\/products\/mens-relationship-bracelet-8mm\/#primaryimage\"},\"image\":{\"@id\":\"https:\/\/ievarusa.com\/lv\/products\/mens-relationship-bracelet-8mm\/#primaryimage\"},\"thumbnailUrl\":\"https:\/\/ievarusa.com\/wp-content\/uploads\/2024\/11\/attiecibu-rota-scaled.jpg\",\"datePublished\":\"2024-11-12T20:48:44+00:00\",\"dateModified\":\"2025-01-17T11:14:11+00:00\",\"breadcrumb\":{\"@id\":\"https:\/\/ievarusa.com\/lv\/products\/mens-relationship-bracelet-8mm\/#breadcrumb\"},\"inLanguage\":\"lv-LV\",\"potentialAction\":[{\"@type\":\"ReadAction\",\"target\":[\"https:\/\/ievarusa.com\/lv\/products\/mens-relationship-bracelet-8mm\/\"]}]},{\"@type\":\"ImageObject\",\"inLanguage\":\"lv-LV\",\"@id\":\"https:\/\/ievarusa.com\/lv\/products\/mens-relationship-bracelet-8mm\/#primaryimage\",\"url\":\"https:\/\/ievarusa.com\/wp-content\/uploads\/2024\/11\/attiecibu-rota-scaled.jpg\",\"contentUrl\":\"https:\/\/ievarusa.com\/wp-content\/uploads\/2024\/11\/attiecibu-rota-scaled.jpg\",\"width\":1800,\"height\":1800},{\"@type\":\"BreadcrumbList\",\"@id\":\"https:\/\/ievarusa.com\/lv\/products\/mens-relationship-bracelet-8mm\/#breadcrumb\",\"itemListElement\":[{\"@type\":\"ListItem\",\"position\":1,\"name\":\"Home\",\"item\":\"https:\/\/ievarusa.com\/lv\/\"},{\"@type\":\"ListItem\",\"position\":2,\"name\":\"Shop\",\"item\":\"https:\/\/ievarusa.com\/lv\/shop\/\"},{\"@type\":\"ListItem\",\"position\":3,\"name\":\"Men\u2019s Relationship Bracelet 8mm\"}]},{\"@type\":\"WebSite\",\"@id\":\"https:\/\/ievarusa.com\/lv\/#website\",\"url\":\"https:\/\/ievarusa.com\/lv\/\",\"name\":\"Ieva R\u016bsa\",\"description\":\"SunSoulJewelry\",\"publisher\":{\"@id\":\"https:\/\/ievarusa.com\/lv\/#organization\"},\"potentialAction\":[{\"@type\":\"SearchAction\",\"target\":{\"@type\":\"EntryPoint\",\"urlTemplate\":\"https:\/\/ievarusa.com\/lv\/?s={search_term_string}\"},\"query-input\":{\"@type\":\"PropertyValueSpecification\",\"valueRequired\":true,\"valueName\":\"search_term_string\"}}],\"inLanguage\":\"lv-LV\"},{\"@type\":\"Organization\",\"@id\":\"https:\/\/ievarusa.com\/lv\/#organization\",\"name\":\"Ieva R\u016bsa\",\"url\":\"https:\/\/ievarusa.com\/lv\/\",\"logo\":{\"@type\":\"ImageObject\",\"inLanguage\":\"lv-LV\",\"@id\":\"https:\/\/ievarusa.com\/lv\/#\/schema\/logo\/image\/\",\"url\":\"https:\/\/ievarusa.com\/wp-content\/uploads\/2024\/10\/cropped-ieva-rusa-logo.png\",\"contentUrl\":\"https:\/\/ievarusa.com\/wp-content\/uploads\/2024\/10\/cropped-ieva-rusa-logo.png\",\"width\":512,\"height\":512,\"caption\":\"Ieva R\u016bsa\"},\"image\":{\"@id\":\"https:\/\/ievarusa.com\/lv\/#\/schema\/logo\/image\/\"},\"sameAs\":[\"https:\/\/www.facebook.com\/Sunsouljewelry\",\"https:\/\/www.instagram.com\/ieva_rusa\/\"]}]}<\/script>\n<!-- \/ Yoast SEO plugin. -->","yoast_head_json":{"title":"Men\u2019s Relationship Bracelet 8mm - Ieva R\u016bsa","robots":{"index":"index","follow":"follow","max-snippet":"max-snippet:-1","max-image-preview":"max-image-preview:large","max-video-preview":"max-video-preview:-1"},"canonical":"https:\/\/ievarusa.com\/lv\/products\/mens-relationship-bracelet-8mm\/","og_locale":"lv_LV","og_type":"article","og_title":"Men\u2019s Relationship Bracelet 8mm - Ieva R\u016bsa","og_description":"Black Lava Stone, Soul Quartz, Silver Accessories 4mm, 5mm   Helps control emotions and temper  Discourages reckless behaviour  Helps improve relationships and communication with people  Develops compassion, empathy, and tolerance, and provides inner peace and harmony  Supports partnerships and heals old emotional wounds  Reduces jealousy and anger  Clears negative thoughts  Offers a better understanding of other people\u2019s mental and emotional needs\u00a0","og_url":"https:\/\/ievarusa.com\/lv\/products\/mens-relationship-bracelet-8mm\/","og_site_name":"Ieva R\u016bsa","article_publisher":"https:\/\/www.facebook.com\/Sunsouljewelry","article_modified_time":"2025-01-17T11:14:11+00:00","twitter_card":"summary_large_image","schema":{"@context":"https:\/\/schema.org","@graph":[{"@type":"WebPage","@id":"https:\/\/ievarusa.com\/lv\/products\/mens-relationship-bracelet-8mm\/","url":"https:\/\/ievarusa.com\/lv\/products\/mens-relationship-bracelet-8mm\/","name":"Men\u2019s Relationship Bracelet 8mm - Ieva R\u016bsa","isPartOf":{"@id":"https:\/\/ievarusa.com\/lv\/#website"},"primaryImageOfPage":{"@id":"https:\/\/ievarusa.com\/lv\/products\/mens-relationship-bracelet-8mm\/#primaryimage"},"image":{"@id":"https:\/\/ievarusa.com\/lv\/products\/mens-relationship-bracelet-8mm\/#primaryimage"},"thumbnailUrl":"https:\/\/ievarusa.com\/wp-content\/uploads\/2024\/11\/attiecibu-rota-scaled.jpg","datePublished":"2024-11-12T20:48:44+00:00","dateModified":"2025-01-17T11:14:11+00:00","breadcrumb":{"@id":"https:\/\/ievarusa.com\/lv\/products\/mens-relationship-bracelet-8mm\/#breadcrumb"},"inLanguage":"lv-LV","potentialAction":[{"@type":"ReadAction","target":["https:\/\/ievarusa.com\/lv\/products\/mens-relationship-bracelet-8mm\/"]}]},{"@type":"ImageObject","inLanguage":"lv-LV","@id":"https:\/\/ievarusa.com\/lv\/products\/mens-relationship-bracelet-8mm\/#primaryimage","url":"https:\/\/ievarusa.com\/wp-content\/uploads\/2024\/11\/attiecibu-rota-scaled.jpg","contentUrl":"https:\/\/ievarusa.com\/wp-content\/uploads\/2024\/11\/attiecibu-rota-scaled.jpg","width":1800,"height":1800},{"@type":"BreadcrumbList","@id":"https:\/\/ievarusa.com\/lv\/products\/mens-relationship-bracelet-8mm\/#breadcrumb","itemListElement":[{"@type":"ListItem","position":1,"name":"Home","item":"https:\/\/ievarusa.com\/lv\/"},{"@type":"ListItem","position":2,"name":"Shop","item":"https:\/\/ievarusa.com\/lv\/shop\/"},{"@type":"ListItem","position":3,"name":"Men\u2019s Relationship Bracelet 8mm"}]},{"@type":"WebSite","@id":"https:\/\/ievarusa.com\/lv\/#website","url":"https:\/\/ievarusa.com\/lv\/","name":"Ieva R\u016bsa","description":"SunSoulJewelry","publisher":{"@id":"https:\/\/ievarusa.com\/lv\/#organization"},"potentialAction":[{"@type":"SearchAction","target":{"@type":"EntryPoint","urlTemplate":"https:\/\/ievarusa.com\/lv\/?s={search_term_string}"},"query-input":{"@type":"PropertyValueSpecification","valueRequired":true,"valueName":"search_term_string"}}],"inLanguage":"lv-LV"},{"@type":"Organization","@id":"https:\/\/ievarusa.com\/lv\/#organization","name":"Ieva R\u016bsa","url":"https:\/\/ievarusa.com\/lv\/","logo":{"@type":"ImageObject","inLanguage":"lv-LV","@id":"https:\/\/ievarusa.com\/lv\/#\/schema\/logo\/image\/","url":"https:\/\/ievarusa.com\/wp-content\/uploads\/2024\/10\/cropped-ieva-rusa-logo.png","contentUrl":"https:\/\/ievarusa.com\/wp-content\/uploads\/2024\/10\/cropped-ieva-rusa-logo.png","width":512,"height":512,"caption":"Ieva R\u016bsa"},"image":{"@id":"https:\/\/ievarusa.com\/lv\/#\/schema\/logo\/image\/"},"sameAs":["https:\/\/www.facebook.com\/Sunsouljewelry","https:\/\/www.instagram.com\/ieva_rusa\/"]}]}},"_links":{"self":[{"href":"https:\/\/ievarusa.com\/lv\/wp-json\/wp\/v2\/product\/1806","targetHints":{"allow":["GET"]}}],"collection":[{"href":"https:\/\/ievarusa.com\/lv\/wp-json\/wp\/v2\/product"}],"about":[{"href":"https:\/\/ievarusa.com\/lv\/wp-json\/wp\/v2\/types\/product"}],"wp:featuredmedia":[{"embeddable":true,"href":"https:\/\/ievarusa.com\/lv\/wp-json\/wp\/v2\/media\/2031"}],"wp:attachment":[{"href":"https:\/\/ievarusa.com\/lv\/wp-json\/wp\/v2\/media?parent=1806"}],"wp:term":[{"taxonomy":"product_brand","embeddable":true,"href":"https:\/\/ievarusa.com\/lv\/wp-json\/wp\/v2\/product_brand?post=1806"},{"taxonomy":"product_cat","embeddable":true,"href":"https:\/\/ievarusa.com\/lv\/wp-json\/wp\/v2\/product_cat?post=1806"},{"taxonomy":"product_tag","embeddable":true,"href":"https:\/\/ievarusa.com\/lv\/wp-json\/wp\/v2\/product_tag?post=1806"}],"curies":[{"name":"wp","href":"https:\/\/api.w.org\/{rel}","templated":true}]}}