{"id":1794,"date":"2024-11-12T20:45:04","date_gmt":"2024-11-12T20:45:04","guid":{"rendered":"http:\/\/ievarusa-eng.local\/?post_type=product&#038;p=1794"},"modified":"2025-01-17T13:15:02","modified_gmt":"2025-01-17T11:15:02","slug":"for-confidence-6mm","status":"publish","type":"product","link":"https:\/\/ievarusa.com\/lv\/products\/for-confidence-6mm\/","title":{"rendered":"P\u0101rliec\u012bbai 6mm"},"content":{"rendered":"","protected":false},"excerpt":{"rendered":"<p>Asins Akmens, Ah\u0101ts Za\u013cais, Hemat\u012bts, Sudraba aksesu\u0101ri 4mm, 5mm<\/p>\n<ul>\n<li>Dod p\u0101rliec\u012bbu par sevi<\/li>\n<li>Papla\u0161ina apzi\u0146u un atbr\u012bvo no ierobe\u017eojumiem<\/li>\n<li>Stimul\u0113 pr\u0101ta skaidr\u012bbu<\/li>\n<li>Stiprina raksturu, \u013cauj justies dro\u0161am un stabilam<span class=\"Apple-converted-space\">\u00a0<\/span><\/li>\n<li>Nes veiksmi un ce\u013c optimismu, mazina bailes<\/li>\n<li>Vairo\u00a0gribassp\u0113ku, m\u0113r\u0137tiec\u012bbu, drosmi un pa\u0161pa\u013c\u0101v\u012bbu\u00a0saviem sp\u0113kiem<\/li>\n<\/ul>","protected":false},"featured_media":2036,"template":"","meta":[],"product_brand":[],"product_cat":[19,23],"product_tag":[],"class_list":{"0":"post-1794","1":"product","2":"type-product","3":"status-publish","4":"has-post-thumbnail","6":"product_cat-sunsouljewelry","7":"product_cat-unisex","8":"pa_categories-sunsouljewelry","9":"pa_gemstones-bloodstone","10":"pa_gemstones-hematite","11":"pa_gender-unisex","13":"first","14":"instock","15":"shipping-taxable","16":"purchasable","17":"product-type-variable"},"yoast_head":"<!-- This site is optimized with the Yoast SEO plugin v25.2 - https:\/\/yoast.com\/wordpress\/plugins\/seo\/ -->\n<title>For Confidence 6mm - Ieva R\u016bsa<\/title>\n<meta name=\"robots\" content=\"index, follow, max-snippet:-1, max-image-preview:large, max-video-preview:-1\" \/>\n<link rel=\"canonical\" href=\"https:\/\/ievarusa.com\/lv\/products\/for-confidence-6mm\/\" \/>\n<meta property=\"og:locale\" content=\"lv_LV\" \/>\n<meta property=\"og:type\" content=\"article\" \/>\n<meta property=\"og:title\" content=\"For Confidence 6mm - Ieva R\u016bsa\" \/>\n<meta property=\"og:description\" content=\"Bloodstone, Green Agate, Hematite, Silver Accessories 4mm, 5mm   Gives self-confidence  Expands consciousness and releases limitations  Stimulates mental clarity  Strengthens character and gives a feeling of safety and stability\u00a0  Brings good fortune, raises optimism, and reduces fear  Increases willpower, determination, courage, and self-confidence\" \/>\n<meta property=\"og:url\" content=\"https:\/\/ievarusa.com\/lv\/products\/for-confidence-6mm\/\" \/>\n<meta property=\"og:site_name\" content=\"Ieva R\u016bsa\" \/>\n<meta property=\"article:publisher\" content=\"https:\/\/www.facebook.com\/Sunsouljewelry\" \/>\n<meta property=\"article:modified_time\" content=\"2025-01-17T11:15:02+00:00\" \/>\n<meta name=\"twitter:card\" content=\"summary_large_image\" \/>\n<script type=\"application\/ld+json\" class=\"yoast-schema-graph\">{\"@context\":\"https:\/\/schema.org\",\"@graph\":[{\"@type\":\"WebPage\",\"@id\":\"https:\/\/ievarusa.com\/lv\/products\/for-confidence-6mm\/\",\"url\":\"https:\/\/ievarusa.com\/lv\/products\/for-confidence-6mm\/\",\"name\":\"For Confidence 6mm - Ieva R\u016bsa\",\"isPartOf\":{\"@id\":\"https:\/\/ievarusa.com\/lv\/#website\"},\"primaryImageOfPage\":{\"@id\":\"https:\/\/ievarusa.com\/lv\/products\/for-confidence-6mm\/#primaryimage\"},\"image\":{\"@id\":\"https:\/\/ievarusa.com\/lv\/products\/for-confidence-6mm\/#primaryimage\"},\"thumbnailUrl\":\"https:\/\/ievarusa.com\/wp-content\/uploads\/2024\/11\/parliecibai-scaled.jpg\",\"datePublished\":\"2024-11-12T20:45:04+00:00\",\"dateModified\":\"2025-01-17T11:15:02+00:00\",\"breadcrumb\":{\"@id\":\"https:\/\/ievarusa.com\/lv\/products\/for-confidence-6mm\/#breadcrumb\"},\"inLanguage\":\"lv-LV\",\"potentialAction\":[{\"@type\":\"ReadAction\",\"target\":[\"https:\/\/ievarusa.com\/lv\/products\/for-confidence-6mm\/\"]}]},{\"@type\":\"ImageObject\",\"inLanguage\":\"lv-LV\",\"@id\":\"https:\/\/ievarusa.com\/lv\/products\/for-confidence-6mm\/#primaryimage\",\"url\":\"https:\/\/ievarusa.com\/wp-content\/uploads\/2024\/11\/parliecibai-scaled.jpg\",\"contentUrl\":\"https:\/\/ievarusa.com\/wp-content\/uploads\/2024\/11\/parliecibai-scaled.jpg\",\"width\":1800,\"height\":1800},{\"@type\":\"BreadcrumbList\",\"@id\":\"https:\/\/ievarusa.com\/lv\/products\/for-confidence-6mm\/#breadcrumb\",\"itemListElement\":[{\"@type\":\"ListItem\",\"position\":1,\"name\":\"Home\",\"item\":\"https:\/\/ievarusa.com\/lv\/\"},{\"@type\":\"ListItem\",\"position\":2,\"name\":\"Shop\",\"item\":\"https:\/\/ievarusa.com\/lv\/shop\/\"},{\"@type\":\"ListItem\",\"position\":3,\"name\":\"For Confidence 6mm\"}]},{\"@type\":\"WebSite\",\"@id\":\"https:\/\/ievarusa.com\/lv\/#website\",\"url\":\"https:\/\/ievarusa.com\/lv\/\",\"name\":\"Ieva R\u016bsa\",\"description\":\"SunSoulJewelry\",\"publisher\":{\"@id\":\"https:\/\/ievarusa.com\/lv\/#organization\"},\"potentialAction\":[{\"@type\":\"SearchAction\",\"target\":{\"@type\":\"EntryPoint\",\"urlTemplate\":\"https:\/\/ievarusa.com\/lv\/?s={search_term_string}\"},\"query-input\":{\"@type\":\"PropertyValueSpecification\",\"valueRequired\":true,\"valueName\":\"search_term_string\"}}],\"inLanguage\":\"lv-LV\"},{\"@type\":\"Organization\",\"@id\":\"https:\/\/ievarusa.com\/lv\/#organization\",\"name\":\"Ieva R\u016bsa\",\"url\":\"https:\/\/ievarusa.com\/lv\/\",\"logo\":{\"@type\":\"ImageObject\",\"inLanguage\":\"lv-LV\",\"@id\":\"https:\/\/ievarusa.com\/lv\/#\/schema\/logo\/image\/\",\"url\":\"https:\/\/ievarusa.com\/wp-content\/uploads\/2024\/10\/cropped-ieva-rusa-logo.png\",\"contentUrl\":\"https:\/\/ievarusa.com\/wp-content\/uploads\/2024\/10\/cropped-ieva-rusa-logo.png\",\"width\":512,\"height\":512,\"caption\":\"Ieva R\u016bsa\"},\"image\":{\"@id\":\"https:\/\/ievarusa.com\/lv\/#\/schema\/logo\/image\/\"},\"sameAs\":[\"https:\/\/www.facebook.com\/Sunsouljewelry\",\"https:\/\/www.instagram.com\/ieva_rusa\/\"]}]}<\/script>\n<!-- \/ Yoast SEO plugin. -->","yoast_head_json":{"title":"For Confidence 6mm - Ieva R\u016bsa","robots":{"index":"index","follow":"follow","max-snippet":"max-snippet:-1","max-image-preview":"max-image-preview:large","max-video-preview":"max-video-preview:-1"},"canonical":"https:\/\/ievarusa.com\/lv\/products\/for-confidence-6mm\/","og_locale":"lv_LV","og_type":"article","og_title":"For Confidence 6mm - Ieva R\u016bsa","og_description":"Bloodstone, Green Agate, Hematite, Silver Accessories 4mm, 5mm   Gives self-confidence  Expands consciousness and releases limitations  Stimulates mental clarity  Strengthens character and gives a feeling of safety and stability\u00a0  Brings good fortune, raises optimism, and reduces fear  Increases willpower, determination, courage, and self-confidence","og_url":"https:\/\/ievarusa.com\/lv\/products\/for-confidence-6mm\/","og_site_name":"Ieva R\u016bsa","article_publisher":"https:\/\/www.facebook.com\/Sunsouljewelry","article_modified_time":"2025-01-17T11:15:02+00:00","twitter_card":"summary_large_image","schema":{"@context":"https:\/\/schema.org","@graph":[{"@type":"WebPage","@id":"https:\/\/ievarusa.com\/lv\/products\/for-confidence-6mm\/","url":"https:\/\/ievarusa.com\/lv\/products\/for-confidence-6mm\/","name":"For Confidence 6mm - Ieva R\u016bsa","isPartOf":{"@id":"https:\/\/ievarusa.com\/lv\/#website"},"primaryImageOfPage":{"@id":"https:\/\/ievarusa.com\/lv\/products\/for-confidence-6mm\/#primaryimage"},"image":{"@id":"https:\/\/ievarusa.com\/lv\/products\/for-confidence-6mm\/#primaryimage"},"thumbnailUrl":"https:\/\/ievarusa.com\/wp-content\/uploads\/2024\/11\/parliecibai-scaled.jpg","datePublished":"2024-11-12T20:45:04+00:00","dateModified":"2025-01-17T11:15:02+00:00","breadcrumb":{"@id":"https:\/\/ievarusa.com\/lv\/products\/for-confidence-6mm\/#breadcrumb"},"inLanguage":"lv-LV","potentialAction":[{"@type":"ReadAction","target":["https:\/\/ievarusa.com\/lv\/products\/for-confidence-6mm\/"]}]},{"@type":"ImageObject","inLanguage":"lv-LV","@id":"https:\/\/ievarusa.com\/lv\/products\/for-confidence-6mm\/#primaryimage","url":"https:\/\/ievarusa.com\/wp-content\/uploads\/2024\/11\/parliecibai-scaled.jpg","contentUrl":"https:\/\/ievarusa.com\/wp-content\/uploads\/2024\/11\/parliecibai-scaled.jpg","width":1800,"height":1800},{"@type":"BreadcrumbList","@id":"https:\/\/ievarusa.com\/lv\/products\/for-confidence-6mm\/#breadcrumb","itemListElement":[{"@type":"ListItem","position":1,"name":"Home","item":"https:\/\/ievarusa.com\/lv\/"},{"@type":"ListItem","position":2,"name":"Shop","item":"https:\/\/ievarusa.com\/lv\/shop\/"},{"@type":"ListItem","position":3,"name":"For Confidence 6mm"}]},{"@type":"WebSite","@id":"https:\/\/ievarusa.com\/lv\/#website","url":"https:\/\/ievarusa.com\/lv\/","name":"Ieva R\u016bsa","description":"SunSoulJewelry","publisher":{"@id":"https:\/\/ievarusa.com\/lv\/#organization"},"potentialAction":[{"@type":"SearchAction","target":{"@type":"EntryPoint","urlTemplate":"https:\/\/ievarusa.com\/lv\/?s={search_term_string}"},"query-input":{"@type":"PropertyValueSpecification","valueRequired":true,"valueName":"search_term_string"}}],"inLanguage":"lv-LV"},{"@type":"Organization","@id":"https:\/\/ievarusa.com\/lv\/#organization","name":"Ieva R\u016bsa","url":"https:\/\/ievarusa.com\/lv\/","logo":{"@type":"ImageObject","inLanguage":"lv-LV","@id":"https:\/\/ievarusa.com\/lv\/#\/schema\/logo\/image\/","url":"https:\/\/ievarusa.com\/wp-content\/uploads\/2024\/10\/cropped-ieva-rusa-logo.png","contentUrl":"https:\/\/ievarusa.com\/wp-content\/uploads\/2024\/10\/cropped-ieva-rusa-logo.png","width":512,"height":512,"caption":"Ieva R\u016bsa"},"image":{"@id":"https:\/\/ievarusa.com\/lv\/#\/schema\/logo\/image\/"},"sameAs":["https:\/\/www.facebook.com\/Sunsouljewelry","https:\/\/www.instagram.com\/ieva_rusa\/"]}]}},"_links":{"self":[{"href":"https:\/\/ievarusa.com\/lv\/wp-json\/wp\/v2\/product\/1794","targetHints":{"allow":["GET"]}}],"collection":[{"href":"https:\/\/ievarusa.com\/lv\/wp-json\/wp\/v2\/product"}],"about":[{"href":"https:\/\/ievarusa.com\/lv\/wp-json\/wp\/v2\/types\/product"}],"wp:featuredmedia":[{"embeddable":true,"href":"https:\/\/ievarusa.com\/lv\/wp-json\/wp\/v2\/media\/2036"}],"wp:attachment":[{"href":"https:\/\/ievarusa.com\/lv\/wp-json\/wp\/v2\/media?parent=1794"}],"wp:term":[{"taxonomy":"product_brand","embeddable":true,"href":"https:\/\/ievarusa.com\/lv\/wp-json\/wp\/v2\/product_brand?post=1794"},{"taxonomy":"product_cat","embeddable":true,"href":"https:\/\/ievarusa.com\/lv\/wp-json\/wp\/v2\/product_cat?post=1794"},{"taxonomy":"product_tag","embeddable":true,"href":"https:\/\/ievarusa.com\/lv\/wp-json\/wp\/v2\/product_tag?post=1794"}],"curies":[{"name":"wp","href":"https:\/\/api.w.org\/{rel}","templated":true}]}}