{"id":1671,"date":"2024-10-20T14:50:20","date_gmt":"2024-10-20T14:50:20","guid":{"rendered":"http:\/\/ievarusa-eng.local\/?post_type=product&#038;p=1671"},"modified":"2025-09-18T15:04:45","modified_gmt":"2025-09-18T13:04:45","slug":"individual-transformation-programme","status":"publish","type":"product","link":"https:\/\/ievarusa.com\/lv\/products\/individual-transformation-programme\/","title":{"rendered":"Individu\u0101l\u0101 transform\u0101cijas programma"},"content":{"rendered":"","protected":false},"excerpt":{"rendered":"<p><strong>Personaliz\u0113ta programam:<\/strong> \u2013 Tie\u0161i Tev izstr\u0101d\u0101tas individu\u0101l\u0101s programmas 5 tik\u0161an\u0101s reizes. Vienas nodarb\u012bbas ilgums 90 min.<\/p>\n<p style=\"font-weight: 400;\">Individu\u0101l\u0101s transform\u0101cijas programmas izstr\u0101de sniedz iev\u0113rojamu ieguvumu gan person\u012bgaj\u0101, gan gar\u012bgaj\u0101 l\u012bmen\u012b,  nodor\u0161inot emocion\u0101lo l\u012bdzsvaru,  ieg\u016bstot iek\u0161\u0113ju mieru,  t\u0101d\u0101 veid\u0101 veicinot person\u012bgo izaugsmi un dz\u012bves  kvalit\u0101tes uzlabo\u0161anu. \u0160\u0101da programma ir noder\u012bgs instruments tiem, kas v\u0113las veikt b\u016btiskas p\u0101rmai\u0146as sav\u0101 dz\u012bv\u0113, att\u012bstot jaunas prasmes, uzlabojot attiec\u012bbas un dz\u012bvojot harmonij\u0101, autentiski ar sevi un pasauli.<\/p>\n<ul>\n<li style=\"font-weight: 400;\">Programma pal\u012bdz uzlabot visp\u0101r\u0113jo dz\u012bves kvalit\u0101ti, veicinot iek\u0161\u0113jo mieru, l\u012bdzsvaru un labkl\u0101j\u012bbu<\/li>\n<li style=\"font-weight: 400;\">Uzlabota fizisk\u0101 un emocion\u0101l\u0101 vesel\u012bba, palielin\u0101ts gar\u012bgais sp\u0113ks un dz\u012bvotsp\u0113ja \u013cauj dz\u012bvot pilnv\u0113rt\u012bg\u0101ku dz\u012bvi<\/li>\n<li style=\"font-weight: 400;\">Pal\u012bdz saprast savas stipr\u0101s puses, v\u0101jos punktus, p\u0101rliec\u012bbas un ieradumus, kas nepiecie\u0161ami, lai uzlabotu savu dz\u012bvi<\/li>\n<li style=\"font-weight: 400;\">\u013bauj fokus\u0113ties uz konkr\u0113tiem dz\u012bves aspektiem, kas nepiecie\u0161ami transform\u0101cijai, veicinot dzi\u013c\u0101ku pa\u0161izpratni un pa\u0161atkl\u0101smi<\/li>\n<li style=\"font-weight: 400;\">Programmas rezult\u0101t\u0101 k\u013c\u016bstot apmierin\u0101t\u0101kam  ar sevi un dz\u012bvi kopum\u0101<\/li>\n<\/ul>","protected":false},"featured_media":2616,"template":"","meta":[],"product_brand":[],"product_cat":[18,78],"product_tag":[],"class_list":{"0":"post-1671","1":"product","2":"type-product","3":"status-publish","4":"has-post-thumbnail","6":"product_cat-individual-sessions","7":"product_cat-services","8":"pa_categories-individual-sessions","10":"first","11":"instock","12":"virtual","13":"purchasable","14":"product-type-simple"},"yoast_head":"<!-- This site is optimized with the Yoast SEO plugin v25.2 - https:\/\/yoast.com\/wordpress\/plugins\/seo\/ -->\n<title>Individual Transformation Programme - Ieva R\u016bsa<\/title>\n<meta name=\"robots\" content=\"index, follow, max-snippet:-1, max-image-preview:large, max-video-preview:-1\" \/>\n<link rel=\"canonical\" href=\"https:\/\/ievarusa.com\/lv\/products\/individual-transformation-programme\/\" \/>\n<meta property=\"og:locale\" content=\"lv_LV\" \/>\n<meta property=\"og:type\" content=\"article\" \/>\n<meta property=\"og:title\" content=\"Individual Transformation Programme - Ieva R\u016bsa\" \/>\n<meta property=\"og:description\" content=\"Personalized Package \u2013 Customized individual programs designed specifically for you with 5 sessions. Each session lasts 90 minutes. The development of an individual transformation program provides significant benefits both on a personal and spiritual level, promoting personal growth, emotional balance, and an improved quality of life. Such a program is a valuable tool for those seeking to make significant changes in their life, developing new skills, improving relationships, and living in harmony and authenticity with themselves and the world.    The program helps improve overall quality of life by fostering inner peace, balance, and well-being  Improved physical and emotional health, increased mental strength, and vitality allow for a more fulfilling life  Helps understand your strengths, weaknesses, beliefs, and habits that are necessary to improve your life  Allows you to focus on specific aspects of life that require transformation, fostering deeper self-awareness and self-discovery  As a result of the program, individuals become more satisfied with themselves and their life in general\" \/>\n<meta property=\"og:url\" content=\"https:\/\/ievarusa.com\/lv\/products\/individual-transformation-programme\/\" \/>\n<meta property=\"og:site_name\" content=\"Ieva R\u016bsa\" \/>\n<meta property=\"article:publisher\" content=\"https:\/\/www.facebook.com\/Sunsouljewelry\" \/>\n<meta property=\"article:modified_time\" content=\"2025-09-18T13:04:45+00:00\" \/>\n<meta property=\"og:image\" content=\"https:\/\/ievarusa.com\/wp-content\/uploads\/2024\/10\/DSCF7693-scaled.jpg\" \/>\n\t<meta property=\"og:image:width\" content=\"1706\" \/>\n\t<meta property=\"og:image:height\" content=\"2560\" \/>\n\t<meta property=\"og:image:type\" content=\"image\/jpeg\" \/>\n<meta name=\"twitter:card\" content=\"summary_large_image\" \/>\n<script type=\"application\/ld+json\" class=\"yoast-schema-graph\">{\"@context\":\"https:\/\/schema.org\",\"@graph\":[{\"@type\":\"WebPage\",\"@id\":\"https:\/\/ievarusa.com\/lv\/products\/individual-transformation-programme\/\",\"url\":\"https:\/\/ievarusa.com\/lv\/products\/individual-transformation-programme\/\",\"name\":\"Individual Transformation Programme - Ieva R\u016bsa\",\"isPartOf\":{\"@id\":\"https:\/\/ievarusa.com\/lv\/#website\"},\"primaryImageOfPage\":{\"@id\":\"https:\/\/ievarusa.com\/lv\/products\/individual-transformation-programme\/#primaryimage\"},\"image\":{\"@id\":\"https:\/\/ievarusa.com\/lv\/products\/individual-transformation-programme\/#primaryimage\"},\"thumbnailUrl\":\"https:\/\/ievarusa.com\/wp-content\/uploads\/2024\/10\/DSCF7693-scaled.jpg\",\"datePublished\":\"2024-10-20T14:50:20+00:00\",\"dateModified\":\"2025-09-18T13:04:45+00:00\",\"breadcrumb\":{\"@id\":\"https:\/\/ievarusa.com\/lv\/products\/individual-transformation-programme\/#breadcrumb\"},\"inLanguage\":\"lv-LV\",\"potentialAction\":[{\"@type\":\"ReadAction\",\"target\":[\"https:\/\/ievarusa.com\/lv\/products\/individual-transformation-programme\/\"]}]},{\"@type\":\"ImageObject\",\"inLanguage\":\"lv-LV\",\"@id\":\"https:\/\/ievarusa.com\/lv\/products\/individual-transformation-programme\/#primaryimage\",\"url\":\"https:\/\/ievarusa.com\/wp-content\/uploads\/2024\/10\/DSCF7693-scaled.jpg\",\"contentUrl\":\"https:\/\/ievarusa.com\/wp-content\/uploads\/2024\/10\/DSCF7693-scaled.jpg\",\"width\":1706,\"height\":2560},{\"@type\":\"BreadcrumbList\",\"@id\":\"https:\/\/ievarusa.com\/lv\/products\/individual-transformation-programme\/#breadcrumb\",\"itemListElement\":[{\"@type\":\"ListItem\",\"position\":1,\"name\":\"Home\",\"item\":\"https:\/\/ievarusa.com\/lv\/\"},{\"@type\":\"ListItem\",\"position\":2,\"name\":\"Shop\",\"item\":\"https:\/\/ievarusa.com\/lv\/shop\/\"},{\"@type\":\"ListItem\",\"position\":3,\"name\":\"Individual Transformation Programme\"}]},{\"@type\":\"WebSite\",\"@id\":\"https:\/\/ievarusa.com\/lv\/#website\",\"url\":\"https:\/\/ievarusa.com\/lv\/\",\"name\":\"Ieva R\u016bsa\",\"description\":\"SunSoulJewelry\",\"publisher\":{\"@id\":\"https:\/\/ievarusa.com\/lv\/#organization\"},\"potentialAction\":[{\"@type\":\"SearchAction\",\"target\":{\"@type\":\"EntryPoint\",\"urlTemplate\":\"https:\/\/ievarusa.com\/lv\/?s={search_term_string}\"},\"query-input\":{\"@type\":\"PropertyValueSpecification\",\"valueRequired\":true,\"valueName\":\"search_term_string\"}}],\"inLanguage\":\"lv-LV\"},{\"@type\":\"Organization\",\"@id\":\"https:\/\/ievarusa.com\/lv\/#organization\",\"name\":\"Ieva R\u016bsa\",\"url\":\"https:\/\/ievarusa.com\/lv\/\",\"logo\":{\"@type\":\"ImageObject\",\"inLanguage\":\"lv-LV\",\"@id\":\"https:\/\/ievarusa.com\/lv\/#\/schema\/logo\/image\/\",\"url\":\"https:\/\/ievarusa.com\/wp-content\/uploads\/2024\/10\/cropped-ieva-rusa-logo.png\",\"contentUrl\":\"https:\/\/ievarusa.com\/wp-content\/uploads\/2024\/10\/cropped-ieva-rusa-logo.png\",\"width\":512,\"height\":512,\"caption\":\"Ieva R\u016bsa\"},\"image\":{\"@id\":\"https:\/\/ievarusa.com\/lv\/#\/schema\/logo\/image\/\"},\"sameAs\":[\"https:\/\/www.facebook.com\/Sunsouljewelry\",\"https:\/\/www.instagram.com\/ieva_rusa\/\"]}]}<\/script>\n<!-- \/ Yoast SEO plugin. -->","yoast_head_json":{"title":"Individual Transformation Programme - Ieva R\u016bsa","robots":{"index":"index","follow":"follow","max-snippet":"max-snippet:-1","max-image-preview":"max-image-preview:large","max-video-preview":"max-video-preview:-1"},"canonical":"https:\/\/ievarusa.com\/lv\/products\/individual-transformation-programme\/","og_locale":"lv_LV","og_type":"article","og_title":"Individual Transformation Programme - Ieva R\u016bsa","og_description":"Personalized Package \u2013 Customized individual programs designed specifically for you with 5 sessions. Each session lasts 90 minutes. The development of an individual transformation program provides significant benefits both on a personal and spiritual level, promoting personal growth, emotional balance, and an improved quality of life. Such a program is a valuable tool for those seeking to make significant changes in their life, developing new skills, improving relationships, and living in harmony and authenticity with themselves and the world.    The program helps improve overall quality of life by fostering inner peace, balance, and well-being  Improved physical and emotional health, increased mental strength, and vitality allow for a more fulfilling life  Helps understand your strengths, weaknesses, beliefs, and habits that are necessary to improve your life  Allows you to focus on specific aspects of life that require transformation, fostering deeper self-awareness and self-discovery  As a result of the program, individuals become more satisfied with themselves and their life in general","og_url":"https:\/\/ievarusa.com\/lv\/products\/individual-transformation-programme\/","og_site_name":"Ieva R\u016bsa","article_publisher":"https:\/\/www.facebook.com\/Sunsouljewelry","article_modified_time":"2025-09-18T13:04:45+00:00","og_image":[{"width":1706,"height":2560,"url":"https:\/\/ievarusa.com\/wp-content\/uploads\/2024\/10\/DSCF7693-scaled.jpg","type":"image\/jpeg"}],"twitter_card":"summary_large_image","schema":{"@context":"https:\/\/schema.org","@graph":[{"@type":"WebPage","@id":"https:\/\/ievarusa.com\/lv\/products\/individual-transformation-programme\/","url":"https:\/\/ievarusa.com\/lv\/products\/individual-transformation-programme\/","name":"Individual Transformation Programme - Ieva R\u016bsa","isPartOf":{"@id":"https:\/\/ievarusa.com\/lv\/#website"},"primaryImageOfPage":{"@id":"https:\/\/ievarusa.com\/lv\/products\/individual-transformation-programme\/#primaryimage"},"image":{"@id":"https:\/\/ievarusa.com\/lv\/products\/individual-transformation-programme\/#primaryimage"},"thumbnailUrl":"https:\/\/ievarusa.com\/wp-content\/uploads\/2024\/10\/DSCF7693-scaled.jpg","datePublished":"2024-10-20T14:50:20+00:00","dateModified":"2025-09-18T13:04:45+00:00","breadcrumb":{"@id":"https:\/\/ievarusa.com\/lv\/products\/individual-transformation-programme\/#breadcrumb"},"inLanguage":"lv-LV","potentialAction":[{"@type":"ReadAction","target":["https:\/\/ievarusa.com\/lv\/products\/individual-transformation-programme\/"]}]},{"@type":"ImageObject","inLanguage":"lv-LV","@id":"https:\/\/ievarusa.com\/lv\/products\/individual-transformation-programme\/#primaryimage","url":"https:\/\/ievarusa.com\/wp-content\/uploads\/2024\/10\/DSCF7693-scaled.jpg","contentUrl":"https:\/\/ievarusa.com\/wp-content\/uploads\/2024\/10\/DSCF7693-scaled.jpg","width":1706,"height":2560},{"@type":"BreadcrumbList","@id":"https:\/\/ievarusa.com\/lv\/products\/individual-transformation-programme\/#breadcrumb","itemListElement":[{"@type":"ListItem","position":1,"name":"Home","item":"https:\/\/ievarusa.com\/lv\/"},{"@type":"ListItem","position":2,"name":"Shop","item":"https:\/\/ievarusa.com\/lv\/shop\/"},{"@type":"ListItem","position":3,"name":"Individual Transformation Programme"}]},{"@type":"WebSite","@id":"https:\/\/ievarusa.com\/lv\/#website","url":"https:\/\/ievarusa.com\/lv\/","name":"Ieva R\u016bsa","description":"SunSoulJewelry","publisher":{"@id":"https:\/\/ievarusa.com\/lv\/#organization"},"potentialAction":[{"@type":"SearchAction","target":{"@type":"EntryPoint","urlTemplate":"https:\/\/ievarusa.com\/lv\/?s={search_term_string}"},"query-input":{"@type":"PropertyValueSpecification","valueRequired":true,"valueName":"search_term_string"}}],"inLanguage":"lv-LV"},{"@type":"Organization","@id":"https:\/\/ievarusa.com\/lv\/#organization","name":"Ieva R\u016bsa","url":"https:\/\/ievarusa.com\/lv\/","logo":{"@type":"ImageObject","inLanguage":"lv-LV","@id":"https:\/\/ievarusa.com\/lv\/#\/schema\/logo\/image\/","url":"https:\/\/ievarusa.com\/wp-content\/uploads\/2024\/10\/cropped-ieva-rusa-logo.png","contentUrl":"https:\/\/ievarusa.com\/wp-content\/uploads\/2024\/10\/cropped-ieva-rusa-logo.png","width":512,"height":512,"caption":"Ieva R\u016bsa"},"image":{"@id":"https:\/\/ievarusa.com\/lv\/#\/schema\/logo\/image\/"},"sameAs":["https:\/\/www.facebook.com\/Sunsouljewelry","https:\/\/www.instagram.com\/ieva_rusa\/"]}]}},"_links":{"self":[{"href":"https:\/\/ievarusa.com\/lv\/wp-json\/wp\/v2\/product\/1671","targetHints":{"allow":["GET"]}}],"collection":[{"href":"https:\/\/ievarusa.com\/lv\/wp-json\/wp\/v2\/product"}],"about":[{"href":"https:\/\/ievarusa.com\/lv\/wp-json\/wp\/v2\/types\/product"}],"wp:featuredmedia":[{"embeddable":true,"href":"https:\/\/ievarusa.com\/lv\/wp-json\/wp\/v2\/media\/2616"}],"wp:attachment":[{"href":"https:\/\/ievarusa.com\/lv\/wp-json\/wp\/v2\/media?parent=1671"}],"wp:term":[{"taxonomy":"product_brand","embeddable":true,"href":"https:\/\/ievarusa.com\/lv\/wp-json\/wp\/v2\/product_brand?post=1671"},{"taxonomy":"product_cat","embeddable":true,"href":"https:\/\/ievarusa.com\/lv\/wp-json\/wp\/v2\/product_cat?post=1671"},{"taxonomy":"product_tag","embeddable":true,"href":"https:\/\/ievarusa.com\/lv\/wp-json\/wp\/v2\/product_tag?post=1671"}],"curies":[{"name":"wp","href":"https:\/\/api.w.org\/{rel}","templated":true}]}}