{"id":1669,"date":"2024-10-20T14:43:49","date_gmt":"2024-10-20T14:43:49","guid":{"rendered":"http:\/\/ievarusa-eng.local\/?post_type=product&#038;p=1669"},"modified":"2025-09-18T15:10:04","modified_gmt":"2025-09-18T13:10:04","slug":"self-realization-programme","status":"publish","type":"product","link":"https:\/\/ievarusa.com\/lv\/products\/self-realization-programme\/","title":{"rendered":"Pa\u0161realiz\u0101cijas programma"},"content":{"rendered":"","protected":false},"excerpt":{"rendered":"<p><strong>4 sesiju programma<\/strong> \u2013 izstr\u0101d\u0101ta 4 sesiju programma, katras sesijas ilgums 90 min\u016btes.<\/p>\n<p>Ieguvumi:<\/p>\n<ul>\n<li><strong>Dz\u012bvo\u0161ana saska\u0146\u0101 ar savu patieso Es:<\/strong>Iem\u0101c\u012bties izdar\u012bt izv\u0113les un l\u0113mumus, kas atspogu\u013co Tavu patieso b\u016bt\u012bbu, nevis \u0101r\u0113j\u0101s cer\u012bbas vai sabiedr\u012bbas spiedienu<\/li>\n<li><b>Negat\u012bvo scen\u0101riju atbr\u012bvo\u0161ana:<\/b>Atbr\u012bvo\u0161an\u0101s no ierobe\u017eojo\u0161\u0101m p\u0101rliec\u012bb\u0101m, bail\u0113m un pag\u0101tnes emocion\u0101laj\u0101m br\u016bc\u0113m, kas trauc\u0113 person\u012bgo izaugsmi un gar\u012bgo pamo\u0161anos uzlabojot dz\u012bves kvalit\u0101ti, lai  dz\u012bvotu  piepild\u012btu, harmonisku dz\u012bvi<\/li>\n<li><b>Dzi\u013c\u0101ka saikne ar savu patieso Es:<\/b>Ieg\u016bstot liel\u0101ku skaidr\u012bbu par sevi un iek\u0161\u0113jo mieru, saprotot, kas Tu paties\u012bb\u0101<\/li>\n<li><b>Uzlabo gar\u012bgo, emocion\u0101lo un fizisko vesel\u012bbu<\/b>: Atbr\u012bvojoties no stresa, trauksmes un negat\u012bv\u0101m emocij\u0101m, vienlaikus att\u012bstot l\u012bdzsvara un miera saj\u016btu<\/li>\n<li><b>Dz\u012bvot ar autentiskumu:<\/b>Izlau\u017eoties no sabiedr\u012bbas veidotiem ieradumiem un dz\u012bvot patiesi, atbilsto\u0161i sav\u0101m v\u0113rt\u012bb\u0101m<\/li>\n<\/ul>\n<p><strong style=\"font-weight: 400;\">Pa\u0161realiz\u0101cijas Programma<\/strong> ir person\u012bg\u0101s transform\u0101cijas ce\u013cojums, kas pal\u012bdz atkl\u0101t savu patieso b\u016bt\u012bbu, piedz\u012bvot iek\u0161\u0113jo mieru un svienoties ar augst\u0101ko m\u0113r\u0137i. T\u0101 apvieno praktiskos r\u012bkus pa\u0161izaugsmei ar gar\u012bg\u0101m praks\u0113m, lai atbalst\u012btu holistisku att\u012bst\u012bbu un dzi\u013c\u0101ku piepild\u012bjumu dz\u012bv\u0113.<\/p>\n<p><b>1. Kas man ir realiz\u0101cija<\/b><\/p>\n<p><b>\u2728<\/b><span style=\"font-weight: 400;\">K\u0101 es uztveru \u0161obr\u012bd sevis realiz\u0101ciju<\/span><span style=\"font-weight: 400;\"><br \/>\n<\/span><b>\u2728<\/b><span style=\"font-weight: 400;\">K\u0101das ir \u0161obr\u012bd manas  p\u0101rliec\u012bbas, domformas, j\u016btas un emocijas par pa\u0161realiz\u0101ciju?<\/span><\/p>\n<p><b>2. Ieraudz\u012bt \u0161\u0137\u0113r\u0161\u013cus, kas trauc\u0113 realiz\u0101cijai<\/b><\/p>\n<p><b>\u2728 <\/b><span style=\"font-weight: 400;\">Kas trauc\u0113  manu  pa\u0161realiz\u0101ciju<\/span><span style=\"font-weight: 400;\"><br \/>\n<\/span><b>\u2728 <\/b><span style=\"font-weight: 400;\">Ieraudz\u012bt \u0161\u0137\u0113r\u0161\u013cus \u2013 atrast atrisin\u0101jumu<\/span><span style=\"font-weight: 400;\"><br \/>\n<\/span><b>\u2728<\/b><span style=\"font-weight: 400;\">Paskat\u012bties no jauna skatpunkta uz sevis realiz\u0101ciju, kad ir izmain\u012bti vecie uzskati\/ domformas \u2013 ieraudz\u012bt jaunos, rado\u0161os uzved\u012bbas mode\u013cus, kuras pal\u012bdz\u0113s realiz\u0113ties socium\u0101<\/span><\/p>\n<p><b>3. Ieraudz\u012bt savas stipr\u0101s puses, talantus. K\u0101 tos izmantot sevis realiz\u0101cij\u0101<\/b><b><br \/>\n<\/b><b>\u2728<\/b><span style=\"font-weight: 400;\">Apskat\u012bsim stipr\u0101s puses. Instrumenti, k\u0101 t\u0101s atv\u0113rt un nest dz\u012bv\u0113<\/span><span style=\"font-weight: 400;\"><br \/>\n<\/span><b>\u2728<\/b><span style=\"font-weight: 400;\">Tehnikas jaunu saj\u016btu emociju ieg\u016b\u0161anai, kas pal\u012bdz\u0113s veiksm\u012bgi realiz\u0113ties socium\u0101<\/span><\/p>\n<p><b>4. Realiz\u0113ties socium\u0101 no sava autentiskuma, stipraj\u0101m pus\u0113m<\/b><b><br \/>\n<\/b><b>\u2728<\/b><span style=\"font-weight: 400;\">Mijiedarboties socium\u0101 no sav\u0101m stipraj\u0101m pus\u0113m<\/span><span style=\"font-weight: 400;\"><br \/>\n<\/span><b>\u2728<\/b><span style=\"font-weight: 400;\">K\u0101 savus Talantus veiksm\u012bgi realiz\u0113t socium\u0101<\/span><span style=\"font-weight: 400;\"><br \/>\n<\/span><b>\u2728<\/b><span style=\"font-weight: 400;\">K\u0101 iet pa jaunam \u2013 realiz\u0113ties Pasaul\u0113 no jaun\u0101m saj\u016btam, emocij\u0101m,\ndomform\u0101m<\/span><\/p>","protected":false},"featured_media":2617,"template":"","meta":[],"product_brand":[],"product_cat":[18,78],"product_tag":[],"class_list":{"0":"post-1669","1":"product","2":"type-product","3":"status-publish","4":"has-post-thumbnail","6":"product_cat-individual-sessions","7":"product_cat-services","8":"pa_categories-individual-sessions","10":"first","11":"instock","12":"virtual","13":"purchasable","14":"product-type-simple"},"yoast_head":"<!-- This site is optimized with the Yoast SEO plugin v25.2 - https:\/\/yoast.com\/wordpress\/plugins\/seo\/ -->\n<title>Self-realization Programme - Ieva R\u016bsa<\/title>\n<meta name=\"robots\" content=\"index, follow, max-snippet:-1, max-image-preview:large, max-video-preview:-1\" \/>\n<link rel=\"canonical\" href=\"https:\/\/ievarusa.com\/lv\/products\/self-realization-programme\/\" \/>\n<meta property=\"og:locale\" content=\"lv_LV\" \/>\n<meta property=\"og:type\" content=\"article\" \/>\n<meta property=\"og:title\" content=\"Self-realization Programme - Ieva R\u016bsa\" \/>\n<meta property=\"og:description\" content=\"4 Session Package \u2013 programme designed specifically for you with 4 sessions. Each session lasts 90 minutes.  What you get:   Living in alignment with your true self: Learning to make choices and decisions that reflect your authentic essence rather than external expectations or societal pressures  Releasing negative patterns: Letting go of limiting beliefs, fears, and past emotional wounds that block personal growth and spiritual awakening  Deeper connection with your true self: Achieving greater self-clarity and inner peace by understanding who you truly are beyond the surface  Improved mental, emotional, and spiritual health: Releasing stress, anxiety, and negative emotions while cultivating a sense of balance and peace  Living with authenticity: Breaking free from societal conditioning and living an authentic, true-to-yourself life  A Self-Realization Programme is a journey of personal transformation, designed to help you discover your true essence, experience inner peace, and align with a higher purpose. It combines practical tools for self-growth with spiritual practices to support holistic development and deeper fulfillment in life.  1. What does self-realization mean to me?  \u2728How do I truly perceive self-realization? \u2728What are my true beliefs, thought forms, feelings, and emotions about self-realization?  2. Identify the obstacles that hinder my self-realization.  \u2728 What truly prevents my self-realization? \u2728 Recognize the obstacles and find solutions. \u2728View self-realization from a new perspective, after changing old beliefs and thought forms, and discover new, creative ones that will support my realization in society.  3. Recognize your strengths and talents, and learn how to use them for self-realization. \u2728Explore your strengths and discover tools to unlock them and share them with the world. \u2728Learn techniques for gaining new feelings and emotions that will help you successfully realize yourself in society.  4. Realize yourself in society from your authenticity and strengths. \u2728Interact with society based on your strengths. \u2728Learn how to successfully realize your talents in society. \u2728Discover how to navigate the world in a new way, using new feelings, emotions, and thought forms.\" \/>\n<meta property=\"og:url\" content=\"https:\/\/ievarusa.com\/lv\/products\/self-realization-programme\/\" \/>\n<meta property=\"og:site_name\" content=\"Ieva R\u016bsa\" \/>\n<meta property=\"article:publisher\" content=\"https:\/\/www.facebook.com\/Sunsouljewelry\" \/>\n<meta property=\"article:modified_time\" content=\"2025-09-18T13:10:04+00:00\" \/>\n<meta property=\"og:image\" content=\"https:\/\/ievarusa.com\/wp-content\/uploads\/2024\/10\/DSCF7408-scaled.jpg\" \/>\n\t<meta property=\"og:image:width\" content=\"1706\" \/>\n\t<meta property=\"og:image:height\" content=\"2560\" \/>\n\t<meta property=\"og:image:type\" content=\"image\/jpeg\" \/>\n<meta name=\"twitter:card\" content=\"summary_large_image\" \/>\n<script type=\"application\/ld+json\" class=\"yoast-schema-graph\">{\"@context\":\"https:\/\/schema.org\",\"@graph\":[{\"@type\":\"WebPage\",\"@id\":\"https:\/\/ievarusa.com\/lv\/products\/self-realization-programme\/\",\"url\":\"https:\/\/ievarusa.com\/lv\/products\/self-realization-programme\/\",\"name\":\"Self-realization Programme - Ieva R\u016bsa\",\"isPartOf\":{\"@id\":\"https:\/\/ievarusa.com\/lv\/#website\"},\"primaryImageOfPage\":{\"@id\":\"https:\/\/ievarusa.com\/lv\/products\/self-realization-programme\/#primaryimage\"},\"image\":{\"@id\":\"https:\/\/ievarusa.com\/lv\/products\/self-realization-programme\/#primaryimage\"},\"thumbnailUrl\":\"https:\/\/ievarusa.com\/wp-content\/uploads\/2024\/10\/DSCF7408-scaled.jpg\",\"datePublished\":\"2024-10-20T14:43:49+00:00\",\"dateModified\":\"2025-09-18T13:10:04+00:00\",\"breadcrumb\":{\"@id\":\"https:\/\/ievarusa.com\/lv\/products\/self-realization-programme\/#breadcrumb\"},\"inLanguage\":\"lv-LV\",\"potentialAction\":[{\"@type\":\"ReadAction\",\"target\":[\"https:\/\/ievarusa.com\/lv\/products\/self-realization-programme\/\"]}]},{\"@type\":\"ImageObject\",\"inLanguage\":\"lv-LV\",\"@id\":\"https:\/\/ievarusa.com\/lv\/products\/self-realization-programme\/#primaryimage\",\"url\":\"https:\/\/ievarusa.com\/wp-content\/uploads\/2024\/10\/DSCF7408-scaled.jpg\",\"contentUrl\":\"https:\/\/ievarusa.com\/wp-content\/uploads\/2024\/10\/DSCF7408-scaled.jpg\",\"width\":1706,\"height\":2560},{\"@type\":\"BreadcrumbList\",\"@id\":\"https:\/\/ievarusa.com\/lv\/products\/self-realization-programme\/#breadcrumb\",\"itemListElement\":[{\"@type\":\"ListItem\",\"position\":1,\"name\":\"Home\",\"item\":\"https:\/\/ievarusa.com\/lv\/\"},{\"@type\":\"ListItem\",\"position\":2,\"name\":\"Shop\",\"item\":\"https:\/\/ievarusa.com\/lv\/shop\/\"},{\"@type\":\"ListItem\",\"position\":3,\"name\":\"Self-realization Programme\"}]},{\"@type\":\"WebSite\",\"@id\":\"https:\/\/ievarusa.com\/lv\/#website\",\"url\":\"https:\/\/ievarusa.com\/lv\/\",\"name\":\"Ieva R\u016bsa\",\"description\":\"SunSoulJewelry\",\"publisher\":{\"@id\":\"https:\/\/ievarusa.com\/lv\/#organization\"},\"potentialAction\":[{\"@type\":\"SearchAction\",\"target\":{\"@type\":\"EntryPoint\",\"urlTemplate\":\"https:\/\/ievarusa.com\/lv\/?s={search_term_string}\"},\"query-input\":{\"@type\":\"PropertyValueSpecification\",\"valueRequired\":true,\"valueName\":\"search_term_string\"}}],\"inLanguage\":\"lv-LV\"},{\"@type\":\"Organization\",\"@id\":\"https:\/\/ievarusa.com\/lv\/#organization\",\"name\":\"Ieva R\u016bsa\",\"url\":\"https:\/\/ievarusa.com\/lv\/\",\"logo\":{\"@type\":\"ImageObject\",\"inLanguage\":\"lv-LV\",\"@id\":\"https:\/\/ievarusa.com\/lv\/#\/schema\/logo\/image\/\",\"url\":\"https:\/\/ievarusa.com\/wp-content\/uploads\/2024\/10\/cropped-ieva-rusa-logo.png\",\"contentUrl\":\"https:\/\/ievarusa.com\/wp-content\/uploads\/2024\/10\/cropped-ieva-rusa-logo.png\",\"width\":512,\"height\":512,\"caption\":\"Ieva R\u016bsa\"},\"image\":{\"@id\":\"https:\/\/ievarusa.com\/lv\/#\/schema\/logo\/image\/\"},\"sameAs\":[\"https:\/\/www.facebook.com\/Sunsouljewelry\",\"https:\/\/www.instagram.com\/ieva_rusa\/\"]}]}<\/script>\n<!-- \/ Yoast SEO plugin. -->","yoast_head_json":{"title":"Self-realization Programme - Ieva R\u016bsa","robots":{"index":"index","follow":"follow","max-snippet":"max-snippet:-1","max-image-preview":"max-image-preview:large","max-video-preview":"max-video-preview:-1"},"canonical":"https:\/\/ievarusa.com\/lv\/products\/self-realization-programme\/","og_locale":"lv_LV","og_type":"article","og_title":"Self-realization Programme - Ieva R\u016bsa","og_description":"4 Session Package \u2013 programme designed specifically for you with 4 sessions. Each session lasts 90 minutes.  What you get:   Living in alignment with your true self: Learning to make choices and decisions that reflect your authentic essence rather than external expectations or societal pressures  Releasing negative patterns: Letting go of limiting beliefs, fears, and past emotional wounds that block personal growth and spiritual awakening  Deeper connection with your true self: Achieving greater self-clarity and inner peace by understanding who you truly are beyond the surface  Improved mental, emotional, and spiritual health: Releasing stress, anxiety, and negative emotions while cultivating a sense of balance and peace  Living with authenticity: Breaking free from societal conditioning and living an authentic, true-to-yourself life  A Self-Realization Programme is a journey of personal transformation, designed to help you discover your true essence, experience inner peace, and align with a higher purpose. It combines practical tools for self-growth with spiritual practices to support holistic development and deeper fulfillment in life.  1. What does self-realization mean to me?  \u2728How do I truly perceive self-realization? \u2728What are my true beliefs, thought forms, feelings, and emotions about self-realization?  2. Identify the obstacles that hinder my self-realization.  \u2728 What truly prevents my self-realization? \u2728 Recognize the obstacles and find solutions. \u2728View self-realization from a new perspective, after changing old beliefs and thought forms, and discover new, creative ones that will support my realization in society.  3. Recognize your strengths and talents, and learn how to use them for self-realization. \u2728Explore your strengths and discover tools to unlock them and share them with the world. \u2728Learn techniques for gaining new feelings and emotions that will help you successfully realize yourself in society.  4. Realize yourself in society from your authenticity and strengths. \u2728Interact with society based on your strengths. \u2728Learn how to successfully realize your talents in society. \u2728Discover how to navigate the world in a new way, using new feelings, emotions, and thought forms.","og_url":"https:\/\/ievarusa.com\/lv\/products\/self-realization-programme\/","og_site_name":"Ieva R\u016bsa","article_publisher":"https:\/\/www.facebook.com\/Sunsouljewelry","article_modified_time":"2025-09-18T13:10:04+00:00","og_image":[{"width":1706,"height":2560,"url":"https:\/\/ievarusa.com\/wp-content\/uploads\/2024\/10\/DSCF7408-scaled.jpg","type":"image\/jpeg"}],"twitter_card":"summary_large_image","schema":{"@context":"https:\/\/schema.org","@graph":[{"@type":"WebPage","@id":"https:\/\/ievarusa.com\/lv\/products\/self-realization-programme\/","url":"https:\/\/ievarusa.com\/lv\/products\/self-realization-programme\/","name":"Self-realization Programme - Ieva R\u016bsa","isPartOf":{"@id":"https:\/\/ievarusa.com\/lv\/#website"},"primaryImageOfPage":{"@id":"https:\/\/ievarusa.com\/lv\/products\/self-realization-programme\/#primaryimage"},"image":{"@id":"https:\/\/ievarusa.com\/lv\/products\/self-realization-programme\/#primaryimage"},"thumbnailUrl":"https:\/\/ievarusa.com\/wp-content\/uploads\/2024\/10\/DSCF7408-scaled.jpg","datePublished":"2024-10-20T14:43:49+00:00","dateModified":"2025-09-18T13:10:04+00:00","breadcrumb":{"@id":"https:\/\/ievarusa.com\/lv\/products\/self-realization-programme\/#breadcrumb"},"inLanguage":"lv-LV","potentialAction":[{"@type":"ReadAction","target":["https:\/\/ievarusa.com\/lv\/products\/self-realization-programme\/"]}]},{"@type":"ImageObject","inLanguage":"lv-LV","@id":"https:\/\/ievarusa.com\/lv\/products\/self-realization-programme\/#primaryimage","url":"https:\/\/ievarusa.com\/wp-content\/uploads\/2024\/10\/DSCF7408-scaled.jpg","contentUrl":"https:\/\/ievarusa.com\/wp-content\/uploads\/2024\/10\/DSCF7408-scaled.jpg","width":1706,"height":2560},{"@type":"BreadcrumbList","@id":"https:\/\/ievarusa.com\/lv\/products\/self-realization-programme\/#breadcrumb","itemListElement":[{"@type":"ListItem","position":1,"name":"Home","item":"https:\/\/ievarusa.com\/lv\/"},{"@type":"ListItem","position":2,"name":"Shop","item":"https:\/\/ievarusa.com\/lv\/shop\/"},{"@type":"ListItem","position":3,"name":"Self-realization Programme"}]},{"@type":"WebSite","@id":"https:\/\/ievarusa.com\/lv\/#website","url":"https:\/\/ievarusa.com\/lv\/","name":"Ieva R\u016bsa","description":"SunSoulJewelry","publisher":{"@id":"https:\/\/ievarusa.com\/lv\/#organization"},"potentialAction":[{"@type":"SearchAction","target":{"@type":"EntryPoint","urlTemplate":"https:\/\/ievarusa.com\/lv\/?s={search_term_string}"},"query-input":{"@type":"PropertyValueSpecification","valueRequired":true,"valueName":"search_term_string"}}],"inLanguage":"lv-LV"},{"@type":"Organization","@id":"https:\/\/ievarusa.com\/lv\/#organization","name":"Ieva R\u016bsa","url":"https:\/\/ievarusa.com\/lv\/","logo":{"@type":"ImageObject","inLanguage":"lv-LV","@id":"https:\/\/ievarusa.com\/lv\/#\/schema\/logo\/image\/","url":"https:\/\/ievarusa.com\/wp-content\/uploads\/2024\/10\/cropped-ieva-rusa-logo.png","contentUrl":"https:\/\/ievarusa.com\/wp-content\/uploads\/2024\/10\/cropped-ieva-rusa-logo.png","width":512,"height":512,"caption":"Ieva R\u016bsa"},"image":{"@id":"https:\/\/ievarusa.com\/lv\/#\/schema\/logo\/image\/"},"sameAs":["https:\/\/www.facebook.com\/Sunsouljewelry","https:\/\/www.instagram.com\/ieva_rusa\/"]}]}},"_links":{"self":[{"href":"https:\/\/ievarusa.com\/lv\/wp-json\/wp\/v2\/product\/1669","targetHints":{"allow":["GET"]}}],"collection":[{"href":"https:\/\/ievarusa.com\/lv\/wp-json\/wp\/v2\/product"}],"about":[{"href":"https:\/\/ievarusa.com\/lv\/wp-json\/wp\/v2\/types\/product"}],"wp:featuredmedia":[{"embeddable":true,"href":"https:\/\/ievarusa.com\/lv\/wp-json\/wp\/v2\/media\/2617"}],"wp:attachment":[{"href":"https:\/\/ievarusa.com\/lv\/wp-json\/wp\/v2\/media?parent=1669"}],"wp:term":[{"taxonomy":"product_brand","embeddable":true,"href":"https:\/\/ievarusa.com\/lv\/wp-json\/wp\/v2\/product_brand?post=1669"},{"taxonomy":"product_cat","embeddable":true,"href":"https:\/\/ievarusa.com\/lv\/wp-json\/wp\/v2\/product_cat?post=1669"},{"taxonomy":"product_tag","embeddable":true,"href":"https:\/\/ievarusa.com\/lv\/wp-json\/wp\/v2\/product_tag?post=1669"}],"curies":[{"name":"wp","href":"https:\/\/api.w.org\/{rel}","templated":true}]}}