{"id":1655,"date":"2024-10-20T11:36:31","date_gmt":"2024-10-20T11:36:31","guid":{"rendered":"http:\/\/ievarusa-eng.local\/?post_type=product&#038;p=1655"},"modified":"2025-10-01T16:38:14","modified_gmt":"2025-10-01T14:38:14","slug":"personalized-jewelry","status":"publish","type":"product","link":"https:\/\/ievarusa.com\/lv\/products\/personalized-jewelry\/","title":{"rendered":"Personaliz\u0113tas rotaslietas"},"content":{"rendered":"","protected":false},"excerpt":{"rendered":"<h5><b>Personaliz\u0113t\u0101s rotas rad\u012b\u0161anas process \u2013 krist\u0101lu dimensija.<\/b><\/h5>\n<p><span style=\"font-weight: 400;\">Ja Tu v\u0113lies savu individu\u0101li izstr\u0101d\u0101to dab\u012bgo akme\u0146u un krist\u0101lu rotu, lai to\nfrekvence Tevi atbalst\u012btu un \u013cautu p\u0101rrakst\u012bt nokalpoju\u0161\u0101s un destrukt\u012bv\u0101s\nprogrammas, - es aicinu iepaz\u012bsties ar rotas tap\u0161anas procesu un tiekamies\nRAD\u012a\u0160AN\u0100:<\/span><\/p>\n<ol>\n<li style=\"font-weight: 400;\" aria-level=\"1\"><span style=\"font-weight: 400;\">L\u016bg\u0161u Tev noformul\u0113t savu saj\u016btu par v\u0113lamo rotu, k\u0101 ar\u012b kop\u0101 noformul\u0113sim\nnodomu, lai izv\u0113l\u0113tos konkr\u0113tos krist\u0101lus, kas \u013caus transform\u0113t vec\u0101s\nprogrammas un aktiviz\u0113t jauno programmu.<\/span><\/li>\n<li style=\"font-weight: 400;\" aria-level=\"1\"><span style=\"font-weight: 400;\">Es l\u016bg\u0161u Tavu at\u013cauju mums mijiedarboties Smalkaj\u0101 pl\u0101n\u0101, ieejot medit\u0101cij\u0101\nun Tav\u0101 energolauk\u0101, nolasot taj\u0101 eso\u0161o inform\u0101ciju. Es savieno\u0161os ar\u012b caur\nE\u0146\u0123e\u013ciem. Saska\u0146osim Tavu nodomu ar inform\u0101ciju, ko, iesp\u0113jams, Tavs pr\u0101ts\nnesp\u0113j identific\u0113t un nosaukt v\u0101rdos.<\/span><\/li>\n<li style=\"font-weight: 400;\" aria-level=\"1\"><span style=\"font-weight: 400;\">N\u0101kamaj\u0101 sarun\u0101 es Tev izkl\u0101st\u012b\u0161u, kas ir tas info, ko pau\u017e Tavs energolauks\nun k\u0101da rota ar konkr\u0113tu nodomu Tevi var atbalst\u012bt Tav\u0101 ce\u013c\u0101. Bie\u017ei \u0161ie nodomi\nir vair\u0101ki.<\/span><\/li>\n<li style=\"font-weight: 400;\" aria-level=\"1\"><span style=\"font-weight: 400;\">Tev b\u016bs iesp\u0113ja apdom\u0101ties un sajust \u2013 lai preciz\u0113tu nodomu, lai m\u0113s kop\u0101\nizv\u0113l\u0113tos akme\u0146us un krist\u0101lus konkr\u0113t\u0101s programmas p\u0101rrakst\u012b\u0161anai un jaun\u0101s\naktiviz\u0113\u0161anai.\n pozit\u012bvaj\u0101m p\u0101rmai\u0146\u0101m.<\/span><\/li>\n<li style=\"font-weight: 400;\" aria-level=\"1\"><span style=\"font-weight: 400;\">Tad m\u0113s vienosimies par rotas tehnisk\u0101m nians\u0113m \u2013 t\u0101s izm\u0113ru un v\u0113lamo furnit\u016bru.<\/span><\/li>\n<li style=\"font-weight: 400;\" aria-level=\"1\"><span style=\"font-weight: 400;\">Sekos mans rado\u0161ais process, kur\u0101 es izveido\u0161u Tavu rotu un ar krist\u0101lu\nska\u0146u trauku atbalstu, tos uzl\u0101d\u0113\u0161u attiec\u012bgaj\u0101s kvalit\u0101t\u0113s, aktiviz\u0113\u0161u krist\u0101lu\nener\u0123iju.<\/span><\/li>\n<li style=\"font-weight: 400;\" aria-level=\"1\"><span style=\"font-weight: 400;\">M\u0113s vienosimies par rotas sa\u0146em\u0161anas iesp\u0113j\u0101m.<\/span><\/li>\n<li style=\"font-weight: 400;\" aria-level=\"1\"><span style=\"font-weight: 400;\">Tev atliek tikai \u013cauties rotas n\u0113s\u0101\u0161anas br\u012bnumam un pozit\u012bvaj\u0101m p\u0101rmai\u0146\u0101m.<\/span><\/li>\n<li style=\"font-weight: 400;\" aria-level=\"1\"><span style=\"font-family: Georgia, Palatino;\">Rotai l\u012bdzi n\u0101k koda v\u0101rdi\/ afirm\u0101cijas - t\u0101s aktiviz\u0113\u0161anai un nodoma pastiprin\u0101\u0161anai<\/span><\/li>\n<\/ol>","protected":false},"featured_media":2609,"template":"","meta":[],"product_brand":[],"product_cat":[19],"product_tag":[],"class_list":{"0":"post-1655","1":"product","2":"type-product","3":"status-publish","4":"has-post-thumbnail","6":"product_cat-sunsouljewelry","7":"pa_categories-sunsouljewelry","9":"first","10":"instock","11":"shipping-taxable","12":"purchasable","13":"product-type-variable"},"yoast_head":"<!-- This site is optimized with the Yoast SEO plugin v25.2 - https:\/\/yoast.com\/wordpress\/plugins\/seo\/ -->\n<title>Personalized Jewelry - Ieva R\u016bsa<\/title>\n<meta name=\"robots\" content=\"index, follow, max-snippet:-1, max-image-preview:large, max-video-preview:-1\" \/>\n<link rel=\"canonical\" href=\"https:\/\/ievarusa.com\/lv\/products\/personalized-jewelry\/\" \/>\n<meta property=\"og:locale\" content=\"lv_LV\" \/>\n<meta property=\"og:type\" content=\"article\" \/>\n<meta property=\"og:title\" content=\"Personalized Jewelry - Ieva R\u016bsa\" \/>\n<meta property=\"og:description\" content=\"The process of creating personalized jewelry \u2013 the crystal dimension. If you want your individually crafted natural stone and crystal jewelry to support you with its frequency and allow you to rewrite outdated and destructive programs, I invite you to learn about the creation process of the jewelry and meet us in the process of CREATION:   I will ask you to formulate your feelings about the desired jewelry, and together we will set an intention to choose the specific crystals that will help transform old programs and activate a new one.  I will ask for your permission to interact with the Subtle Plane, entering meditation and your energy field to read the information within it. I will also connect through the Angels. We will align your intention with the information that perhaps your mind cannot identify or put into words.  In our next conversation, I will explain the information that your energy field is expressing and what kind of jewelry with a specific intention can support you on your path. Often, there are several intentions.  You will have the opportunity to reflect and feel in order to refine the intention, so we can together choose the stones and crystals for rewriting the specific program and activating the new one.  Then we will agree on the technical details of the jewelry \u2013 its size and the desired hardware.  I will then begin my creative process, where I will craft your jewelry and, with the support of a crystal sound bowl, charge it with the corresponding qualities, activating the crystal energy.  We will agree on how the jewelry will be received.  All that&#039;s left for you is to surrender to the miracle of wearing the jewelry and the positive changes it brings.  The jewelry comes with code words\/affirmations - to activate it and strengthen the intention\" \/>\n<meta property=\"og:url\" content=\"https:\/\/ievarusa.com\/lv\/products\/personalized-jewelry\/\" \/>\n<meta property=\"og:site_name\" content=\"Ieva R\u016bsa\" \/>\n<meta property=\"article:publisher\" content=\"https:\/\/www.facebook.com\/Sunsouljewelry\" \/>\n<meta property=\"article:modified_time\" content=\"2025-10-01T14:38:14+00:00\" \/>\n<meta property=\"og:image\" content=\"https:\/\/ievarusa.com\/wp-content\/uploads\/2024\/10\/DSCF7295-2-2.jpg\" \/>\n\t<meta property=\"og:image:width\" content=\"1667\" \/>\n\t<meta property=\"og:image:height\" content=\"2500\" \/>\n\t<meta property=\"og:image:type\" content=\"image\/jpeg\" \/>\n<meta name=\"twitter:card\" content=\"summary_large_image\" \/>\n<meta name=\"twitter:label1\" content=\"Est. reading time\" \/>\n\t<meta name=\"twitter:data1\" content=\"1 min\u016bte\" \/>\n<script type=\"application\/ld+json\" class=\"yoast-schema-graph\">{\"@context\":\"https:\/\/schema.org\",\"@graph\":[{\"@type\":\"WebPage\",\"@id\":\"https:\/\/ievarusa.com\/lv\/products\/personalized-jewelry\/\",\"url\":\"https:\/\/ievarusa.com\/lv\/products\/personalized-jewelry\/\",\"name\":\"Personalized Jewelry - Ieva R\u016bsa\",\"isPartOf\":{\"@id\":\"https:\/\/ievarusa.com\/lv\/#website\"},\"primaryImageOfPage\":{\"@id\":\"https:\/\/ievarusa.com\/lv\/products\/personalized-jewelry\/#primaryimage\"},\"image\":{\"@id\":\"https:\/\/ievarusa.com\/lv\/products\/personalized-jewelry\/#primaryimage\"},\"thumbnailUrl\":\"https:\/\/ievarusa.com\/wp-content\/uploads\/2024\/10\/DSCF7295-2-2.jpg\",\"datePublished\":\"2024-10-20T11:36:31+00:00\",\"dateModified\":\"2025-10-01T14:38:14+00:00\",\"breadcrumb\":{\"@id\":\"https:\/\/ievarusa.com\/lv\/products\/personalized-jewelry\/#breadcrumb\"},\"inLanguage\":\"lv-LV\",\"potentialAction\":[{\"@type\":\"ReadAction\",\"target\":[\"https:\/\/ievarusa.com\/lv\/products\/personalized-jewelry\/\"]}]},{\"@type\":\"ImageObject\",\"inLanguage\":\"lv-LV\",\"@id\":\"https:\/\/ievarusa.com\/lv\/products\/personalized-jewelry\/#primaryimage\",\"url\":\"https:\/\/ievarusa.com\/wp-content\/uploads\/2024\/10\/DSCF7295-2-2.jpg\",\"contentUrl\":\"https:\/\/ievarusa.com\/wp-content\/uploads\/2024\/10\/DSCF7295-2-2.jpg\",\"width\":1667,\"height\":2500},{\"@type\":\"BreadcrumbList\",\"@id\":\"https:\/\/ievarusa.com\/lv\/products\/personalized-jewelry\/#breadcrumb\",\"itemListElement\":[{\"@type\":\"ListItem\",\"position\":1,\"name\":\"Home\",\"item\":\"https:\/\/ievarusa.com\/lv\/\"},{\"@type\":\"ListItem\",\"position\":2,\"name\":\"Shop\",\"item\":\"https:\/\/ievarusa.com\/lv\/shop\/\"},{\"@type\":\"ListItem\",\"position\":3,\"name\":\"Personalized Jewelry\"}]},{\"@type\":\"WebSite\",\"@id\":\"https:\/\/ievarusa.com\/lv\/#website\",\"url\":\"https:\/\/ievarusa.com\/lv\/\",\"name\":\"Ieva R\u016bsa\",\"description\":\"SunSoulJewelry\",\"publisher\":{\"@id\":\"https:\/\/ievarusa.com\/lv\/#organization\"},\"potentialAction\":[{\"@type\":\"SearchAction\",\"target\":{\"@type\":\"EntryPoint\",\"urlTemplate\":\"https:\/\/ievarusa.com\/lv\/?s={search_term_string}\"},\"query-input\":{\"@type\":\"PropertyValueSpecification\",\"valueRequired\":true,\"valueName\":\"search_term_string\"}}],\"inLanguage\":\"lv-LV\"},{\"@type\":\"Organization\",\"@id\":\"https:\/\/ievarusa.com\/lv\/#organization\",\"name\":\"Ieva R\u016bsa\",\"url\":\"https:\/\/ievarusa.com\/lv\/\",\"logo\":{\"@type\":\"ImageObject\",\"inLanguage\":\"lv-LV\",\"@id\":\"https:\/\/ievarusa.com\/lv\/#\/schema\/logo\/image\/\",\"url\":\"https:\/\/ievarusa.com\/wp-content\/uploads\/2024\/10\/cropped-ieva-rusa-logo.png\",\"contentUrl\":\"https:\/\/ievarusa.com\/wp-content\/uploads\/2024\/10\/cropped-ieva-rusa-logo.png\",\"width\":512,\"height\":512,\"caption\":\"Ieva R\u016bsa\"},\"image\":{\"@id\":\"https:\/\/ievarusa.com\/lv\/#\/schema\/logo\/image\/\"},\"sameAs\":[\"https:\/\/www.facebook.com\/Sunsouljewelry\",\"https:\/\/www.instagram.com\/ieva_rusa\/\"]}]}<\/script>\n<!-- \/ Yoast SEO plugin. -->","yoast_head_json":{"title":"Personalized Jewelry - Ieva R\u016bsa","robots":{"index":"index","follow":"follow","max-snippet":"max-snippet:-1","max-image-preview":"max-image-preview:large","max-video-preview":"max-video-preview:-1"},"canonical":"https:\/\/ievarusa.com\/lv\/products\/personalized-jewelry\/","og_locale":"lv_LV","og_type":"article","og_title":"Personalized Jewelry - Ieva R\u016bsa","og_description":"The process of creating personalized jewelry \u2013 the crystal dimension. If you want your individually crafted natural stone and crystal jewelry to support you with its frequency and allow you to rewrite outdated and destructive programs, I invite you to learn about the creation process of the jewelry and meet us in the process of CREATION:   I will ask you to formulate your feelings about the desired jewelry, and together we will set an intention to choose the specific crystals that will help transform old programs and activate a new one.  I will ask for your permission to interact with the Subtle Plane, entering meditation and your energy field to read the information within it. I will also connect through the Angels. We will align your intention with the information that perhaps your mind cannot identify or put into words.  In our next conversation, I will explain the information that your energy field is expressing and what kind of jewelry with a specific intention can support you on your path. Often, there are several intentions.  You will have the opportunity to reflect and feel in order to refine the intention, so we can together choose the stones and crystals for rewriting the specific program and activating the new one.  Then we will agree on the technical details of the jewelry \u2013 its size and the desired hardware.  I will then begin my creative process, where I will craft your jewelry and, with the support of a crystal sound bowl, charge it with the corresponding qualities, activating the crystal energy.  We will agree on how the jewelry will be received.  All that's left for you is to surrender to the miracle of wearing the jewelry and the positive changes it brings.  The jewelry comes with code words\/affirmations - to activate it and strengthen the intention","og_url":"https:\/\/ievarusa.com\/lv\/products\/personalized-jewelry\/","og_site_name":"Ieva R\u016bsa","article_publisher":"https:\/\/www.facebook.com\/Sunsouljewelry","article_modified_time":"2025-10-01T14:38:14+00:00","og_image":[{"width":1667,"height":2500,"url":"https:\/\/ievarusa.com\/wp-content\/uploads\/2024\/10\/DSCF7295-2-2.jpg","type":"image\/jpeg"}],"twitter_card":"summary_large_image","twitter_misc":{"Est. reading time":"1 min\u016bte"},"schema":{"@context":"https:\/\/schema.org","@graph":[{"@type":"WebPage","@id":"https:\/\/ievarusa.com\/lv\/products\/personalized-jewelry\/","url":"https:\/\/ievarusa.com\/lv\/products\/personalized-jewelry\/","name":"Personalized Jewelry - Ieva R\u016bsa","isPartOf":{"@id":"https:\/\/ievarusa.com\/lv\/#website"},"primaryImageOfPage":{"@id":"https:\/\/ievarusa.com\/lv\/products\/personalized-jewelry\/#primaryimage"},"image":{"@id":"https:\/\/ievarusa.com\/lv\/products\/personalized-jewelry\/#primaryimage"},"thumbnailUrl":"https:\/\/ievarusa.com\/wp-content\/uploads\/2024\/10\/DSCF7295-2-2.jpg","datePublished":"2024-10-20T11:36:31+00:00","dateModified":"2025-10-01T14:38:14+00:00","breadcrumb":{"@id":"https:\/\/ievarusa.com\/lv\/products\/personalized-jewelry\/#breadcrumb"},"inLanguage":"lv-LV","potentialAction":[{"@type":"ReadAction","target":["https:\/\/ievarusa.com\/lv\/products\/personalized-jewelry\/"]}]},{"@type":"ImageObject","inLanguage":"lv-LV","@id":"https:\/\/ievarusa.com\/lv\/products\/personalized-jewelry\/#primaryimage","url":"https:\/\/ievarusa.com\/wp-content\/uploads\/2024\/10\/DSCF7295-2-2.jpg","contentUrl":"https:\/\/ievarusa.com\/wp-content\/uploads\/2024\/10\/DSCF7295-2-2.jpg","width":1667,"height":2500},{"@type":"BreadcrumbList","@id":"https:\/\/ievarusa.com\/lv\/products\/personalized-jewelry\/#breadcrumb","itemListElement":[{"@type":"ListItem","position":1,"name":"Home","item":"https:\/\/ievarusa.com\/lv\/"},{"@type":"ListItem","position":2,"name":"Shop","item":"https:\/\/ievarusa.com\/lv\/shop\/"},{"@type":"ListItem","position":3,"name":"Personalized Jewelry"}]},{"@type":"WebSite","@id":"https:\/\/ievarusa.com\/lv\/#website","url":"https:\/\/ievarusa.com\/lv\/","name":"Ieva R\u016bsa","description":"SunSoulJewelry","publisher":{"@id":"https:\/\/ievarusa.com\/lv\/#organization"},"potentialAction":[{"@type":"SearchAction","target":{"@type":"EntryPoint","urlTemplate":"https:\/\/ievarusa.com\/lv\/?s={search_term_string}"},"query-input":{"@type":"PropertyValueSpecification","valueRequired":true,"valueName":"search_term_string"}}],"inLanguage":"lv-LV"},{"@type":"Organization","@id":"https:\/\/ievarusa.com\/lv\/#organization","name":"Ieva R\u016bsa","url":"https:\/\/ievarusa.com\/lv\/","logo":{"@type":"ImageObject","inLanguage":"lv-LV","@id":"https:\/\/ievarusa.com\/lv\/#\/schema\/logo\/image\/","url":"https:\/\/ievarusa.com\/wp-content\/uploads\/2024\/10\/cropped-ieva-rusa-logo.png","contentUrl":"https:\/\/ievarusa.com\/wp-content\/uploads\/2024\/10\/cropped-ieva-rusa-logo.png","width":512,"height":512,"caption":"Ieva R\u016bsa"},"image":{"@id":"https:\/\/ievarusa.com\/lv\/#\/schema\/logo\/image\/"},"sameAs":["https:\/\/www.facebook.com\/Sunsouljewelry","https:\/\/www.instagram.com\/ieva_rusa\/"]}]}},"_links":{"self":[{"href":"https:\/\/ievarusa.com\/lv\/wp-json\/wp\/v2\/product\/1655","targetHints":{"allow":["GET"]}}],"collection":[{"href":"https:\/\/ievarusa.com\/lv\/wp-json\/wp\/v2\/product"}],"about":[{"href":"https:\/\/ievarusa.com\/lv\/wp-json\/wp\/v2\/types\/product"}],"wp:featuredmedia":[{"embeddable":true,"href":"https:\/\/ievarusa.com\/lv\/wp-json\/wp\/v2\/media\/2609"}],"wp:attachment":[{"href":"https:\/\/ievarusa.com\/lv\/wp-json\/wp\/v2\/media?parent=1655"}],"wp:term":[{"taxonomy":"product_brand","embeddable":true,"href":"https:\/\/ievarusa.com\/lv\/wp-json\/wp\/v2\/product_brand?post=1655"},{"taxonomy":"product_cat","embeddable":true,"href":"https:\/\/ievarusa.com\/lv\/wp-json\/wp\/v2\/product_cat?post=1655"},{"taxonomy":"product_tag","embeddable":true,"href":"https:\/\/ievarusa.com\/lv\/wp-json\/wp\/v2\/product_tag?post=1655"}],"curies":[{"name":"wp","href":"https:\/\/api.w.org\/{rel}","templated":true}]}}