{"id":1653,"date":"2024-10-20T11:33:30","date_gmt":"2024-10-20T11:33:30","guid":{"rendered":"http:\/\/ievarusa-eng.local\/?post_type=product&#038;p=1653"},"modified":"2025-02-04T10:30:21","modified_gmt":"2025-02-04T08:30:21","slug":"harmonious-relationship-programme","status":"publish","type":"product","link":"https:\/\/ievarusa.com\/lv\/products\/harmonious-relationship-programme\/","title":{"rendered":"Harmonisku attiec\u012bbu programma"},"content":{"rendered":"","protected":false},"excerpt":{"rendered":"<p><strong>4 sesiju programma<\/strong> \u2013 izstr\u0101d\u0101ta 4 sesiju programma, katras sesijas ilgums 90 min\u016btes.<\/p>\n<p style=\"font-weight: 400;\">Ieguvumi:<br \/>\nHarmonisku attiec\u012bbu programma ir paredz\u0113ta, lai veidotu harmoniskas attiec\u012bbas, galvenok\u0101rt pa\u0161am ar sevi un citiem, kuru pamat\u0101 ir sapratne, savstarp\u0113ja cie\u0146a un emocion\u0101l\u0101 inteli\u0123ence. Saprotot savas vajadz\u012bbas, veidojot nevardarb\u012bgu komunik\u0101ciju, uztic\u0113\u0161anos, konfliktu risin\u0101\u0161anu un emocion\u0101lu saikni, ir iesp\u0113jams izveidot ilgsto\u0161as, pilnv\u0113rt\u012bgas un galvenok\u0101rt, vesel\u012bgas attiec\u012bbas. Neatkar\u012bgi no t\u0101, vai uzsvars tiek likts uz romantisk\u0101m attiec\u012bb\u0101m, \u0123imenes dinamiku vai profesion\u0101liem sakariem, programma pied\u0101v\u0101 r\u012bkus un strat\u0113\u0123ijas, lai uzlabotu harmoniskas un vesel\u012bgas attiec\u012bbas, galvenok\u0101rt pa\u0161am ar sevi un apk\u0101rt\u0113jiem.<\/p>\n<ol>\n<li><strong>Harmoniskas attiec\u012bbas pa\u0161am ar sevi<\/strong><br \/>\n\u2728\u00a0K\u0101 es mijiedarbojos un uztveru sevi<br \/>\n\u2728 K\u0101  es \u0161obr\u012bd sevi uztveru \u2013 uz saviem scen\u0101rijiem, uzved\u012bbas mode\u013ciem \u2013 domform\u0101m,\nsaj\u016bt\u0101m emocij\u0101m, p\u0101rliec\u012bb\u0101m<br \/>\n\u2728 K\u0101 v\u0113los justies, izveidot m\u012blo\u0161as harmoniskas attiec\u012bbas pa\u0161am ar sevi<\/li>\n<li><strong>Attiec\u012bbas ar vec\u0101kiem<\/strong><br \/>\n\u2728 K\u0101 es mijiedarbojos un uztveru vec\u0101kus<br \/>\n\u2728 K\u0101  es \u0161obr\u012bd uztveru vec\u0101kus \u2013 uz saviem scen\u0101rijiem, uzved\u012bbas mode\u013ciem \u2013 domform\u0101m, saj\u016bt\u0101m emocij\u0101m, p\u0101rliec\u012bb\u0101m \u2013 ko no vi\u0146iem gaidu, ko vi\u0146i  no manis gaida<br \/>\n\u2728 L\u012bdzsvarot balans\u0113t \u0161\u012bs attiec\u012bbas uz harmonisk\u0101m un rado\u0161\u0101m<\/li>\n<li><strong>Attiec\u012bbas ar partneri<\/strong><br \/>\n\u2728 K\u0101 es mijiedarbojos un uztveru partneri<br \/>\n\u2728 Ko  no vi\u0146a gaidu, ko \u0161obr\u012bd sa\u0146emu<br \/>\n\u2728 K\u0101das attiec\u012bbas veidoju uz eso\u0161ajiem scen\u0101rijiem, uzved\u012bbas mode\u013ciem un k\u0101das v\u0113los veidot<br \/>\n\u2728 Izveidot harmoniskas m\u012blo\u0161as attiec\u012bbas uz jaun\u0101m domform\u0101m,\nsaj\u016bt\u0101m, emocij\u0101m \/ enkuro\u0161ana<\/li>\n<li><strong>Attiec\u012bbas ar Pasauli - k\u0101 es mijiedarbojos ar pasauli<\/strong><br \/>\n\u2728 K\u0101 es mijiedarbojos un uztveru sociumu, pasauli<br \/>\n\u2728 Ko es \u0161obr\u012bd  sa\u0146emu, k\u0101das ir manas attiec\u012bbas ar pasauli<br \/>\n\u2728 Izveidot jaunu skat\u012bjumu uz pasauli. Mijiedarboties ar pasauli caur rado\u0161o p\u0101rpiln\u012bbas \u0161\u0137autni<br \/>\n\u2728 Realiz\u0113ties un ieg\u016bt v\u0113lamo ar vieglumu, m\u0113r\u0137tiec\u012bbu, nevis ar c\u012b\u0146u un\ndestrukt\u012bv\u0101m saj\u016bt\u0101m, emocij\u0101m<\/li>\n<\/ol>","protected":false},"featured_media":2203,"template":"","meta":[],"product_brand":[],"product_cat":[18,78],"product_tag":[],"class_list":{"0":"post-1653","1":"product","2":"type-product","3":"status-publish","4":"has-post-thumbnail","6":"product_cat-individual-sessions","7":"product_cat-services","8":"pa_categories-individual-sessions","10":"first","11":"instock","12":"virtual","13":"purchasable","14":"product-type-simple"},"yoast_head":"<!-- This site is optimized with the Yoast SEO plugin v25.2 - https:\/\/yoast.com\/wordpress\/plugins\/seo\/ -->\n<title>Harmonious Relationship Programme - Ieva R\u016bsa<\/title>\n<meta name=\"robots\" content=\"index, follow, max-snippet:-1, max-image-preview:large, max-video-preview:-1\" \/>\n<link rel=\"canonical\" href=\"https:\/\/ievarusa.com\/lv\/products\/harmonious-relationship-programme\/\" \/>\n<meta property=\"og:locale\" content=\"lv_LV\" \/>\n<meta property=\"og:type\" content=\"article\" \/>\n<meta property=\"og:title\" content=\"Harmonious Relationship Programme - Ieva R\u016bsa\" \/>\n<meta property=\"og:description\" content=\"4 Session Package \u2013 programme designed specifically for you with 4 sessions. Each session lasts 90 minutes. What you will get: The Harmonious Relationship Programme is designed to create harmonious relationships, primarily with oneself and others, based on understanding, mutual respect, and emotional intelligence. By understanding one&#039;s needs, developing non-violent communication, trust, conflict resolution, and emotional connection, it is possible to build long-lasting, fulfilling, and, most importantly, healthy relationships. Whether the focus is on romantic relationships, family dynamics, or professional connections, the programme offers tools and strategies to improve harmonious and healthy relationships, primarily with oneself and those around you.    Harmonious Relationship with Yourself \u2728 How do I interact with and perceive myself? \u2728 How do I truly perceive myself\u2014based on my patterns, thought forms, feelings, emotions, and beliefs? \u2728 How do I truly want to feel and create loving, harmonious relationships with myself?  Relationship with Parents \u2728 How do I interact with and perceive my parents? \u2728 How do I truly perceive my parents\u2014based on my patterns, thought forms, feelings, emotions, and beliefs? What do I expect from them, and what do they really expect from me? \u2728 Balance and harmonize these relationships to be loving and creative.  Relationship with Partner \u2728 How do I interact with and perceive my partner? \u2728 What do I truly expect from them, and what do I receive? \u2728 What kind of relationship am I creating based on my existing patterns, and what do I truly want to create? \u2728 Create harmonious, loving relationships with new thought forms, feelings, and emotions \/ anchoring them.  Relationship with the World \u2013 How I Interact with the World \u2728 How do I interact with and perceive society, the world? \u2728 What do I receive, what is the world like for me? \u2728 Develop a new perspective on the world. Interact with the world through the creative abundance lens. \u2728 Achieve what I desire with ease and purpose, not through struggle or destructive emotions.\" \/>\n<meta property=\"og:url\" content=\"https:\/\/ievarusa.com\/lv\/products\/harmonious-relationship-programme\/\" \/>\n<meta property=\"og:site_name\" content=\"Ieva R\u016bsa\" \/>\n<meta property=\"article:publisher\" content=\"https:\/\/www.facebook.com\/Sunsouljewelry\" \/>\n<meta property=\"article:modified_time\" content=\"2025-02-04T08:30:21+00:00\" \/>\n<meta property=\"og:image\" content=\"https:\/\/ievarusa.com\/wp-content\/uploads\/2024\/10\/pexels-valentinantonucci-1378723-scaled.jpg\" \/>\n\t<meta property=\"og:image:width\" content=\"1200\" \/>\n\t<meta property=\"og:image:height\" content=\"1800\" \/>\n\t<meta property=\"og:image:type\" content=\"image\/jpeg\" \/>\n<meta name=\"twitter:card\" content=\"summary_large_image\" \/>\n<script type=\"application\/ld+json\" class=\"yoast-schema-graph\">{\"@context\":\"https:\/\/schema.org\",\"@graph\":[{\"@type\":\"WebPage\",\"@id\":\"https:\/\/ievarusa.com\/lv\/products\/harmonious-relationship-programme\/\",\"url\":\"https:\/\/ievarusa.com\/lv\/products\/harmonious-relationship-programme\/\",\"name\":\"Harmonious Relationship Programme - Ieva R\u016bsa\",\"isPartOf\":{\"@id\":\"https:\/\/ievarusa.com\/lv\/#website\"},\"primaryImageOfPage\":{\"@id\":\"https:\/\/ievarusa.com\/lv\/products\/harmonious-relationship-programme\/#primaryimage\"},\"image\":{\"@id\":\"https:\/\/ievarusa.com\/lv\/products\/harmonious-relationship-programme\/#primaryimage\"},\"thumbnailUrl\":\"https:\/\/ievarusa.com\/wp-content\/uploads\/2024\/10\/pexels-valentinantonucci-1378723-scaled.jpg\",\"datePublished\":\"2024-10-20T11:33:30+00:00\",\"dateModified\":\"2025-02-04T08:30:21+00:00\",\"breadcrumb\":{\"@id\":\"https:\/\/ievarusa.com\/lv\/products\/harmonious-relationship-programme\/#breadcrumb\"},\"inLanguage\":\"lv-LV\",\"potentialAction\":[{\"@type\":\"ReadAction\",\"target\":[\"https:\/\/ievarusa.com\/lv\/products\/harmonious-relationship-programme\/\"]}]},{\"@type\":\"ImageObject\",\"inLanguage\":\"lv-LV\",\"@id\":\"https:\/\/ievarusa.com\/lv\/products\/harmonious-relationship-programme\/#primaryimage\",\"url\":\"https:\/\/ievarusa.com\/wp-content\/uploads\/2024\/10\/pexels-valentinantonucci-1378723-scaled.jpg\",\"contentUrl\":\"https:\/\/ievarusa.com\/wp-content\/uploads\/2024\/10\/pexels-valentinantonucci-1378723-scaled.jpg\",\"width\":1200,\"height\":1800},{\"@type\":\"BreadcrumbList\",\"@id\":\"https:\/\/ievarusa.com\/lv\/products\/harmonious-relationship-programme\/#breadcrumb\",\"itemListElement\":[{\"@type\":\"ListItem\",\"position\":1,\"name\":\"Home\",\"item\":\"https:\/\/ievarusa.com\/lv\/\"},{\"@type\":\"ListItem\",\"position\":2,\"name\":\"Shop\",\"item\":\"https:\/\/ievarusa.com\/lv\/shop\/\"},{\"@type\":\"ListItem\",\"position\":3,\"name\":\"Harmonious Relationship Programme\"}]},{\"@type\":\"WebSite\",\"@id\":\"https:\/\/ievarusa.com\/lv\/#website\",\"url\":\"https:\/\/ievarusa.com\/lv\/\",\"name\":\"Ieva R\u016bsa\",\"description\":\"SunSoulJewelry\",\"publisher\":{\"@id\":\"https:\/\/ievarusa.com\/lv\/#organization\"},\"potentialAction\":[{\"@type\":\"SearchAction\",\"target\":{\"@type\":\"EntryPoint\",\"urlTemplate\":\"https:\/\/ievarusa.com\/lv\/?s={search_term_string}\"},\"query-input\":{\"@type\":\"PropertyValueSpecification\",\"valueRequired\":true,\"valueName\":\"search_term_string\"}}],\"inLanguage\":\"lv-LV\"},{\"@type\":\"Organization\",\"@id\":\"https:\/\/ievarusa.com\/lv\/#organization\",\"name\":\"Ieva R\u016bsa\",\"url\":\"https:\/\/ievarusa.com\/lv\/\",\"logo\":{\"@type\":\"ImageObject\",\"inLanguage\":\"lv-LV\",\"@id\":\"https:\/\/ievarusa.com\/lv\/#\/schema\/logo\/image\/\",\"url\":\"https:\/\/ievarusa.com\/wp-content\/uploads\/2024\/10\/cropped-ieva-rusa-logo.png\",\"contentUrl\":\"https:\/\/ievarusa.com\/wp-content\/uploads\/2024\/10\/cropped-ieva-rusa-logo.png\",\"width\":512,\"height\":512,\"caption\":\"Ieva R\u016bsa\"},\"image\":{\"@id\":\"https:\/\/ievarusa.com\/lv\/#\/schema\/logo\/image\/\"},\"sameAs\":[\"https:\/\/www.facebook.com\/Sunsouljewelry\",\"https:\/\/www.instagram.com\/ieva_rusa\/\"]}]}<\/script>\n<!-- \/ Yoast SEO plugin. -->","yoast_head_json":{"title":"Harmonious Relationship Programme - Ieva R\u016bsa","robots":{"index":"index","follow":"follow","max-snippet":"max-snippet:-1","max-image-preview":"max-image-preview:large","max-video-preview":"max-video-preview:-1"},"canonical":"https:\/\/ievarusa.com\/lv\/products\/harmonious-relationship-programme\/","og_locale":"lv_LV","og_type":"article","og_title":"Harmonious Relationship Programme - Ieva R\u016bsa","og_description":"4 Session Package \u2013 programme designed specifically for you with 4 sessions. Each session lasts 90 minutes. What you will get: The Harmonious Relationship Programme is designed to create harmonious relationships, primarily with oneself and others, based on understanding, mutual respect, and emotional intelligence. By understanding one's needs, developing non-violent communication, trust, conflict resolution, and emotional connection, it is possible to build long-lasting, fulfilling, and, most importantly, healthy relationships. Whether the focus is on romantic relationships, family dynamics, or professional connections, the programme offers tools and strategies to improve harmonious and healthy relationships, primarily with oneself and those around you.    Harmonious Relationship with Yourself \u2728 How do I interact with and perceive myself? \u2728 How do I truly perceive myself\u2014based on my patterns, thought forms, feelings, emotions, and beliefs? \u2728 How do I truly want to feel and create loving, harmonious relationships with myself?  Relationship with Parents \u2728 How do I interact with and perceive my parents? \u2728 How do I truly perceive my parents\u2014based on my patterns, thought forms, feelings, emotions, and beliefs? What do I expect from them, and what do they really expect from me? \u2728 Balance and harmonize these relationships to be loving and creative.  Relationship with Partner \u2728 How do I interact with and perceive my partner? \u2728 What do I truly expect from them, and what do I receive? \u2728 What kind of relationship am I creating based on my existing patterns, and what do I truly want to create? \u2728 Create harmonious, loving relationships with new thought forms, feelings, and emotions \/ anchoring them.  Relationship with the World \u2013 How I Interact with the World \u2728 How do I interact with and perceive society, the world? \u2728 What do I receive, what is the world like for me? \u2728 Develop a new perspective on the world. Interact with the world through the creative abundance lens. \u2728 Achieve what I desire with ease and purpose, not through struggle or destructive emotions.","og_url":"https:\/\/ievarusa.com\/lv\/products\/harmonious-relationship-programme\/","og_site_name":"Ieva R\u016bsa","article_publisher":"https:\/\/www.facebook.com\/Sunsouljewelry","article_modified_time":"2025-02-04T08:30:21+00:00","og_image":[{"width":1200,"height":1800,"url":"https:\/\/ievarusa.com\/wp-content\/uploads\/2024\/10\/pexels-valentinantonucci-1378723-scaled.jpg","type":"image\/jpeg"}],"twitter_card":"summary_large_image","schema":{"@context":"https:\/\/schema.org","@graph":[{"@type":"WebPage","@id":"https:\/\/ievarusa.com\/lv\/products\/harmonious-relationship-programme\/","url":"https:\/\/ievarusa.com\/lv\/products\/harmonious-relationship-programme\/","name":"Harmonious Relationship Programme - Ieva R\u016bsa","isPartOf":{"@id":"https:\/\/ievarusa.com\/lv\/#website"},"primaryImageOfPage":{"@id":"https:\/\/ievarusa.com\/lv\/products\/harmonious-relationship-programme\/#primaryimage"},"image":{"@id":"https:\/\/ievarusa.com\/lv\/products\/harmonious-relationship-programme\/#primaryimage"},"thumbnailUrl":"https:\/\/ievarusa.com\/wp-content\/uploads\/2024\/10\/pexels-valentinantonucci-1378723-scaled.jpg","datePublished":"2024-10-20T11:33:30+00:00","dateModified":"2025-02-04T08:30:21+00:00","breadcrumb":{"@id":"https:\/\/ievarusa.com\/lv\/products\/harmonious-relationship-programme\/#breadcrumb"},"inLanguage":"lv-LV","potentialAction":[{"@type":"ReadAction","target":["https:\/\/ievarusa.com\/lv\/products\/harmonious-relationship-programme\/"]}]},{"@type":"ImageObject","inLanguage":"lv-LV","@id":"https:\/\/ievarusa.com\/lv\/products\/harmonious-relationship-programme\/#primaryimage","url":"https:\/\/ievarusa.com\/wp-content\/uploads\/2024\/10\/pexels-valentinantonucci-1378723-scaled.jpg","contentUrl":"https:\/\/ievarusa.com\/wp-content\/uploads\/2024\/10\/pexels-valentinantonucci-1378723-scaled.jpg","width":1200,"height":1800},{"@type":"BreadcrumbList","@id":"https:\/\/ievarusa.com\/lv\/products\/harmonious-relationship-programme\/#breadcrumb","itemListElement":[{"@type":"ListItem","position":1,"name":"Home","item":"https:\/\/ievarusa.com\/lv\/"},{"@type":"ListItem","position":2,"name":"Shop","item":"https:\/\/ievarusa.com\/lv\/shop\/"},{"@type":"ListItem","position":3,"name":"Harmonious Relationship Programme"}]},{"@type":"WebSite","@id":"https:\/\/ievarusa.com\/lv\/#website","url":"https:\/\/ievarusa.com\/lv\/","name":"Ieva R\u016bsa","description":"SunSoulJewelry","publisher":{"@id":"https:\/\/ievarusa.com\/lv\/#organization"},"potentialAction":[{"@type":"SearchAction","target":{"@type":"EntryPoint","urlTemplate":"https:\/\/ievarusa.com\/lv\/?s={search_term_string}"},"query-input":{"@type":"PropertyValueSpecification","valueRequired":true,"valueName":"search_term_string"}}],"inLanguage":"lv-LV"},{"@type":"Organization","@id":"https:\/\/ievarusa.com\/lv\/#organization","name":"Ieva R\u016bsa","url":"https:\/\/ievarusa.com\/lv\/","logo":{"@type":"ImageObject","inLanguage":"lv-LV","@id":"https:\/\/ievarusa.com\/lv\/#\/schema\/logo\/image\/","url":"https:\/\/ievarusa.com\/wp-content\/uploads\/2024\/10\/cropped-ieva-rusa-logo.png","contentUrl":"https:\/\/ievarusa.com\/wp-content\/uploads\/2024\/10\/cropped-ieva-rusa-logo.png","width":512,"height":512,"caption":"Ieva R\u016bsa"},"image":{"@id":"https:\/\/ievarusa.com\/lv\/#\/schema\/logo\/image\/"},"sameAs":["https:\/\/www.facebook.com\/Sunsouljewelry","https:\/\/www.instagram.com\/ieva_rusa\/"]}]}},"_links":{"self":[{"href":"https:\/\/ievarusa.com\/lv\/wp-json\/wp\/v2\/product\/1653","targetHints":{"allow":["GET"]}}],"collection":[{"href":"https:\/\/ievarusa.com\/lv\/wp-json\/wp\/v2\/product"}],"about":[{"href":"https:\/\/ievarusa.com\/lv\/wp-json\/wp\/v2\/types\/product"}],"wp:featuredmedia":[{"embeddable":true,"href":"https:\/\/ievarusa.com\/lv\/wp-json\/wp\/v2\/media\/2203"}],"wp:attachment":[{"href":"https:\/\/ievarusa.com\/lv\/wp-json\/wp\/v2\/media?parent=1653"}],"wp:term":[{"taxonomy":"product_brand","embeddable":true,"href":"https:\/\/ievarusa.com\/lv\/wp-json\/wp\/v2\/product_brand?post=1653"},{"taxonomy":"product_cat","embeddable":true,"href":"https:\/\/ievarusa.com\/lv\/wp-json\/wp\/v2\/product_cat?post=1653"},{"taxonomy":"product_tag","embeddable":true,"href":"https:\/\/ievarusa.com\/lv\/wp-json\/wp\/v2\/product_tag?post=1653"}],"curies":[{"name":"wp","href":"https:\/\/api.w.org\/{rel}","templated":true}]}}