{"id":1649,"date":"2024-10-20T11:28:03","date_gmt":"2024-10-20T11:28:03","guid":{"rendered":"http:\/\/ievarusa-eng.local\/?post_type=product&#038;p=1649"},"modified":"2025-09-18T15:08:29","modified_gmt":"2025-09-18T13:08:29","slug":"self-love-and-acceptance-programme","status":"publish","type":"product","link":"https:\/\/ievarusa.com\/lv\/products\/self-love-and-acceptance-programme\/","title":{"rendered":"Sevis m\u012blest\u012bbas un pie\u0146em\u0161anas programma"},"content":{"rendered":"","protected":false},"excerpt":{"rendered":"<p><strong>4 sesiju programma<\/strong> \u2013 izstr\u0101d\u0101ta 4 sesiju programma, katras sesijas ilgums 90 min\u016btes.<\/p>\n<p><strong>Ieguvumi:<\/strong><\/p>\n<ul style=\"font-weight: 400;\">\n<li>Uzlabojas gar\u012bg\u0101 un emocion\u0101l\u0101 vesel\u012bba<\/li>\n<li>Palielina pa\u0161cie\u0146as saj\u016btu<\/li>\n<li>Liel\u0101ka iztur\u012bba pret negat\u012bv\u0101m dom\u0101m un kritiku<\/li>\n<li>Lab\u0101kas attiec\u012bbas ar sevi un apk\u0101rt\u0113jiem, jo iem\u0101coties m\u012bl\u0113t un pie\u0146emt sevi, Tu sp\u0113si to attiecin\u0101t ar\u012b uz citiem<\/li>\n<li>Person\u012bg\u0101 izaugsme, ieskaitot emocion\u0101lo dziedin\u0101\u0161anu un pozit\u012bva pa\u0161att\u0113la veido\u0161ana<\/li>\n<\/ul>\n<p style=\"font-weight: 400;\">B\u016bt\u012bb\u0101\u00a0<strong>Sevis m\u012blest\u012bbas un pie\u0146em\u0161anas programma<\/strong>\u00a0pal\u012bdz transform\u0113t attiec\u012bbas ar sevi, p\u0101rejot no zema pa\u0161v\u0113rt\u0113juma un nedro\u0161\u012bbas saj\u016btas  uz pa\u0161atbalstu un pozit\u012bvu pa\u0161nov\u0113rt\u0113\u0161anu. T\u0101 iedro\u0161in\u0161\u0101s pie\u0146emt savu autentisko dabu ar visiem tr\u016bkumiem,  stipraj\u0101m pus\u0113m un dz\u012bvot saska\u0146\u0101 ar sav\u0101m patiesaj\u0101m v\u0113rt\u012bb\u0101m un v\u0113lm\u0113m.<\/p>\n<ol>\n<li><strong>Ko es  dom\u0101ju par sevi<\/strong><br \/>\n\u2728 Apskat\u012bsim pa\u0161a domas par sevi, ko  es par sevi dom\u0101ju\/ zemapzi\u0146\u0101<br \/>\n\u2728\u00a0Transform\u0113t\/ izmain\u012bt destrukt\u012bvos scen\u0101rijus\/ uzved\u012bbas mode\u013cus, domformas uz poz\u012bv\u0101m rado\u0161\u0101m<\/li>\n<li><strong>Ko es j\u016btu  pret sevi, ko es nepie\u0146emu<\/strong><br \/>\n\u2728 Ko es sev\u012b nepie\u0146emu - saj\u016btas emocijas<br \/>\n\u2728 Izn\u012bcino\u0161\u0101s graujo\u0161\u0101s saj\u016btas, domformas transform\u0113t\/ izmain\u012bt uz pozit\u012bvaj\u0101m, rado\u0161aj\u0101m<br \/>\n\u2728\u00a0Atgriezt sev\u012b v\u0113rt\u012bbu<\/li>\n<li><strong>Kas esmu, kad es esmu viena\/s, bez apk\u0101rt\u0113jo ietekmes, spiedieniem, priek\u0161tatiem<\/strong><br \/>\n\u2728 Tie cilv\u0113ki, kas dz\u012bv\u0113 Tevi visvair\u0101k ietekm\u0113 \u2013 paskat\u012bties, ko  Tu sagaidi no apk\u0101rt\u0113jiem. Emocion\u0101li atdal\u012bties no vi\u0146iem un apzin\u0101ties, k\u0101da\/s Es esmu, kad mani ne viens neietekm\u0113 un redz\u0113t savu es\u012bbu nesaistot to ar apk\u0101rt\u0113jiem<br \/>\n\u2728 Ieraudz\u012bt sev\u012b To \u012bpa\u0161o \u0161\u0137autni, kamd\u0113\u013c Tu esi n\u0101cis \u0161ai pasaul\u0113, ar ko Tu esi \u012bpa\u0161s, un iem\u012bl\u0113t sevi. Mirdz\u0113t, starot sev un citiem<\/li>\n<li><strong>K\u013c\u016bt neatkar\u012bgam no citu viedok\u013ciem, saj\u016bt\u0101m emocij\u0101m<\/strong><br \/>\n\u2728 Ieraudz\u012bt sev\u012b stipr\u0101s kvalit\u0101tes, kas atbalst\u012bs dz\u012bv\u0113<br \/>\n\u2728 Ieraudz\u012b savu v\u0113rt\u012bbu, nest to pasaul\u0113<br \/>\n\u2728 B\u016bt neatkar\u012bgam no citiem un vi\u0146u ietekm\u0113m, viedok\u013ciem<\/li>\n<\/ol>","protected":false},"featured_media":2615,"template":"","meta":[],"product_brand":[],"product_cat":[18,78],"product_tag":[],"class_list":{"0":"post-1649","1":"product","2":"type-product","3":"status-publish","4":"has-post-thumbnail","6":"product_cat-individual-sessions","7":"product_cat-services","8":"pa_categories-individual-sessions","10":"first","11":"instock","12":"virtual","13":"purchasable","14":"product-type-simple"},"yoast_head":"<!-- This site is optimized with the Yoast SEO plugin v25.2 - https:\/\/yoast.com\/wordpress\/plugins\/seo\/ -->\n<title>Self Love and Acceptance Programme - Ieva R\u016bsa<\/title>\n<meta name=\"robots\" content=\"index, follow, max-snippet:-1, max-image-preview:large, max-video-preview:-1\" \/>\n<link rel=\"canonical\" href=\"https:\/\/ievarusa.com\/lv\/products\/self-love-and-acceptance-programme\/\" \/>\n<meta property=\"og:locale\" content=\"lv_LV\" \/>\n<meta property=\"og:type\" content=\"article\" \/>\n<meta property=\"og:title\" content=\"Self Love and Acceptance Programme - Ieva R\u016bsa\" \/>\n<meta property=\"og:description\" content=\"4 Session Package \u2013 programme designed specifically for you with 4 sessions. Each session lasts 90 minutes.  Benefits of the Programme:   Improved mental and emotional health  Enhanced sense of self-worth  Increased resilience against negativity and criticism  Better relationships, as you learn to love and accept yourself, you can extend the same to others  Personal growth, including emotional healing and the development of a positive self-image  In essence, a\u00a0Self-Love and Acceptance Programme\u00a0aims to helptransform their relationship with themselves, moving from self-judgment and insecurity to self-compassion and self-appreciation. It encourages to embrace Your authentic selves, flaws and all, and to live in alignment with their true values and desires.    What do I truly think about myself? \u2728 Let&#039;s explore your thoughts about yourself\u2014what do you truly think about yourself, on a subconscious level? \u2728 Transform and shift destructive patterns and thought forms into positive, creative ones.  What do I truly feel about myself, what do I not accept? \u2728 What do I truly not accept within myself\u2014feelings and emotions? \u2728 Transform destructive, damaging emotions and thought forms into positive, creative ones. \u2728 Reclaim your value within yourself.  Who am I really, when I am alone, without external influence, pressure, or preconceived notions? \u2728 The people who influence your life the most\u2014let&#039;s look at what you really expect from them, detach from them, and see who you truly are when no one is influencing you. \u2728 Discover that special facet of yourself, the reason you are here in this world, what makes you unique, and learn to love yourself. Shine, glow for yourself and others.  Become independent of others&#039; opinions, feelings, and emotions. \u2728 See the strong qualities within yourself that will support you in life. \u2728 Recognize your own value and carry it into the world. \u2728 Be independent from others and their influences.\" \/>\n<meta property=\"og:url\" content=\"https:\/\/ievarusa.com\/lv\/products\/self-love-and-acceptance-programme\/\" \/>\n<meta property=\"og:site_name\" content=\"Ieva R\u016bsa\" \/>\n<meta property=\"article:publisher\" content=\"https:\/\/www.facebook.com\/Sunsouljewelry\" \/>\n<meta property=\"article:modified_time\" content=\"2025-09-18T13:08:29+00:00\" \/>\n<meta property=\"og:image\" content=\"https:\/\/ievarusa.com\/wp-content\/uploads\/2024\/10\/DSCF7585-scaled.jpg\" \/>\n\t<meta property=\"og:image:width\" content=\"1706\" \/>\n\t<meta property=\"og:image:height\" content=\"2560\" \/>\n\t<meta property=\"og:image:type\" content=\"image\/jpeg\" \/>\n<meta name=\"twitter:card\" content=\"summary_large_image\" \/>\n<script type=\"application\/ld+json\" class=\"yoast-schema-graph\">{\"@context\":\"https:\/\/schema.org\",\"@graph\":[{\"@type\":\"WebPage\",\"@id\":\"https:\/\/ievarusa.com\/lv\/products\/self-love-and-acceptance-programme\/\",\"url\":\"https:\/\/ievarusa.com\/lv\/products\/self-love-and-acceptance-programme\/\",\"name\":\"Self Love and Acceptance Programme - Ieva R\u016bsa\",\"isPartOf\":{\"@id\":\"https:\/\/ievarusa.com\/lv\/#website\"},\"primaryImageOfPage\":{\"@id\":\"https:\/\/ievarusa.com\/lv\/products\/self-love-and-acceptance-programme\/#primaryimage\"},\"image\":{\"@id\":\"https:\/\/ievarusa.com\/lv\/products\/self-love-and-acceptance-programme\/#primaryimage\"},\"thumbnailUrl\":\"https:\/\/ievarusa.com\/wp-content\/uploads\/2024\/10\/DSCF7585-scaled.jpg\",\"datePublished\":\"2024-10-20T11:28:03+00:00\",\"dateModified\":\"2025-09-18T13:08:29+00:00\",\"breadcrumb\":{\"@id\":\"https:\/\/ievarusa.com\/lv\/products\/self-love-and-acceptance-programme\/#breadcrumb\"},\"inLanguage\":\"lv-LV\",\"potentialAction\":[{\"@type\":\"ReadAction\",\"target\":[\"https:\/\/ievarusa.com\/lv\/products\/self-love-and-acceptance-programme\/\"]}]},{\"@type\":\"ImageObject\",\"inLanguage\":\"lv-LV\",\"@id\":\"https:\/\/ievarusa.com\/lv\/products\/self-love-and-acceptance-programme\/#primaryimage\",\"url\":\"https:\/\/ievarusa.com\/wp-content\/uploads\/2024\/10\/DSCF7585-scaled.jpg\",\"contentUrl\":\"https:\/\/ievarusa.com\/wp-content\/uploads\/2024\/10\/DSCF7585-scaled.jpg\",\"width\":1706,\"height\":2560},{\"@type\":\"BreadcrumbList\",\"@id\":\"https:\/\/ievarusa.com\/lv\/products\/self-love-and-acceptance-programme\/#breadcrumb\",\"itemListElement\":[{\"@type\":\"ListItem\",\"position\":1,\"name\":\"Home\",\"item\":\"https:\/\/ievarusa.com\/lv\/\"},{\"@type\":\"ListItem\",\"position\":2,\"name\":\"Shop\",\"item\":\"https:\/\/ievarusa.com\/lv\/shop\/\"},{\"@type\":\"ListItem\",\"position\":3,\"name\":\"Self Love and Acceptance Programme\"}]},{\"@type\":\"WebSite\",\"@id\":\"https:\/\/ievarusa.com\/lv\/#website\",\"url\":\"https:\/\/ievarusa.com\/lv\/\",\"name\":\"Ieva R\u016bsa\",\"description\":\"SunSoulJewelry\",\"publisher\":{\"@id\":\"https:\/\/ievarusa.com\/lv\/#organization\"},\"potentialAction\":[{\"@type\":\"SearchAction\",\"target\":{\"@type\":\"EntryPoint\",\"urlTemplate\":\"https:\/\/ievarusa.com\/lv\/?s={search_term_string}\"},\"query-input\":{\"@type\":\"PropertyValueSpecification\",\"valueRequired\":true,\"valueName\":\"search_term_string\"}}],\"inLanguage\":\"lv-LV\"},{\"@type\":\"Organization\",\"@id\":\"https:\/\/ievarusa.com\/lv\/#organization\",\"name\":\"Ieva R\u016bsa\",\"url\":\"https:\/\/ievarusa.com\/lv\/\",\"logo\":{\"@type\":\"ImageObject\",\"inLanguage\":\"lv-LV\",\"@id\":\"https:\/\/ievarusa.com\/lv\/#\/schema\/logo\/image\/\",\"url\":\"https:\/\/ievarusa.com\/wp-content\/uploads\/2024\/10\/cropped-ieva-rusa-logo.png\",\"contentUrl\":\"https:\/\/ievarusa.com\/wp-content\/uploads\/2024\/10\/cropped-ieva-rusa-logo.png\",\"width\":512,\"height\":512,\"caption\":\"Ieva R\u016bsa\"},\"image\":{\"@id\":\"https:\/\/ievarusa.com\/lv\/#\/schema\/logo\/image\/\"},\"sameAs\":[\"https:\/\/www.facebook.com\/Sunsouljewelry\",\"https:\/\/www.instagram.com\/ieva_rusa\/\"]}]}<\/script>\n<!-- \/ Yoast SEO plugin. -->","yoast_head_json":{"title":"Self Love and Acceptance Programme - Ieva R\u016bsa","robots":{"index":"index","follow":"follow","max-snippet":"max-snippet:-1","max-image-preview":"max-image-preview:large","max-video-preview":"max-video-preview:-1"},"canonical":"https:\/\/ievarusa.com\/lv\/products\/self-love-and-acceptance-programme\/","og_locale":"lv_LV","og_type":"article","og_title":"Self Love and Acceptance Programme - Ieva R\u016bsa","og_description":"4 Session Package \u2013 programme designed specifically for you with 4 sessions. Each session lasts 90 minutes.  Benefits of the Programme:   Improved mental and emotional health  Enhanced sense of self-worth  Increased resilience against negativity and criticism  Better relationships, as you learn to love and accept yourself, you can extend the same to others  Personal growth, including emotional healing and the development of a positive self-image  In essence, a\u00a0Self-Love and Acceptance Programme\u00a0aims to helptransform their relationship with themselves, moving from self-judgment and insecurity to self-compassion and self-appreciation. It encourages to embrace Your authentic selves, flaws and all, and to live in alignment with their true values and desires.    What do I truly think about myself? \u2728 Let's explore your thoughts about yourself\u2014what do you truly think about yourself, on a subconscious level? \u2728 Transform and shift destructive patterns and thought forms into positive, creative ones.  What do I truly feel about myself, what do I not accept? \u2728 What do I truly not accept within myself\u2014feelings and emotions? \u2728 Transform destructive, damaging emotions and thought forms into positive, creative ones. \u2728 Reclaim your value within yourself.  Who am I really, when I am alone, without external influence, pressure, or preconceived notions? \u2728 The people who influence your life the most\u2014let's look at what you really expect from them, detach from them, and see who you truly are when no one is influencing you. \u2728 Discover that special facet of yourself, the reason you are here in this world, what makes you unique, and learn to love yourself. Shine, glow for yourself and others.  Become independent of others' opinions, feelings, and emotions. \u2728 See the strong qualities within yourself that will support you in life. \u2728 Recognize your own value and carry it into the world. \u2728 Be independent from others and their influences.","og_url":"https:\/\/ievarusa.com\/lv\/products\/self-love-and-acceptance-programme\/","og_site_name":"Ieva R\u016bsa","article_publisher":"https:\/\/www.facebook.com\/Sunsouljewelry","article_modified_time":"2025-09-18T13:08:29+00:00","og_image":[{"width":1706,"height":2560,"url":"https:\/\/ievarusa.com\/wp-content\/uploads\/2024\/10\/DSCF7585-scaled.jpg","type":"image\/jpeg"}],"twitter_card":"summary_large_image","schema":{"@context":"https:\/\/schema.org","@graph":[{"@type":"WebPage","@id":"https:\/\/ievarusa.com\/lv\/products\/self-love-and-acceptance-programme\/","url":"https:\/\/ievarusa.com\/lv\/products\/self-love-and-acceptance-programme\/","name":"Self Love and Acceptance Programme - Ieva R\u016bsa","isPartOf":{"@id":"https:\/\/ievarusa.com\/lv\/#website"},"primaryImageOfPage":{"@id":"https:\/\/ievarusa.com\/lv\/products\/self-love-and-acceptance-programme\/#primaryimage"},"image":{"@id":"https:\/\/ievarusa.com\/lv\/products\/self-love-and-acceptance-programme\/#primaryimage"},"thumbnailUrl":"https:\/\/ievarusa.com\/wp-content\/uploads\/2024\/10\/DSCF7585-scaled.jpg","datePublished":"2024-10-20T11:28:03+00:00","dateModified":"2025-09-18T13:08:29+00:00","breadcrumb":{"@id":"https:\/\/ievarusa.com\/lv\/products\/self-love-and-acceptance-programme\/#breadcrumb"},"inLanguage":"lv-LV","potentialAction":[{"@type":"ReadAction","target":["https:\/\/ievarusa.com\/lv\/products\/self-love-and-acceptance-programme\/"]}]},{"@type":"ImageObject","inLanguage":"lv-LV","@id":"https:\/\/ievarusa.com\/lv\/products\/self-love-and-acceptance-programme\/#primaryimage","url":"https:\/\/ievarusa.com\/wp-content\/uploads\/2024\/10\/DSCF7585-scaled.jpg","contentUrl":"https:\/\/ievarusa.com\/wp-content\/uploads\/2024\/10\/DSCF7585-scaled.jpg","width":1706,"height":2560},{"@type":"BreadcrumbList","@id":"https:\/\/ievarusa.com\/lv\/products\/self-love-and-acceptance-programme\/#breadcrumb","itemListElement":[{"@type":"ListItem","position":1,"name":"Home","item":"https:\/\/ievarusa.com\/lv\/"},{"@type":"ListItem","position":2,"name":"Shop","item":"https:\/\/ievarusa.com\/lv\/shop\/"},{"@type":"ListItem","position":3,"name":"Self Love and Acceptance Programme"}]},{"@type":"WebSite","@id":"https:\/\/ievarusa.com\/lv\/#website","url":"https:\/\/ievarusa.com\/lv\/","name":"Ieva R\u016bsa","description":"SunSoulJewelry","publisher":{"@id":"https:\/\/ievarusa.com\/lv\/#organization"},"potentialAction":[{"@type":"SearchAction","target":{"@type":"EntryPoint","urlTemplate":"https:\/\/ievarusa.com\/lv\/?s={search_term_string}"},"query-input":{"@type":"PropertyValueSpecification","valueRequired":true,"valueName":"search_term_string"}}],"inLanguage":"lv-LV"},{"@type":"Organization","@id":"https:\/\/ievarusa.com\/lv\/#organization","name":"Ieva R\u016bsa","url":"https:\/\/ievarusa.com\/lv\/","logo":{"@type":"ImageObject","inLanguage":"lv-LV","@id":"https:\/\/ievarusa.com\/lv\/#\/schema\/logo\/image\/","url":"https:\/\/ievarusa.com\/wp-content\/uploads\/2024\/10\/cropped-ieva-rusa-logo.png","contentUrl":"https:\/\/ievarusa.com\/wp-content\/uploads\/2024\/10\/cropped-ieva-rusa-logo.png","width":512,"height":512,"caption":"Ieva R\u016bsa"},"image":{"@id":"https:\/\/ievarusa.com\/lv\/#\/schema\/logo\/image\/"},"sameAs":["https:\/\/www.facebook.com\/Sunsouljewelry","https:\/\/www.instagram.com\/ieva_rusa\/"]}]}},"_links":{"self":[{"href":"https:\/\/ievarusa.com\/lv\/wp-json\/wp\/v2\/product\/1649","targetHints":{"allow":["GET"]}}],"collection":[{"href":"https:\/\/ievarusa.com\/lv\/wp-json\/wp\/v2\/product"}],"about":[{"href":"https:\/\/ievarusa.com\/lv\/wp-json\/wp\/v2\/types\/product"}],"wp:featuredmedia":[{"embeddable":true,"href":"https:\/\/ievarusa.com\/lv\/wp-json\/wp\/v2\/media\/2615"}],"wp:attachment":[{"href":"https:\/\/ievarusa.com\/lv\/wp-json\/wp\/v2\/media?parent=1649"}],"wp:term":[{"taxonomy":"product_brand","embeddable":true,"href":"https:\/\/ievarusa.com\/lv\/wp-json\/wp\/v2\/product_brand?post=1649"},{"taxonomy":"product_cat","embeddable":true,"href":"https:\/\/ievarusa.com\/lv\/wp-json\/wp\/v2\/product_cat?post=1649"},{"taxonomy":"product_tag","embeddable":true,"href":"https:\/\/ievarusa.com\/lv\/wp-json\/wp\/v2\/product_tag?post=1649"}],"curies":[{"name":"wp","href":"https:\/\/api.w.org\/{rel}","templated":true}]}}