{"id":1912,"date":"2024-11-17T22:27:55","date_gmt":"2024-11-17T22:27:55","guid":{"rendered":"http:\/\/ievarusa-eng.local\/?page_id=1912"},"modified":"2025-01-16T19:20:16","modified_gmt":"2025-01-16T17:20:16","slug":"warranty","status":"publish","type":"page","link":"https:\/\/ievarusa.com\/lv\/warranty\/","title":{"rendered":"Garantija"},"content":{"rendered":"<div id=\"fws_69fb532b4a108\"  data-column-margin=\"none\" data-midnight=\"dark\" data-top-percent=\"4%\" data-bottom-percent=\"4%\"  class=\"wpb_row vc_row-fluid vc_row full-width-section  top_padding_phone_10pct\"  style=\"padding-top: calc(100vw * 0.04); padding-bottom: calc(100vw * 0.04); \"><div class=\"row-bg-wrap\" data-bg-animation=\"none\" data-bg-animation-delay=\"\" data-bg-overlay=\"false\"><div class=\"inner-wrap row-bg-layer\" ><div class=\"row-bg viewport-desktop\"  style=\"\"><\/div><\/div><\/div><div class=\"nectar-shape-divider-wrap\" style=\" height:33%;\" data-using-percent-val=\"true\" data-height=\"33%\" data-front=\"\" data-style=\"straight_section\" data-position=\"bottom\" ><svg class=\"nectar-shape-divider\" aria-hidden=\"true\" fill=\"#ffffff\" xmlns=\"http:\/\/www.w3.org\/2000\/svg\" viewbox=\"0 0 100 10\" preserveaspectratio=\"none\"> <polygon points=\"104 10, 104 0, 0 0, 0 10\"><\/polygon> <\/svg><\/div><div class=\"row_col_wrap_12 col span_12 dark left\">\n\t<div  class=\"vc_col-sm-12 wpb_column column_container vc_column_container col no-extra-padding el_spacing_0px inherit_tablet inherit_phone\"  data-padding-pos=\"top-bottom\" data-has-bg-color=\"false\" data-bg-color=\"\" data-bg-opacity=\"1\" data-animation=\"\" data-delay=\"0\" >\n\t\t<div class=\"vc_column-inner\" >\n\t\t\t<div class=\"wpb_wrapper\">\n\t\t\t\t<div id=\"fws_69fb532b4a5d3\" data-midnight=\"\" data-column-margin=\"default\" class=\"wpb_row vc_row-fluid vc_row inner_row  right_padding_6pct left_padding_6pct\"  style=\"padding-bottom: 35px; \"><div class=\"row-bg-wrap\"> <div class=\"row-bg\" ><\/div> <\/div><div class=\"row_col_wrap_12_inner col span_12  left\">\n\t<div  class=\"vc_col-sm-12 wpb_column column_container vc_column_container col child_column centered-text no-extra-padding el_spacing_0px inherit_tablet inherit_phone\"   data-padding-pos=\"all\" data-has-bg-color=\"false\" data-bg-color=\"\" data-bg-opacity=\"1\" data-animation=\"\" data-delay=\"0\" >\n\t\t<div class=\"vc_column-inner\" >\n\t\t<div class=\"wpb_wrapper\">\n\t\t\t<div class=\"nectar-split-heading  font_size_7vh font_line_height_1-5\" data-align=\"default\" data-m-align=\"inherit\" data-text-effect=\"default\" data-animation-type=\"default\" data-animation-delay=\"0\" data-animation-offset=\"\" data-m-rm-animation=\"\" data-stagger=\"\" data-custom-font-size=\"true\" style=\"font-size: 7vh; line-height: 7.7vh;\"><div class=\"heading-line\" > <div><h1>Garantija<\/h1> <\/div> <\/div><\/div>\n\t\t<\/div> \n\t<\/div>\n\t<\/div> \n<\/div><\/div>\n\t\t\t<\/div> \n\t\t<\/div>\n\t<\/div> \n<\/div><\/div>\n\t\t<div id=\"home\"  data-column-margin=\"90px\" data-midnight=\"dark\" data-bottom-percent=\"6%\"  class=\"wpb_row vc_row-fluid vc_row full-width-section vc_row-o-equal-height vc_row-flex vc_row-o-content-middle  right_padding_8pct left_padding_8pct top_padding_tablet_8pct bottom_padding_tablet_8pct\"  style=\"padding-top: 0px; padding-bottom: calc(100vw * 0.06); \"><div class=\"row-bg-wrap\" data-bg-animation=\"none\" data-bg-animation-delay=\"\" data-bg-overlay=\"false\"><div class=\"inner-wrap row-bg-layer\" ><div class=\"row-bg viewport-desktop using-bg-color\"  style=\"background-color: #ffffff; \"><\/div><\/div><\/div><div class=\"row_col_wrap_12 col span_12 dark left\">\n\t<div style=\"z-index: 100; \" class=\"vc_col-sm-12 vc_col-xs-12 wpb_column column_container vc_column_container col padding-4-percent el_spacing_10px no-extra-padding_tablet no-extra-padding_phone\"  data-padding-pos=\"right\" data-has-bg-color=\"false\" data-bg-color=\"\" data-bg-opacity=\"1\" data-animation=\"\" data-delay=\"0\" >\n\t\t<div class=\"vc_column-inner\" >\n\t\t\t<div class=\"wpb_wrapper\">\n\t\t\t\t<div id=\"fws_69fb532b4ae4b\" data-midnight=\"\" data-column-margin=\"default\" class=\"wpb_row vc_row-fluid vc_row inner_row\"  style=\"\"><div class=\"row-bg-wrap\"> <div class=\"row-bg\" ><\/div> <\/div><div class=\"row_col_wrap_12_inner col span_12  left\">\n\t<div  class=\"vc_col-sm-12 wpb_column column_container vc_column_container col child_column has-animation no-extra-padding el_spacing_5px inherit_tablet inherit_phone\"   data-padding-pos=\"all\" data-has-bg-color=\"false\" data-bg-color=\"\" data-bg-opacity=\"1\" data-animation=\"fade-in-from-bottom\" data-delay=\"0\" >\n\t\t<div class=\"vc_column-inner\" >\n\t\t<div class=\"wpb_wrapper\">\n\t\t\t\n<div class=\"wpb_text_column wpb_content_element\" >\n\t<div class=\"wpb_wrapper\">\n\t\t<p>Pateicoties augstajai kvalit\u0101tei un meistar\u012bbai, \u013coti reti saskaramies ar situ\u0101cij\u0101m, kad m\u016bsu produktiem b\u016btu defekti, t\u0101d\u0113\u013c Sun Soul Jewelry garant\u0113, ka t\u0101 rad\u012btie un p\u0101rdotie produkti neb\u016bs ar izgatavo\u0161anas defektiem.<\/p>\n<p>Sun Soul Jewelry salabos jebkuru produktu, kuram tiks konstat\u0113ti ra\u017eo\u0161anas defekti, viena (1) m\u0113ne\u0161a laik\u0101 no pirkuma datuma, ja tiek iesniegts ori\u0123in\u0101lais pirkuma \u010deks.<\/p>\n<h4>1. Garantijas darb\u012bbas joma:<\/h4>\n<p>\u0160\u012b garantija attiecas uz jebk\u0101diem materi\u0101lu vai izgatavo\u0161anas defektiem norm\u0101las lieto\u0161anas laik\u0101 garantijas period\u0101. \u0160aj\u0101 laik\u0101 Sun Soul Jewelry bez maksas salabos vai nomain\u012bs produktus vai to da\u013cas, kas izr\u0101d\u012bsies boj\u0101tas nepareizu materi\u0101lu vai izgatavo\u0161anas d\u0113\u013c, ja produkti tiks izmantoti un uztur\u0113ti norm\u0101los apst\u0101k\u013cos.<\/p>\n<h4>2. Iz\u0146\u0113mumi:<\/h4>\n<p>\u0160\u012b garantija neattiecas uz:<br \/>\na. Boj\u0101jumiem, kas radu\u0161ies nepareizas lieto\u0161anas, nolaid\u012bbas, nelaimes gad\u012bjumu, berzes, pak\u013cau\u0161anas ekstrem\u0101l\u0101m temperat\u016br\u0101m, \u0161\u0137\u012bdin\u0101t\u0101jiem, sk\u0101b\u0113m vai jebk\u0101dos citos nenorm\u0101los lieto\u0161anas apst\u0101k\u013cos.<br \/>\nb. Dabisku nolieto\u0161anos, tostarp akme\u0146u izbal\u0113\u0161anu.<br \/>\nc. Pa\u0161roc\u012bg\u0101m izmai\u0146\u0101m vai labojumiem.<br \/>\nd. Rotu nozaud\u0113\u0161anu vai z\u0101dz\u012bbu.<br \/>\ne. Dabisk\u0101m vari\u0101cij\u0101m akme\u0146os. T\u0101 k\u0101 tie ir dab\u012bgi akme\u0146i, kr\u0101su un rakstu at\u0161\u0137ir\u012bbas ir sagaid\u0101mas un nav iek\u013cautas \u0161aj\u0101 garantij\u0101.<\/p>\n<h4>3. Garantijas piepras\u012bjuma process:<\/h4>\n<p>Lai sa\u0146emtu garantijas pakalpojumu, vispirms sazinieties ar Sun Soul Jewelry, lai noteiktu probl\u0113mu un atrastu lab\u0101ko risin\u0101jumu. Garantijas piepras\u012bjum\u0101 j\u0101nor\u0101da ori\u0123in\u0101l\u0101 pirkuma datums un pas\u016bt\u012bjuma kv\u012bts.<\/p>\n<h4>4. Pieg\u0101des izmaksas:<\/h4>\n<p>Klientiem var b\u016bt j\u0101sedz pieg\u0101des izmaksas, atgrie\u017eot aproci garantijas apkalpo\u0161anai, ja netiek konstat\u0113ts, ka prece ir boj\u0101ta ra\u017eo\u0161anas d\u0113\u013c.<\/p>\n<h4>5. Atbild\u012bbas ierobe\u017eojums:<\/h4>\n<p>Sun Soul Jewelry neuz\u0146emas atbild\u012bbu par jebk\u0101diem nejau\u0161iem, netie\u0161iem vai izrieto\u0161iem zaud\u0113jumiem, iz\u0146emot gad\u012bjumus, kas paredz\u0113ti piem\u0113rojamajos ties\u012bbu aktos.<\/p>\n<h4>6. Garantijas p\u0101rnesam\u012bba:<\/h4>\n<p>\u0160\u012b garantija ir der\u012bga tikai s\u0101kotn\u0113jam pirc\u0113jam un nav nododama cit\u0101m person\u0101m.<\/p>\n<h4>7. Sazin\u0101\u0161an\u0101s:<\/h4>\n<p>Garantijas apkalpo\u0161anai vai jaut\u0101jumu gad\u012bjum\u0101 l\u016bdzu sazinieties ar m\u016bsu klientu apkalpo\u0161anas komandu, rakstot uz <a href=\"mailto:ievaruusa@gmail.com\"><b>ievaruusa@gmail.com.<\/b><\/a><\/p>\n\t<\/div>\n<\/div>\n\n\n\n\n\t\t<\/div> \n\t<\/div>\n\t<\/div> \n<\/div><\/div>\n\t\t\t<\/div> \n\t\t<\/div>\n\t<\/div> \n<\/div><\/div>","protected":false},"excerpt":{"rendered":"Warranty Thanks to the high quality and craftsmanship, we very rarely encounter situations where our products have defects. Therefore, Sun Soul Jewelry guarantees that its created and sold products will...","protected":false},"author":1,"featured_media":0,"parent":0,"menu_order":0,"comment_status":"closed","ping_status":"closed","template":"","meta":{"footnotes":""},"class_list":["post-1912","page","type-page","status-publish"],"yoast_head":"<!-- This site is optimized with the Yoast SEO plugin v25.2 - https:\/\/yoast.com\/wordpress\/plugins\/seo\/ -->\n<title>Warranty - Ieva R\u016bsa<\/title>\n<meta name=\"robots\" content=\"index, follow, max-snippet:-1, max-image-preview:large, max-video-preview:-1\" \/>\n<link rel=\"canonical\" href=\"https:\/\/ievarusa.com\/lv\/warranty\/\" \/>\n<meta property=\"og:locale\" content=\"lv_LV\" \/>\n<meta property=\"og:type\" content=\"article\" \/>\n<meta property=\"og:title\" content=\"Warranty - Ieva R\u016bsa\" \/>\n<meta property=\"og:url\" content=\"https:\/\/ievarusa.com\/lv\/warranty\/\" \/>\n<meta property=\"og:site_name\" content=\"Ieva R\u016bsa\" \/>\n<meta property=\"article:publisher\" content=\"https:\/\/www.facebook.com\/Sunsouljewelry\" \/>\n<meta property=\"article:modified_time\" content=\"2025-01-16T17:20:16+00:00\" \/>\n<meta name=\"twitter:card\" content=\"summary_large_image\" \/>\n<meta name=\"twitter:label1\" content=\"Est. reading time\" \/>\n\t<meta name=\"twitter:data1\" content=\"5 min\u016btes\" \/>\n<script type=\"application\/ld+json\" class=\"yoast-schema-graph\">{\"@context\":\"https:\/\/schema.org\",\"@graph\":[{\"@type\":\"WebPage\",\"@id\":\"https:\/\/ievarusa.com\/lv\/warranty\/\",\"url\":\"https:\/\/ievarusa.com\/lv\/warranty\/\",\"name\":\"Warranty - Ieva R\u016bsa\",\"isPartOf\":{\"@id\":\"https:\/\/ievarusa.com\/lv\/#website\"},\"datePublished\":\"2024-11-17T22:27:55+00:00\",\"dateModified\":\"2025-01-16T17:20:16+00:00\",\"breadcrumb\":{\"@id\":\"https:\/\/ievarusa.com\/lv\/warranty\/#breadcrumb\"},\"inLanguage\":\"lv-LV\",\"potentialAction\":[{\"@type\":\"ReadAction\",\"target\":[\"https:\/\/ievarusa.com\/lv\/warranty\/\"]}]},{\"@type\":\"BreadcrumbList\",\"@id\":\"https:\/\/ievarusa.com\/lv\/warranty\/#breadcrumb\",\"itemListElement\":[{\"@type\":\"ListItem\",\"position\":1,\"name\":\"Home\",\"item\":\"https:\/\/ievarusa.com\/lv\/\"},{\"@type\":\"ListItem\",\"position\":2,\"name\":\"Warranty\"}]},{\"@type\":\"WebSite\",\"@id\":\"https:\/\/ievarusa.com\/lv\/#website\",\"url\":\"https:\/\/ievarusa.com\/lv\/\",\"name\":\"Ieva R\u016bsa\",\"description\":\"SunSoulJewelry\",\"publisher\":{\"@id\":\"https:\/\/ievarusa.com\/lv\/#organization\"},\"potentialAction\":[{\"@type\":\"SearchAction\",\"target\":{\"@type\":\"EntryPoint\",\"urlTemplate\":\"https:\/\/ievarusa.com\/lv\/?s={search_term_string}\"},\"query-input\":{\"@type\":\"PropertyValueSpecification\",\"valueRequired\":true,\"valueName\":\"search_term_string\"}}],\"inLanguage\":\"lv-LV\"},{\"@type\":\"Organization\",\"@id\":\"https:\/\/ievarusa.com\/lv\/#organization\",\"name\":\"Ieva R\u016bsa\",\"url\":\"https:\/\/ievarusa.com\/lv\/\",\"logo\":{\"@type\":\"ImageObject\",\"inLanguage\":\"lv-LV\",\"@id\":\"https:\/\/ievarusa.com\/lv\/#\/schema\/logo\/image\/\",\"url\":\"https:\/\/ievarusa.com\/wp-content\/uploads\/2024\/10\/cropped-ieva-rusa-logo.png\",\"contentUrl\":\"https:\/\/ievarusa.com\/wp-content\/uploads\/2024\/10\/cropped-ieva-rusa-logo.png\",\"width\":512,\"height\":512,\"caption\":\"Ieva R\u016bsa\"},\"image\":{\"@id\":\"https:\/\/ievarusa.com\/lv\/#\/schema\/logo\/image\/\"},\"sameAs\":[\"https:\/\/www.facebook.com\/Sunsouljewelry\",\"https:\/\/www.instagram.com\/ieva_rusa\/\"]}]}<\/script>\n<!-- \/ Yoast SEO plugin. -->","yoast_head_json":{"title":"Warranty - Ieva R\u016bsa","robots":{"index":"index","follow":"follow","max-snippet":"max-snippet:-1","max-image-preview":"max-image-preview:large","max-video-preview":"max-video-preview:-1"},"canonical":"https:\/\/ievarusa.com\/lv\/warranty\/","og_locale":"lv_LV","og_type":"article","og_title":"Warranty - Ieva R\u016bsa","og_url":"https:\/\/ievarusa.com\/lv\/warranty\/","og_site_name":"Ieva R\u016bsa","article_publisher":"https:\/\/www.facebook.com\/Sunsouljewelry","article_modified_time":"2025-01-16T17:20:16+00:00","twitter_card":"summary_large_image","twitter_misc":{"Est. reading time":"5 min\u016btes"},"schema":{"@context":"https:\/\/schema.org","@graph":[{"@type":"WebPage","@id":"https:\/\/ievarusa.com\/lv\/warranty\/","url":"https:\/\/ievarusa.com\/lv\/warranty\/","name":"Warranty - Ieva R\u016bsa","isPartOf":{"@id":"https:\/\/ievarusa.com\/lv\/#website"},"datePublished":"2024-11-17T22:27:55+00:00","dateModified":"2025-01-16T17:20:16+00:00","breadcrumb":{"@id":"https:\/\/ievarusa.com\/lv\/warranty\/#breadcrumb"},"inLanguage":"lv-LV","potentialAction":[{"@type":"ReadAction","target":["https:\/\/ievarusa.com\/lv\/warranty\/"]}]},{"@type":"BreadcrumbList","@id":"https:\/\/ievarusa.com\/lv\/warranty\/#breadcrumb","itemListElement":[{"@type":"ListItem","position":1,"name":"Home","item":"https:\/\/ievarusa.com\/lv\/"},{"@type":"ListItem","position":2,"name":"Warranty"}]},{"@type":"WebSite","@id":"https:\/\/ievarusa.com\/lv\/#website","url":"https:\/\/ievarusa.com\/lv\/","name":"Ieva R\u016bsa","description":"SunSoulJewelry","publisher":{"@id":"https:\/\/ievarusa.com\/lv\/#organization"},"potentialAction":[{"@type":"SearchAction","target":{"@type":"EntryPoint","urlTemplate":"https:\/\/ievarusa.com\/lv\/?s={search_term_string}"},"query-input":{"@type":"PropertyValueSpecification","valueRequired":true,"valueName":"search_term_string"}}],"inLanguage":"lv-LV"},{"@type":"Organization","@id":"https:\/\/ievarusa.com\/lv\/#organization","name":"Ieva R\u016bsa","url":"https:\/\/ievarusa.com\/lv\/","logo":{"@type":"ImageObject","inLanguage":"lv-LV","@id":"https:\/\/ievarusa.com\/lv\/#\/schema\/logo\/image\/","url":"https:\/\/ievarusa.com\/wp-content\/uploads\/2024\/10\/cropped-ieva-rusa-logo.png","contentUrl":"https:\/\/ievarusa.com\/wp-content\/uploads\/2024\/10\/cropped-ieva-rusa-logo.png","width":512,"height":512,"caption":"Ieva R\u016bsa"},"image":{"@id":"https:\/\/ievarusa.com\/lv\/#\/schema\/logo\/image\/"},"sameAs":["https:\/\/www.facebook.com\/Sunsouljewelry","https:\/\/www.instagram.com\/ieva_rusa\/"]}]}},"_links":{"self":[{"href":"https:\/\/ievarusa.com\/lv\/wp-json\/wp\/v2\/pages\/1912","targetHints":{"allow":["GET"]}}],"collection":[{"href":"https:\/\/ievarusa.com\/lv\/wp-json\/wp\/v2\/pages"}],"about":[{"href":"https:\/\/ievarusa.com\/lv\/wp-json\/wp\/v2\/types\/page"}],"author":[{"embeddable":true,"href":"https:\/\/ievarusa.com\/lv\/wp-json\/wp\/v2\/users\/1"}],"replies":[{"embeddable":true,"href":"https:\/\/ievarusa.com\/lv\/wp-json\/wp\/v2\/comments?post=1912"}],"version-history":[{"count":10,"href":"https:\/\/ievarusa.com\/lv\/wp-json\/wp\/v2\/pages\/1912\/revisions"}],"predecessor-version":[{"id":2316,"href":"https:\/\/ievarusa.com\/lv\/wp-json\/wp\/v2\/pages\/1912\/revisions\/2316"}],"wp:attachment":[{"href":"https:\/\/ievarusa.com\/lv\/wp-json\/wp\/v2\/media?parent=1912"}],"curies":[{"name":"wp","href":"https:\/\/api.w.org\/{rel}","templated":true}]}}