{"id":1909,"date":"2024-11-17T22:23:14","date_gmt":"2024-11-17T22:23:14","guid":{"rendered":"http:\/\/ievarusa-eng.local\/?page_id=1909"},"modified":"2024-12-15T12:25:15","modified_gmt":"2024-12-15T10:25:15","slug":"refund-policy","status":"publish","type":"page","link":"https:\/\/ievarusa.com\/lv\/refund-policy\/","title":{"rendered":"Naudas atmaksa"},"content":{"rendered":"<div id=\"fws_69fb51425a304\"  data-column-margin=\"none\" data-midnight=\"dark\" data-top-percent=\"4%\" data-bottom-percent=\"4%\"  class=\"wpb_row vc_row-fluid vc_row full-width-section  top_padding_phone_10pct\"  style=\"padding-top: calc(100vw * 0.04); padding-bottom: calc(100vw * 0.04); \"><div class=\"row-bg-wrap\" data-bg-animation=\"none\" data-bg-animation-delay=\"\" data-bg-overlay=\"false\"><div class=\"inner-wrap row-bg-layer\" ><div class=\"row-bg viewport-desktop\"  style=\"\"><\/div><\/div><\/div><div class=\"nectar-shape-divider-wrap\" style=\" height:33%;\" data-using-percent-val=\"true\" data-height=\"33%\" data-front=\"\" data-style=\"straight_section\" data-position=\"bottom\" ><svg class=\"nectar-shape-divider\" aria-hidden=\"true\" fill=\"#ffffff\" xmlns=\"http:\/\/www.w3.org\/2000\/svg\" viewbox=\"0 0 100 10\" preserveaspectratio=\"none\"> <polygon points=\"104 10, 104 0, 0 0, 0 10\"><\/polygon> <\/svg><\/div><div class=\"row_col_wrap_12 col span_12 dark left\">\n\t<div  class=\"vc_col-sm-12 wpb_column column_container vc_column_container col no-extra-padding el_spacing_0px inherit_tablet inherit_phone\"  data-padding-pos=\"top-bottom\" data-has-bg-color=\"false\" data-bg-color=\"\" data-bg-opacity=\"1\" data-animation=\"\" data-delay=\"0\" >\n\t\t<div class=\"vc_column-inner\" >\n\t\t\t<div class=\"wpb_wrapper\">\n\t\t\t\t<div id=\"fws_69fb51425ad5d\" data-midnight=\"\" data-column-margin=\"default\" class=\"wpb_row vc_row-fluid vc_row inner_row  right_padding_6pct left_padding_6pct\"  style=\"padding-bottom: 35px; \"><div class=\"row-bg-wrap\"> <div class=\"row-bg\" ><\/div> <\/div><div class=\"row_col_wrap_12_inner col span_12  left\">\n\t<div  class=\"vc_col-sm-12 wpb_column column_container vc_column_container col child_column centered-text no-extra-padding el_spacing_0px inherit_tablet inherit_phone\"   data-padding-pos=\"all\" data-has-bg-color=\"false\" data-bg-color=\"\" data-bg-opacity=\"1\" data-animation=\"\" data-delay=\"0\" >\n\t\t<div class=\"vc_column-inner\" >\n\t\t<div class=\"wpb_wrapper\">\n\t\t\t<div class=\"nectar-split-heading  font_size_7vh font_line_height_1-5\" data-align=\"default\" data-m-align=\"inherit\" data-text-effect=\"default\" data-animation-type=\"default\" data-animation-delay=\"0\" data-animation-offset=\"\" data-m-rm-animation=\"\" data-stagger=\"\" data-custom-font-size=\"true\" style=\"font-size: 7vh; line-height: 7.7vh;\"><div class=\"heading-line\" > <div><h1>Naudas atmaksa<\/h1> <\/div> <\/div><\/div>\n\t\t<\/div> \n\t<\/div>\n\t<\/div> \n<\/div><\/div>\n\t\t\t<\/div> \n\t\t<\/div>\n\t<\/div> \n<\/div><\/div>\n\t\t<div id=\"home\"  data-column-margin=\"90px\" data-midnight=\"dark\" data-bottom-percent=\"6%\"  class=\"wpb_row vc_row-fluid vc_row full-width-section vc_row-o-equal-height vc_row-flex vc_row-o-content-middle  right_padding_8pct left_padding_8pct top_padding_tablet_8pct bottom_padding_tablet_8pct\"  style=\"padding-top: 0px; padding-bottom: calc(100vw * 0.06); \"><div class=\"row-bg-wrap\" data-bg-animation=\"none\" data-bg-animation-delay=\"\" data-bg-overlay=\"false\"><div class=\"inner-wrap row-bg-layer\" ><div class=\"row-bg viewport-desktop using-bg-color\"  style=\"background-color: #ffffff; \"><\/div><\/div><\/div><div class=\"row_col_wrap_12 col span_12 dark left\">\n\t<div style=\"z-index: 100; \" class=\"vc_col-sm-12 vc_col-xs-12 wpb_column column_container vc_column_container col padding-4-percent el_spacing_10px no-extra-padding_tablet no-extra-padding_phone\"  data-padding-pos=\"right\" data-has-bg-color=\"false\" data-bg-color=\"\" data-bg-opacity=\"1\" data-animation=\"\" data-delay=\"0\" >\n\t\t<div class=\"vc_column-inner\" >\n\t\t\t<div class=\"wpb_wrapper\">\n\t\t\t\t<div id=\"fws_69fb51425bf4e\" data-midnight=\"\" data-column-margin=\"default\" class=\"wpb_row vc_row-fluid vc_row inner_row\"  style=\"\"><div class=\"row-bg-wrap\"> <div class=\"row-bg\" ><\/div> <\/div><div class=\"row_col_wrap_12_inner col span_12  left\">\n\t<div  class=\"vc_col-sm-12 wpb_column column_container vc_column_container col child_column has-animation no-extra-padding el_spacing_5px inherit_tablet inherit_phone\"   data-padding-pos=\"all\" data-has-bg-color=\"false\" data-bg-color=\"\" data-bg-opacity=\"1\" data-animation=\"fade-in-from-bottom\" data-delay=\"0\" >\n\t\t<div class=\"vc_column-inner\" >\n\t\t<div class=\"wpb_wrapper\">\n\t\t\t\n<div class=\"wpb_text_column wpb_content_element\" >\n\t<div class=\"wpb_wrapper\">\n\t\t<p>J\u016bs varat apmain\u012bt vai sa\u0146emt atpaka\u013c naudu par jebkuru neboj\u0101tu preci, kas ieg\u0101d\u0101ta pie mums, ja t\u0101 tiek atgriezta nelietota un kop\u0101 ar pirkuma apliecin\u0101jumu 14 dienu laik\u0101 no pirkuma sa\u0146em\u0161anas.\nJa neboj\u0101tas preces tiek atgrieztas apmai\u0146ai vai atmaksai, m\u0113s neatmaks\u0101jam iepakojuma un pieg\u0101des izmaksas.<\/p>\n<p>Neboj\u0101tu pre\u010du atgrie\u0161ana apmai\u0146ai vai atmaksai notiek tikai uz klienta r\u0113\u0137ina un riska.<\/p>\n<p><strong>1. Atgrie\u0161ana un apmai\u0146a:<\/strong><\/p>\n<p>Klienti var atgriezt vai apmain\u012bt dab\u012bg\u0101 akmens aproces 14 dienu laik\u0101 no pirkuma datuma. Aprocei j\u0101b\u016bt ori\u0123in\u0101laj\u0101 st\u0101vokl\u012b un iepakojum\u0101, bez nolietojuma, boj\u0101jumu vai izmai\u0146u paz\u012bm\u0113m.<\/p>\n<p><em>L\u016bdzu, \u0146emiet v\u0113r\u0101, ka katras aproces kr\u0101sa var nedaudz at\u0161\u0137irties no att\u0113liem, jo t\u0101s tiek izgatavotas no dab\u012bgiem akme\u0146iem. M\u0113s nepie\u0146emam atgrie\u0161anu, ja produkts nav boj\u0101ts un atgrie\u0161anas<\/em><em>\u00a0iemesls ir neliela kr\u0101su at\u0161\u0137ir\u012bba.\u00a0<\/em><\/p>\n<p><strong>2. Pirkuma apliecin\u0101jums: <\/strong><\/p>\n<p>Vis\u0101m atgrie\u0161an\u0101m vai apmai\u0146\u0101m ir nepiecie\u0161ams \u010deks vai cits pirkuma apliecin\u0101jums.<\/p>\n<p><strong>3. Naudas atgrie\u0161ana: <\/strong><\/p>\n<p>Lai atgrieztu preci, l\u016bdzu, sazinieties ar mums, izmantojot m\u016bsu kontaktu lapu. M\u0113s 48 stundu laik\u0101 nos\u016bt\u012bsim nor\u0101d\u012bjumus par preces atgrie\u0161anu.<\/p>\n<p>P\u0113c rotu sa\u0146em\u0161anas un p\u0101rbaudes m\u0113s inform\u0113sim klientu par atmaksas statusu.<\/p>\n<p>Ja atgrie\u0161ana tiek apstiprin\u0101ta, nauda tiks atgriezta s\u0101kotn\u0113j\u0101 maks\u0101juma veid\u0101.<\/p>\n<p><strong>4. Izp\u0101rdo\u0161anas preces:<\/strong><\/p>\n<p>Atmaksai ir piem\u0113rotas tikai parast\u0101s cenas preces. Izp\u0101rdo\u0161anas preces netiek atmaks\u0101tas, ta\u010du t\u0101s var apmain\u012bt.<\/p>\n<p><strong>5. Personaliz\u0113tas preces:<\/strong><\/p>\n<p>L\u016bdzu, \u0146emiet v\u0113r\u0101, ka visas personaliz\u0113t\u0101s preces nav atmaks\u0101jamas.<\/p>\n<p><strong>6. Pieg\u0101de:<\/strong><\/p>\n<p>Klients ir atbild\u012bgs par pieg\u0101des izmaks\u0101m, atgrie\u017eot preces, ja vien prece nav boj\u0101ta vai boj\u0101jums nav radies t\u0101s sa\u0146em\u0161anas laik\u0101. Pieg\u0101des izmaksas netiek atgrieztas. Ja tiek pie\u0161\u0137irta atmaksa, atgrie\u0161anas pieg\u0101des izmaksas tiks atskait\u012btas no atmaksas summas.<\/p>\n<p><strong>7. Iz\u0146\u0113mumi: <\/strong><\/p>\n<p>M\u0113s paturam ties\u012bbas atteikt atgrie\u0161anu vai apmai\u0146u jebk\u0101da iemesla d\u0113\u013c, piem\u0113ram, bie\u017eu atgrie\u0161anu, politikas \u013caunpr\u0101t\u012bgu izmanto\u0161anu vai citiem apst\u0101k\u013ciem, kas tiek uzskat\u012bti par kr\u0101pnieciskiem vai netaisn\u012bgiem.<\/p>\n<p><strong>8. Sazi\u0146a: <\/strong><\/p>\n<p>Jaut\u0101jumu vai neskaidr\u012bbu gad\u012bjum\u0101, vai lai uzs\u0101ktu atgrie\u0161anas vai apmai\u0146as procesu, l\u016bdzu, sazinieties ar m\u016bsu klientu apkalpo\u0161anas centru, rakstot uz ievaruusa@gmail.com.<\/p>\n<p>Lai nodro\u0161in\u0101tu j\u016bsu s\u016bt\u012bjuma dro\u0161\u012bbu, l\u016bdzu, nos\u016btiet atgrie\u017eam\u0101s preces ciet\u0101 kartona kast\u0113 vai burbu\u013cpl\u0113ves aploksn\u0113. M\u0113s iesak\u0101m apdro\u0161in\u0101t s\u016bt\u012bjumu, jo m\u0113s neuz\u0146emamies atbild\u012bbu par boj\u0101jumiem, kas radu\u0161ies atgrie\u0161anas proces\u0101, un \u0161\u0101das preces netiks atmaks\u0101tas.<\/p>\n<p>Preces, kas nos\u016bt\u012btas parast\u0101 nepolster\u0113t\u0101 aploksn\u0113, gandr\u012bz noteikti tiks saboj\u0101tas pieg\u0101des pakalpojumu sniedz\u0113ja apstr\u0101des laik\u0101.<\/p>\n<p>Veicot pirkumu m\u016bsu interneta veikal\u0101, j\u016bs piekr\u012btat visiem iepriek\u0161 min\u0113tajiem noteikumiem un nosac\u012bjumiem.<\/p>\n\t<\/div>\n<\/div>\n\n\n\n\n\t\t<\/div> \n\t<\/div>\n\t<\/div> \n<\/div><\/div>\n\t\t\t<\/div> \n\t\t<\/div>\n\t<\/div> \n<\/div><\/div>","protected":false},"excerpt":{"rendered":"Refund Policy You can exchange or refund any undamaged product purchased from us as long as it is returned unused and with proof of purchase within\u00a014 days of purchase. If...","protected":false},"author":1,"featured_media":0,"parent":0,"menu_order":0,"comment_status":"closed","ping_status":"closed","template":"","meta":{"footnotes":""},"class_list":["post-1909","page","type-page","status-publish"],"yoast_head":"<!-- This site is optimized with the Yoast SEO plugin v25.2 - https:\/\/yoast.com\/wordpress\/plugins\/seo\/ -->\n<title>Refund Policy - Ieva R\u016bsa<\/title>\n<meta name=\"robots\" content=\"index, follow, max-snippet:-1, max-image-preview:large, max-video-preview:-1\" \/>\n<link rel=\"canonical\" href=\"https:\/\/ievarusa.com\/lv\/refund-policy\/\" \/>\n<meta property=\"og:locale\" content=\"lv_LV\" \/>\n<meta property=\"og:type\" content=\"article\" \/>\n<meta property=\"og:title\" content=\"Refund Policy - Ieva R\u016bsa\" \/>\n<meta property=\"og:url\" content=\"https:\/\/ievarusa.com\/lv\/refund-policy\/\" \/>\n<meta property=\"og:site_name\" content=\"Ieva R\u016bsa\" \/>\n<meta property=\"article:publisher\" content=\"https:\/\/www.facebook.com\/Sunsouljewelry\" \/>\n<meta property=\"article:modified_time\" content=\"2024-12-15T10:25:15+00:00\" \/>\n<meta name=\"twitter:card\" content=\"summary_large_image\" \/>\n<meta name=\"twitter:label1\" content=\"Est. reading time\" \/>\n\t<meta name=\"twitter:data1\" content=\"6 min\u016btes\" \/>\n<script type=\"application\/ld+json\" class=\"yoast-schema-graph\">{\"@context\":\"https:\/\/schema.org\",\"@graph\":[{\"@type\":\"WebPage\",\"@id\":\"https:\/\/ievarusa.com\/lv\/refund-policy\/\",\"url\":\"https:\/\/ievarusa.com\/lv\/refund-policy\/\",\"name\":\"Refund Policy - Ieva R\u016bsa\",\"isPartOf\":{\"@id\":\"https:\/\/ievarusa.com\/lv\/#website\"},\"datePublished\":\"2024-11-17T22:23:14+00:00\",\"dateModified\":\"2024-12-15T10:25:15+00:00\",\"breadcrumb\":{\"@id\":\"https:\/\/ievarusa.com\/lv\/refund-policy\/#breadcrumb\"},\"inLanguage\":\"lv-LV\",\"potentialAction\":[{\"@type\":\"ReadAction\",\"target\":[\"https:\/\/ievarusa.com\/lv\/refund-policy\/\"]}]},{\"@type\":\"BreadcrumbList\",\"@id\":\"https:\/\/ievarusa.com\/lv\/refund-policy\/#breadcrumb\",\"itemListElement\":[{\"@type\":\"ListItem\",\"position\":1,\"name\":\"Home\",\"item\":\"https:\/\/ievarusa.com\/lv\/\"},{\"@type\":\"ListItem\",\"position\":2,\"name\":\"Refund Policy\"}]},{\"@type\":\"WebSite\",\"@id\":\"https:\/\/ievarusa.com\/lv\/#website\",\"url\":\"https:\/\/ievarusa.com\/lv\/\",\"name\":\"Ieva R\u016bsa\",\"description\":\"SunSoulJewelry\",\"publisher\":{\"@id\":\"https:\/\/ievarusa.com\/lv\/#organization\"},\"potentialAction\":[{\"@type\":\"SearchAction\",\"target\":{\"@type\":\"EntryPoint\",\"urlTemplate\":\"https:\/\/ievarusa.com\/lv\/?s={search_term_string}\"},\"query-input\":{\"@type\":\"PropertyValueSpecification\",\"valueRequired\":true,\"valueName\":\"search_term_string\"}}],\"inLanguage\":\"lv-LV\"},{\"@type\":\"Organization\",\"@id\":\"https:\/\/ievarusa.com\/lv\/#organization\",\"name\":\"Ieva R\u016bsa\",\"url\":\"https:\/\/ievarusa.com\/lv\/\",\"logo\":{\"@type\":\"ImageObject\",\"inLanguage\":\"lv-LV\",\"@id\":\"https:\/\/ievarusa.com\/lv\/#\/schema\/logo\/image\/\",\"url\":\"https:\/\/ievarusa.com\/wp-content\/uploads\/2024\/10\/cropped-ieva-rusa-logo.png\",\"contentUrl\":\"https:\/\/ievarusa.com\/wp-content\/uploads\/2024\/10\/cropped-ieva-rusa-logo.png\",\"width\":512,\"height\":512,\"caption\":\"Ieva R\u016bsa\"},\"image\":{\"@id\":\"https:\/\/ievarusa.com\/lv\/#\/schema\/logo\/image\/\"},\"sameAs\":[\"https:\/\/www.facebook.com\/Sunsouljewelry\",\"https:\/\/www.instagram.com\/ieva_rusa\/\"]}]}<\/script>\n<!-- \/ Yoast SEO plugin. -->","yoast_head_json":{"title":"Refund Policy - Ieva R\u016bsa","robots":{"index":"index","follow":"follow","max-snippet":"max-snippet:-1","max-image-preview":"max-image-preview:large","max-video-preview":"max-video-preview:-1"},"canonical":"https:\/\/ievarusa.com\/lv\/refund-policy\/","og_locale":"lv_LV","og_type":"article","og_title":"Refund Policy - Ieva R\u016bsa","og_url":"https:\/\/ievarusa.com\/lv\/refund-policy\/","og_site_name":"Ieva R\u016bsa","article_publisher":"https:\/\/www.facebook.com\/Sunsouljewelry","article_modified_time":"2024-12-15T10:25:15+00:00","twitter_card":"summary_large_image","twitter_misc":{"Est. reading time":"6 min\u016btes"},"schema":{"@context":"https:\/\/schema.org","@graph":[{"@type":"WebPage","@id":"https:\/\/ievarusa.com\/lv\/refund-policy\/","url":"https:\/\/ievarusa.com\/lv\/refund-policy\/","name":"Refund Policy - Ieva R\u016bsa","isPartOf":{"@id":"https:\/\/ievarusa.com\/lv\/#website"},"datePublished":"2024-11-17T22:23:14+00:00","dateModified":"2024-12-15T10:25:15+00:00","breadcrumb":{"@id":"https:\/\/ievarusa.com\/lv\/refund-policy\/#breadcrumb"},"inLanguage":"lv-LV","potentialAction":[{"@type":"ReadAction","target":["https:\/\/ievarusa.com\/lv\/refund-policy\/"]}]},{"@type":"BreadcrumbList","@id":"https:\/\/ievarusa.com\/lv\/refund-policy\/#breadcrumb","itemListElement":[{"@type":"ListItem","position":1,"name":"Home","item":"https:\/\/ievarusa.com\/lv\/"},{"@type":"ListItem","position":2,"name":"Refund Policy"}]},{"@type":"WebSite","@id":"https:\/\/ievarusa.com\/lv\/#website","url":"https:\/\/ievarusa.com\/lv\/","name":"Ieva R\u016bsa","description":"SunSoulJewelry","publisher":{"@id":"https:\/\/ievarusa.com\/lv\/#organization"},"potentialAction":[{"@type":"SearchAction","target":{"@type":"EntryPoint","urlTemplate":"https:\/\/ievarusa.com\/lv\/?s={search_term_string}"},"query-input":{"@type":"PropertyValueSpecification","valueRequired":true,"valueName":"search_term_string"}}],"inLanguage":"lv-LV"},{"@type":"Organization","@id":"https:\/\/ievarusa.com\/lv\/#organization","name":"Ieva R\u016bsa","url":"https:\/\/ievarusa.com\/lv\/","logo":{"@type":"ImageObject","inLanguage":"lv-LV","@id":"https:\/\/ievarusa.com\/lv\/#\/schema\/logo\/image\/","url":"https:\/\/ievarusa.com\/wp-content\/uploads\/2024\/10\/cropped-ieva-rusa-logo.png","contentUrl":"https:\/\/ievarusa.com\/wp-content\/uploads\/2024\/10\/cropped-ieva-rusa-logo.png","width":512,"height":512,"caption":"Ieva R\u016bsa"},"image":{"@id":"https:\/\/ievarusa.com\/lv\/#\/schema\/logo\/image\/"},"sameAs":["https:\/\/www.facebook.com\/Sunsouljewelry","https:\/\/www.instagram.com\/ieva_rusa\/"]}]}},"_links":{"self":[{"href":"https:\/\/ievarusa.com\/lv\/wp-json\/wp\/v2\/pages\/1909","targetHints":{"allow":["GET"]}}],"collection":[{"href":"https:\/\/ievarusa.com\/lv\/wp-json\/wp\/v2\/pages"}],"about":[{"href":"https:\/\/ievarusa.com\/lv\/wp-json\/wp\/v2\/types\/page"}],"author":[{"embeddable":true,"href":"https:\/\/ievarusa.com\/lv\/wp-json\/wp\/v2\/users\/1"}],"replies":[{"embeddable":true,"href":"https:\/\/ievarusa.com\/lv\/wp-json\/wp\/v2\/comments?post=1909"}],"version-history":[{"count":8,"href":"https:\/\/ievarusa.com\/lv\/wp-json\/wp\/v2\/pages\/1909\/revisions"}],"predecessor-version":[{"id":2173,"href":"https:\/\/ievarusa.com\/lv\/wp-json\/wp\/v2\/pages\/1909\/revisions\/2173"}],"wp:attachment":[{"href":"https:\/\/ievarusa.com\/lv\/wp-json\/wp\/v2\/media?parent=1909"}],"curies":[{"name":"wp","href":"https:\/\/api.w.org\/{rel}","templated":true}]}}