{"id":1905,"date":"2024-11-17T21:58:43","date_gmt":"2024-11-17T21:58:43","guid":{"rendered":"http:\/\/ievarusa-eng.local\/?page_id=1905"},"modified":"2025-01-12T18:30:18","modified_gmt":"2025-01-12T16:30:18","slug":"shipping-and-returns","status":"publish","type":"page","link":"https:\/\/ievarusa.com\/lv\/shipping-and-returns\/","title":{"rendered":"Shipping &#038; Returns"},"content":{"rendered":"<div id=\"fws_69fb531eabf25\"  data-column-margin=\"none\" data-midnight=\"dark\" data-top-percent=\"4%\" data-bottom-percent=\"4%\"  class=\"wpb_row vc_row-fluid vc_row full-width-section  top_padding_phone_10pct\"  style=\"padding-top: calc(100vw * 0.04); padding-bottom: calc(100vw * 0.04); \"><div class=\"row-bg-wrap\" data-bg-animation=\"none\" data-bg-animation-delay=\"\" data-bg-overlay=\"false\"><div class=\"inner-wrap row-bg-layer\" ><div class=\"row-bg viewport-desktop\"  style=\"\"><\/div><\/div><\/div><div class=\"nectar-shape-divider-wrap\" style=\" height:33%;\" data-using-percent-val=\"true\" data-height=\"33%\" data-front=\"\" data-style=\"straight_section\" data-position=\"bottom\" ><svg class=\"nectar-shape-divider\" aria-hidden=\"true\" fill=\"#ffffff\" xmlns=\"http:\/\/www.w3.org\/2000\/svg\" viewbox=\"0 0 100 10\" preserveaspectratio=\"none\"> <polygon points=\"104 10, 104 0, 0 0, 0 10\"><\/polygon> <\/svg><\/div><div class=\"row_col_wrap_12 col span_12 dark left\">\n\t<div  class=\"vc_col-sm-12 wpb_column column_container vc_column_container col no-extra-padding el_spacing_0px inherit_tablet inherit_phone\"  data-padding-pos=\"top-bottom\" data-has-bg-color=\"false\" data-bg-color=\"\" data-bg-opacity=\"1\" data-animation=\"\" data-delay=\"0\" >\n\t\t<div class=\"vc_column-inner\" >\n\t\t\t<div class=\"wpb_wrapper\">\n\t\t\t\t<div id=\"fws_69fb531eac485\" data-midnight=\"\" data-column-margin=\"default\" class=\"wpb_row vc_row-fluid vc_row inner_row  right_padding_6pct left_padding_6pct\"  style=\"padding-bottom: 35px; \"><div class=\"row-bg-wrap\"> <div class=\"row-bg\" ><\/div> <\/div><div class=\"row_col_wrap_12_inner col span_12  left\">\n\t<div  class=\"vc_col-sm-12 wpb_column column_container vc_column_container col child_column centered-text no-extra-padding el_spacing_0px inherit_tablet inherit_phone\"   data-padding-pos=\"all\" data-has-bg-color=\"false\" data-bg-color=\"\" data-bg-opacity=\"1\" data-animation=\"\" data-delay=\"0\" >\n\t\t<div class=\"vc_column-inner\" >\n\t\t<div class=\"wpb_wrapper\">\n\t\t\t<div class=\"nectar-split-heading  font_size_7vh font_line_height_1-5\" data-align=\"default\" data-m-align=\"inherit\" data-text-effect=\"default\" data-animation-type=\"default\" data-animation-delay=\"0\" data-animation-offset=\"\" data-m-rm-animation=\"\" data-stagger=\"\" data-custom-font-size=\"true\" style=\"font-size: 7vh; line-height: 7.7vh;\"><div class=\"heading-line\" > <div><h1 class=\"main-page-title page-title h0 scroll-trigger animate--fade-in\">Pieg\u0101de un atgrie\u0161ana<\/h1> <\/div> <\/div><\/div>\n\t\t<\/div> \n\t<\/div>\n\t<\/div> \n<\/div><\/div>\n\t\t\t<\/div> \n\t\t<\/div>\n\t<\/div> \n<\/div><\/div>\n\t\t<div id=\"home\"  data-column-margin=\"90px\" data-midnight=\"dark\" data-bottom-percent=\"6%\"  class=\"wpb_row vc_row-fluid vc_row full-width-section vc_row-o-equal-height vc_row-flex vc_row-o-content-middle  right_padding_8pct left_padding_8pct top_padding_tablet_8pct bottom_padding_tablet_8pct\"  style=\"padding-top: 0px; padding-bottom: calc(100vw * 0.06); \"><div class=\"row-bg-wrap\" data-bg-animation=\"none\" data-bg-animation-delay=\"\" data-bg-overlay=\"false\"><div class=\"inner-wrap row-bg-layer\" ><div class=\"row-bg viewport-desktop using-bg-color\"  style=\"background-color: #ffffff; \"><\/div><\/div><\/div><div class=\"row_col_wrap_12 col span_12 dark left\">\n\t<div style=\"z-index: 100; \" class=\"vc_col-sm-12 vc_col-xs-12 wpb_column column_container vc_column_container col padding-4-percent el_spacing_10px no-extra-padding_tablet no-extra-padding_phone\"  data-padding-pos=\"right\" data-has-bg-color=\"false\" data-bg-color=\"\" data-bg-opacity=\"1\" data-animation=\"\" data-delay=\"0\" >\n\t\t<div class=\"vc_column-inner\" >\n\t\t\t<div class=\"wpb_wrapper\">\n\t\t\t\t<div id=\"fws_69fb531eace35\" data-midnight=\"\" data-column-margin=\"default\" class=\"wpb_row vc_row-fluid vc_row inner_row\"  style=\"\"><div class=\"row-bg-wrap\"> <div class=\"row-bg\" ><\/div> <\/div><div class=\"row_col_wrap_12_inner col span_12  left\">\n\t<div  class=\"vc_col-sm-12 wpb_column column_container vc_column_container col child_column has-animation no-extra-padding el_spacing_5px inherit_tablet inherit_phone\"   data-padding-pos=\"all\" data-has-bg-color=\"false\" data-bg-color=\"\" data-bg-opacity=\"1\" data-animation=\"fade-in-from-bottom\" data-delay=\"0\" >\n\t\t<div class=\"vc_column-inner\" >\n\t\t<div class=\"wpb_wrapper\">\n\t\t\t\n\t\t<\/div> \n\t<\/div>\n\t<\/div> \n<\/div><\/div>\n<div class=\"wpb_text_column wpb_content_element\" >\n\t<div class=\"wpb_wrapper\">\n\t\t<h4 style=\"text-align: center;\">Pieg\u0101des politika<\/h4>\n<p><strong>1. Apstr\u0101des laiks: <\/strong><\/p>\n<p>Pas\u016bt\u012bjumi, kas ietver dab\u012bg\u0101 akmens aproces, tiek apstr\u0101d\u0101ti 5\u201310 darba dienu laik\u0101. Pieg\u0101de nenotiek ned\u0113\u013cas nogal\u0113s un sv\u0113tku dien\u0101s.<\/p>\n<p><strong>2. Pieg\u0101des cenas un pieg\u0101des laika prognozes: <\/strong><\/p>\n<p>Pied\u0101v\u0101jam divas pieg\u0101des iesp\u0113jas visiem m\u016bsu produktiem:<\/p>\n<p>\u2013 BEZMAKSAS pieg\u0101de (pieg\u0101des laiks 10-25 dienas)<\/p>\n<p>\u2013 Premium DHL pieg\u0101de (pieg\u0101des laiks 7\u201310 dienas)<\/p>\n<p>Pieg\u0101des izmaksas tiks apr\u0113\u0137in\u0101tas un nor\u0101d\u012btas, veicot pas\u016bt\u012bjumu. Lai gan cen\u0161amies nodro\u0161in\u0101t savlaic\u012bgu pieg\u0101di, iesp\u0113jamas gad\u012bjuma rakstura aizkav\u0113\u0161an\u0101s.<\/p>\n<p><strong>3. S\u016bt\u012bjuma apstiprin\u0101jums un izseko\u0161ana: <\/strong><\/p>\n<p>Kad j\u016bsu pas\u016bt\u012bjums tiks nos\u016bt\u012bts, jums tiks nos\u016bt\u012bts e-pasts ar s\u016bt\u012bjuma apstiprin\u0101jumu un izseko\u0161anas numuru(-iem).<\/p>\n<p><strong>4. Muitas nodevas, nodok\u013ci un maksas:\u00a0<\/strong><\/p>\n<p>SunSoulJewellery nav atbild\u012bgs par muitas nodev\u0101m, nodok\u013ciem vai cit\u0101m maks\u0101m, kas var rasties s\u016bt\u012b\u0161anas laik\u0101 vai p\u0113c t\u0101s. \u0160ie maks\u0101jumi ir klienta atbild\u012bba.<\/p>\n<p><strong>5. Boj\u0101ti priek\u0161meti: <\/strong><\/p>\n<p>Ja j\u016bsu aproce ir boj\u0101ta, l\u016bdzu, nekav\u0113joties sazinieties ar m\u016bsu klientu apkalpo\u0161anas centru. Saglab\u0101jiet visu iepakojumu un boj\u0101to preci, l\u012bdz probl\u0113ma tiek atrisin\u0101ta.<\/p>\n<p><strong>6. Starptautisk\u0101s pieg\u0101des: <\/strong><\/p>\n<p>M\u0113s pied\u0101v\u0101jam starptautisko pieg\u0101di uz gandr\u012bz vis\u0101m pasaules valst\u012bm. Pilns pieejamo valstu saraksts ir redzams, veicot pas\u016bt\u012bjumu.<\/p>\n<h4 style=\"text-align: center;\">Atgrie\u0161anas politika<\/h4>\n<p><strong>1. Atgrie\u0161anas periods:<\/strong><\/p>\n<p>Klientiem ir 14 dienas, lai atgrieztu preci no t\u0101s sa\u0146em\u0161anas dienas.<\/p>\n<p><strong>2. Noteikumi: <\/strong><\/p>\n<p>Lai atgrieztu preci, rotai j\u0101b\u016bt nelietotai, t\u0101d\u0101 pa\u0161\u0101 st\u0101vokl\u012b, k\u0101d\u0101 t\u0101 tika sa\u0146emta, un ori\u0123in\u0101laj\u0101 iepakojum\u0101. Nepiecie\u0161ams ar\u012b pirkuma \u010deks vai apliecin\u0101jums.<\/p>\n<p><strong>3. Iz\u0146\u0113mumi: <\/strong><\/p>\n<p>Rotas, kas ieg\u0101d\u0101tas izp\u0101rdo\u0161an\u0101, izgatavotas p\u0113c pas\u016bt\u012bjuma vai main\u012btas atbilsto\u0161i klienta v\u0113lm\u0113m, nevar tikt atgrieztas.<\/p>\n<p><strong>4. Dabiskas vari\u0101cijas: <\/strong><\/p>\n<p>T\u0101 k\u0101 rotas tiek izgatavotas no dab\u012bgiem akme\u0146iem, kr\u0101su un rakstu at\u0161\u0137ir\u012bbas ir norm\u0101las un sagaid\u0101mas. \u0160\u012bs dabisk\u0101s vari\u0101cijas netiek uzskat\u012btas par defektiem un nav atgrie\u0161anas pamats.<\/p>\n<p><strong>5. Naudas atgrie\u0161ana: <\/strong><\/p>\n<p>P\u0113c atgriezt\u0101s rotas sa\u0146em\u0161anas un p\u0101rbaudes m\u0113s j\u016bs inform\u0113sim par j\u016bsu naudas atmaksas statusu. Apstiprin\u0101t\u0101s atmaksas tiks veiktas uz s\u0101kotn\u0113jo maks\u0101juma veidu.<\/p>\n<p><strong>6. Atgrie\u0161anas pieg\u0101de: <\/strong><\/p>\n<p>Klients ir atbild\u012bgs par atgrie\u0161anas pieg\u0101des izmaks\u0101m, ja vien rota nav boj\u0101ta vai boj\u0101jums nav radies t\u0101s sa\u0146em\u0161anas laik\u0101. Pieg\u0101des izmaksas nav atmaks\u0101jamas.<\/p>\n<p><strong>7. Sazinieties ar mums: <\/strong><\/p>\n<p>Jaut\u0101jumu, neskaidr\u012bbu gad\u012bjum\u0101 vai lai uzs\u0101ktu atgrie\u0161anas procesu, rakstiet mums uz <strong>ievaruusa@gmail.com.<\/strong><\/p>\n\t<\/div>\n<\/div>\n\n\n\n\n\t\t\t<\/div> \n\t\t<\/div>\n\t<\/div> \n<\/div><\/div>","protected":false},"excerpt":{"rendered":"Shipping &amp; Returns Shipping Policy 1. Processing Time: Orders of natural stone bracelets are processed within 5-10 business days. No shipping occurs on weekends or holidays. 2. Shipping Rates &amp;...","protected":false},"author":1,"featured_media":0,"parent":0,"menu_order":0,"comment_status":"closed","ping_status":"closed","template":"","meta":{"footnotes":""},"class_list":["post-1905","page","type-page","status-publish"],"yoast_head":"<!-- This site is optimized with the Yoast SEO plugin v25.2 - https:\/\/yoast.com\/wordpress\/plugins\/seo\/ -->\n<title>Shipping &amp; Returns - Ieva R\u016bsa<\/title>\n<meta name=\"robots\" content=\"index, follow, max-snippet:-1, max-image-preview:large, max-video-preview:-1\" \/>\n<link rel=\"canonical\" href=\"https:\/\/ievarusa.com\/lv\/shipping-and-returns\/\" \/>\n<meta property=\"og:locale\" content=\"lv_LV\" \/>\n<meta property=\"og:type\" content=\"article\" \/>\n<meta property=\"og:title\" content=\"Shipping &amp; Returns - Ieva R\u016bsa\" \/>\n<meta property=\"og:url\" content=\"https:\/\/ievarusa.com\/lv\/shipping-and-returns\/\" \/>\n<meta property=\"og:site_name\" content=\"Ieva R\u016bsa\" \/>\n<meta property=\"article:publisher\" content=\"https:\/\/www.facebook.com\/Sunsouljewelry\" \/>\n<meta property=\"article:modified_time\" content=\"2025-01-12T16:30:18+00:00\" \/>\n<meta name=\"twitter:card\" content=\"summary_large_image\" \/>\n<meta name=\"twitter:label1\" content=\"Est. reading time\" \/>\n\t<meta name=\"twitter:data1\" content=\"5 min\u016btes\" \/>\n<script type=\"application\/ld+json\" class=\"yoast-schema-graph\">{\"@context\":\"https:\/\/schema.org\",\"@graph\":[{\"@type\":\"WebPage\",\"@id\":\"https:\/\/ievarusa.com\/lv\/shipping-and-returns\/\",\"url\":\"https:\/\/ievarusa.com\/lv\/shipping-and-returns\/\",\"name\":\"Shipping & Returns - Ieva R\u016bsa\",\"isPartOf\":{\"@id\":\"https:\/\/ievarusa.com\/lv\/#website\"},\"datePublished\":\"2024-11-17T21:58:43+00:00\",\"dateModified\":\"2025-01-12T16:30:18+00:00\",\"breadcrumb\":{\"@id\":\"https:\/\/ievarusa.com\/lv\/shipping-and-returns\/#breadcrumb\"},\"inLanguage\":\"lv-LV\",\"potentialAction\":[{\"@type\":\"ReadAction\",\"target\":[\"https:\/\/ievarusa.com\/lv\/shipping-and-returns\/\"]}]},{\"@type\":\"BreadcrumbList\",\"@id\":\"https:\/\/ievarusa.com\/lv\/shipping-and-returns\/#breadcrumb\",\"itemListElement\":[{\"@type\":\"ListItem\",\"position\":1,\"name\":\"Home\",\"item\":\"https:\/\/ievarusa.com\/lv\/\"},{\"@type\":\"ListItem\",\"position\":2,\"name\":\"Shipping &#038; Returns\"}]},{\"@type\":\"WebSite\",\"@id\":\"https:\/\/ievarusa.com\/lv\/#website\",\"url\":\"https:\/\/ievarusa.com\/lv\/\",\"name\":\"Ieva R\u016bsa\",\"description\":\"SunSoulJewelry\",\"publisher\":{\"@id\":\"https:\/\/ievarusa.com\/lv\/#organization\"},\"potentialAction\":[{\"@type\":\"SearchAction\",\"target\":{\"@type\":\"EntryPoint\",\"urlTemplate\":\"https:\/\/ievarusa.com\/lv\/?s={search_term_string}\"},\"query-input\":{\"@type\":\"PropertyValueSpecification\",\"valueRequired\":true,\"valueName\":\"search_term_string\"}}],\"inLanguage\":\"lv-LV\"},{\"@type\":\"Organization\",\"@id\":\"https:\/\/ievarusa.com\/lv\/#organization\",\"name\":\"Ieva R\u016bsa\",\"url\":\"https:\/\/ievarusa.com\/lv\/\",\"logo\":{\"@type\":\"ImageObject\",\"inLanguage\":\"lv-LV\",\"@id\":\"https:\/\/ievarusa.com\/lv\/#\/schema\/logo\/image\/\",\"url\":\"https:\/\/ievarusa.com\/wp-content\/uploads\/2024\/10\/cropped-ieva-rusa-logo.png\",\"contentUrl\":\"https:\/\/ievarusa.com\/wp-content\/uploads\/2024\/10\/cropped-ieva-rusa-logo.png\",\"width\":512,\"height\":512,\"caption\":\"Ieva R\u016bsa\"},\"image\":{\"@id\":\"https:\/\/ievarusa.com\/lv\/#\/schema\/logo\/image\/\"},\"sameAs\":[\"https:\/\/www.facebook.com\/Sunsouljewelry\",\"https:\/\/www.instagram.com\/ieva_rusa\/\"]}]}<\/script>\n<!-- \/ Yoast SEO plugin. -->","yoast_head_json":{"title":"Shipping & Returns - Ieva R\u016bsa","robots":{"index":"index","follow":"follow","max-snippet":"max-snippet:-1","max-image-preview":"max-image-preview:large","max-video-preview":"max-video-preview:-1"},"canonical":"https:\/\/ievarusa.com\/lv\/shipping-and-returns\/","og_locale":"lv_LV","og_type":"article","og_title":"Shipping & Returns - Ieva R\u016bsa","og_url":"https:\/\/ievarusa.com\/lv\/shipping-and-returns\/","og_site_name":"Ieva R\u016bsa","article_publisher":"https:\/\/www.facebook.com\/Sunsouljewelry","article_modified_time":"2025-01-12T16:30:18+00:00","twitter_card":"summary_large_image","twitter_misc":{"Est. reading time":"5 min\u016btes"},"schema":{"@context":"https:\/\/schema.org","@graph":[{"@type":"WebPage","@id":"https:\/\/ievarusa.com\/lv\/shipping-and-returns\/","url":"https:\/\/ievarusa.com\/lv\/shipping-and-returns\/","name":"Shipping & Returns - Ieva R\u016bsa","isPartOf":{"@id":"https:\/\/ievarusa.com\/lv\/#website"},"datePublished":"2024-11-17T21:58:43+00:00","dateModified":"2025-01-12T16:30:18+00:00","breadcrumb":{"@id":"https:\/\/ievarusa.com\/lv\/shipping-and-returns\/#breadcrumb"},"inLanguage":"lv-LV","potentialAction":[{"@type":"ReadAction","target":["https:\/\/ievarusa.com\/lv\/shipping-and-returns\/"]}]},{"@type":"BreadcrumbList","@id":"https:\/\/ievarusa.com\/lv\/shipping-and-returns\/#breadcrumb","itemListElement":[{"@type":"ListItem","position":1,"name":"Home","item":"https:\/\/ievarusa.com\/lv\/"},{"@type":"ListItem","position":2,"name":"Shipping &#038; Returns"}]},{"@type":"WebSite","@id":"https:\/\/ievarusa.com\/lv\/#website","url":"https:\/\/ievarusa.com\/lv\/","name":"Ieva R\u016bsa","description":"SunSoulJewelry","publisher":{"@id":"https:\/\/ievarusa.com\/lv\/#organization"},"potentialAction":[{"@type":"SearchAction","target":{"@type":"EntryPoint","urlTemplate":"https:\/\/ievarusa.com\/lv\/?s={search_term_string}"},"query-input":{"@type":"PropertyValueSpecification","valueRequired":true,"valueName":"search_term_string"}}],"inLanguage":"lv-LV"},{"@type":"Organization","@id":"https:\/\/ievarusa.com\/lv\/#organization","name":"Ieva R\u016bsa","url":"https:\/\/ievarusa.com\/lv\/","logo":{"@type":"ImageObject","inLanguage":"lv-LV","@id":"https:\/\/ievarusa.com\/lv\/#\/schema\/logo\/image\/","url":"https:\/\/ievarusa.com\/wp-content\/uploads\/2024\/10\/cropped-ieva-rusa-logo.png","contentUrl":"https:\/\/ievarusa.com\/wp-content\/uploads\/2024\/10\/cropped-ieva-rusa-logo.png","width":512,"height":512,"caption":"Ieva R\u016bsa"},"image":{"@id":"https:\/\/ievarusa.com\/lv\/#\/schema\/logo\/image\/"},"sameAs":["https:\/\/www.facebook.com\/Sunsouljewelry","https:\/\/www.instagram.com\/ieva_rusa\/"]}]}},"_links":{"self":[{"href":"https:\/\/ievarusa.com\/lv\/wp-json\/wp\/v2\/pages\/1905","targetHints":{"allow":["GET"]}}],"collection":[{"href":"https:\/\/ievarusa.com\/lv\/wp-json\/wp\/v2\/pages"}],"about":[{"href":"https:\/\/ievarusa.com\/lv\/wp-json\/wp\/v2\/types\/page"}],"author":[{"embeddable":true,"href":"https:\/\/ievarusa.com\/lv\/wp-json\/wp\/v2\/users\/1"}],"replies":[{"embeddable":true,"href":"https:\/\/ievarusa.com\/lv\/wp-json\/wp\/v2\/comments?post=1905"}],"version-history":[{"count":9,"href":"https:\/\/ievarusa.com\/lv\/wp-json\/wp\/v2\/pages\/1905\/revisions"}],"predecessor-version":[{"id":2239,"href":"https:\/\/ievarusa.com\/lv\/wp-json\/wp\/v2\/pages\/1905\/revisions\/2239"}],"wp:attachment":[{"href":"https:\/\/ievarusa.com\/lv\/wp-json\/wp\/v2\/media?parent=1905"}],"curies":[{"name":"wp","href":"https:\/\/api.w.org\/{rel}","templated":true}]}}