{"id":1901,"date":"2024-11-17T21:49:24","date_gmt":"2024-11-17T21:49:24","guid":{"rendered":"http:\/\/ievarusa-eng.local\/?page_id=1901"},"modified":"2024-12-16T15:03:32","modified_gmt":"2024-12-16T13:03:32","slug":"care","status":"publish","type":"page","link":"https:\/\/ievarusa.com\/lv\/care\/","title":{"rendered":"Kop\u0161ana"},"content":{"rendered":"<div id=\"fws_69fb5155185f8\"  data-column-margin=\"none\" data-midnight=\"dark\" data-top-percent=\"4%\" data-bottom-percent=\"4%\"  class=\"wpb_row vc_row-fluid vc_row full-width-section  top_padding_phone_10pct\"  style=\"padding-top: calc(100vw * 0.04); padding-bottom: calc(100vw * 0.04); \"><div class=\"row-bg-wrap\" data-bg-animation=\"none\" data-bg-animation-delay=\"\" data-bg-overlay=\"false\"><div class=\"inner-wrap row-bg-layer\" ><div class=\"row-bg viewport-desktop\"  style=\"\"><\/div><\/div><\/div><div class=\"nectar-shape-divider-wrap\" style=\" height:33%;\" data-using-percent-val=\"true\" data-height=\"33%\" data-front=\"\" data-style=\"straight_section\" data-position=\"bottom\" ><svg class=\"nectar-shape-divider\" aria-hidden=\"true\" fill=\"#ffffff\" xmlns=\"http:\/\/www.w3.org\/2000\/svg\" viewbox=\"0 0 100 10\" preserveaspectratio=\"none\"> <polygon points=\"104 10, 104 0, 0 0, 0 10\"><\/polygon> <\/svg><\/div><div class=\"row_col_wrap_12 col span_12 dark left\">\n\t<div  class=\"vc_col-sm-12 wpb_column column_container vc_column_container col no-extra-padding el_spacing_0px inherit_tablet inherit_phone\"  data-padding-pos=\"top-bottom\" data-has-bg-color=\"false\" data-bg-color=\"\" data-bg-opacity=\"1\" data-animation=\"\" data-delay=\"0\" >\n\t\t<div class=\"vc_column-inner\" >\n\t\t\t<div class=\"wpb_wrapper\">\n\t\t\t\t<div id=\"fws_69fb515518b89\" data-midnight=\"\" data-column-margin=\"default\" class=\"wpb_row vc_row-fluid vc_row inner_row  right_padding_6pct left_padding_6pct\"  style=\"padding-bottom: 35px; \"><div class=\"row-bg-wrap\"> <div class=\"row-bg\" ><\/div> <\/div><div class=\"row_col_wrap_12_inner col span_12  left\">\n\t<div  class=\"vc_col-sm-12 wpb_column column_container vc_column_container col child_column centered-text no-extra-padding el_spacing_0px inherit_tablet inherit_phone\"   data-padding-pos=\"all\" data-has-bg-color=\"false\" data-bg-color=\"\" data-bg-opacity=\"1\" data-animation=\"\" data-delay=\"0\" >\n\t\t<div class=\"vc_column-inner\" >\n\t\t<div class=\"wpb_wrapper\">\n\t\t\t<div class=\"nectar-split-heading  font_size_7vh font_line_height_1-5\" data-align=\"default\" data-m-align=\"inherit\" data-text-effect=\"default\" data-animation-type=\"default\" data-animation-delay=\"0\" data-animation-offset=\"\" data-m-rm-animation=\"\" data-stagger=\"\" data-custom-font-size=\"true\" style=\"font-size: 7vh; line-height: 7.7vh;\"><div class=\"heading-line\" > <div><h1>Kop\u0161ana<\/h1> <\/div> <\/div><\/div>\n\t\t<\/div> \n\t<\/div>\n\t<\/div> \n<\/div><\/div>\n\t\t\t<\/div> \n\t\t<\/div>\n\t<\/div> \n<\/div><\/div>\n\t\t<div id=\"home\"  data-column-margin=\"90px\" data-midnight=\"dark\" data-bottom-percent=\"6%\"  class=\"wpb_row vc_row-fluid vc_row full-width-section vc_row-o-equal-height vc_row-flex vc_row-o-content-middle  right_padding_8pct left_padding_8pct top_padding_tablet_8pct bottom_padding_tablet_8pct\"  style=\"padding-top: 0px; padding-bottom: calc(100vw * 0.06); \"><div class=\"row-bg-wrap\" data-bg-animation=\"none\" data-bg-animation-delay=\"\" data-bg-overlay=\"false\"><div class=\"inner-wrap row-bg-layer\" ><div class=\"row-bg viewport-desktop using-bg-color\"  style=\"background-color: #ffffff; \"><\/div><\/div><\/div><div class=\"row_col_wrap_12 col span_12 dark left\">\n\t<div style=\"z-index: 100; \" class=\"vc_col-sm-6 vc_col-xs-12 wpb_column column_container vc_column_container col padding-4-percent el_spacing_10px no-extra-padding_tablet no-extra-padding_phone\"  data-padding-pos=\"right\" data-has-bg-color=\"false\" data-bg-color=\"\" data-bg-opacity=\"1\" data-animation=\"\" data-delay=\"0\" >\n\t\t<div class=\"vc_column-inner\" >\n\t\t\t<div class=\"wpb_wrapper\">\n\t\t\t\t<div id=\"fws_69fb515519494\" data-midnight=\"\" data-column-margin=\"default\" class=\"wpb_row vc_row-fluid vc_row inner_row\"  style=\"\"><div class=\"row-bg-wrap\"> <div class=\"row-bg\" ><\/div> <\/div><div class=\"row_col_wrap_12_inner col span_12  left\">\n\t<div  class=\"vc_col-sm-12 wpb_column column_container vc_column_container col child_column has-animation no-extra-padding el_spacing_5px inherit_tablet inherit_phone\"   data-padding-pos=\"all\" data-has-bg-color=\"false\" data-bg-color=\"\" data-bg-opacity=\"1\" data-animation=\"fade-in-from-bottom\" data-delay=\"0\" >\n\t\t<div class=\"vc_column-inner\" >\n\t\t<div class=\"wpb_wrapper\">\n\t\t\t\n<div class=\"wpb_text_column wpb_content_element\" >\n\t<div class=\"wpb_wrapper\">\n\t\t<p>Sun Soul Jewelery rotas tiek izgatavotas ar m\u012blest\u012bbu Kipr\u0101.<\/p>\n<p>Katrs izstr\u0101d\u0101jums tiek ener\u0123\u0113tiski att\u012br\u012bts un sv\u0113t\u012bts ar augsto dievi\u0161\u0137o ener\u0123iju, m\u012blest\u012bbu, atbalstu un aizsardz\u012bbu, izmantojot krist\u0101lu dziedo\u0161os traukus.<\/p>\n<p>M\u016bsu rotas ir izgatavotas no augst\u0101k\u0101s kvalit\u0101tes materi\u0101liem un p\u0101rkl\u0101tas ar net\u012brumus atgr\u016bdo\u0161u p\u0101rkl\u0101jumu.<\/p>\n<p><strong>Rotu izgatavo\u0161an\u0101 izmantojam dab\u012bgus un sertific\u0113tus d\u0101rgakme\u0146u p\u0113rl\u012b\u0161u materi\u0101lus, k\u0101 ar\u012b da\u017e\u0101dus citus materi\u0101lus, tostarp 925 p\u0101rstr\u0101d\u0101tu sudrabu, 18 kar\u0101tu p\u0101rkl\u0101tu roz\u0101 vai dzelteno zeltu un ner\u016bs\u0113jo\u0161o t\u0113raudu.<\/strong><\/p>\n<p><strong>Zelta p\u0101rkl\u0101juma rotaslietas sast\u0101v no \u013coti pl\u0101nas zelta k\u0101rtas, kas uzkl\u0101ta uz pamatmateri\u0101la, piem\u0113ram, sudraba vai ner\u016bs\u0113jo\u0161\u0101 t\u0113rauda.<\/strong><\/p>\n<p>Katrai rotaslietai pievienota kast\u012bte, lai to dro\u0161i uzglab\u0101tu.<\/p>\n<p>M\u0113s v\u0113lamies, lai m\u016bsu rotasliet\u0101s j\u016bs izskat\u012btos un justos lieliski, t\u0101d\u0113\u013c v\u0113lamies pal\u012bdz\u0113t t\u0101s uztur\u0113t lab\u0101 st\u0101vokl\u012b, lai saglab\u0101tu to ener\u0123iju un vibr\u0101cijas. Sekojiet \u0161iem padomiem, lai j\u016bsu rotaslietas izskat\u012btos labi un kalpotu ilgi.<\/p>\n\t<\/div>\n<\/div>\n\n\n\n\n\t\t<\/div> \n\t<\/div>\n\t<\/div> \n<\/div><\/div>\n\t\t\t<\/div> \n\t\t<\/div>\n\t<\/div> \n\n\t<div  class=\"vc_col-sm-6 vc_col-xs-12 wpb_column column_container vc_column_container col no-extra-padding inherit_tablet inherit_phone\"  data-padding-pos=\"all\" data-has-bg-color=\"false\" data-bg-color=\"\" data-bg-opacity=\"1\" data-animation=\"\" data-delay=\"0\" >\n\t\t<div class=\"vc_column-inner\" >\n\t\t\t<div class=\"wpb_wrapper\">\n\t\t\t\t<div id=\"fws_69fb515519982\" data-midnight=\"\" data-column-margin=\"default\" class=\"wpb_row vc_row-fluid vc_row inner_row\"  style=\"\"><div class=\"row-bg-wrap\"> <div class=\"row-bg\" ><\/div> <\/div><div class=\"row_col_wrap_12_inner col span_12  left\">\n\t<div style=\"\" class=\"vc_col-sm-12 wpb_column column_container vc_column_container col child_column no-extra-padding inherit_tablet inherit_phone\"  data-using-bg=\"true\" data-bg-cover=\"true\" data-padding-pos=\"all\" data-has-bg-color=\"false\" data-bg-color=\"\" data-bg-opacity=\"1\" data-animation=\"\" data-delay=\"0\" >\n\t\t<div class=\"vc_column-inner\" ><div class=\"column-image-bg-wrap column-bg-layer viewport-desktop\" data-n-parallax-bg=\"true\" data-parallax-speed=\"fast\" data-bg-pos=\"center center\" data-bg-animation=\"none\" data-bg-overlay=\"false\"><div class=\"inner-wrap\"><div class=\"column-image-bg parallax-layer\" style=\" background-image: url('https:\/\/ievarusa.com\/wp-content\/uploads\/2024\/11\/DSCF8892-scaled.jpg'); \"><\/div><\/div><\/div>\n\t\t<div class=\"wpb_wrapper\">\n\t\t\t<div class=\"divider-wrap height_tablet_40vh height_phone_300px\" data-alignment=\"default\"><div style=\"height: 95vh;\" class=\"divider\"><\/div><\/div>\n\t\t<\/div> \n\t<\/div>\n\t<\/div> \n<\/div><\/div>\n\t\t\t<\/div> \n\t\t<\/div>\n\t<\/div> \n<\/div><\/div>\n\t\t<div id=\"home\"  data-column-margin=\"90px\" data-midnight=\"dark\" data-bottom-percent=\"6%\"  class=\"wpb_row vc_row-fluid vc_row full-width-section vc_row-o-equal-height vc_row-flex vc_row-o-content-middle  right_padding_8pct left_padding_8pct top_padding_tablet_8pct bottom_padding_tablet_8pct\"  style=\"padding-top: 0px; padding-bottom: calc(100vw * 0.06); \"><div class=\"row-bg-wrap\" data-bg-animation=\"none\" data-bg-animation-delay=\"\" data-bg-overlay=\"false\"><div class=\"inner-wrap row-bg-layer\" ><div class=\"row-bg viewport-desktop using-bg-color\"  style=\"background-color: #ffffff; \"><\/div><\/div><\/div><div class=\"row_col_wrap_12 col span_12 dark left\">\n\t<div style=\"z-index: 100; \" class=\"vc_col-sm-12 vc_col-xs-12 wpb_column column_container vc_column_container col padding-4-percent el_spacing_10px no-extra-padding_tablet no-extra-padding_phone\"  data-padding-pos=\"right\" data-has-bg-color=\"false\" data-bg-color=\"\" data-bg-opacity=\"1\" data-animation=\"\" data-delay=\"0\" >\n\t\t<div class=\"vc_column-inner\" >\n\t\t\t<div class=\"wpb_wrapper\">\n\t\t\t\t<div id=\"fws_69fb51551a1a7\" data-midnight=\"\" data-column-margin=\"default\" class=\"wpb_row vc_row-fluid vc_row inner_row\"  style=\"\"><div class=\"row-bg-wrap\"> <div class=\"row-bg\" ><\/div> <\/div><div class=\"row_col_wrap_12_inner col span_12  left\">\n\t<div  class=\"vc_col-sm-12 wpb_column column_container vc_column_container col child_column has-animation no-extra-padding el_spacing_5px inherit_tablet inherit_phone\"   data-padding-pos=\"all\" data-has-bg-color=\"false\" data-bg-color=\"\" data-bg-opacity=\"1\" data-animation=\"fade-in-from-bottom\" data-delay=\"0\" >\n\t\t<div class=\"vc_column-inner\" >\n\t\t<div class=\"wpb_wrapper\">\n\t\t\t<div class=\"nectar-split-heading  font_line_height_2px\" data-align=\"center\" data-m-align=\"inherit\" data-text-effect=\"default\" data-animation-type=\"line-reveal-by-space\" data-animation-delay=\"0\" data-animation-offset=\"\" data-m-rm-animation=\"\" data-stagger=\"\" data-custom-font-size=\"false\" ><h3 >Padomi<\/h3><\/div>\n<div class=\"wpb_text_column wpb_content_element\" >\n\t<div class=\"wpb_wrapper\">\n\t\t<ul>\n<li>Vienm\u0113r no\u0146emiet rotaslietas pirms peld\u0113\u0161an\u0101s, mazg\u0101\u0161an\u0101s, m\u0101jas darbu veik\u0161anas vai citu fizisku aktivit\u0101\u0161u laik\u0101, k\u0101 ar\u012b lietojot abraz\u012bvus t\u012br\u012b\u0161anas l\u012bdzek\u013cus.<\/li>\n<li>Zelta p\u0101rkl\u0101juma rotaslietas p\u0113c lieto\u0161anas j\u0101noslauka ar mitru dr\u0101nu, lai no\u0146emtu traipus un net\u012brumus. Ja rotaslietas ir biju\u0161as pak\u013cautas alkohola, sk\u0101bju vai s\u0113ra savienojumu iedarb\u012bbai, kas var izrais\u012bt met\u0101la nosm\u0113r\u0113\u0161anos un kr\u0101sas mai\u0146u, nepiecie\u0161ama r\u016bp\u012bg\u0101ka t\u012br\u012b\u0161ana.<\/li>\n<li>Pirms zelta p\u0101rkl\u0101juma rotaslietu pieskar\u0161an\u0101s not\u012briet losjonus, kosm\u0113tiku un net\u012brumus no rok\u0101m, un izvairieties no tie\u0161a kontakta ar skaistumkop\u0161anas produktiem, piem\u0113ram, smar\u017e\u0101m, matu lak\u0101m, losjoniem, \u0137erme\u0146a e\u013c\u013c\u0101m un citiem kosm\u0113tikas l\u012bdzek\u013ciem.<\/li>\n<li>Net\u012briet rotaslietas ikdien\u0101, jo tas var pa\u0101trin\u0101t zelta p\u0101rkl\u0101juma nodilumu un izrais\u012bt aptraip\u012b\u0161anos \u012bs\u0101 laik\u0101.<\/li>\n<li>Kad rotaslietas nelietojat, ieteicams t\u0101s uzglab\u0101t kast\u012bt\u0113, kas pievienota pirkumam. Tas pasarg\u0101s aproces no skr\u0101p\u0113jumiem.<\/li>\n<\/ul>\n<h4>K\u0100 KOPT UN T\u012aR\u012aT SUN SOUL JEWELLERY ROTASLIETAS?<\/h4>\n<p>Ieteicams ener\u0123\u0113tiski att\u012br\u012bt rotaslietas laiku pa laikam. Ir vair\u0101kas metodes, k\u0101 to izdar\u012bt:<\/p>\n<h4>1. AR SKA\u0145U<\/h4>\n<p>Att\u012briet aproces ar Tibetas dziedo\u0161ajiem traukiem vai krist\u0101lu dziedo\u0161ajiem traukiem, piepildot t\u0101s ar jaunu, t\u012bru dievi\u0161\u0137o ener\u0123iju.<\/p>\n<h4>2. M\u0112NESSGAISMA<\/h4>\n<p>Rotas, kur\u0101s ir selen\u012bts vai m\u0113nessakmens, ieteicams uz nakti nolikt m\u0113nessgaism\u0101. T\u0101d\u0101 veid\u0101 t\u0101s ne tikai att\u012br\u012bsies, bet ar\u012b uzl\u0101d\u0113sies. Ar \u0161o metodi var att\u012br\u012bt ar\u012b citas rotaslietas.<\/p>\n<h4>3. SALD\u0112TAV\u0100<\/h4>\n<p>Ielieciet rotas sald\u0113tav\u0101 uz 2 dien\u0101m, iesai\u0146ojot to folij\u0101 vai p\u0101rtikas pl\u0113v\u0113. P\u0113c tam iz\u0146emiet, nosusiniet un novietojiet saul\u0113 uz da\u017e\u0101m stund\u0101m, lai t\u0101 uzl\u0101d\u0113tos.<\/p>\n<h4>4. AR V\u012aRAKU<\/h4>\n<p>\u0160\u012b metode ir \u012bpa\u0161i popul\u0101ra, str\u0101d\u0101jot ar akme\u0146iem ikdien\u0101. Izv\u0113lieties v\u012braku (ieteicami sp\u0113c\u012bg\u0101ki arom\u0101ti) un novietojiet akmeni k\u016bpo\u0161\u0101s v\u012braka d\u016bmu pl\u016bsm\u0101. P\u0113c neilga br\u012b\u017ea var\u0113siet sajust, ka akmens ir t\u012br\u0101ks.<\/p>\n\t<\/div>\n<\/div>\n\n\n\n\n\t\t<\/div> \n\t<\/div>\n\t<\/div> \n<\/div><\/div>\n\t\t\t<\/div> \n\t\t<\/div>\n\t<\/div> \n<\/div><\/div>","protected":false},"excerpt":{"rendered":"Care Sun Soul Jewelery is lovingly made in Cyprus. Each piece is energetically cleansed and blessed with high divine energy, love, support, and protection using crystal singing bowls. Our jewelry...","protected":false},"author":1,"featured_media":0,"parent":0,"menu_order":0,"comment_status":"closed","ping_status":"closed","template":"","meta":{"footnotes":""},"class_list":["post-1901","page","type-page","status-publish"],"yoast_head":"<!-- This site is optimized with the Yoast SEO plugin v25.2 - https:\/\/yoast.com\/wordpress\/plugins\/seo\/ -->\n<title>Care - Ieva R\u016bsa<\/title>\n<meta name=\"robots\" content=\"index, follow, max-snippet:-1, max-image-preview:large, max-video-preview:-1\" \/>\n<link rel=\"canonical\" href=\"https:\/\/ievarusa.com\/lv\/care\/\" \/>\n<meta property=\"og:locale\" content=\"lv_LV\" \/>\n<meta property=\"og:type\" content=\"article\" \/>\n<meta property=\"og:title\" content=\"Care - Ieva R\u016bsa\" \/>\n<meta property=\"og:url\" content=\"https:\/\/ievarusa.com\/lv\/care\/\" \/>\n<meta property=\"og:site_name\" content=\"Ieva R\u016bsa\" \/>\n<meta property=\"article:publisher\" content=\"https:\/\/www.facebook.com\/Sunsouljewelry\" \/>\n<meta property=\"article:modified_time\" content=\"2024-12-16T13:03:32+00:00\" \/>\n<meta name=\"twitter:card\" content=\"summary_large_image\" \/>\n<meta name=\"twitter:label1\" content=\"Est. reading time\" \/>\n\t<meta name=\"twitter:data1\" content=\"9 min\u016btes\" \/>\n<script type=\"application\/ld+json\" class=\"yoast-schema-graph\">{\"@context\":\"https:\/\/schema.org\",\"@graph\":[{\"@type\":\"WebPage\",\"@id\":\"https:\/\/ievarusa.com\/lv\/care\/\",\"url\":\"https:\/\/ievarusa.com\/lv\/care\/\",\"name\":\"Care - Ieva R\u016bsa\",\"isPartOf\":{\"@id\":\"https:\/\/ievarusa.com\/lv\/#website\"},\"datePublished\":\"2024-11-17T21:49:24+00:00\",\"dateModified\":\"2024-12-16T13:03:32+00:00\",\"breadcrumb\":{\"@id\":\"https:\/\/ievarusa.com\/lv\/care\/#breadcrumb\"},\"inLanguage\":\"lv-LV\",\"potentialAction\":[{\"@type\":\"ReadAction\",\"target\":[\"https:\/\/ievarusa.com\/lv\/care\/\"]}]},{\"@type\":\"BreadcrumbList\",\"@id\":\"https:\/\/ievarusa.com\/lv\/care\/#breadcrumb\",\"itemListElement\":[{\"@type\":\"ListItem\",\"position\":1,\"name\":\"Home\",\"item\":\"https:\/\/ievarusa.com\/lv\/\"},{\"@type\":\"ListItem\",\"position\":2,\"name\":\"Care\"}]},{\"@type\":\"WebSite\",\"@id\":\"https:\/\/ievarusa.com\/lv\/#website\",\"url\":\"https:\/\/ievarusa.com\/lv\/\",\"name\":\"Ieva R\u016bsa\",\"description\":\"SunSoulJewelry\",\"publisher\":{\"@id\":\"https:\/\/ievarusa.com\/lv\/#organization\"},\"potentialAction\":[{\"@type\":\"SearchAction\",\"target\":{\"@type\":\"EntryPoint\",\"urlTemplate\":\"https:\/\/ievarusa.com\/lv\/?s={search_term_string}\"},\"query-input\":{\"@type\":\"PropertyValueSpecification\",\"valueRequired\":true,\"valueName\":\"search_term_string\"}}],\"inLanguage\":\"lv-LV\"},{\"@type\":\"Organization\",\"@id\":\"https:\/\/ievarusa.com\/lv\/#organization\",\"name\":\"Ieva R\u016bsa\",\"url\":\"https:\/\/ievarusa.com\/lv\/\",\"logo\":{\"@type\":\"ImageObject\",\"inLanguage\":\"lv-LV\",\"@id\":\"https:\/\/ievarusa.com\/lv\/#\/schema\/logo\/image\/\",\"url\":\"https:\/\/ievarusa.com\/wp-content\/uploads\/2024\/10\/cropped-ieva-rusa-logo.png\",\"contentUrl\":\"https:\/\/ievarusa.com\/wp-content\/uploads\/2024\/10\/cropped-ieva-rusa-logo.png\",\"width\":512,\"height\":512,\"caption\":\"Ieva R\u016bsa\"},\"image\":{\"@id\":\"https:\/\/ievarusa.com\/lv\/#\/schema\/logo\/image\/\"},\"sameAs\":[\"https:\/\/www.facebook.com\/Sunsouljewelry\",\"https:\/\/www.instagram.com\/ieva_rusa\/\"]}]}<\/script>\n<!-- \/ Yoast SEO plugin. -->","yoast_head_json":{"title":"Care - Ieva R\u016bsa","robots":{"index":"index","follow":"follow","max-snippet":"max-snippet:-1","max-image-preview":"max-image-preview:large","max-video-preview":"max-video-preview:-1"},"canonical":"https:\/\/ievarusa.com\/lv\/care\/","og_locale":"lv_LV","og_type":"article","og_title":"Care - Ieva R\u016bsa","og_url":"https:\/\/ievarusa.com\/lv\/care\/","og_site_name":"Ieva R\u016bsa","article_publisher":"https:\/\/www.facebook.com\/Sunsouljewelry","article_modified_time":"2024-12-16T13:03:32+00:00","twitter_card":"summary_large_image","twitter_misc":{"Est. reading time":"9 min\u016btes"},"schema":{"@context":"https:\/\/schema.org","@graph":[{"@type":"WebPage","@id":"https:\/\/ievarusa.com\/lv\/care\/","url":"https:\/\/ievarusa.com\/lv\/care\/","name":"Care - Ieva R\u016bsa","isPartOf":{"@id":"https:\/\/ievarusa.com\/lv\/#website"},"datePublished":"2024-11-17T21:49:24+00:00","dateModified":"2024-12-16T13:03:32+00:00","breadcrumb":{"@id":"https:\/\/ievarusa.com\/lv\/care\/#breadcrumb"},"inLanguage":"lv-LV","potentialAction":[{"@type":"ReadAction","target":["https:\/\/ievarusa.com\/lv\/care\/"]}]},{"@type":"BreadcrumbList","@id":"https:\/\/ievarusa.com\/lv\/care\/#breadcrumb","itemListElement":[{"@type":"ListItem","position":1,"name":"Home","item":"https:\/\/ievarusa.com\/lv\/"},{"@type":"ListItem","position":2,"name":"Care"}]},{"@type":"WebSite","@id":"https:\/\/ievarusa.com\/lv\/#website","url":"https:\/\/ievarusa.com\/lv\/","name":"Ieva R\u016bsa","description":"SunSoulJewelry","publisher":{"@id":"https:\/\/ievarusa.com\/lv\/#organization"},"potentialAction":[{"@type":"SearchAction","target":{"@type":"EntryPoint","urlTemplate":"https:\/\/ievarusa.com\/lv\/?s={search_term_string}"},"query-input":{"@type":"PropertyValueSpecification","valueRequired":true,"valueName":"search_term_string"}}],"inLanguage":"lv-LV"},{"@type":"Organization","@id":"https:\/\/ievarusa.com\/lv\/#organization","name":"Ieva R\u016bsa","url":"https:\/\/ievarusa.com\/lv\/","logo":{"@type":"ImageObject","inLanguage":"lv-LV","@id":"https:\/\/ievarusa.com\/lv\/#\/schema\/logo\/image\/","url":"https:\/\/ievarusa.com\/wp-content\/uploads\/2024\/10\/cropped-ieva-rusa-logo.png","contentUrl":"https:\/\/ievarusa.com\/wp-content\/uploads\/2024\/10\/cropped-ieva-rusa-logo.png","width":512,"height":512,"caption":"Ieva R\u016bsa"},"image":{"@id":"https:\/\/ievarusa.com\/lv\/#\/schema\/logo\/image\/"},"sameAs":["https:\/\/www.facebook.com\/Sunsouljewelry","https:\/\/www.instagram.com\/ieva_rusa\/"]}]}},"_links":{"self":[{"href":"https:\/\/ievarusa.com\/lv\/wp-json\/wp\/v2\/pages\/1901","targetHints":{"allow":["GET"]}}],"collection":[{"href":"https:\/\/ievarusa.com\/lv\/wp-json\/wp\/v2\/pages"}],"about":[{"href":"https:\/\/ievarusa.com\/lv\/wp-json\/wp\/v2\/types\/page"}],"author":[{"embeddable":true,"href":"https:\/\/ievarusa.com\/lv\/wp-json\/wp\/v2\/users\/1"}],"replies":[{"embeddable":true,"href":"https:\/\/ievarusa.com\/lv\/wp-json\/wp\/v2\/comments?post=1901"}],"version-history":[{"count":9,"href":"https:\/\/ievarusa.com\/lv\/wp-json\/wp\/v2\/pages\/1901\/revisions"}],"predecessor-version":[{"id":2192,"href":"https:\/\/ievarusa.com\/lv\/wp-json\/wp\/v2\/pages\/1901\/revisions\/2192"}],"wp:attachment":[{"href":"https:\/\/ievarusa.com\/lv\/wp-json\/wp\/v2\/media?parent=1901"}],"curies":[{"name":"wp","href":"https:\/\/api.w.org\/{rel}","templated":true}]}}